{"id":52,"date":"2014-09-17T16:58:07","date_gmt":"2014-09-17T16:58:07","guid":{"rendered":"http:\/\/agora.xtec.cat\/insjaumebotey\/?page_id=52"},"modified":"2025-09-04T14:17:54","modified_gmt":"2025-09-04T12:17:54","slug":"calendari-del-curs","status":"publish","type":"page","link":"https:\/\/agora.xtec.cat\/insjaumebotey\/linstitut\/calendari-del-curs\/","title":{"rendered":"Calendari del curs 2025-2026"},"content":{"rendered":"<h3 data-start=\"309\" data-end=\"341\">Festes del calendari escolar<\/h3>\n<ul data-start=\"342\" data-end=\"885\">\n<li data-start=\"342\" data-end=\"386\">\n<p data-start=\"344\" data-end=\"386\"><strong data-start=\"344\" data-end=\"371\">Dimarts, 24 de setembre<\/strong>: Festa local<\/p>\n<\/li>\n<li data-start=\"387\" data-end=\"439\">\n<p data-start=\"389\" data-end=\"439\"><strong data-start=\"389\" data-end=\"416\">Dissabte, 1 de novembre<\/strong>: Festa de Tots Sants<\/p>\n<\/li>\n<li data-start=\"440\" data-end=\"499\">\n<p data-start=\"442\" data-end=\"499\"><strong data-start=\"442\" data-end=\"468\">Dilluns, 3 de novembre<\/strong>: 1r dia de lliure disposici\u00f3<\/p>\n<\/li>\n<li data-start=\"500\" data-end=\"561\">\n<p data-start=\"502\" data-end=\"561\"><strong data-start=\"502\" data-end=\"530\">Divendres, 5 de desembre<\/strong>: 2n dia de lliure disposici\u00f3<\/p>\n<\/li>\n<li data-start=\"562\" data-end=\"616\">\n<p data-start=\"564\" data-end=\"616\"><strong data-start=\"564\" data-end=\"591\">Dissabte, 6 de desembre<\/strong>: Dia de la Constituci\u00f3<\/p>\n<\/li>\n<li data-start=\"617\" data-end=\"681\">\n<p data-start=\"619\" data-end=\"681\"><strong data-start=\"619\" data-end=\"645\">Dilluns, 8 de desembre<\/strong>: Festa de la Immaculada Concepci\u00f3<\/p>\n<\/li>\n<li data-start=\"682\" data-end=\"740\">\n<p data-start=\"684\" data-end=\"740\"><strong data-start=\"684\" data-end=\"709\">Dilluns, 16 de febrer<\/strong>: 3r dia de lliure disposici\u00f3<\/p>\n<\/li>\n<li data-start=\"741\" data-end=\"799\">\n<p data-start=\"743\" data-end=\"799\"><strong data-start=\"743\" data-end=\"768\">Divendres, 22 de maig<\/strong>: 4t dia de lliure disposici\u00f3<\/p>\n<\/li>\n<li data-start=\"800\" data-end=\"885\">\n<p data-start=\"802\" data-end=\"885\"><strong data-start=\"802\" data-end=\"825\">Dilluns, 25 de maig<\/strong> (pendent de confirmar): Festa de la Segona Pasqua Granada<\/p>\n<\/li>\n<\/ul>\n<h3 data-start=\"887\" data-end=\"899\">Vacances<\/h3>\n<ul data-start=\"900\" data-end=\"1039\">\n<li data-start=\"900\" data-end=\"980\">\n<p data-start=\"902\" data-end=\"980\"><strong data-start=\"902\" data-end=\"911\">Nadal<\/strong>: del 22 de desembre de 2025 al 7 de gener de 2026, ambd\u00f3s inclosos<\/p>\n<\/li>\n<li data-start=\"981\" data-end=\"1039\">\n<p data-start=\"983\" data-end=\"1039\"><strong data-start=\"983\" data-end=\"1000\">Setmana Santa<\/strong>: del 28 de mar\u00e7 al 6 d\u2019abril de 2026<\/p>\n<\/li>\n<\/ul>\n","protected":false},"excerpt":{"rendered":"<p>Festes del calendari escolar Dimarts, 24 de setembre: Festa local Dissabte, 1 de novembre: Festa de Tots Sants Dilluns, 3 de novembre: 1r dia de lliure disposici\u00f3 Divendres, 5 de desembre: 2n dia de lliure disposici\u00f3 Dissabte, 6 de desembre: Dia de la Constituci\u00f3 Dilluns, 8 de desembre: Festa de la Immaculada Concepci\u00f3 Dilluns, 16 [&hellip;]<\/p>\n","protected":false},"author":1,"featured_media":0,"parent":19,"menu_order":70,"comment_status":"closed","ping_status":"closed","template":"page-templates\/side-menu.php","meta":{"_bbp_topic_count":0,"_bbp_reply_count":0,"_bbp_total_topic_count":0,"_bbp_total_reply_count":0,"_bbp_voice_count":0,"_bbp_anonymous_reply_count":0,"_bbp_topic_count_hidden":0,"_bbp_reply_count_hidden":0,"_bbp_forum_subforum_count":0,"site-sidebar-layout":"default","site-content-layout":"","ast-site-content-layout":"","site-content-style":"default","site-sidebar-style":"default","ast-global-header-display":"","ast-banner-title-visibility":"","ast-main-header-display":"","ast-hfb-above-header-display":"","ast-hfb-below-header-display":"","ast-hfb-mobile-header-display":"","site-post-title":"","ast-breadcrumbs-content":"","ast-featured-img":"","footer-sml-layout":"","theme-transparent-header-meta":"","adv-header-id-meta":"","stick-header-meta":"","header-above-stick-meta":"","header-main-stick-meta":"","header-below-stick-meta":"","astra-migrate-meta-layouts":"default","ast-page-background-enabled":"default","ast-page-background-meta":{"desktop":{"background-color":"var(--ast-global-color-4)","background-image":"","background-repeat":"repeat","background-position":"center center","background-size":"auto","background-attachment":"scroll","background-type":"","background-media":"","overlay-type":"","overlay-color":"","overlay-opacity":"","overlay-gradient":""},"tablet":{"background-color":"","background-image":"","background-repeat":"repeat","background-position":"center center","background-size":"auto","background-attachment":"scroll","background-type":"","background-media":"","overlay-type":"","overlay-color":"","overlay-opacity":"","overlay-gradient":""},"mobile":{"background-color":"","background-image":"","background-repeat":"repeat","background-position":"center center","background-size":"auto","background-attachment":"scroll","background-type":"","background-media":"","overlay-type":"","overlay-color":"","overlay-opacity":"","overlay-gradient":""}},"ast-content-background-meta":{"desktop":{"background-color":"var(--ast-global-color-5)","background-image":"","background-repeat":"repeat","background-position":"center center","background-size":"auto","background-attachment":"scroll","background-type":"","background-media":"","overlay-type":"","overlay-color":"","overlay-opacity":"","overlay-gradient":""},"tablet":{"background-color":"var(--ast-global-color-5)","background-image":"","background-repeat":"repeat","background-position":"center center","background-size":"auto","background-attachment":"scroll","background-type":"","background-media":"","overlay-type":"","overlay-color":"","overlay-opacity":"","overlay-gradient":""},"mobile":{"background-color":"var(--ast-global-color-5)","background-image":"","background-repeat":"repeat","background-position":"center center","background-size":"auto","background-attachment":"scroll","background-type":"","background-media":"","overlay-type":"","overlay-color":"","overlay-opacity":"","overlay-gradient":""}},"footnotes":""},"class_list":["post-52","page","type-page","status-publish","hentry"],"post_mailing_queue_ids":[],"_links":{"self":[{"href":"https:\/\/agora.xtec.cat\/insjaumebotey\/wp-json\/wp\/v2\/pages\/52","targetHints":{"allow":["GET"]}}],"collection":[{"href":"https:\/\/agora.xtec.cat\/insjaumebotey\/wp-json\/wp\/v2\/pages"}],"about":[{"href":"https:\/\/agora.xtec.cat\/insjaumebotey\/wp-json\/wp\/v2\/types\/page"}],"author":[{"embeddable":true,"href":"https:\/\/agora.xtec.cat\/insjaumebotey\/wp-json\/wp\/v2\/users\/1"}],"replies":[{"embeddable":true,"href":"https:\/\/agora.xtec.cat\/insjaumebotey\/wp-json\/wp\/v2\/comments?post=52"}],"version-history":[{"count":7,"href":"https:\/\/agora.xtec.cat\/insjaumebotey\/wp-json\/wp\/v2\/pages\/52\/revisions"}],"predecessor-version":[{"id":9140,"href":"https:\/\/agora.xtec.cat\/insjaumebotey\/wp-json\/wp\/v2\/pages\/52\/revisions\/9140"}],"up":[{"embeddable":true,"href":"https:\/\/agora.xtec.cat\/insjaumebotey\/wp-json\/wp\/v2\/pages\/19"}],"wp:attachment":[{"href":"https:\/\/agora.xtec.cat\/insjaumebotey\/wp-json\/wp\/v2\/media?parent=52"}],"curies":[{"name":"wp","href":"https:\/\/api.w.org\/{rel}","templated":true}]}}