{"id":2798,"date":"2021-01-18T14:09:33","date_gmt":"2021-01-18T13:09:33","guid":{"rendered":"https:\/\/agora.xtec.cat\/insjaumebotey\/?page_id=2798"},"modified":"2023-11-02T12:12:43","modified_gmt":"2023-11-02T11:12:43","slug":"pla-de-millores-educatives-pmoe","status":"publish","type":"page","link":"https:\/\/agora.xtec.cat\/insjaumebotey\/programes-dinnovacio\/pla-de-millores-educatives-pmoe\/","title":{"rendered":"Pla de millores educatives (PROA+)"},"content":{"rendered":"<p>Aquest curs aquest curs 23-24 continuarem formant part del <a href=\"https:\/\/educacio.gencat.cat\/ca\/departament\/linies-estrategiques\/equitat-educativa\/pla-millora-oportunitats-educatives\/\" target=\"_blank\" rel=\"noopener\">pla de millora d\u2019oportunitats educatives PROA+<\/a>, en el marc de les mesures adoptades pel Departament d\u2019Educaci\u00f3 per pal\u00b7liar els efectes desfavorables per la covid-19.<\/p>\n<p>Els objectius generals del PROA+ s\u00f3n els seg\u00fcents:<\/p>\n<p style=\"padding-left: 40px;\">&#8211; Contribuir a la millora de l&#8217;equitat en l&#8217;acc\u00e9s a oportunitats educatives i a l&#8217;\u00e8xit escolar de tot l&#8217;alumnat amb l&#8217;enfortiment dels centres educatius p\u00fablics de m\u00e9s complexitat educativa del Servei d&#8217;Educaci\u00f3 de Catalunya per tal que disposin dels recursos necessaris per compensar les necessitats i desigualtats educatives de l&#8217;alumnat i les seves fam\u00edlies.<br \/>\n&#8211; Integrar el Programa de cooperaci\u00f3 territorial per a l&#8217;orientaci\u00f3, l&#8217;aven\u00e7 i l&#8217;enriquiment educatiu PROA+ en el Pla de millora d&#8217;oportunitats educatives PMOE.<br \/>\n&#8211; Refor\u00e7ar l&#8217;atenci\u00f3 de l&#8217;alumnat amb necessitats espec\u00edfiques de suport educatiu i millorar l&#8217;enfocament inclusiu.<br \/>\n&#8211; Refor\u00e7ar la dimensi\u00f3 comunit\u00e0ria de l&#8217;acci\u00f3 educativa.<\/p>\n<p>Al llarg del curs s\u2019implementaran diferents iniciatives per dinamitzar el proc\u00e9s de transformaci\u00f3, anomenades activitats palanca.<\/p>\n<p><a href=\"https:\/\/agora.xtec.cat\/insjaumebotey\/wp-content\/uploads\/usu1865\/2023\/11\/Captura-de-pantalla-2022-10-06-152734-3.jpg\"><img loading=\"lazy\" decoding=\"async\" class=\"aligncenter size-large wp-image-6765\" src=\"https:\/\/agora.xtec.cat\/insjaumebotey\/wp-content\/uploads\/usu1865\/2023\/11\/Captura-de-pantalla-2022-10-06-152734-3-1024x461.jpg\" alt=\"\" width=\"1024\" height=\"461\" srcset=\"https:\/\/agora.xtec.cat\/insjaumebotey\/wp-content\/uploads\/usu1865\/2023\/11\/Captura-de-pantalla-2022-10-06-152734-3-1024x461.jpg 1024w, https:\/\/agora.xtec.cat\/insjaumebotey\/wp-content\/uploads\/usu1865\/2023\/11\/Captura-de-pantalla-2022-10-06-152734-3-300x135.jpg 300w, https:\/\/agora.xtec.cat\/insjaumebotey\/wp-content\/uploads\/usu1865\/2023\/11\/Captura-de-pantalla-2022-10-06-152734-3-768x346.jpg 768w, https:\/\/agora.xtec.cat\/insjaumebotey\/wp-content\/uploads\/usu1865\/2023\/11\/Captura-de-pantalla-2022-10-06-152734-3.jpg 1242w\" sizes=\"auto, (max-width: 1024px) 100vw, 1024px\" \/><\/a><\/p>\n","protected":false},"excerpt":{"rendered":"<p>Aquest curs aquest curs 23-24 continuarem formant part del pla de millora d\u2019oportunitats educatives PROA+, en el marc de les mesures adoptades pel Departament d\u2019Educaci\u00f3 per pal\u00b7liar els efectes desfavorables per la covid-19. Els objectius generals del PROA+ s\u00f3n els seg\u00fcents: &#8211; Contribuir a la millora de l&#8217;equitat en l&#8217;acc\u00e9s a oportunitats educatives i a [&hellip;]<\/p>\n","protected":false},"author":5,"featured_media":0,"parent":1481,"menu_order":0,"comment_status":"closed","ping_status":"closed","template":"page-templates\/side-menu.php","meta":{"_bbp_topic_count":0,"_bbp_reply_count":0,"_bbp_total_topic_count":0,"_bbp_total_reply_count":0,"_bbp_voice_count":0,"_bbp_anonymous_reply_count":0,"_bbp_topic_count_hidden":0,"_bbp_reply_count_hidden":0,"_bbp_forum_subforum_count":0,"site-sidebar-layout":"default","site-content-layout":"","ast-site-content-layout":"","site-content-style":"default","site-sidebar-style":"default","ast-global-header-display":"","ast-banner-title-visibility":"","ast-main-header-display":"","ast-hfb-above-header-display":"","ast-hfb-below-header-display":"","ast-hfb-mobile-header-display":"","site-post-title":"","ast-breadcrumbs-content":"","ast-featured-img":"","footer-sml-layout":"","theme-transparent-header-meta":"","adv-header-id-meta":"","stick-header-meta":"","header-above-stick-meta":"","header-main-stick-meta":"","header-below-stick-meta":"","astra-migrate-meta-layouts":"default","ast-page-background-enabled":"default","ast-page-background-meta":{"desktop":{"background-color":"var(--ast-global-color-4)","background-image":"","background-repeat":"repeat","background-position":"center center","background-size":"auto","background-attachment":"scroll","background-type":"","background-media":"","overlay-type":"","overlay-color":"","overlay-opacity":"","overlay-gradient":""},"tablet":{"background-color":"","background-image":"","background-repeat":"repeat","background-position":"center center","background-size":"auto","background-attachment":"scroll","background-type":"","background-media":"","overlay-type":"","overlay-color":"","overlay-opacity":"","overlay-gradient":""},"mobile":{"background-color":"","background-image":"","background-repeat":"repeat","background-position":"center center","background-size":"auto","background-attachment":"scroll","background-type":"","background-media":"","overlay-type":"","overlay-color":"","overlay-opacity":"","overlay-gradient":""}},"ast-content-background-meta":{"desktop":{"background-color":"var(--ast-global-color-5)","background-image":"","background-repeat":"repeat","background-position":"center center","background-size":"auto","background-attachment":"scroll","background-type":"","background-media":"","overlay-type":"","overlay-color":"","overlay-opacity":"","overlay-gradient":""},"tablet":{"background-color":"var(--ast-global-color-5)","background-image":"","background-repeat":"repeat","background-position":"center center","background-size":"auto","background-attachment":"scroll","background-type":"","background-media":"","overlay-type":"","overlay-color":"","overlay-opacity":"","overlay-gradient":""},"mobile":{"background-color":"var(--ast-global-color-5)","background-image":"","background-repeat":"repeat","background-position":"center center","background-size":"auto","background-attachment":"scroll","background-type":"","background-media":"","overlay-type":"","overlay-color":"","overlay-opacity":"","overlay-gradient":""}},"footnotes":""},"class_list":["post-2798","page","type-page","status-publish","hentry"],"post_mailing_queue_ids":[],"_links":{"self":[{"href":"https:\/\/agora.xtec.cat\/insjaumebotey\/wp-json\/wp\/v2\/pages\/2798","targetHints":{"allow":["GET"]}}],"collection":[{"href":"https:\/\/agora.xtec.cat\/insjaumebotey\/wp-json\/wp\/v2\/pages"}],"about":[{"href":"https:\/\/agora.xtec.cat\/insjaumebotey\/wp-json\/wp\/v2\/types\/page"}],"author":[{"embeddable":true,"href":"https:\/\/agora.xtec.cat\/insjaumebotey\/wp-json\/wp\/v2\/users\/5"}],"replies":[{"embeddable":true,"href":"https:\/\/agora.xtec.cat\/insjaumebotey\/wp-json\/wp\/v2\/comments?post=2798"}],"version-history":[{"count":5,"href":"https:\/\/agora.xtec.cat\/insjaumebotey\/wp-json\/wp\/v2\/pages\/2798\/revisions"}],"predecessor-version":[{"id":6766,"href":"https:\/\/agora.xtec.cat\/insjaumebotey\/wp-json\/wp\/v2\/pages\/2798\/revisions\/6766"}],"up":[{"embeddable":true,"href":"https:\/\/agora.xtec.cat\/insjaumebotey\/wp-json\/wp\/v2\/pages\/1481"}],"wp:attachment":[{"href":"https:\/\/agora.xtec.cat\/insjaumebotey\/wp-json\/wp\/v2\/media?parent=2798"}],"curies":[{"name":"wp","href":"https:\/\/api.w.org\/{rel}","templated":true}]}}