{"id":1948,"date":"2020-02-26T09:45:07","date_gmt":"2020-02-26T08:45:07","guid":{"rendered":"https:\/\/agora.xtec.cat\/insjaumebotey\/?page_id=1948"},"modified":"2023-10-29T08:28:32","modified_gmt":"2023-10-29T07:28:32","slug":"mediacio","status":"publish","type":"page","link":"https:\/\/agora.xtec.cat\/insjaumebotey\/serveis\/mediacio\/","title":{"rendered":"Mediaci\u00f3"},"content":{"rendered":"<p style=\"text-align: center;\"><a href=\"https:\/\/agora.xtec.cat\/insjaumebotey\/wp-content\/uploads\/usu1865\/2023\/09\/384103759_290702143745896_100591191762559692_n.jpg\"><img loading=\"lazy\" decoding=\"async\" class=\"alignleft wp-image-6446\" src=\"https:\/\/agora.xtec.cat\/insjaumebotey\/wp-content\/uploads\/usu1865\/2023\/09\/384103759_290702143745896_100591191762559692_n-240x300.jpg\" alt=\"\" width=\"500\" height=\"625\" srcset=\"https:\/\/agora.xtec.cat\/insjaumebotey\/wp-content\/uploads\/usu1865\/2023\/09\/384103759_290702143745896_100591191762559692_n-240x300.jpg 240w, https:\/\/agora.xtec.cat\/insjaumebotey\/wp-content\/uploads\/usu1865\/2023\/09\/384103759_290702143745896_100591191762559692_n-819x1024.jpg 819w, https:\/\/agora.xtec.cat\/insjaumebotey\/wp-content\/uploads\/usu1865\/2023\/09\/384103759_290702143745896_100591191762559692_n-768x960.jpg 768w, https:\/\/agora.xtec.cat\/insjaumebotey\/wp-content\/uploads\/usu1865\/2023\/09\/384103759_290702143745896_100591191762559692_n.jpg 1080w\" sizes=\"auto, (max-width: 500px) 100vw, 500px\" \/><\/a><\/p>\n<h6>A l&#8217;institut apostem per la gesti\u00f3 positiva dels conflictes!<br \/>\nPassem moltes hores junts\/es i \u00e9s inevitable que sorgeixin rumors, malentesos, amistats deteriorades, petites discusions&#8230;<br \/>\nDavant aquestes situacions oferim un espai de confian\u00e7a i respecte. A Mediaci\u00f3 proposem que els alumnes solucionin els seus conflictes sense viol\u00e8ncia, mitjan\u00e7ant el di\u00e0leg i facilitant el guiatge per a que ells arribin sols a la resoluci\u00f3. Ajudem a restablir la comunicaci\u00f3 entre les dues parts; que trobin punts en com\u00fa; que comparteixin els sentiments i emocions que apareixen en una situaci\u00f3 conflictiva&#8230;<br \/>\nL&#8217;equip de Mediaci\u00f3 est\u00e0 disponible durant l&#8217;horari lectiu i al pati. \u00c9s pot accedir al servei mitjan\u00e7ant les tutores i\/o parlant directament amb algun membre de l&#8217;equip.<\/h6>\n<h6>Podeu trobar m\u00e9s informaci\u00f3 tamb\u00e9 al nostre <a href=\"https:\/\/blocs.xtec.cat\/insnouorientacio\/servei-de-mediacio\/\">blog<\/a><\/h6>\n<p><a href=\"https:\/\/agora.xtec.cat\/insjaumebotey\/wp-content\/uploads\/usu1865\/2023\/09\/380193084_866860371676311_3994624470835568699_n.jpg\"><img loading=\"lazy\" decoding=\"async\" class=\"aligncenter size-large wp-image-6386\" src=\"https:\/\/agora.xtec.cat\/insjaumebotey\/wp-content\/uploads\/usu1865\/2023\/09\/380193084_866860371676311_3994624470835568699_n-1024x770.jpg\" alt=\"\" width=\"1024\" height=\"770\" srcset=\"https:\/\/agora.xtec.cat\/insjaumebotey\/wp-content\/uploads\/usu1865\/2023\/09\/380193084_866860371676311_3994624470835568699_n-1024x770.jpg 1024w, https:\/\/agora.xtec.cat\/insjaumebotey\/wp-content\/uploads\/usu1865\/2023\/09\/380193084_866860371676311_3994624470835568699_n-300x226.jpg 300w, https:\/\/agora.xtec.cat\/insjaumebotey\/wp-content\/uploads\/usu1865\/2023\/09\/380193084_866860371676311_3994624470835568699_n-768x577.jpg 768w, https:\/\/agora.xtec.cat\/insjaumebotey\/wp-content\/uploads\/usu1865\/2023\/09\/380193084_866860371676311_3994624470835568699_n-200x150.jpg 200w, https:\/\/agora.xtec.cat\/insjaumebotey\/wp-content\/uploads\/usu1865\/2023\/09\/380193084_866860371676311_3994624470835568699_n.jpg 1080w\" sizes=\"auto, (max-width: 1024px) 100vw, 1024px\" \/><\/a><a href=\"https:\/\/agora.xtec.cat\/insjaumebotey\/wp-content\/uploads\/usu1865\/2023\/09\/380676385_688483526165357_1128625564563612112_n.jpg\"><img loading=\"lazy\" decoding=\"async\" class=\"aligncenter size-large wp-image-6387\" src=\"https:\/\/agora.xtec.cat\/insjaumebotey\/wp-content\/uploads\/usu1865\/2023\/09\/380676385_688483526165357_1128625564563612112_n-1024x772.jpg\" alt=\"\" width=\"1024\" height=\"772\" srcset=\"https:\/\/agora.xtec.cat\/insjaumebotey\/wp-content\/uploads\/usu1865\/2023\/09\/380676385_688483526165357_1128625564563612112_n-1024x772.jpg 1024w, https:\/\/agora.xtec.cat\/insjaumebotey\/wp-content\/uploads\/usu1865\/2023\/09\/380676385_688483526165357_1128625564563612112_n-300x226.jpg 300w, https:\/\/agora.xtec.cat\/insjaumebotey\/wp-content\/uploads\/usu1865\/2023\/09\/380676385_688483526165357_1128625564563612112_n-768x579.jpg 768w, https:\/\/agora.xtec.cat\/insjaumebotey\/wp-content\/uploads\/usu1865\/2023\/09\/380676385_688483526165357_1128625564563612112_n-200x150.jpg 200w, https:\/\/agora.xtec.cat\/insjaumebotey\/wp-content\/uploads\/usu1865\/2023\/09\/380676385_688483526165357_1128625564563612112_n.jpg 1080w\" sizes=\"auto, (max-width: 1024px) 100vw, 1024px\" \/><\/a><\/p>\n","protected":false},"excerpt":{"rendered":"<p>A l&#8217;institut apostem per la gesti\u00f3 positiva dels conflictes! Passem moltes hores junts\/es i \u00e9s inevitable que sorgeixin rumors, malentesos, amistats deteriorades, petites discusions&#8230; Davant aquestes situacions oferim un espai de confian\u00e7a i respecte. A Mediaci\u00f3 proposem que els alumnes solucionin els seus conflictes sense viol\u00e8ncia, mitjan\u00e7ant el di\u00e0leg i facilitant el guiatge per a [&hellip;]<\/p>\n","protected":false},"author":8,"featured_media":0,"parent":63,"menu_order":30,"comment_status":"closed","ping_status":"closed","template":"","meta":{"_bbp_topic_count":0,"_bbp_reply_count":0,"_bbp_total_topic_count":0,"_bbp_total_reply_count":0,"_bbp_voice_count":0,"_bbp_anonymous_reply_count":0,"_bbp_topic_count_hidden":0,"_bbp_reply_count_hidden":0,"_bbp_forum_subforum_count":0,"site-sidebar-layout":"default","site-content-layout":"","ast-site-content-layout":"","site-content-style":"default","site-sidebar-style":"default","ast-global-header-display":"","ast-banner-title-visibility":"","ast-main-header-display":"","ast-hfb-above-header-display":"","ast-hfb-below-header-display":"","ast-hfb-mobile-header-display":"","site-post-title":"","ast-breadcrumbs-content":"","ast-featured-img":"","footer-sml-layout":"","theme-transparent-header-meta":"","adv-header-id-meta":"","stick-header-meta":"","header-above-stick-meta":"","header-main-stick-meta":"","header-below-stick-meta":"","astra-migrate-meta-layouts":"default","ast-page-background-enabled":"default","ast-page-background-meta":{"desktop":{"background-color":"var(--ast-global-color-4)","background-image":"","background-repeat":"repeat","background-position":"center center","background-size":"auto","background-attachment":"scroll","background-type":"","background-media":"","overlay-type":"","overlay-color":"","overlay-opacity":"","overlay-gradient":""},"tablet":{"background-color":"","background-image":"","background-repeat":"repeat","background-position":"center center","background-size":"auto","background-attachment":"scroll","background-type":"","background-media":"","overlay-type":"","overlay-color":"","overlay-opacity":"","overlay-gradient":""},"mobile":{"background-color":"","background-image":"","background-repeat":"repeat","background-position":"center center","background-size":"auto","background-attachment":"scroll","background-type":"","background-media":"","overlay-type":"","overlay-color":"","overlay-opacity":"","overlay-gradient":""}},"ast-content-background-meta":{"desktop":{"background-color":"var(--ast-global-color-5)","background-image":"","background-repeat":"repeat","background-position":"center center","background-size":"auto","background-attachment":"scroll","background-type":"","background-media":"","overlay-type":"","overlay-color":"","overlay-opacity":"","overlay-gradient":""},"tablet":{"background-color":"var(--ast-global-color-5)","background-image":"","background-repeat":"repeat","background-position":"center center","background-size":"auto","background-attachment":"scroll","background-type":"","background-media":"","overlay-type":"","overlay-color":"","overlay-opacity":"","overlay-gradient":""},"mobile":{"background-color":"var(--ast-global-color-5)","background-image":"","background-repeat":"repeat","background-position":"center center","background-size":"auto","background-attachment":"scroll","background-type":"","background-media":"","overlay-type":"","overlay-color":"","overlay-opacity":"","overlay-gradient":""}},"footnotes":""},"class_list":["post-1948","page","type-page","status-publish","hentry"],"post_mailing_queue_ids":[],"_links":{"self":[{"href":"https:\/\/agora.xtec.cat\/insjaumebotey\/wp-json\/wp\/v2\/pages\/1948","targetHints":{"allow":["GET"]}}],"collection":[{"href":"https:\/\/agora.xtec.cat\/insjaumebotey\/wp-json\/wp\/v2\/pages"}],"about":[{"href":"https:\/\/agora.xtec.cat\/insjaumebotey\/wp-json\/wp\/v2\/types\/page"}],"author":[{"embeddable":true,"href":"https:\/\/agora.xtec.cat\/insjaumebotey\/wp-json\/wp\/v2\/users\/8"}],"replies":[{"embeddable":true,"href":"https:\/\/agora.xtec.cat\/insjaumebotey\/wp-json\/wp\/v2\/comments?post=1948"}],"version-history":[{"count":6,"href":"https:\/\/agora.xtec.cat\/insjaumebotey\/wp-json\/wp\/v2\/pages\/1948\/revisions"}],"predecessor-version":[{"id":6680,"href":"https:\/\/agora.xtec.cat\/insjaumebotey\/wp-json\/wp\/v2\/pages\/1948\/revisions\/6680"}],"up":[{"embeddable":true,"href":"https:\/\/agora.xtec.cat\/insjaumebotey\/wp-json\/wp\/v2\/pages\/63"}],"wp:attachment":[{"href":"https:\/\/agora.xtec.cat\/insjaumebotey\/wp-json\/wp\/v2\/media?parent=1948"}],"curies":[{"name":"wp","href":"https:\/\/api.w.org\/{rel}","templated":true}]}}