{"id":19,"date":"2014-09-17T14:56:56","date_gmt":"2014-09-17T14:56:56","guid":{"rendered":"http:\/\/agora.xtec.cat\/insjaumebotey\/?page_id=19"},"modified":"2021-05-04T11:14:14","modified_gmt":"2021-05-04T09:14:14","slug":"linstitut","status":"publish","type":"page","link":"https:\/\/agora.xtec.cat\/insjaumebotey\/linstitut\/","title":{"rendered":"L&#8217;institut"},"content":{"rendered":"<p style=\"text-align: center;\"><a href=\"https:\/\/agora.xtec.cat\/insjaumebotey\/wp-content\/uploads\/usu1865\/2020\/02\/entrada2-1.jpg\"><img loading=\"lazy\" decoding=\"async\" class=\"alignnone wp-image-1903\" src=\"https:\/\/agora.xtec.cat\/insjaumebotey\/wp-content\/uploads\/usu1865\/2020\/02\/entrada2-1-1024x766.jpg\" alt=\"\" width=\"324\" height=\"242\" srcset=\"https:\/\/agora.xtec.cat\/insjaumebotey\/wp-content\/uploads\/usu1865\/2020\/02\/entrada2-1-1024x766.jpg 1024w, https:\/\/agora.xtec.cat\/insjaumebotey\/wp-content\/uploads\/usu1865\/2020\/02\/entrada2-1-300x224.jpg 300w, https:\/\/agora.xtec.cat\/insjaumebotey\/wp-content\/uploads\/usu1865\/2020\/02\/entrada2-1-768x574.jpg 768w, https:\/\/agora.xtec.cat\/insjaumebotey\/wp-content\/uploads\/usu1865\/2020\/02\/entrada2-1-200x150.jpg 200w, https:\/\/agora.xtec.cat\/insjaumebotey\/wp-content\/uploads\/usu1865\/2020\/02\/entrada2-1.jpg 1635w\" sizes=\"auto, (max-width: 324px) 100vw, 324px\" \/> \u00a0 \u00a0 \u00a0 \u00a0 \u00a0 \u00a0 \u00a0 \u00a0 \u00a0 \u00a0 <\/a><a href=\"https:\/\/agora.xtec.cat\/insjaumebotey\/wp-content\/uploads\/usu1865\/2020\/02\/verd.png\"><img loading=\"lazy\" decoding=\"async\" class=\"alignnone wp-image-1901\" src=\"https:\/\/agora.xtec.cat\/insjaumebotey\/wp-content\/uploads\/usu1865\/2020\/02\/verd.png\" alt=\"\" width=\"323\" height=\"241\" srcset=\"https:\/\/agora.xtec.cat\/insjaumebotey\/wp-content\/uploads\/usu1865\/2020\/02\/verd.png 734w, https:\/\/agora.xtec.cat\/insjaumebotey\/wp-content\/uploads\/usu1865\/2020\/02\/verd-300x224.png 300w, https:\/\/agora.xtec.cat\/insjaumebotey\/wp-content\/uploads\/usu1865\/2020\/02\/verd-200x150.png 200w\" sizes=\"auto, (max-width: 323px) 100vw, 323px\" \/><\/a><\/p>\n<p>L\u2019Institut Jaume Botey som un centre de nova creaci\u00f3 al barri de Santa Eul\u00e0lia que iniciem la nostra aventura el curs 2018-2019.<\/p>\n<p>Els nostres pilars s\u00f3n la mirada afectiva i acollidora sobre els alumnes, el treball colze amb colze amb les fam\u00edlies i l\u2019enfortiment dels vincles amb el barri.<\/p>\n<p>Promovem el <strong>desenvolupament integral i el creixement emocional<\/strong> dels nostres alumnes. Aix\u00f2 vol dir que el m\u00e9s important per a nosaltres \u00e9s dotar-los d\u2019eines i valors per a un m\u00f3n que es transforma r\u00e0pidament.\u00a0 Els acollim en sortir de la Prim\u00e0ria i els acompanyarem durant tota la seva etapa posterior donant-los l\u2019oportunitat de cr\u00e9ixer respectant la seva singularitat.<\/p>\n<p><strong>Com ho fem?<\/strong><\/p>\n<ul style=\"list-style-type: disc;\">\n<li>Fem <strong>codoc\u00e8ncia<\/strong> a totes les mat\u00e8ries instrumentals de 1r a 4t d&#8217;ESO. El que vol dir que sempre hi ha dos professors a l&#8217;aula per atendre tot tipus de diversitat, tan de <strong>refor\u00e7<\/strong> com d&#8217;<strong>ampliaci\u00f3 de continguts<\/strong>.<\/li>\n<li>Introdu\u00efm el <strong>treball per projectes<\/strong> des de primer d&#8217;ESO al voltant dels diferents \u00e0mbits educatius (Tecnol\u00f2gic, Social i Cient\u00edfic), i lligats sempre amb el coneixement personal i emocional dels alumnes.<\/li>\n<li>Formem part del <strong><a href=\"https:\/\/agora.xtec.cat\/insjaumebotey\/programes-dinnovacio\/generacio-plurilingue-gep\/\">projecte GEP<\/a><\/strong> perqu\u00e8 entenem que la llengua anglesa \u00e9s un eix fonamental a la nostra societat. Impartim mat\u00e8ries en llengua anglesa, tenim auxiliar nadiu de conversa a tots els nivells d\u2019ESO i fem col\u00f2nies d&#8217;immersi\u00f3 ling\u00fcisticaI.<\/li>\n<li>Comptem amb un <a href=\"https:\/\/blocs.xtec.cat\/insnouorientacio\/\">Departament d&#8217;Orientaci\u00f3<\/a> amb quatre psicopedagogues i una t\u00e8cnica d&#8217;integraci\u00f3 social.<\/li>\n<li>A m\u00e9s, el nostre centre t\u00e9 la sort de ser un dels pocs espais tant verds que hi ha al barri. Aix\u00f2, que ens convida a viure l\u2019aprenentatge sense oblidar la sostenibilitat.<\/li>\n<\/ul>\n<p>Som un centre amb una nova mirada, les nostres arrels i lligams amb el barri s\u00f3n molt estrets, agra\u00efm la nostra her\u00e8ncia i aix\u00f2 ens fa forts. Aquests s\u00f3n els valors que ens mouen al Botey!<\/p>\n","protected":false},"excerpt":{"rendered":"<p>\u00a0 \u00a0 \u00a0 \u00a0 \u00a0 \u00a0 \u00a0 \u00a0 \u00a0 \u00a0 L\u2019Institut Jaume Botey som un centre de nova creaci\u00f3 al barri de Santa Eul\u00e0lia que iniciem la nostra aventura el curs 2018-2019. Els nostres pilars s\u00f3n la mirada afectiva i acollidora sobre els alumnes, el treball colze amb colze amb les fam\u00edlies i l\u2019enfortiment dels [&hellip;]<\/p>\n","protected":false},"author":1,"featured_media":0,"parent":0,"menu_order":0,"comment_status":"closed","ping_status":"closed","template":"page-templates\/side-menu.php","meta":{"_bbp_topic_count":0,"_bbp_reply_count":0,"_bbp_total_topic_count":0,"_bbp_total_reply_count":0,"_bbp_voice_count":0,"_bbp_anonymous_reply_count":0,"_bbp_topic_count_hidden":0,"_bbp_reply_count_hidden":0,"_bbp_forum_subforum_count":0,"site-sidebar-layout":"default","site-content-layout":"","ast-site-content-layout":"","site-content-style":"default","site-sidebar-style":"default","ast-global-header-display":"","ast-banner-title-visibility":"","ast-main-header-display":"","ast-hfb-above-header-display":"","ast-hfb-below-header-display":"","ast-hfb-mobile-header-display":"","site-post-title":"","ast-breadcrumbs-content":"","ast-featured-img":"","footer-sml-layout":"","theme-transparent-header-meta":"","adv-header-id-meta":"","stick-header-meta":"","header-above-stick-meta":"","header-main-stick-meta":"","header-below-stick-meta":"","astra-migrate-meta-layouts":"default","ast-page-background-enabled":"default","ast-page-background-meta":{"desktop":{"background-color":"var(--ast-global-color-4)","background-image":"","background-repeat":"repeat","background-position":"center center","background-size":"auto","background-attachment":"scroll","background-type":"","background-media":"","overlay-type":"","overlay-color":"","overlay-opacity":"","overlay-gradient":""},"tablet":{"background-color":"","background-image":"","background-repeat":"repeat","background-position":"center center","background-size":"auto","background-attachment":"scroll","background-type":"","background-media":"","overlay-type":"","overlay-color":"","overlay-opacity":"","overlay-gradient":""},"mobile":{"background-color":"","background-image":"","background-repeat":"repeat","background-position":"center center","background-size":"auto","background-attachment":"scroll","background-type":"","background-media":"","overlay-type":"","overlay-color":"","overlay-opacity":"","overlay-gradient":""}},"ast-content-background-meta":{"desktop":{"background-color":"var(--ast-global-color-5)","background-image":"","background-repeat":"repeat","background-position":"center center","background-size":"auto","background-attachment":"scroll","background-type":"","background-media":"","overlay-type":"","overlay-color":"","overlay-opacity":"","overlay-gradient":""},"tablet":{"background-color":"var(--ast-global-color-5)","background-image":"","background-repeat":"repeat","background-position":"center center","background-size":"auto","background-attachment":"scroll","background-type":"","background-media":"","overlay-type":"","overlay-color":"","overlay-opacity":"","overlay-gradient":""},"mobile":{"background-color":"var(--ast-global-color-5)","background-image":"","background-repeat":"repeat","background-position":"center center","background-size":"auto","background-attachment":"scroll","background-type":"","background-media":"","overlay-type":"","overlay-color":"","overlay-opacity":"","overlay-gradient":""}},"footnotes":""},"class_list":["post-19","page","type-page","status-publish","hentry"],"post_mailing_queue_ids":[],"_links":{"self":[{"href":"https:\/\/agora.xtec.cat\/insjaumebotey\/wp-json\/wp\/v2\/pages\/19","targetHints":{"allow":["GET"]}}],"collection":[{"href":"https:\/\/agora.xtec.cat\/insjaumebotey\/wp-json\/wp\/v2\/pages"}],"about":[{"href":"https:\/\/agora.xtec.cat\/insjaumebotey\/wp-json\/wp\/v2\/types\/page"}],"author":[{"embeddable":true,"href":"https:\/\/agora.xtec.cat\/insjaumebotey\/wp-json\/wp\/v2\/users\/1"}],"replies":[{"embeddable":true,"href":"https:\/\/agora.xtec.cat\/insjaumebotey\/wp-json\/wp\/v2\/comments?post=19"}],"version-history":[{"count":6,"href":"https:\/\/agora.xtec.cat\/insjaumebotey\/wp-json\/wp\/v2\/pages\/19\/revisions"}],"predecessor-version":[{"id":3384,"href":"https:\/\/agora.xtec.cat\/insjaumebotey\/wp-json\/wp\/v2\/pages\/19\/revisions\/3384"}],"wp:attachment":[{"href":"https:\/\/agora.xtec.cat\/insjaumebotey\/wp-json\/wp\/v2\/media?parent=19"}],"curies":[{"name":"wp","href":"https:\/\/api.w.org\/{rel}","templated":true}]}}