{"id":1869,"date":"2020-02-20T17:12:13","date_gmt":"2020-02-20T16:12:13","guid":{"rendered":"https:\/\/agora.xtec.cat\/insjaumebotey\/?page_id=1869"},"modified":"2023-11-01T09:16:17","modified_gmt":"2023-11-01T08:16:17","slug":"club-de-lectura","status":"publish","type":"page","link":"https:\/\/agora.xtec.cat\/insjaumebotey\/serveis\/biblioteca-escolar\/club-de-lectura\/","title":{"rendered":"Club de lectura"},"content":{"rendered":"<div>.<\/div>\n<div>\n<p>El club de lectura a l&#8217;Institut Jaume Botey \u00e9s una activitat oberta a mares, pares, alumnat i professorat.<\/p>\n<p><strong>Com funciona el club?<\/strong>\u00a0Nosaltres us facilitem un llibre en catal\u00e0 o castell\u00e0, que ens proporciona la Biblioteca Europa, i teniu un mes aproximadament per llegir-lo.<\/p>\n<p><strong>Qu\u00e8 fem al club?<\/strong>\u00a0Intercanviem impressions i opinions sobre la lectura. La lectura \u00e9s un acte social molt enriquidor i realment addictiu&#8230;<\/p>\n<p><strong>Quin ha estat el primer llibre? <\/strong>Vam inaugurar el club de lectura amb\u00a0<a href=\"https:\/\/editorialleshores.com\/cataleg\/amor\/\"><em>Amor<\/em><\/a>, de l&#8217;autora noruega <a href=\"https:\/\/ca.wikipedia.org\/wiki\/Hanne_%C3%98rstavik\">Hanne Orstavik<\/a>. Per l&#8217;ocasi\u00f3, vam comptar amb la visita de l&#8217;editora del llibre, la Maria Sempere, de l&#8217;editorial <a href=\"https:\/\/editorialleshores.com\/\">Les hores<\/a>.<\/p>\n<p>La biblioteca escolar i la lectura s\u00f3n dos dels eixos principals del projecte educatiu del Jaume Botey. Per aix\u00f2 \u00e9s molt important oferir-vos aquest tipus d&#8217;activitats i, sobretot, que hi participeu.<\/p>\n<p>En breu us informarem del proper llibre i de la data del club de lectura.<\/p>\n<p><a href=\"https:\/\/agora.xtec.cat\/insjaumebotey\/wp-content\/uploads\/usu1865\/2020\/02\/1cl.jpg\"><img loading=\"lazy\" decoding=\"async\" class=\"wp-image-1878 alignleft\" src=\"https:\/\/agora.xtec.cat\/insjaumebotey\/wp-content\/uploads\/usu1865\/2020\/02\/1cl-1024x1011.jpg\" alt=\"\" width=\"392\" height=\"386\" srcset=\"https:\/\/agora.xtec.cat\/insjaumebotey\/wp-content\/uploads\/usu1865\/2020\/02\/1cl-1024x1011.jpg 1024w, https:\/\/agora.xtec.cat\/insjaumebotey\/wp-content\/uploads\/usu1865\/2020\/02\/1cl-300x296.jpg 300w, https:\/\/agora.xtec.cat\/insjaumebotey\/wp-content\/uploads\/usu1865\/2020\/02\/1cl-768x758.jpg 768w, https:\/\/agora.xtec.cat\/insjaumebotey\/wp-content\/uploads\/usu1865\/2020\/02\/1cl.jpg 1080w\" sizes=\"auto, (max-width: 392px) 100vw, 392px\" \/><\/a> <a href=\"https:\/\/agora.xtec.cat\/insjaumebotey\/wp-content\/uploads\/usu1865\/2020\/02\/2cl.jpg\"><img loading=\"lazy\" decoding=\"async\" class=\"wp-image-1879 alignleft\" src=\"https:\/\/agora.xtec.cat\/insjaumebotey\/wp-content\/uploads\/usu1865\/2020\/02\/2cl-919x1024.jpg\" alt=\"\" width=\"348\" height=\"388\" srcset=\"https:\/\/agora.xtec.cat\/insjaumebotey\/wp-content\/uploads\/usu1865\/2020\/02\/2cl-919x1024.jpg 919w, https:\/\/agora.xtec.cat\/insjaumebotey\/wp-content\/uploads\/usu1865\/2020\/02\/2cl-269x300.jpg 269w, https:\/\/agora.xtec.cat\/insjaumebotey\/wp-content\/uploads\/usu1865\/2020\/02\/2cl-768x856.jpg 768w, https:\/\/agora.xtec.cat\/insjaumebotey\/wp-content\/uploads\/usu1865\/2020\/02\/2cl.jpg 961w\" sizes=\"auto, (max-width: 348px) 100vw, 348px\" \/><\/a><\/p>\n<\/div>\n<div><a href=\"https:\/\/agora.xtec.cat\/insjaumebotey\/wp-content\/uploads\/usu1865\/2020\/02\/3cl.jpg\"><img loading=\"lazy\" decoding=\"async\" class=\"wp-image-1880 aligncenter\" src=\"https:\/\/agora.xtec.cat\/insjaumebotey\/wp-content\/uploads\/usu1865\/2020\/02\/3cl-1024x919.jpg\" alt=\"\" width=\"357\" height=\"320\" srcset=\"https:\/\/agora.xtec.cat\/insjaumebotey\/wp-content\/uploads\/usu1865\/2020\/02\/3cl-1024x919.jpg 1024w, https:\/\/agora.xtec.cat\/insjaumebotey\/wp-content\/uploads\/usu1865\/2020\/02\/3cl-300x269.jpg 300w, https:\/\/agora.xtec.cat\/insjaumebotey\/wp-content\/uploads\/usu1865\/2020\/02\/3cl-768x689.jpg 768w, https:\/\/agora.xtec.cat\/insjaumebotey\/wp-content\/uploads\/usu1865\/2020\/02\/3cl.jpg 1080w\" sizes=\"auto, (max-width: 357px) 100vw, 357px\" \/><\/a><\/div>\n<div><\/div>\n<p>El proper <strong>dilluns\u00a013 de desembre<\/strong>\u00a0us convidem al tercer\u00a0club de lectura\u00a0que farem a la nostra biblioteca a les\u00a017.30. Aquesta vegada us proposem un petit assaig titulat &#8220;Tothom hauria de ser feminista&#8221;, de l&#8217;autora nigeriana\u00a0Chimamanda Ngozi Adichie, i publicada tant en castell\u00e0 com en catal\u00e0 per Literatura Random House.<\/p>\n<p><strong>Sinopsi<\/strong><\/p>\n<p>&#8220;Ser feminista no \u00e9s nom\u00e9s cosa de dones. Chimamanda Ngozi Adichie ho demostra en aquest eloq\u00fcent text, en el qual es fa una descripci\u00f3 singular del que significa ser feminista al segle XXI. Amb un estil clar i directe, i sense deixar de banda l&#8217;humor, aquesta autora explora el paper actual de la dona actual i dona idees per fer del m\u00f3n un lloc m\u00e9s just&#8221;.<\/p>\n<p><a href=\"https:\/\/agora.xtec.cat\/insjaumebotey\/wp-content\/uploads\/usu1865\/2021\/11\/Institut-jaume-botey.jpg\"><img loading=\"lazy\" decoding=\"async\" class=\"alignnone size-large wp-image-3628\" src=\"https:\/\/agora.xtec.cat\/insjaumebotey\/wp-content\/uploads\/usu1865\/2021\/11\/Institut-jaume-botey-724x1024.jpg\" alt=\"\" width=\"262\" height=\"412\" \/><\/a><\/p>\n","protected":false},"excerpt":{"rendered":"<p>. El club de lectura a l&#8217;Institut Jaume Botey \u00e9s una activitat oberta a mares, pares, alumnat i professorat. Com funciona el club?\u00a0Nosaltres us facilitem un llibre en catal\u00e0 o castell\u00e0, que ens proporciona la Biblioteca Europa, i teniu un mes aproximadament per llegir-lo. Qu\u00e8 fem al club?\u00a0Intercanviem impressions i opinions sobre la lectura. La [&hellip;]<\/p>\n","protected":false},"author":10,"featured_media":0,"parent":1841,"menu_order":10,"comment_status":"closed","ping_status":"closed","template":"page-templates\/side-menu.php","meta":{"_bbp_topic_count":0,"_bbp_reply_count":0,"_bbp_total_topic_count":0,"_bbp_total_reply_count":0,"_bbp_voice_count":0,"_bbp_anonymous_reply_count":0,"_bbp_topic_count_hidden":0,"_bbp_reply_count_hidden":0,"_bbp_forum_subforum_count":0,"site-sidebar-layout":"default","site-content-layout":"","ast-site-content-layout":"","site-content-style":"default","site-sidebar-style":"default","ast-global-header-display":"","ast-banner-title-visibility":"","ast-main-header-display":"","ast-hfb-above-header-display":"","ast-hfb-below-header-display":"","ast-hfb-mobile-header-display":"","site-post-title":"","ast-breadcrumbs-content":"","ast-featured-img":"","footer-sml-layout":"","theme-transparent-header-meta":"","adv-header-id-meta":"","stick-header-meta":"","header-above-stick-meta":"","header-main-stick-meta":"","header-below-stick-meta":"","astra-migrate-meta-layouts":"default","ast-page-background-enabled":"default","ast-page-background-meta":{"desktop":{"background-color":"var(--ast-global-color-4)","background-image":"","background-repeat":"repeat","background-position":"center center","background-size":"auto","background-attachment":"scroll","background-type":"","background-media":"","overlay-type":"","overlay-color":"","overlay-opacity":"","overlay-gradient":""},"tablet":{"background-color":"","background-image":"","background-repeat":"repeat","background-position":"center center","background-size":"auto","background-attachment":"scroll","background-type":"","background-media":"","overlay-type":"","overlay-color":"","overlay-opacity":"","overlay-gradient":""},"mobile":{"background-color":"","background-image":"","background-repeat":"repeat","background-position":"center center","background-size":"auto","background-attachment":"scroll","background-type":"","background-media":"","overlay-type":"","overlay-color":"","overlay-opacity":"","overlay-gradient":""}},"ast-content-background-meta":{"desktop":{"background-color":"var(--ast-global-color-5)","background-image":"","background-repeat":"repeat","background-position":"center center","background-size":"auto","background-attachment":"scroll","background-type":"","background-media":"","overlay-type":"","overlay-color":"","overlay-opacity":"","overlay-gradient":""},"tablet":{"background-color":"var(--ast-global-color-5)","background-image":"","background-repeat":"repeat","background-position":"center center","background-size":"auto","background-attachment":"scroll","background-type":"","background-media":"","overlay-type":"","overlay-color":"","overlay-opacity":"","overlay-gradient":""},"mobile":{"background-color":"var(--ast-global-color-5)","background-image":"","background-repeat":"repeat","background-position":"center center","background-size":"auto","background-attachment":"scroll","background-type":"","background-media":"","overlay-type":"","overlay-color":"","overlay-opacity":"","overlay-gradient":""}},"footnotes":""},"class_list":["post-1869","page","type-page","status-publish","hentry"],"post_mailing_queue_ids":[],"_links":{"self":[{"href":"https:\/\/agora.xtec.cat\/insjaumebotey\/wp-json\/wp\/v2\/pages\/1869","targetHints":{"allow":["GET"]}}],"collection":[{"href":"https:\/\/agora.xtec.cat\/insjaumebotey\/wp-json\/wp\/v2\/pages"}],"about":[{"href":"https:\/\/agora.xtec.cat\/insjaumebotey\/wp-json\/wp\/v2\/types\/page"}],"author":[{"embeddable":true,"href":"https:\/\/agora.xtec.cat\/insjaumebotey\/wp-json\/wp\/v2\/users\/10"}],"replies":[{"embeddable":true,"href":"https:\/\/agora.xtec.cat\/insjaumebotey\/wp-json\/wp\/v2\/comments?post=1869"}],"version-history":[{"count":4,"href":"https:\/\/agora.xtec.cat\/insjaumebotey\/wp-json\/wp\/v2\/pages\/1869\/revisions"}],"predecessor-version":[{"id":6755,"href":"https:\/\/agora.xtec.cat\/insjaumebotey\/wp-json\/wp\/v2\/pages\/1869\/revisions\/6755"}],"up":[{"embeddable":true,"href":"https:\/\/agora.xtec.cat\/insjaumebotey\/wp-json\/wp\/v2\/pages\/1841"}],"wp:attachment":[{"href":"https:\/\/agora.xtec.cat\/insjaumebotey\/wp-json\/wp\/v2\/media?parent=1869"}],"curies":[{"name":"wp","href":"https:\/\/api.w.org\/{rel}","templated":true}]}}