{"id":1487,"date":"2019-11-28T17:02:06","date_gmt":"2019-11-28T16:02:06","guid":{"rendered":"https:\/\/agora.xtec.cat\/insjaumebotey\/?page_id=1487"},"modified":"2024-02-20T13:18:00","modified_gmt":"2024-02-20T12:18:00","slug":"xarxa-de-competencies-basiques","status":"publish","type":"page","link":"https:\/\/agora.xtec.cat\/insjaumebotey\/programes-dinnovacio\/xarxa-de-competencies-basiques\/","title":{"rendered":"Xarxa de Compet\u00e8ncies B\u00e0siques"},"content":{"rendered":"<p>Des del curs 2018-2019 l&#8217;institut pertany a la <a href=\"https:\/\/projectes.xtec.cat\/xarxacb\/\" target=\"_blank\" rel=\"noopener\">XCB<\/a>. La Xarxa compet\u00e8ncies b\u00e0siques (Xarxa CB) est\u00e0 formada per un equip de docents d\u2019educaci\u00f3 infantil i prim\u00e0ria, i d\u2019educaci\u00f3 secund\u00e0ria que desenvolupen el treball per compet\u00e8ncies als seus centres, elaboren instruments de suport per orientar els processos de reflexi\u00f3 i la gesti\u00f3 del curr\u00edculum per compet\u00e8ncies b\u00e0siques i comparteixen processos d&#8217;autoavaluaci\u00f3.<\/p>\n<p><a href=\"https:\/\/agora.xtec.cat\/insjaumebotey\/wp-content\/uploads\/usu1865\/2020\/01\/logoxcb2.png\"><img loading=\"lazy\" decoding=\"async\" class=\"alignnone size-full wp-image-1672\" src=\"https:\/\/agora.xtec.cat\/insjaumebotey\/wp-content\/uploads\/usu1865\/2020\/01\/logoxcb2.png\" alt=\"\" width=\"340\" height=\"175\" srcset=\"https:\/\/agora.xtec.cat\/insjaumebotey\/wp-content\/uploads\/usu1865\/2020\/01\/logoxcb2.png 340w, https:\/\/agora.xtec.cat\/insjaumebotey\/wp-content\/uploads\/usu1865\/2020\/01\/logoxcb2-300x154.png 300w\" sizes=\"auto, (max-width: 340px) 100vw, 340px\" \/><\/a><\/p>\n","protected":false},"excerpt":{"rendered":"<p>Des del curs 2018-2019 l&#8217;institut pertany a la XCB. La Xarxa compet\u00e8ncies b\u00e0siques (Xarxa CB) est\u00e0 formada per un equip de docents d\u2019educaci\u00f3 infantil i prim\u00e0ria, i d\u2019educaci\u00f3 secund\u00e0ria que desenvolupen el treball per compet\u00e8ncies als seus centres, elaboren instruments de suport per orientar els processos de reflexi\u00f3 i la gesti\u00f3 del curr\u00edculum per compet\u00e8ncies [&hellip;]<\/p>\n","protected":false},"author":1,"featured_media":0,"parent":1481,"menu_order":0,"comment_status":"closed","ping_status":"closed","template":"page-templates\/side-menu.php","meta":{"_bbp_topic_count":0,"_bbp_reply_count":0,"_bbp_total_topic_count":0,"_bbp_total_reply_count":0,"_bbp_voice_count":0,"_bbp_anonymous_reply_count":0,"_bbp_topic_count_hidden":0,"_bbp_reply_count_hidden":0,"_bbp_forum_subforum_count":0,"site-sidebar-layout":"default","site-content-layout":"","ast-site-content-layout":"","site-content-style":"default","site-sidebar-style":"default","ast-global-header-display":"","ast-banner-title-visibility":"","ast-main-header-display":"","ast-hfb-above-header-display":"","ast-hfb-below-header-display":"","ast-hfb-mobile-header-display":"","site-post-title":"","ast-breadcrumbs-content":"","ast-featured-img":"","footer-sml-layout":"","theme-transparent-header-meta":"","adv-header-id-meta":"","stick-header-meta":"","header-above-stick-meta":"","header-main-stick-meta":"","header-below-stick-meta":"","astra-migrate-meta-layouts":"default","ast-page-background-enabled":"default","ast-page-background-meta":{"desktop":{"background-color":"var(--ast-global-color-4)","background-image":"","background-repeat":"repeat","background-position":"center center","background-size":"auto","background-attachment":"scroll","background-type":"","background-media":"","overlay-type":"","overlay-color":"","overlay-opacity":"","overlay-gradient":""},"tablet":{"background-color":"","background-image":"","background-repeat":"repeat","background-position":"center center","background-size":"auto","background-attachment":"scroll","background-type":"","background-media":"","overlay-type":"","overlay-color":"","overlay-opacity":"","overlay-gradient":""},"mobile":{"background-color":"","background-image":"","background-repeat":"repeat","background-position":"center center","background-size":"auto","background-attachment":"scroll","background-type":"","background-media":"","overlay-type":"","overlay-color":"","overlay-opacity":"","overlay-gradient":""}},"ast-content-background-meta":{"desktop":{"background-color":"var(--ast-global-color-5)","background-image":"","background-repeat":"repeat","background-position":"center center","background-size":"auto","background-attachment":"scroll","background-type":"","background-media":"","overlay-type":"","overlay-color":"","overlay-opacity":"","overlay-gradient":""},"tablet":{"background-color":"var(--ast-global-color-5)","background-image":"","background-repeat":"repeat","background-position":"center center","background-size":"auto","background-attachment":"scroll","background-type":"","background-media":"","overlay-type":"","overlay-color":"","overlay-opacity":"","overlay-gradient":""},"mobile":{"background-color":"var(--ast-global-color-5)","background-image":"","background-repeat":"repeat","background-position":"center center","background-size":"auto","background-attachment":"scroll","background-type":"","background-media":"","overlay-type":"","overlay-color":"","overlay-opacity":"","overlay-gradient":""}},"footnotes":""},"class_list":["post-1487","page","type-page","status-publish","hentry"],"post_mailing_queue_ids":[],"_links":{"self":[{"href":"https:\/\/agora.xtec.cat\/insjaumebotey\/wp-json\/wp\/v2\/pages\/1487","targetHints":{"allow":["GET"]}}],"collection":[{"href":"https:\/\/agora.xtec.cat\/insjaumebotey\/wp-json\/wp\/v2\/pages"}],"about":[{"href":"https:\/\/agora.xtec.cat\/insjaumebotey\/wp-json\/wp\/v2\/types\/page"}],"author":[{"embeddable":true,"href":"https:\/\/agora.xtec.cat\/insjaumebotey\/wp-json\/wp\/v2\/users\/1"}],"replies":[{"embeddable":true,"href":"https:\/\/agora.xtec.cat\/insjaumebotey\/wp-json\/wp\/v2\/comments?post=1487"}],"version-history":[{"count":4,"href":"https:\/\/agora.xtec.cat\/insjaumebotey\/wp-json\/wp\/v2\/pages\/1487\/revisions"}],"predecessor-version":[{"id":7343,"href":"https:\/\/agora.xtec.cat\/insjaumebotey\/wp-json\/wp\/v2\/pages\/1487\/revisions\/7343"}],"up":[{"embeddable":true,"href":"https:\/\/agora.xtec.cat\/insjaumebotey\/wp-json\/wp\/v2\/pages\/1481"}],"wp:attachment":[{"href":"https:\/\/agora.xtec.cat\/insjaumebotey\/wp-json\/wp\/v2\/media?parent=1487"}],"curies":[{"name":"wp","href":"https:\/\/api.w.org\/{rel}","templated":true}]}}