{"id":81,"date":"2014-09-18T10:38:05","date_gmt":"2014-09-18T10:38:05","guid":{"rendered":"http:\/\/agora.xtec.cat\/insinvestigadorblanxart\/?page_id=81"},"modified":"2024-02-19T19:17:58","modified_gmt":"2024-02-19T18:17:58","slug":"secretaria","status":"publish","type":"page","link":"https:\/\/agora.xtec.cat\/insinvestigadorblanxart\/serveis\/secretaria\/","title":{"rendered":"Secretaria"},"content":{"rendered":"<h4><span style=\"color: #ff6600;\"><strong><span style=\"color: #008000;\">Contacte:<\/span><\/strong><\/span><\/h4>\n<ul>\n<li><strong>Tel\u00e8fon<\/strong>:\u00a0 93 786 08 66<\/li>\n<li><strong>Correu electr\u00f2nic tr\u00e0mits administratius: <\/strong>secretaria@blanxart.net<\/li>\n<\/ul>\n<h4><span style=\"color: #008000;\"><strong>Horari d&#8217;atenci\u00f3 habitual:<\/strong><\/span><\/h4>\n<ul>\n<li><strong>Matins<\/strong>: Dilluns a divendres &#8211; 9.30\u202fh a 13\u202fh<\/li>\n<li><strong>Tardes<\/strong>: Dilluns a dijous &#8211; 15.15\u202fh a 17.15\u202fh<\/li>\n<\/ul>\n<h4><span style=\"color: #008000;\"><strong>Horari d&#8217;estiu i Nadal:<\/strong><\/span><\/h4>\n<ul>\n<li><strong>En les seg\u00fcents dates, l&#8217;horari d&#8217;atenci\u00f3 \u00e9s de 9.30\u202fh a 13.30\u202fh:<\/strong><\/li>\n<\/ul>\n<ul>\n<li style=\"list-style-type: none;\">\n<ul>\n<li style=\"list-style-type: none;\">\n<ul>\n<li>De l&#8217;1 de juny al 24 de juliol<\/li>\n<li>De l&#8217;1 al 30 de setembre<\/li>\n<li>Del 15 al 21 de desembre<\/li>\n<li>Del 9 al 10 de gener<\/li>\n<\/ul>\n<\/li>\n<\/ul>\n<\/li>\n<\/ul>\n","protected":false},"excerpt":{"rendered":"<p>Contacte:<\/p>\n<ul>\n<li>Tel\u00e8fon:\u00a0 93 786 08 66<\/li>\n<li>Correu electr\u00f2nic tr\u00e0mits administratius: secretaria@blanxart.net<\/li>\n<\/ul>\n<p>Horari d&#8217;atenci\u00f3 habitual:<\/p>\n<ul>\n<li>Matins: Dilluns a divendres &#8211; 9.30\u202fh a 13\u202fh<\/li>\n<li>Tardes: Dilluns a dijous &#8211; 15.15\u202fh a 17.15\u202fh<\/li>\n<\/ul>\n<p>Horari d&#8217;estiu i Nadal:<\/p>\n<ul>\n<li>En les seg\u00fcents dates, l&#8217;horari d&#8217;atenci\u00f3 \u00e9s de 9.30\u202fh a 13.30\u202fh:<\/li>\n<\/ul>\n<ul>\n<li style=\"list-style-type: none;\">\n<ul>\n<li style=\"list-style-type: none;\">\n<ul>\n<li>De l&#8217;1 de juny&hellip;  <a href=\"https:\/\/agora.xtec.cat\/insinvestigadorblanxart\/serveis\/secretaria\/\" title=\"Read Secretaria\">Llegeix m\u00e9s\u00bb<\/a><br \/>\n","protected":false},"author":1,"featured_media":0,"parent":63,"menu_order":5,"comment_status":"closed","ping_status":"closed","template":"page-templates\/side-menu.php","meta":{"_bbp_topic_count":0,"_bbp_reply_count":0,"_bbp_total_topic_count":0,"_bbp_total_reply_count":0,"_bbp_voice_count":0,"_bbp_anonymous_reply_count":0,"_bbp_topic_count_hidden":0,"_bbp_reply_count_hidden":0,"_bbp_forum_subforum_count":0,"footnotes":""},"class_list":["post-81","page","type-page","status-publish","hentry"],"post_mailing_queue_ids":[],"_links":{"self":[{"href":"https:\/\/agora.xtec.cat\/insinvestigadorblanxart\/wp-json\/wp\/v2\/pages\/81","targetHints":{"allow":["GET"]}}],"collection":[{"href":"https:\/\/agora.xtec.cat\/insinvestigadorblanxart\/wp-json\/wp\/v2\/pages"}],"about":[{"href":"https:\/\/agora.xtec.cat\/insinvestigadorblanxart\/wp-json\/wp\/v2\/types\/page"}],"author":[{"embeddable":true,"href":"https:\/\/agora.xtec.cat\/insinvestigadorblanxart\/wp-json\/wp\/v2\/users\/1"}],"replies":[{"embeddable":true,"href":"https:\/\/agora.xtec.cat\/insinvestigadorblanxart\/wp-json\/wp\/v2\/comments?post=81"}],"version-history":[{"count":7,"href":"https:\/\/agora.xtec.cat\/insinvestigadorblanxart\/wp-json\/wp\/v2\/pages\/81\/revisions"}],"predecessor-version":[{"id":2108,"href":"https:\/\/agora.xtec.cat\/insinvestigadorblanxart\/wp-json\/wp\/v2\/pages\/81\/revisions\/2108"}],"up":[{"embeddable":true,"href":"https:\/\/agora.xtec.cat\/insinvestigadorblanxart\/wp-json\/wp\/v2\/pages\/63"}],"wp:attachment":[{"href":"https:\/\/agora.xtec.cat\/insinvestigadorblanxart\/wp-json\/wp\/v2\/media?parent=81"}],"curies":[{"name":"wp","href":"https:\/\/api.w.org\/{rel}","templated":true}]}}