{"id":75,"date":"2023-09-18T10:21:02","date_gmt":"2023-09-18T08:21:02","guid":{"rendered":"http:\/\/agora.xtec.cat\/insinvestigadorblanxart\/?page_id=75"},"modified":"2025-06-22T12:31:09","modified_gmt":"2025-06-22T10:31:09","slug":"activitats-extraescolars","status":"publish","type":"page","link":"https:\/\/agora.xtec.cat\/insinvestigadorblanxart\/serveis\/activitats-extraescolars\/","title":{"rendered":"Activitats extraescolars"},"content":{"rendered":"<div><span style=\"color: #000000;\">Al seg\u00fcent document trobareu la llista d&#8217;activitats extraescolars que el centre ofereix per aquest nou curs aix\u00ed com el formulari d&#8217;inscripci\u00f3.<\/span><\/div>\n<p>\u27a1 <a href=\"https:\/\/agora.xtec.cat\/insinvestigadorblanxart\/wp-content\/uploads\/usu1264\/2025\/06\/Activitats-extraesc-25-26-2.pdf\"><strong>Activitats extraescolars curs 2025-26<\/strong><\/a><\/p>\n<div>\n<p title=\"Page 1\"><span style=\"color: #000000;\">La data li\u0301mit per presentar la inscripcio\u0301 e\u0301s el dilluns 30 de setembre o fins que el grup estigui ple i aquesta s\u2019ha d\u2019entregar al coordinador d&#8217;extraescolars que anira\u0300 passant per les aules durant el mes de setembre.<\/span><\/p>\n<h5><strong><span style=\"color: #008000;\">Curs d&#8217;angl\u00e8s amb FIAC Idiomes<\/span><\/strong><\/h5>\n<p><span style=\"color: #000000; font-family: inherit; font-size: 1em;\">A m\u00e9s de les extraescolars de centre,<a href=\"https:\/\/www.ampablanxart.net.\/p%C3%A1gina-principal\"> l&#8217;AMPA<\/a> ofereix angl\u00e8s amb FIAC.\u00a0<\/span><\/p>\n<\/div>\n","protected":false},"excerpt":{"rendered":"<p>Al seg\u00fcent document trobareu la llista d&#8217;activitats extraescolars que el centre ofereix per aquest nou curs aix\u00ed com el formulari d&#8217;inscripci\u00f3.<br \/>\n\u27a1 <a href=\"https:\/\/agora.xtec.cat\/insinvestigadorblanxart\/wp-content\/uploads\/usu1264\/2025\/06\/Activitats-extraesc-25-26-2.pdf\">Activitats extraescolars curs 2025-26<\/a><\/p>\n<p>La data li\u0301mit per presentar la inscripcio\u0301 e\u0301s el dilluns 30 de setembre o fins que el grup estigui ple&hellip;  <a href=\"https:\/\/agora.xtec.cat\/insinvestigadorblanxart\/serveis\/activitats-extraescolars\/\" title=\"Read Activitats extraescolars\">Llegeix m\u00e9s\u00bb<\/a><\/p>\n","protected":false},"author":1,"featured_media":0,"parent":63,"menu_order":0,"comment_status":"closed","ping_status":"closed","template":"page-templates\/side-menu.php","meta":{"_bbp_topic_count":0,"_bbp_reply_count":0,"_bbp_total_topic_count":0,"_bbp_total_reply_count":0,"_bbp_voice_count":0,"_bbp_anonymous_reply_count":0,"_bbp_topic_count_hidden":0,"_bbp_reply_count_hidden":0,"_bbp_forum_subforum_count":0,"footnotes":""},"class_list":["post-75","page","type-page","status-publish","hentry"],"post_mailing_queue_ids":[],"_links":{"self":[{"href":"https:\/\/agora.xtec.cat\/insinvestigadorblanxart\/wp-json\/wp\/v2\/pages\/75","targetHints":{"allow":["GET"]}}],"collection":[{"href":"https:\/\/agora.xtec.cat\/insinvestigadorblanxart\/wp-json\/wp\/v2\/pages"}],"about":[{"href":"https:\/\/agora.xtec.cat\/insinvestigadorblanxart\/wp-json\/wp\/v2\/types\/page"}],"author":[{"embeddable":true,"href":"https:\/\/agora.xtec.cat\/insinvestigadorblanxart\/wp-json\/wp\/v2\/users\/1"}],"replies":[{"embeddable":true,"href":"https:\/\/agora.xtec.cat\/insinvestigadorblanxart\/wp-json\/wp\/v2\/comments?post=75"}],"version-history":[{"count":6,"href":"https:\/\/agora.xtec.cat\/insinvestigadorblanxart\/wp-json\/wp\/v2\/pages\/75\/revisions"}],"predecessor-version":[{"id":7711,"href":"https:\/\/agora.xtec.cat\/insinvestigadorblanxart\/wp-json\/wp\/v2\/pages\/75\/revisions\/7711"}],"up":[{"embeddable":true,"href":"https:\/\/agora.xtec.cat\/insinvestigadorblanxart\/wp-json\/wp\/v2\/pages\/63"}],"wp:attachment":[{"href":"https:\/\/agora.xtec.cat\/insinvestigadorblanxart\/wp-json\/wp\/v2\/media?parent=75"}],"curies":[{"name":"wp","href":"https:\/\/api.w.org\/{rel}","templated":true}]}}