{"id":6986,"date":"2025-02-02T09:47:13","date_gmt":"2025-02-02T08:47:13","guid":{"rendered":"https:\/\/agora.xtec.cat\/insinvestigadorblanxart\/?page_id=6986"},"modified":"2026-01-29T22:38:09","modified_gmt":"2026-01-29T21:38:09","slug":"graduat-en-educacio-secundaria-obligatoria","status":"publish","type":"page","link":"https:\/\/agora.xtec.cat\/insinvestigadorblanxart\/estudis\/eso\/graduat-en-educacio-secundaria-obligatoria\/","title":{"rendered":"Graduat en educaci\u00f3 secund\u00e0ria obligat\u00f2ria"},"content":{"rendered":"\n<h2 class=\"wp-block-heading has-background has-medium-font-size\" style=\"background-color:#c6e4fe\">Alumnes que no l&#8217;han obtingut en finalitzar l&#8217;etapa<\/h2>\n\n\n\n<p>Els alumnes que no obtenen el t\u00edtol de graduat o graduada en educaci\u00f3 secund\u00e0ria obligat\u00f2ria en finalitzar l\u2019etapa es poden presentar a la prova que els centres organitzen el mes de mar\u00e7 de cada any.<\/p>\n\n\n\n<p>Els&nbsp;<strong>requisits&nbsp;<\/strong>que han de complir les persones que s\u2019hi poden presentar, el&nbsp;termini&nbsp;per a les&nbsp;sol\u00b7licituds&nbsp;d\u2019inscripci\u00f3, aix\u00ed com el&nbsp;<strong>calendari&nbsp;<\/strong>de les&nbsp;proves&nbsp;i altra informaci\u00f3, es poden consultar en aquest enlla\u00e7:&nbsp;<a href=\"http:\/\/educacio.gencat.cat\/ca\/serveis-tramits\/proves\/proves-lliures-obtencio-titols\/obtencio-titol-eso\/\" target=\"_blank\" rel=\"noreferrer noopener\"><strong>Proves Lliures per a l\u2019obtenci\u00f3 de t\u00edtols i certificats<\/strong><\/a><\/p>\n\n\n\n<p>L\u2019institut fa p\u00fablic&nbsp;<a href=\"https:\/\/agora.xtec.cat\/insinvestigadorblanxart\/wp-content\/uploads\/usu1264\/2026\/01\/Competencies-criteris-i-sabers.pdf\"><strong>els&nbsp;criteris d\u2019avaluaci\u00f3 i els continguts m\u00ednims exigibles per a la superaci\u00f3 de cadascuna de les mat\u00e8ries.<\/strong><\/a><\/p>\n\n\n\n<p>A m\u00e9s, al&nbsp;<strong>plaf\u00f3 informatiu del centre<\/strong>&nbsp;s\u2019anir\u00e0 publicant informaci\u00f3 actualitzada sobre:<\/p>\n\n\n\n<ul class=\"wp-block-list\">\n<li>El llistat d\u2019alumnat adm\u00e8s<\/li>\n\n\n\n<li>El calendari de realitzaci\u00f3 de les proves<\/li>\n<\/ul>\n\n\n\n<p>Per a qualsevol dubte, podeu adre\u00e7ar-vos directament a&nbsp;<strong>secretaria<\/strong>.<\/p>\n\n\n\n<p><\/p>\n","protected":false},"excerpt":{"rendered":"<p>Alumnes que no l&#8217;han obtingut en finalitzar l&#8217;etapa<\/p>\n<p>Els alumnes que no obtenen el t\u00edtol de graduat o graduada en educaci\u00f3 secund\u00e0ria obligat\u00f2ria en finalitzar l\u2019etapa es poden presentar a la prova que els centres organitzen el mes de mar\u00e7 de cada any.<\/p>\n<p>Els&nbsp;requisits&nbsp;que han de complir&hellip;  <a href=\"https:\/\/agora.xtec.cat\/insinvestigadorblanxart\/estudis\/eso\/graduat-en-educacio-secundaria-obligatoria\/\" title=\"Read Graduat en educaci\u00f3 secund\u00e0ria obligat\u00f2ria\">Llegeix m\u00e9s\u00bb<\/a><\/p>\n","protected":false},"author":1,"featured_media":0,"parent":1881,"menu_order":0,"comment_status":"closed","ping_status":"closed","template":"","meta":{"_bbp_topic_count":0,"_bbp_reply_count":0,"_bbp_total_topic_count":0,"_bbp_total_reply_count":0,"_bbp_voice_count":0,"_bbp_anonymous_reply_count":0,"_bbp_topic_count_hidden":0,"_bbp_reply_count_hidden":0,"_bbp_forum_subforum_count":0,"footnotes":""},"class_list":["post-6986","page","type-page","status-publish","hentry"],"post_mailing_queue_ids":[],"_links":{"self":[{"href":"https:\/\/agora.xtec.cat\/insinvestigadorblanxart\/wp-json\/wp\/v2\/pages\/6986","targetHints":{"allow":["GET"]}}],"collection":[{"href":"https:\/\/agora.xtec.cat\/insinvestigadorblanxart\/wp-json\/wp\/v2\/pages"}],"about":[{"href":"https:\/\/agora.xtec.cat\/insinvestigadorblanxart\/wp-json\/wp\/v2\/types\/page"}],"author":[{"embeddable":true,"href":"https:\/\/agora.xtec.cat\/insinvestigadorblanxart\/wp-json\/wp\/v2\/users\/1"}],"replies":[{"embeddable":true,"href":"https:\/\/agora.xtec.cat\/insinvestigadorblanxart\/wp-json\/wp\/v2\/comments?post=6986"}],"version-history":[{"count":3,"href":"https:\/\/agora.xtec.cat\/insinvestigadorblanxart\/wp-json\/wp\/v2\/pages\/6986\/revisions"}],"predecessor-version":[{"id":8087,"href":"https:\/\/agora.xtec.cat\/insinvestigadorblanxart\/wp-json\/wp\/v2\/pages\/6986\/revisions\/8087"}],"up":[{"embeddable":true,"href":"https:\/\/agora.xtec.cat\/insinvestigadorblanxart\/wp-json\/wp\/v2\/pages\/1881"}],"wp:attachment":[{"href":"https:\/\/agora.xtec.cat\/insinvestigadorblanxart\/wp-json\/wp\/v2\/media?parent=6986"}],"curies":[{"name":"wp","href":"https:\/\/api.w.org\/{rel}","templated":true}]}}