{"id":2726,"date":"2024-02-14T12:07:32","date_gmt":"2024-02-14T11:07:32","guid":{"rendered":"https:\/\/agora.xtec.cat\/insinvestigadorblanxart\/?page_id=2726"},"modified":"2025-06-12T17:47:17","modified_gmt":"2025-06-12T15:47:17","slug":"batxillerat-nocturn","status":"publish","type":"page","link":"https:\/\/agora.xtec.cat\/insinvestigadorblanxart\/estudis\/batxillerat\/batxillerat-nocturn\/","title":{"rendered":"Batxillerat nocturn"},"content":{"rendered":"<p data-start=\"158\" data-end=\"431\"><strong>El batxillerat nocturn presencial<\/strong> est\u00e0 pensat per a persones que, per motius laborals, interessos personals o altres circumst\u00e0ncies, no poden seguir l\u2019horari del r\u00e8gim di\u00fcrn. Les classes es fan de <strong data-start=\"355\" data-end=\"376\">17:30 h a 21:30 h<\/strong>, oferint una alternativa flexible a l\u2019horari habitual.<\/p>\n<hr data-start=\"433\" data-end=\"436\" \/>\n<h3 data-start=\"438\" data-end=\"447\">Acc\u00e9s<\/h3>\n<p data-start=\"449\" data-end=\"486\">Poden accedir al batxillerat nocturn:<\/p>\n<ul data-start=\"488\" data-end=\"711\">\n<li data-start=\"488\" data-end=\"524\">\n<p data-start=\"490\" data-end=\"524\">Les persones de <strong data-start=\"506\" data-end=\"523\">18 anys o m\u00e9s<\/strong>.<\/p>\n<\/li>\n<li data-start=\"525\" data-end=\"711\">\n<p data-start=\"527\" data-end=\"711\">Els joves de <strong data-start=\"540\" data-end=\"556\">16 a 18 anys<\/strong> que <strong data-start=\"561\" data-end=\"623\">acreditin la impossibilitat de cursar el batxillerat di\u00fcrn<\/strong>, per raons laborals o altres motius justificats i acceptats per la direcci\u00f3 del centre.<\/p>\n<\/li>\n<\/ul>\n<hr data-start=\"713\" data-end=\"716\" \/>\n<h3 data-start=\"718\" data-end=\"756\">Caracter\u00edstiques del r\u00e8gim nocturn<\/h3>\n<ul data-start=\"758\" data-end=\"1027\">\n<li data-start=\"758\" data-end=\"879\">\n<p data-start=\"760\" data-end=\"879\"><strong data-start=\"760\" data-end=\"816\">No s\u2019apliquen les normes de promoci\u00f3 del r\u00e8gim di\u00fcrn<\/strong>: l\u2019alumnat nom\u00e9s ha de repetir les mat\u00e8ries que no ha superat.<\/p>\n<\/li>\n<li data-start=\"880\" data-end=\"1027\">\n<p data-start=\"882\" data-end=\"1027\">Es pot estar matriculat en el batxillerat nocturn un <strong data-start=\"935\" data-end=\"968\">m\u00e0xim de sis cursos acad\u00e8mics<\/strong>, incloent-hi els cursos realitzats pr\u00e8viament en r\u00e8gim di\u00fcrn.<\/p>\n<\/li>\n<\/ul>\n<div style=\"width: 100%;\">\n<div style=\"position: relative; padding-bottom: 56.25%; padding-top: 0; height: 0;\"><iframe loading=\"lazy\" style=\"position: absolute; top: 0; left: 0; width: 80%; height: 80%;\" title=\"PPOO Batx nocturn Investigador Blanxart\" src=\"https:\/\/view.genial.ly\/65ccc00685db620014ac5ea8\" width=\"1200\" height=\"675\" frameborder=\"0\" scrolling=\"yes\" allowfullscreen=\"allowfullscreen\"><\/iframe><\/div>\n<\/div>\n","protected":false},"excerpt":{"rendered":"<p>El batxillerat nocturn presencial est\u00e0 pensat per a persones que, per motius laborals, interessos personals o altres circumst\u00e0ncies, no poden seguir l\u2019horari del r\u00e8gim di\u00fcrn. Les classes es fan de 17:30 h a 21:30 h, oferint una alternativa flexible a l\u2019horari habitual.<\/p>\n<p>Acc\u00e9s<br \/>\nPoden accedir al batxillerat&hellip;  <a href=\"https:\/\/agora.xtec.cat\/insinvestigadorblanxart\/estudis\/batxillerat\/batxillerat-nocturn\/\" title=\"Read Batxillerat nocturn\">Llegeix m\u00e9s\u00bb<\/a><\/p>\n","protected":false},"author":1,"featured_media":0,"parent":1915,"menu_order":2,"comment_status":"closed","ping_status":"closed","template":"page-templates\/side-menu.php","meta":{"_bbp_topic_count":0,"_bbp_reply_count":0,"_bbp_total_topic_count":0,"_bbp_total_reply_count":0,"_bbp_voice_count":0,"_bbp_anonymous_reply_count":0,"_bbp_topic_count_hidden":0,"_bbp_reply_count_hidden":0,"_bbp_forum_subforum_count":0,"footnotes":""},"class_list":["post-2726","page","type-page","status-publish","hentry"],"post_mailing_queue_ids":[],"_links":{"self":[{"href":"https:\/\/agora.xtec.cat\/insinvestigadorblanxart\/wp-json\/wp\/v2\/pages\/2726","targetHints":{"allow":["GET"]}}],"collection":[{"href":"https:\/\/agora.xtec.cat\/insinvestigadorblanxart\/wp-json\/wp\/v2\/pages"}],"about":[{"href":"https:\/\/agora.xtec.cat\/insinvestigadorblanxart\/wp-json\/wp\/v2\/types\/page"}],"author":[{"embeddable":true,"href":"https:\/\/agora.xtec.cat\/insinvestigadorblanxart\/wp-json\/wp\/v2\/users\/1"}],"replies":[{"embeddable":true,"href":"https:\/\/agora.xtec.cat\/insinvestigadorblanxart\/wp-json\/wp\/v2\/comments?post=2726"}],"version-history":[{"count":4,"href":"https:\/\/agora.xtec.cat\/insinvestigadorblanxart\/wp-json\/wp\/v2\/pages\/2726\/revisions"}],"predecessor-version":[{"id":7603,"href":"https:\/\/agora.xtec.cat\/insinvestigadorblanxart\/wp-json\/wp\/v2\/pages\/2726\/revisions\/7603"}],"up":[{"embeddable":true,"href":"https:\/\/agora.xtec.cat\/insinvestigadorblanxart\/wp-json\/wp\/v2\/pages\/1915"}],"wp:attachment":[{"href":"https:\/\/agora.xtec.cat\/insinvestigadorblanxart\/wp-json\/wp\/v2\/media?parent=2726"}],"curies":[{"name":"wp","href":"https:\/\/api.w.org\/{rel}","templated":true}]}}