{"id":27,"date":"2014-09-17T16:24:03","date_gmt":"2014-09-17T16:24:03","guid":{"rendered":"http:\/\/agora.xtec.cat\/insinvestigadorblanxart\/?page_id=27"},"modified":"2024-09-30T17:22:05","modified_gmt":"2024-09-30T15:22:05","slug":"historia","status":"publish","type":"page","link":"https:\/\/agora.xtec.cat\/insinvestigadorblanxart\/linstitut\/historia\/","title":{"rendered":"Hist\u00f2ria"},"content":{"rendered":"<p><em><strong><a href=\"https:\/\/agora.xtec.cat\/insinvestigadorblanxart\/linstitut\/historia\/50e-aniversari\/\"><span style=\"color: #11966a;\">Exposici\u00f3 fotogr\u00e0fica retrospectiva en commemoraci\u00f3 del 50\u00e8 aniversari de l&#8217;institut<\/span><\/a><\/strong><\/em><br \/>\n<span style=\"color: #7dd192;\"><em><strong><a style=\"color: #7dd192;\" href=\"https:\/\/youtu.be\/xhk85-hYGNc?si=pbKMypGF-qN4rztW\"><span style=\"color: #11966a;\">Not\u00edcia al canal Terrassa: Una exposici\u00f3 a l&#8217;Arxiu Hist\u00f2ric Comarcal repassa els 50 anys del Blanxart<\/span><\/a><\/strong><\/em><\/span><\/p>\n<p align=\"justify\"><span style=\"color: #000000;\"><a href=\"https:\/\/agora.xtec.cat\/insinvestigadorblanxart\/linstitut\/historia\/50e-aniversari\/\"><img loading=\"lazy\" decoding=\"async\" class=\"wp-image-6468 alignleft\" src=\"https:\/\/agora.xtec.cat\/insinvestigadorblanxart\/wp-content\/uploads\/usu1264\/2024\/07\/panel-0-copia.png\" alt=\"\" width=\"181\" height=\"272\" srcset=\"https:\/\/agora.xtec.cat\/insinvestigadorblanxart\/wp-content\/uploads\/usu1264\/2024\/07\/panel-0-copia.png 1134w, https:\/\/agora.xtec.cat\/insinvestigadorblanxart\/wp-content\/uploads\/usu1264\/2024\/07\/panel-0-copia-200x300.png 200w, https:\/\/agora.xtec.cat\/insinvestigadorblanxart\/wp-content\/uploads\/usu1264\/2024\/07\/panel-0-copia-683x1024.png 683w, https:\/\/agora.xtec.cat\/insinvestigadorblanxart\/wp-content\/uploads\/usu1264\/2024\/07\/panel-0-copia-768x1152.png 768w, https:\/\/agora.xtec.cat\/insinvestigadorblanxart\/wp-content\/uploads\/usu1264\/2024\/07\/panel-0-copia-1024x1536.png 1024w\" sizes=\"auto, (max-width: 181px) 100vw, 181px\" \/><\/a>L&#8217;any 2018 el nostre Institut va complir 50 anys com a instituci\u00f3 educativa situada al barri d\u2019Egara. En un terreny municipal cedit per l\u2019Ajuntament, on va existir un camp d\u2019hoquei abans no fos arrabassat per les tr\u00e0giques riuades de 1962 i on les autoritats locals franquistes havien pensat configurar una zona esportiva, es decid\u00ed construir un nou edifici en la carretera de Castellar on es pogu\u00e9s cursar estudis de batxillerat.<\/span><\/p>\n<p align=\"justify\"><span style=\"color: #000000;\">El Blanxart, com habitualment denominem al nostre centre de Secund\u00e0ria, es va inaugurar el 1968 com a\u00a0<em>Escuela delegada del Instituto Nacional Sabadell-Terrassa (Arrahona<\/em>-Egara) i de forma restringida amb l\u2019admissi\u00f3 d\u2019alumnes de primer i segon de batxillerat. Un any m\u00e9s tard, durant el curs 1969-1970, un Decret ministerial transform\u00e0 la Secci\u00f3 Delegada de l\u2019Institut Arraona en un Instituto aut\u00f2nom, adoptant el nom <em>d\u2019Instituto Mixto de Ense\u00f1anza Media<\/em>. L\u2019activitat del nou Institut serv\u00ed inicialment per donar resposta a la creixent demanda d\u2019estudiants, conve<\/span><span style=\"color: #000000;\">rtint-lo en tot un referent en la formaci\u00f3 i aprenentatge de molts joves terrassencs. Son temps de dictadura, caracteritzats per la repressi\u00f3 i l\u2019anorreament de les institucions democr\u00e0tiques i de les llibertats p\u00fabliques, per\u00f2 tamb\u00e9 d\u2019una profunda mutaci\u00f3 urbana i de canvis socials importants a conseq\u00fc\u00e8ncia de l\u2019arribada de fluxos migratoris.<\/span><\/p>\n<p style=\"text-align: justify;\"><span style=\"color: #000000;\">Les inquietuds i el desig d\u2019estudi de nombrosos treballadors i joves de la ciutat fa que sigui realitat el batxillerat nocturn a partir del curs 1970-71. A mitjans d&#8217;anys setanta es produeix un creixement en el nombre de joves \u2013molts d\u2019ells fills d\u2019uns terrassencs que van ser protagonistes d\u2019un \u00e8xode que els va allunyar d\u2019un m\u00f3n rural sense perspectives de futur- que assoleixen uns estudis primaris. Moltes fam\u00edlies veuran com algun dels seus membres cursava i acabava per primera vegada el batxillerat. Durant el curs 1972-73 s\u2019aprov\u00e0 la proposta d\u2019adoptar el nom d\u2019Investigador Blanxart. Daniel Blanxart i Pedrals (Olesa de Montserrat 1884-Barcelona 1965) va fundar i dirigir el Laboratori de Condicionament Terrassenc i registr\u00e0 diverses patents, entre les quals figura un dinam\u00f2metre continu.\u00a0 Fou, d&#8217;altra banda, fundador de les Joventuts Musicals de Terrassa i public\u00e0 <em>Comentarios y poemas musicales<\/em>\u00a0i una\u00a0<em>Teoria f\u00edsica de la m\u00fasica.<\/em><\/span><\/p>\n<p style=\"text-align: justify;\" align=\"justify\"><span style=\"color: #000000;\">Amb la reforma del batxillerat que introdu\u00efren els estudis de BUP i del COU, l\u2019Institut Nacional de Batxillerat Investigador Blanxart super\u00e0 l\u2019any 1975 els 1.000 alumnes matriculats. Aquest creixement no va anar acompanyat d\u2019una millora de les instal\u00b7lacions, fet que va propiciar tot de tipus de reivindicacions per part dels equips directius, del professorat i dels alumnes per a millorar les condicions de treball i d\u2019estudi. Finalment, l\u2019any 1976 es van comen\u00e7ar les obres d\u2019una ampliaci\u00f3 en uns terrenys situats a la banda de l\u2019actual carrer Granada. A principis dels anys 90 una reforma educativa (LOGSE) va propiciar un canvi en l\u2019estructura dels estudis, configurant l\u2019actual ESO de car\u00e0cter obligatori i els dos cursos de batxillerat. La din\u00e0mica de l\u2019institut va haver de fer front a uns canvis de normes, models de conviv\u00e8ncia i un nou paper del professor, davant un ensenyament obligatori i un mateix espai compartit per alumnes d\u201911 a 18 anys.<\/span><\/p>\n<p style=\"text-align: justify;\"><span style=\"color: #000000;\">Malgrat les cont\u00ednues modificacions legislatives i organitzatives, les dificultats per afrontar una major diversitat dins el centre o la funci\u00f3 social que es destina a l\u2019Institut dins un m\u00f3n de permanents canvis socials i culturals, la comunitat educativa del nostre centre ha respost i continuar\u00e0 responent amb professionalitat. 40 anys despr\u00e9s, cal recordar i agrair la feina feta a tots els professors i professores \u2013presents i no presents- que han passat pel Blanxart, a tots els alumnes i les seves fam\u00edlies per la seva confian\u00e7a en el treball dels professionals del nostre centre, i a tot el personal d\u2019administraci\u00f3 i serveis per la seva ajuda inestimable. Quaranta anys despr\u00e9s, fem un cop d\u2019ull al passat per mirar cap al futur i celebrem el llarg cam\u00ed treballat, amb la satisfacci\u00f3 de pert\u00e0nyer a la hist\u00f2ria de l\u2019ensenyament p\u00fablic de Terrassa.<\/span><\/p>\n<p><iframe loading=\"lazy\" title=\"YouTube video player\" src=\"https:\/\/www.youtube.com\/embed\/xhk85-hYGNc?si=MVXJtKqEJzCIkfbv\" width=\"560\" height=\"315\" frameborder=\"0\" allowfullscreen=\"allowfullscreen\"><\/iframe><\/p>\n","protected":false},"excerpt":{"rendered":"<p><a href=\"https:\/\/agora.xtec.cat\/insinvestigadorblanxart\/linstitut\/historia\/50e-aniversari\/\">Exposici\u00f3 fotogr\u00e0fica retrospectiva en commemoraci\u00f3 del 50\u00e8 aniversari de l&#8217;institut<\/a><br \/>\n<a style=\"color: #7dd192;\" href=\"https:\/\/youtu.be\/xhk85-hYGNc?si=pbKMypGF-qN4rztW\">Not\u00edcia al canal Terrassa: Una exposici\u00f3 a l&#8217;Arxiu Hist\u00f2ric Comarcal repassa els 50 anys del Blanxart<\/a><br \/>\n<a href=\"https:\/\/agora.xtec.cat\/insinvestigadorblanxart\/linstitut\/historia\/50e-aniversari\/\"><\/a>L&#8217;any 2018 el nostre Institut va complir 50 anys com a instituci\u00f3 educativa situada al barri&hellip;  <a href=\"https:\/\/agora.xtec.cat\/insinvestigadorblanxart\/linstitut\/historia\/\" title=\"Read Hist\u00f2ria\">Llegeix m\u00e9s\u00bb<\/a><\/p>\n","protected":false},"author":1,"featured_media":0,"parent":19,"menu_order":1,"comment_status":"closed","ping_status":"closed","template":"page-templates\/side-menu.php","meta":{"_bbp_topic_count":0,"_bbp_reply_count":0,"_bbp_total_topic_count":0,"_bbp_total_reply_count":0,"_bbp_voice_count":0,"_bbp_anonymous_reply_count":0,"_bbp_topic_count_hidden":0,"_bbp_reply_count_hidden":0,"_bbp_forum_subforum_count":0,"footnotes":""},"class_list":["post-27","page","type-page","status-publish","hentry"],"post_mailing_queue_ids":[],"_links":{"self":[{"href":"https:\/\/agora.xtec.cat\/insinvestigadorblanxart\/wp-json\/wp\/v2\/pages\/27","targetHints":{"allow":["GET"]}}],"collection":[{"href":"https:\/\/agora.xtec.cat\/insinvestigadorblanxart\/wp-json\/wp\/v2\/pages"}],"about":[{"href":"https:\/\/agora.xtec.cat\/insinvestigadorblanxart\/wp-json\/wp\/v2\/types\/page"}],"author":[{"embeddable":true,"href":"https:\/\/agora.xtec.cat\/insinvestigadorblanxart\/wp-json\/wp\/v2\/users\/1"}],"replies":[{"embeddable":true,"href":"https:\/\/agora.xtec.cat\/insinvestigadorblanxart\/wp-json\/wp\/v2\/comments?post=27"}],"version-history":[{"count":6,"href":"https:\/\/agora.xtec.cat\/insinvestigadorblanxart\/wp-json\/wp\/v2\/pages\/27\/revisions"}],"predecessor-version":[{"id":6697,"href":"https:\/\/agora.xtec.cat\/insinvestigadorblanxart\/wp-json\/wp\/v2\/pages\/27\/revisions\/6697"}],"up":[{"embeddable":true,"href":"https:\/\/agora.xtec.cat\/insinvestigadorblanxart\/wp-json\/wp\/v2\/pages\/19"}],"wp:attachment":[{"href":"https:\/\/agora.xtec.cat\/insinvestigadorblanxart\/wp-json\/wp\/v2\/media?parent=27"}],"curies":[{"name":"wp","href":"https:\/\/api.w.org\/{rel}","templated":true}]}}