{"id":2694,"date":"2022-02-07T17:08:51","date_gmt":"2022-02-07T16:08:51","guid":{"rendered":"https:\/\/agora.xtec.cat\/insinvestigadorblanxart\/?page_id=2694"},"modified":"2024-02-13T17:20:53","modified_gmt":"2024-02-13T16:20:53","slug":"club-de-lectura-2","status":"publish","type":"page","link":"https:\/\/agora.xtec.cat\/insinvestigadorblanxart\/projectes\/projectes-literaris\/club-de-lectura-2\/","title":{"rendered":"Club de Lectura"},"content":{"rendered":"<p>L&#8217;institut Investigador Blanxart va reprendre una de les seves activitats, <em><strong>el Club de lectura<\/strong><\/em> el curs 21-22 despr\u00e9s d\u2019un llarg temps sense aquesta activitat, amb il\u00b7lusions renovades, convidant a tots els docents, personal d\u2019administraci\u00f3 i serveis i pares i mares d\u2019alumnes del centre a participar-hi.<\/p>\n<p>La iniciativa va n\u00e9ixer el curs 13-14 de la m\u00e0 del <strong>Josep G\u00f3rriz<\/strong>, escriptor i exprofessor de llengua catalana i literatura al nostre centre, que tants projectes literaris ha engegat al Blanxart, als quals encara hi dona suport i amb els quals hi col\u00b7labora activament. Tanmateix \u00e9s de just\u00edcia mencionar que tots aquests projectes han tingut continu\u00eftat i s\u2019han pogut consolidar amb \u00e8xit al llarg de tots aquests anys gr\u00e0cies a la implicaci\u00f3 i bona feina de la Marta Ruiz, la cap de l\u2019\u00e0mbit d\u2019Expressi\u00f3 art\u00edstica al nostre centre.<\/p>\n<p>L\u2019activitat anava adre\u00e7ada a professors, alumnes i pares i mares. A comen\u00e7ament de curs el Josep escollia tres lectures, una per trimestre, i fixava la data de la trobada. Recordem aquelles entretingudes tardes de tert\u00falia, enriquidores i emocionants, animades per la passi\u00f3 que li posava el Josep.<\/p>\n<p>En aquesta nova etapa del Club de lectura continuem gaudint d\u2019hist\u00f2ries captivadores, per\u00f2 especialment de la companyia de tots els qui tenim en com\u00fa la passi\u00f3 per les lletres, tornant a compartir aquells berenars entranyables, xerrant d\u2019all\u00f2 que tant ens agrada: literatura, art, disseny&#8230; i de tants altres assumptes de l\u2019\u00e0nima que aquesta interminable pand\u00e8mia ens va obligar a deixar aparcats.<\/p>\n<p>\u27a1 <a href=\"https:\/\/agora.xtec.cat\/insinvestigadorblanxart\/categoria\/club-de-lectura\/\"><strong>Not\u00edcies Club de Lectura<\/strong><\/a><\/p>\n<p>&nbsp;<\/p>\n","protected":false},"excerpt":{"rendered":"<p>L&#8217;institut Investigador Blanxart va reprendre una de les seves activitats, el Club de lectura el curs 21-22 despr\u00e9s d\u2019un llarg temps sense aquesta activitat, amb il\u00b7lusions renovades, convidant a tots els docents, personal d\u2019administraci\u00f3 i serveis i pares i mares d\u2019alumnes del centre a participar-hi.<br \/>\nLa&hellip;  <a href=\"https:\/\/agora.xtec.cat\/insinvestigadorblanxart\/projectes\/projectes-literaris\/club-de-lectura-2\/\" title=\"Read Club de Lectura\">Llegeix m\u00e9s\u00bb<\/a><\/p>\n","protected":false},"author":1,"featured_media":0,"parent":1826,"menu_order":0,"comment_status":"closed","ping_status":"closed","template":"page-templates\/side-menu.php","meta":{"_bbp_topic_count":0,"_bbp_reply_count":0,"_bbp_total_topic_count":0,"_bbp_total_reply_count":0,"_bbp_voice_count":0,"_bbp_anonymous_reply_count":0,"_bbp_topic_count_hidden":0,"_bbp_reply_count_hidden":0,"_bbp_forum_subforum_count":0,"footnotes":""},"class_list":["post-2694","page","type-page","status-publish","hentry"],"post_mailing_queue_ids":[],"_links":{"self":[{"href":"https:\/\/agora.xtec.cat\/insinvestigadorblanxart\/wp-json\/wp\/v2\/pages\/2694","targetHints":{"allow":["GET"]}}],"collection":[{"href":"https:\/\/agora.xtec.cat\/insinvestigadorblanxart\/wp-json\/wp\/v2\/pages"}],"about":[{"href":"https:\/\/agora.xtec.cat\/insinvestigadorblanxart\/wp-json\/wp\/v2\/types\/page"}],"author":[{"embeddable":true,"href":"https:\/\/agora.xtec.cat\/insinvestigadorblanxart\/wp-json\/wp\/v2\/users\/1"}],"replies":[{"embeddable":true,"href":"https:\/\/agora.xtec.cat\/insinvestigadorblanxart\/wp-json\/wp\/v2\/comments?post=2694"}],"version-history":[{"count":4,"href":"https:\/\/agora.xtec.cat\/insinvestigadorblanxart\/wp-json\/wp\/v2\/pages\/2694\/revisions"}],"predecessor-version":[{"id":2702,"href":"https:\/\/agora.xtec.cat\/insinvestigadorblanxart\/wp-json\/wp\/v2\/pages\/2694\/revisions\/2702"}],"up":[{"embeddable":true,"href":"https:\/\/agora.xtec.cat\/insinvestigadorblanxart\/wp-json\/wp\/v2\/pages\/1826"}],"wp:attachment":[{"href":"https:\/\/agora.xtec.cat\/insinvestigadorblanxart\/wp-json\/wp\/v2\/media?parent=2694"}],"curies":[{"name":"wp","href":"https:\/\/api.w.org\/{rel}","templated":true}]}}