{"id":2683,"date":"2024-02-13T12:02:55","date_gmt":"2024-02-13T11:02:55","guid":{"rendered":"https:\/\/agora.xtec.cat\/insinvestigadorblanxart\/?page_id=2683"},"modified":"2024-02-14T20:03:33","modified_gmt":"2024-02-14T19:03:33","slug":"projectes-singulars-per-donar-resposta-a-la-diversitat","status":"publish","type":"page","link":"https:\/\/agora.xtec.cat\/insinvestigadorblanxart\/projectes\/projectes-singulars-per-donar-resposta-a-la-diversitat\/","title":{"rendered":"Singulars"},"content":{"rendered":"<h4><span style=\"color: #ff6600;\">Projectes singulars per donar resposta a la diversitat<\/span><\/h4>\n<ul>\n<li class=\"p2\"><strong><span style=\"color: #000000;\">Connectem amb el barri. <\/span><\/strong><span style=\"color: #000000;\">Projecte relacionat amb l&#8217;aprenentatge i servei que ha elaborat i impulsat el departament d&#8217;Orientaci\u00f3 del nostre centre i es ve portant a terme des del curs 2011-2012. Es tracta d&#8217;una col\u00b7laboraci\u00f3 amb entitats de l&#8217;entorn, amb les quals ens vinculem mitjan\u00e7ant un conveni. En aquesta activitat participen alumnes de segon cicle d&#8217;ESO i entitats tan diverses com: escoles bressol, biblioteca, centres c\u00edvics o protectora d&#8217;animals. Ampliar el nombre de col\u00b7laboracions i d&#8217;alumnes participants en el projecte \u00e9s un dels objectius que ens hem marcat a curt termini.<\/span><span style=\"color: #000000;\">Els aprenentatges que s\u2019adquireixen a trav\u00e9s del servei comunitari encaixen en l\u2019adquisici\u00f3 de la compet\u00e8ncia social i ciutadana. Aquesta compet\u00e8ncia pret\u00e9n que l\u2019alumnat comprengui la realitat social en qu\u00e8 viu, cooperi, convisqui i exerciti de forma activa la ciutadania democr\u00e0tica en una societat plural, i es comprometi a contribuir a la seva millora, mantenint una actitud constructiva, solid\u00e0ria i responsable, davant el compliment dels drets i obligacions c\u00edvics<\/span><strong><span style=\"color: #000000;\">.<\/span><\/strong><\/li>\n<li class=\"p2\"><strong>Tastets d\u2019oficis.<\/strong>\u00a0\u00c9s una iniciativa que t\u00e9 per objectiu l\u2019\u00e8xit formatiu de l\u2019alumnat de secund\u00e0ria per evitar o fer front a la desmotivaci\u00f3 i desinter\u00e8s pels estudis, alhora que permet acostar el m\u00f3n laboral al m\u00f3n educatiu.<span class=\"Apple-converted-space\">\u00a0<\/span><\/li>\n<li>L\u2019hort<strong>\u00a0escolar ecol\u00f2gic.<\/strong>\u00a0Vol ser una eina que ajudi en la formaci\u00f3 integral dels alumnes, els proporcioni uns coneixements pr\u00e0ctics concrets, els responsabilitzi d\u2019una s\u00e8rie de tasques i els ajudi a mantenir una motivaci\u00f3 pels estudis en favor de l\u2019assoliment de les compet\u00e8ncies b\u00e0siques en la seva etapa final de l\u2019ESO.<span class=\"Apple-converted-space\">\u00a0<\/span><\/li>\n<li class=\"p2\"><strong>Pla catal\u00e0 d\u2019esport a l\u2019Escola<\/strong>. Projecte molt encertat per refor\u00e7ar la cohesi\u00f3 social, valorat molt positivament per tota la comunitat educativa, que val la pena mantenir malgrat les dificultats d\u2019organitzaci\u00f3 i finan\u00e7ament. Gr\u00e0cies a la col\u00b7laboraci\u00f3 de l\u2019AMPA aquest projecte es mant\u00e9 amb una \u00e0mplia oferta d\u2019activitats esportives extraescolars.<span class=\"Apple-converted-space\">\u00a0<\/span><\/li>\n<li class=\"p2\"><strong>Socialitzaci\u00f3 de llibres<\/strong>. Servei que dona l\u2019AMPA del centre als seus socis amb la finalitat de disminuir la c\u00e0rrega que suposa la compra dels llibres de text per part de les fam\u00edlies, de manera que els alumnes poden utilitzar els llibres en pr\u00e9stec i retornar-los a final de curs, per tal que en puguin gaudir nous alumnes.<span class=\"Apple-converted-space\">\u00a0<\/span><\/li>\n<\/ul>\n<div class=\"addtoany_share_save_container addtoany_content addtoany_content_bottom\">\n<div class=\"a2a_kit a2a_kit_size_25 addtoany_list\" data-a2a-url=\"https:\/\/agora.xtec.cat\/insinvestigadorblanxart\/projectes\/\" data-a2a-title=\"Projectes\"><\/div>\n<\/div>\n","protected":false},"excerpt":{"rendered":"<p>Projectes singulars per donar resposta a la diversitat<\/p>\n<ul>\n<li class=\"p2\">Connectem amb el barri. Projecte relacionat amb l&#8217;aprenentatge i servei que ha elaborat i impulsat el departament d&#8217;Orientaci\u00f3 del nostre centre i es ve portant a terme des del curs 2011-2012. Es tracta d&#8217;una col\u00b7laboraci\u00f3 amb entitats&hellip;  <a href=\"https:\/\/agora.xtec.cat\/insinvestigadorblanxart\/projectes\/projectes-singulars-per-donar-resposta-a-la-diversitat\/\" title=\"Read Singulars\">Llegeix m\u00e9s\u00bb<\/a><br \/>\n","protected":false},"author":1,"featured_media":0,"parent":744,"menu_order":4,"comment_status":"closed","ping_status":"closed","template":"page-templates\/side-menu.php","meta":{"_bbp_topic_count":0,"_bbp_reply_count":0,"_bbp_total_topic_count":0,"_bbp_total_reply_count":0,"_bbp_voice_count":0,"_bbp_anonymous_reply_count":0,"_bbp_topic_count_hidden":0,"_bbp_reply_count_hidden":0,"_bbp_forum_subforum_count":0,"footnotes":""},"class_list":["post-2683","page","type-page","status-publish","hentry"],"post_mailing_queue_ids":[],"_links":{"self":[{"href":"https:\/\/agora.xtec.cat\/insinvestigadorblanxart\/wp-json\/wp\/v2\/pages\/2683","targetHints":{"allow":["GET"]}}],"collection":[{"href":"https:\/\/agora.xtec.cat\/insinvestigadorblanxart\/wp-json\/wp\/v2\/pages"}],"about":[{"href":"https:\/\/agora.xtec.cat\/insinvestigadorblanxart\/wp-json\/wp\/v2\/types\/page"}],"author":[{"embeddable":true,"href":"https:\/\/agora.xtec.cat\/insinvestigadorblanxart\/wp-json\/wp\/v2\/users\/1"}],"replies":[{"embeddable":true,"href":"https:\/\/agora.xtec.cat\/insinvestigadorblanxart\/wp-json\/wp\/v2\/comments?post=2683"}],"version-history":[{"count":4,"href":"https:\/\/agora.xtec.cat\/insinvestigadorblanxart\/wp-json\/wp\/v2\/pages\/2683\/revisions"}],"predecessor-version":[{"id":2733,"href":"https:\/\/agora.xtec.cat\/insinvestigadorblanxart\/wp-json\/wp\/v2\/pages\/2683\/revisions\/2733"}],"up":[{"embeddable":true,"href":"https:\/\/agora.xtec.cat\/insinvestigadorblanxart\/wp-json\/wp\/v2\/pages\/744"}],"wp:attachment":[{"href":"https:\/\/agora.xtec.cat\/insinvestigadorblanxart\/wp-json\/wp\/v2\/media?parent=2683"}],"curies":[{"name":"wp","href":"https:\/\/api.w.org\/{rel}","templated":true}]}}