{"id":2677,"date":"2024-02-13T11:56:21","date_gmt":"2024-02-13T10:56:21","guid":{"rendered":"https:\/\/agora.xtec.cat\/insinvestigadorblanxart\/?page_id=2677"},"modified":"2024-09-26T17:34:26","modified_gmt":"2024-09-26T15:34:26","slug":"erasmus","status":"publish","type":"page","link":"https:\/\/agora.xtec.cat\/insinvestigadorblanxart\/projectes\/projectes-internacionals\/erasmus\/","title":{"rendered":"Erasmus+"},"content":{"rendered":"<h3><a href=\"https:\/\/agora.xtec.cat\/insinvestigadorblanxart\/wp-content\/uploads\/usu1264\/2024\/02\/Captura-de-pantalla-2024-02-09-a-les-15.33.53.png\"><img loading=\"lazy\" decoding=\"async\" class=\"wp-image-2397 aligncenter\" src=\"https:\/\/agora.xtec.cat\/insinvestigadorblanxart\/wp-content\/uploads\/usu1264\/2024\/02\/Captura-de-pantalla-2024-02-09-a-les-15.33.53.png\" alt=\"\" width=\"685\" height=\"148\" srcset=\"https:\/\/agora.xtec.cat\/insinvestigadorblanxart\/wp-content\/uploads\/usu1264\/2024\/02\/Captura-de-pantalla-2024-02-09-a-les-15.33.53.png 2280w, https:\/\/agora.xtec.cat\/insinvestigadorblanxart\/wp-content\/uploads\/usu1264\/2024\/02\/Captura-de-pantalla-2024-02-09-a-les-15.33.53-300x65.png 300w, https:\/\/agora.xtec.cat\/insinvestigadorblanxart\/wp-content\/uploads\/usu1264\/2024\/02\/Captura-de-pantalla-2024-02-09-a-les-15.33.53-1024x222.png 1024w, https:\/\/agora.xtec.cat\/insinvestigadorblanxart\/wp-content\/uploads\/usu1264\/2024\/02\/Captura-de-pantalla-2024-02-09-a-les-15.33.53-768x166.png 768w, https:\/\/agora.xtec.cat\/insinvestigadorblanxart\/wp-content\/uploads\/usu1264\/2024\/02\/Captura-de-pantalla-2024-02-09-a-les-15.33.53-1536x333.png 1536w, https:\/\/agora.xtec.cat\/insinvestigadorblanxart\/wp-content\/uploads\/usu1264\/2024\/02\/Captura-de-pantalla-2024-02-09-a-les-15.33.53-2048x444.png 2048w\" sizes=\"auto, (max-width: 685px) 100vw, 685px\" \/><\/a><\/h3>\n<h3><strong><span style=\"color: #000000;\">Erasmus+ a Sofia<\/span><\/strong><\/h3>\n<p><a href=\"https:\/\/agora.xtec.cat\/insinvestigadorblanxart\/wp-content\/uploads\/usu1264\/2024\/09\/IMG_8045.jpg\"><img loading=\"lazy\" decoding=\"async\" class=\" wp-image-6651 alignleft\" src=\"https:\/\/agora.xtec.cat\/insinvestigadorblanxart\/wp-content\/uploads\/usu1264\/2024\/09\/IMG_8045.jpg\" alt=\"\" width=\"301\" height=\"301\" srcset=\"https:\/\/agora.xtec.cat\/insinvestigadorblanxart\/wp-content\/uploads\/usu1264\/2024\/09\/IMG_8045.jpg 828w, https:\/\/agora.xtec.cat\/insinvestigadorblanxart\/wp-content\/uploads\/usu1264\/2024\/09\/IMG_8045-300x300.jpg 300w, https:\/\/agora.xtec.cat\/insinvestigadorblanxart\/wp-content\/uploads\/usu1264\/2024\/09\/IMG_8045-150x150.jpg 150w, https:\/\/agora.xtec.cat\/insinvestigadorblanxart\/wp-content\/uploads\/usu1264\/2024\/09\/IMG_8045-768x768.jpg 768w\" sizes=\"auto, (max-width: 301px) 100vw, 301px\" \/><\/a>Els nostres alumnes de grau superior de Documentaci\u00f3 i administraci\u00f3 sanit\u00e0ries,<strong> Laura i Franc<\/strong>, van estar realitzant als mesos de juny i juliol part de les seves pr\u00e0ctiques d&#8217;empresa a Sofia (Bulg\u00e0ria).<\/p>\n<p>Va ser una experi\u00e8ncia molt enriquidora per ells, tant en l&#8217;\u00e0mbit professional com en el personal. Gr\u00e0cies a la beca <strong>Erasmus+<\/strong> els alumnes van poder treballar i viure en un entorn internacional, desenvolupant aix\u00ed les seves habilitats comunicatives en angl\u00e8s i millorant compet\u00e8ncies interpersonals.<\/p>\n<p>Aquesta oportunitat que els hi ha donat <strong>l&#8217;Erasmus+<\/strong> ha contribu\u00eft\u00a0al seu desenvolupament\u00a0professional com a documentalistes i, a m\u00e9s, els hi ha perm\u00e8s viure experi\u00e8ncies que els ajudaran en el seu futur.<\/p>\n<h3><\/h3>\n<p>&nbsp;<\/p>\n<h3><strong><span style=\"color: #000000;\">Convocat\u00f2ria 2023-2024 Grau Superior<\/span><\/strong><\/h3>\n<p>S\u2019obre la convocat\u00f2ria per les beques Erasmus+. El per\u00edode d\u2019inscripci\u00f3 \u00e9s fins al 10 de febrer.<\/p>\n<p><a href=\"https:\/\/agora.xtec.cat\/insinvestigadorblanxart\/wp-content\/uploads\/usu1264\/2024\/02\/Convocatoria-HE-2022-1-ES01-KA131-HED-000065004.pdf\">\u27a1 Convoc\u00e0toria Erasmus+ Grau Superior<\/a><\/p>\n<hr \/>\n<h3 class=\"entry-title\"><strong><span style=\"color: #000000;\">Convocat\u00f2ries 2022-2023<\/span><\/strong><\/h3>\n<h5>Beca CFGM ERASMUS+<\/h5>\n<p>S\u2019obre la convocat\u00f2ria per les beques Erasmus+. El per\u00edode d\u2019inscripci\u00f3 \u00e9s fins al dilluns 27 de febrer.\u00a0<strong><a href=\"https:\/\/docs.google.com\/document\/d\/14X5tNkvSW15ivoxoLIR8LZETPi_U_drL\/edit?usp=sharing&amp;ouid=112195609643413121403&amp;rtpof=true&amp;sd=true\" target=\"_blank\" rel=\"noopener\" data-cke-saved-href=\"https:\/\/docs.google.com\/document\/d\/14X5tNkvSW15ivoxoLIR8LZETPi_U_drL\/edit?usp=sharing&amp;ouid=112195609643413121403&amp;rtpof=true&amp;sd=true\">Aqu\u00ed podr\u00e0s trobar la convocat\u00f2ria.<\/a><\/strong><\/p>\n<h5>Beca CFGM Acompanyament ERASMUS+<\/h5>\n<p>S\u2019obre la convocat\u00f2ria per les beques Erasmus+. El per\u00edode d\u2019inscripci\u00f3 \u00e9s fins al dilluns 27 de febrer.\u00a0<strong><a href=\"https:\/\/docs.google.com\/document\/d\/14CrwA2Y1rG7S9zIccs_laOXdQOp-trev\/edit?usp=sharing&amp;ouid=112195609643413121403&amp;rtpof=true&amp;sd=true\" target=\"_blank\" rel=\"noopener\" data-cke-saved-href=\"https:\/\/docs.google.com\/document\/d\/14CrwA2Y1rG7S9zIccs_laOXdQOp-trev\/edit?usp=sharing&amp;ouid=112195609643413121403&amp;rtpof=true&amp;sd=true\">Aqu\u00ed podr\u00e0s trobar la convocat\u00f2ria.<\/a><\/strong><\/p>\n<h5>Beca CFGS ERASMUS+<\/h5>\n<p>S\u2019obre la convocat\u00f2ria per les beques Erasmus+. El per\u00edode d\u2019inscripci\u00f3 \u00e9s fins al dilluns 27 de febrer.\u00a0<strong><a href=\"https:\/\/docs.google.com\/document\/d\/1cRx1oawuA4JLUmX8-clAIzjvuc0DHKBP\/edit?usp=sharing&amp;ouid=112195609643413121403&amp;rtpof=true&amp;sd=true\" target=\"_blank\" rel=\"noopener\" data-cke-saved-href=\"https:\/\/docs.google.com\/document\/d\/1cRx1oawuA4JLUmX8-clAIzjvuc0DHKBP\/edit?usp=sharing&amp;ouid=112195609643413121403&amp;rtpof=true&amp;sd=true\">Aqu\u00ed podr\u00e0s trobar la convocat\u00f2ria.<\/a><\/strong><\/p>\n<h4><span style=\"color: #008000;\"><a style=\"color: #008000;\" href=\"https:\/\/agora.xtec.cat\/insinvestigadorblanxart\/categoria\/projectes\/projectes-internacionals\/erasmus\/\">\u00a0\u27a1 Not\u00edcies sobre Erasmus+<\/a><\/span><\/h4>\n","protected":false},"excerpt":{"rendered":"<p><a href=\"https:\/\/agora.xtec.cat\/insinvestigadorblanxart\/wp-content\/uploads\/usu1264\/2024\/02\/Captura-de-pantalla-2024-02-09-a-les-15.33.53.png\"><\/a><br \/>\nErasmus+ a Sofia<br \/>\n<a href=\"https:\/\/agora.xtec.cat\/insinvestigadorblanxart\/wp-content\/uploads\/usu1264\/2024\/09\/IMG_8045.jpg\"><\/a>Els nostres alumnes de grau superior de Documentaci\u00f3 i administraci\u00f3 sanit\u00e0ries, Laura i Franc, van estar realitzant als mesos de juny i juliol part de les seves pr\u00e0ctiques d&#8217;empresa a Sofia (Bulg\u00e0ria).<br \/>\nVa ser una experi\u00e8ncia molt enriquidora per ells, tant en&hellip;  <a href=\"https:\/\/agora.xtec.cat\/insinvestigadorblanxart\/projectes\/projectes-internacionals\/erasmus\/\" title=\"Read Erasmus+\">Llegeix m\u00e9s\u00bb<\/a><\/p>\n","protected":false},"author":1,"featured_media":0,"parent":2573,"menu_order":0,"comment_status":"closed","ping_status":"closed","template":"page-templates\/side-menu.php","meta":{"_bbp_topic_count":0,"_bbp_reply_count":0,"_bbp_total_topic_count":0,"_bbp_total_reply_count":0,"_bbp_voice_count":0,"_bbp_anonymous_reply_count":0,"_bbp_topic_count_hidden":0,"_bbp_reply_count_hidden":0,"_bbp_forum_subforum_count":0,"footnotes":""},"class_list":["post-2677","page","type-page","status-publish","hentry"],"post_mailing_queue_ids":[],"_links":{"self":[{"href":"https:\/\/agora.xtec.cat\/insinvestigadorblanxart\/wp-json\/wp\/v2\/pages\/2677","targetHints":{"allow":["GET"]}}],"collection":[{"href":"https:\/\/agora.xtec.cat\/insinvestigadorblanxart\/wp-json\/wp\/v2\/pages"}],"about":[{"href":"https:\/\/agora.xtec.cat\/insinvestigadorblanxart\/wp-json\/wp\/v2\/types\/page"}],"author":[{"embeddable":true,"href":"https:\/\/agora.xtec.cat\/insinvestigadorblanxart\/wp-json\/wp\/v2\/users\/1"}],"replies":[{"embeddable":true,"href":"https:\/\/agora.xtec.cat\/insinvestigadorblanxart\/wp-json\/wp\/v2\/comments?post=2677"}],"version-history":[{"count":5,"href":"https:\/\/agora.xtec.cat\/insinvestigadorblanxart\/wp-json\/wp\/v2\/pages\/2677\/revisions"}],"predecessor-version":[{"id":6660,"href":"https:\/\/agora.xtec.cat\/insinvestigadorblanxart\/wp-json\/wp\/v2\/pages\/2677\/revisions\/6660"}],"up":[{"embeddable":true,"href":"https:\/\/agora.xtec.cat\/insinvestigadorblanxart\/wp-json\/wp\/v2\/pages\/2573"}],"wp:attachment":[{"href":"https:\/\/agora.xtec.cat\/insinvestigadorblanxart\/wp-json\/wp\/v2\/media?parent=2677"}],"curies":[{"name":"wp","href":"https:\/\/api.w.org\/{rel}","templated":true}]}}