{"id":2573,"date":"2024-02-12T18:26:24","date_gmt":"2024-02-12T17:26:24","guid":{"rendered":"https:\/\/agora.xtec.cat\/insinvestigadorblanxart\/?page_id=2573"},"modified":"2024-02-16T19:23:59","modified_gmt":"2024-02-16T18:23:59","slug":"projectes-internacionals","status":"publish","type":"page","link":"https:\/\/agora.xtec.cat\/insinvestigadorblanxart\/projectes\/projectes-internacionals\/","title":{"rendered":"Internacionals"},"content":{"rendered":"<ul>\n<li><span style=\"color: #000000;\"> <strong>Estades ling\u00fc\u00edstiques<\/strong>. Una de les l\u00ednies priorit\u00e0ries de treball al nostre centre va dirigida a la millora de la compet\u00e8ncia comunicativa, especialment en l&#8217;\u00e0mbit de llengua anglesa. Per aix\u00f2, organitzem estades en fam\u00edlies d&#8217;una setmana a Londres i participem en l&#8217;estada d&#8217;immersi\u00f3 ling\u00fc\u00edstica en angl\u00e8s, que financia el Fons Social Europeu dins el <i>Programa Operativo de Empleo, Formaci\u00f3n y Educaci\u00f3n <\/i>(POEFE).Una de les l\u00ednies priorit\u00e0ries de treball al nostre centre va dirigida a la millora de la compet\u00e8ncia comunicativa, especialment en l&#8217;\u00e0mbit de llengua anglesa. Per aix\u00f2, organitzem estades en fam\u00edlies d&#8217;una setmana a Londres i participem en l&#8217;estada d&#8217;immersi\u00f3 ling\u00fc\u00edstica en angl\u00e8s, que financia el Fons Social Europeu dins el <i>Programa Operativo de Empleo, Formaci\u00f3n y Educaci\u00f3n <\/i>(POEFE).<\/span><\/li>\n<li><span style=\"color: #000000;\"><strong>Programes i projectes europeus<\/strong>. A l&#8217;institut fem un balan\u00e7 molt positiu de la nostra participaci\u00f3 en projectes <i><strong>eTwining<\/strong>, <\/i>plataforma europea que fomenta la col\u00b7laboraci\u00f3 entre instituts d&#8217;arreu del m\u00f3n per tal de fomentar l&#8217;\u00fas de l&#8217;angl\u00e8s i les noves tecnologies i, al mateix temps, millorar la compet\u00e8ncia comunicativa en llengua anglesa. Per aix\u00f2, continuem confiant en aquest tipus d&#8217;iniciatives. De la mateixa manera, apostem per la participaci\u00f3 en el programa <i><a href=\"https:\/\/agora.xtec.cat\/insinvestigadorblanxart\/projectes\/projectes-internacionals\/erasmus\/\"><strong>Erasmus+<\/strong><\/a>, <\/i>adre\u00e7at a l&#8217;alumnat de cicles formatius que els ofereix la possibilitat de realitzar una part de les hores del cr\u00e8dit de formaci\u00f3 en centres de treball (FCT) en empreses de qualsevol pa\u00eds de la Uni\u00f3 Europea. Amb la qual cosa, a banda de millorar les destreses comunicatives en llengua estrangera, es pret\u00e9n tamb\u00e9 formar-los com a futurs treballadors. <\/span><\/li>\n<\/ul>\n","protected":false},"excerpt":{"rendered":"<ul>\n<li> Estades ling\u00fc\u00edstiques. Una de les l\u00ednies priorit\u00e0ries de treball al nostre centre va dirigida a la millora de la compet\u00e8ncia comunicativa, especialment en l&#8217;\u00e0mbit de llengua anglesa. Per aix\u00f2, organitzem estades en fam\u00edlies d&#8217;una setmana a Londres i participem en l&#8217;estada d&#8217;immersi\u00f3 ling\u00fc\u00edstica en&hellip;  <a href=\"https:\/\/agora.xtec.cat\/insinvestigadorblanxart\/projectes\/projectes-internacionals\/\" title=\"Read Internacionals\">Llegeix m\u00e9s\u00bb<\/a><br \/>\n","protected":false},"author":1,"featured_media":0,"parent":744,"menu_order":3,"comment_status":"closed","ping_status":"closed","template":"page-templates\/side-menu.php","meta":{"_bbp_topic_count":0,"_bbp_reply_count":0,"_bbp_total_topic_count":0,"_bbp_total_reply_count":0,"_bbp_voice_count":0,"_bbp_anonymous_reply_count":0,"_bbp_topic_count_hidden":0,"_bbp_reply_count_hidden":0,"_bbp_forum_subforum_count":0,"footnotes":""},"class_list":["post-2573","page","type-page","status-publish","hentry"],"post_mailing_queue_ids":[],"_links":{"self":[{"href":"https:\/\/agora.xtec.cat\/insinvestigadorblanxart\/wp-json\/wp\/v2\/pages\/2573","targetHints":{"allow":["GET"]}}],"collection":[{"href":"https:\/\/agora.xtec.cat\/insinvestigadorblanxart\/wp-json\/wp\/v2\/pages"}],"about":[{"href":"https:\/\/agora.xtec.cat\/insinvestigadorblanxart\/wp-json\/wp\/v2\/types\/page"}],"author":[{"embeddable":true,"href":"https:\/\/agora.xtec.cat\/insinvestigadorblanxart\/wp-json\/wp\/v2\/users\/1"}],"replies":[{"embeddable":true,"href":"https:\/\/agora.xtec.cat\/insinvestigadorblanxart\/wp-json\/wp\/v2\/comments?post=2573"}],"version-history":[{"count":6,"href":"https:\/\/agora.xtec.cat\/insinvestigadorblanxart\/wp-json\/wp\/v2\/pages\/2573\/revisions"}],"predecessor-version":[{"id":2687,"href":"https:\/\/agora.xtec.cat\/insinvestigadorblanxart\/wp-json\/wp\/v2\/pages\/2573\/revisions\/2687"}],"up":[{"embeddable":true,"href":"https:\/\/agora.xtec.cat\/insinvestigadorblanxart\/wp-json\/wp\/v2\/pages\/744"}],"wp:attachment":[{"href":"https:\/\/agora.xtec.cat\/insinvestigadorblanxart\/wp-json\/wp\/v2\/media?parent=2573"}],"curies":[{"name":"wp","href":"https:\/\/api.w.org\/{rel}","templated":true}]}}