{"id":2120,"date":"2024-02-07T18:17:50","date_gmt":"2024-02-07T17:17:50","guid":{"rendered":"https:\/\/agora.xtec.cat\/insinvestigadorblanxart\/?page_id=2120"},"modified":"2025-10-02T18:28:28","modified_gmt":"2025-10-02T16:28:28","slug":"historial-del-premi","status":"publish","type":"page","link":"https:\/\/agora.xtec.cat\/insinvestigadorblanxart\/projectes\/projectes-literaris\/tal-com-sents\/historial-del-premi\/","title":{"rendered":"Historial del premi"},"content":{"rendered":"<h5 style=\"text-align: left;\" align=\"center\"><span style=\"color: #008000;\"><strong>Tal Com Sents 2013<\/strong><\/span><\/h5>\n<ul>\n<li><span style=\"color: #000000;\">1r PREMI:\u00a0<strong>Divertimento<\/strong>, Pilar L\u00f3pez (Reus)<\/span><\/li>\n<li><span style=\"color: #000000;\">2n PREMI:\u00a0<strong>L\u2019esquerda<\/strong>, Jordi Guirado (Granollers)<\/span><\/li>\n<li><span style=\"color: #000000;\">Acc\u00e8ssit:\u00a0<strong>El guardi\u00e0 dels estels<\/strong>, Gl\u00f2ria Pav\u00eda (Barcelona)<\/span><\/li>\n<\/ul>\n<h5 style=\"text-align: left;\" align=\"center\"><span style=\"color: #008000;\"><strong>Tal Com Sents 2014<\/strong><\/span><\/h5>\n<ul>\n<li><span style=\"color: #000000;\">1r PREMI<strong>: El secret<\/strong>, Vicen\u00e7 Vernet (Barcelona)<\/span><\/li>\n<li><span style=\"color: #000000;\">2n PREMI<strong>: Ventre i llengua<\/strong>, Sara Garcia (Granollers)<\/span><\/li>\n<\/ul>\n<h5 style=\"text-align: left;\" align=\"center\"><span style=\"color: #008000;\"><strong>Tal Com Sents 2015<\/strong><\/span><\/h5>\n<ul>\n<li><span style=\"color: #000000;\">1r PREMI<strong>: Persecuci\u00f3<\/strong>, Jaume Puigdom\u00e8nech (Sabadell)<\/span><\/li>\n<li><span style=\"color: #000000;\">2n PREMI<strong>: Una p\u00e8rdua guanyada<\/strong>, Carmen Juli\u00e0 (Matar\u00f3)<\/span><\/li>\n<\/ul>\n<h5 style=\"text-align: left;\" align=\"center\"><span style=\"color: #008000;\"><strong>Tal Com Sents 2016<\/strong><\/span><\/h5>\n<ul>\n<li><span style=\"color: #000000;\">1r PREMI<strong>: Cremor d\u2019est\u00f3mac<\/strong>, Maria Rosa Aragay (Sabadell)<\/span><\/li>\n<li><span style=\"color: #000000;\">2n PREMI<strong>: Converses a viva veu<\/strong>, Rosa Pons (Igualada)<\/span><\/li>\n<\/ul>\n<h5 style=\"text-align: left;\" align=\"center\"><span style=\"color: #008000;\"><strong>Tal Com Sents 2017<\/strong><\/span><\/h5>\n<ul>\n<li><span style=\"color: #000000;\">1r PREMI<strong>: Dilema<\/strong>, Gisela Alc\u00f3n (Reus)<\/span><\/li>\n<li><span style=\"color: #000000;\">2n PREMI<strong>: La por que m\u2019acompanya<\/strong>, Anna Milian (Barcelona)<\/span><\/li>\n<\/ul>\n<h5 style=\"text-align: left;\" align=\"center\"><span style=\"color: #008000;\"><strong>Tal Com Sents 2018<\/strong><\/span><\/h5>\n<ul>\n<li><span style=\"color: #000000;\">1r PREMI<strong>: New Balance<\/strong>, Rosa Cristina Sayeras (Terrassa)<\/span><\/li>\n<li><span style=\"color: #000000;\">2n PREMI<strong>: Velles amigues<\/strong>, Romana Rib\u00e9 (Reus)<\/span><\/li>\n<\/ul>\n<h5 style=\"text-align: left;\" align=\"center\"><span style=\"color: #008000;\"><strong>Tal Com Sents 2019<\/strong><\/span><\/h5>\n<ul>\n<li><span style=\"color: #000000;\">1r\u00a0PREMI:\u00a0<strong>Banys<\/strong>, Glo\u0300ria Vendrell i Balaguer\u00a0(Sant Boi de Llobregat)<\/span><\/li>\n<li><span style=\"color: #000000;\">2n\u00a0PREMI:\u00a0\u00a0<strong>Bro\u0300quil<\/strong>, Irene Calvo de Santisteban (Tarragona)<\/span><\/li>\n<li><span style=\"color: #000000;\">Acce\u0300ssit:\u00a0<strong>L\u2019ansioli\u0301tic<\/strong>, Gisela Alco\u0301n Vidal (Reus)<\/span><\/li>\n<\/ul>\n<h5 style=\"text-align: left;\" align=\"center\"><span style=\"color: #008000;\"><strong>Tal Com Sents 2020<\/strong><\/span><\/h5>\n<ul>\n<li><span style=\"color: #000000;\">1r PREMI:\u00a0<strong>Dol\u00e7a companyia<\/strong>, Aina Bosch Collell (Angl\u00e8s)<\/span><\/li>\n<li><span style=\"color: #000000;\">2n PREMI:\u00a0<strong>Coses que trobar\u00e9 a faltar de tu<\/strong>, V\u00edctor M. Moreno Sares (Malgrat de Mar)<\/span><\/li>\n<\/ul>\n<h5 style=\"text-align: left;\" align=\"center\"><span style=\"color: #008000;\"><strong>Tal Com Sents 2021<\/strong><\/span><\/h5>\n<ul>\n<li><span style=\"color: #000000;\">1r PREMI:\u00a0<strong>El Verger<\/strong>, Ariadna Ca\u00f1ameras (Barcelona)<\/span><\/li>\n<li><span style=\"color: #000000;\">2n PREMI:\u00a0<strong>Visita inoportuna<\/strong>, Isidre Canela Muray (Reus)<\/span><\/li>\n<\/ul>\n<h5 style=\"text-align: left;\" align=\"center\"><span style=\"color: #008000;\"><strong>Tal Com Sents 2022<\/strong><\/span><\/h5>\n<ul>\n<li><span style=\"color: #000000;\">1r PREMI:\u00a0<strong>Determinaci\u00f3<\/strong>, de Mireia Cebrian Guarch (Barcelona)<\/span><\/li>\n<li><span style=\"color: #000000;\">2n PREMI:\u00a0<strong>Codi 42, de Llu\u00eds Carb\u00f3 Arribas (Palafrugell)<\/strong><\/span><\/li>\n<li><span style=\"color: #000000;\">1r acc\u00e8ssit:\u00a0<strong>Paternitat<\/strong>, de Romana Rib\u00e9 Llenas (Reus)<\/span><\/li>\n<li><span style=\"color: #000000;\">2n acc\u00e8ssit:\u00a0<strong>L\u2019illa deliciosa<\/strong>, de Sergi Cerc\u00f3s Gallego (Sabadell)<\/span><\/li>\n<li><span style=\"color: #000000;\">3r acc\u00e8ssit:\u00a0<strong>Fonts de vida<\/strong>, de Neus Canal (Manresa)<\/span><\/li>\n<\/ul>\n<h5 style=\"text-align: left;\" align=\"center\"><span style=\"color: #008000;\"><strong>Tal Com Sents 2023<\/strong><\/span><\/h5>\n<ul>\n<li><span style=\"color: #000000;\">1r PREMI:\u00a0<strong>Silenci<\/strong>, de Joan Such i Llop (Barcelona)<\/span><\/li>\n<li><span style=\"color: #000000;\">2n PREMI:\u00a0<strong>Estimat \u201cpapa\u201d<\/strong>, de Roser Jurado (Lleida)<\/span><\/li>\n<\/ul>\n<h5 style=\"text-align: left;\" align=\"center\"><span style=\"color: #008000;\"><strong>Tal Com Sents 2024<\/strong><\/span><\/h5>\n<ul>\n<li><span style=\"color: #000000;\">1r PREMI:\u00a0<strong>Temps i mem\u00f2ria<\/strong>, de Joan Such i Llop (Barcelona)<\/span><\/li>\n<li><span style=\"color: #000000;\">2n PREMI:\u00a0<strong>Els Vilardiva<\/strong>, de Gisela Alc\u00f3n Vidal (Tarragona)<\/span><\/li>\n<\/ul>\n<h5 style=\"text-align: left;\" align=\"center\"><span style=\"color: #008000;\"><strong>Tal Com Sents 2025<\/strong><\/span><\/h5>\n<ul>\n<li>1r PREMI<strong>:<\/strong> <strong>Perdre el fil,<\/strong> de V\u00edctor Manuel Moreno Sares (Blanes)<\/li>\n<li>2n PREMI<strong>: Guanyar temps, <\/strong>de Berta Riera i Garriga (Barber\u00e0 del Vall\u00e8s)<\/li>\n<\/ul>\n\n\n<p><\/p>\n","protected":false},"excerpt":{"rendered":"<p>Tal Com Sents 2013<\/p>\n<ul>\n<li>1r PREMI:\u00a0Divertimento, Pilar L\u00f3pez (Reus)<\/li>\n<li>2n PREMI:\u00a0L\u2019esquerda, Jordi Guirado (Granollers)<\/li>\n<li>Acc\u00e8ssit:\u00a0El guardi\u00e0 dels estels, Gl\u00f2ria Pav\u00eda (Barcelona)<\/li>\n<\/ul>\n<p>Tal Com Sents 2014<\/p>\n<ul>\n<li>1r PREMI: El secret, Vicen\u00e7 Vernet (Barcelona)<\/li>\n<li>2n PREMI: Ventre i llengua, Sara Garcia (Granollers)<\/li>\n<\/ul>\n<p>Tal Com Sents 2015<\/p>\n<ul>\n<li>1r PREMI: Persecuci\u00f3, Jaume Puigdom\u00e8nech (Sabadell)<\/li>\n<li>2n PREMI: Una p\u00e8rdua&hellip;  <a href=\"https:\/\/agora.xtec.cat\/insinvestigadorblanxart\/projectes\/projectes-literaris\/tal-com-sents\/historial-del-premi\/\" title=\"Read Historial del premi\">Llegeix m\u00e9s\u00bb<\/a><br \/>\n","protected":false},"author":1,"featured_media":0,"parent":763,"menu_order":0,"comment_status":"closed","ping_status":"closed","template":"page-templates\/side-menu.php","meta":{"_bbp_topic_count":0,"_bbp_reply_count":0,"_bbp_total_topic_count":0,"_bbp_total_reply_count":0,"_bbp_voice_count":0,"_bbp_anonymous_reply_count":0,"_bbp_topic_count_hidden":0,"_bbp_reply_count_hidden":0,"_bbp_forum_subforum_count":0,"footnotes":""},"class_list":["post-2120","page","type-page","status-publish","hentry"],"post_mailing_queue_ids":[],"_links":{"self":[{"href":"https:\/\/agora.xtec.cat\/insinvestigadorblanxart\/wp-json\/wp\/v2\/pages\/2120","targetHints":{"allow":["GET"]}}],"collection":[{"href":"https:\/\/agora.xtec.cat\/insinvestigadorblanxart\/wp-json\/wp\/v2\/pages"}],"about":[{"href":"https:\/\/agora.xtec.cat\/insinvestigadorblanxart\/wp-json\/wp\/v2\/types\/page"}],"author":[{"embeddable":true,"href":"https:\/\/agora.xtec.cat\/insinvestigadorblanxart\/wp-json\/wp\/v2\/users\/1"}],"replies":[{"embeddable":true,"href":"https:\/\/agora.xtec.cat\/insinvestigadorblanxart\/wp-json\/wp\/v2\/comments?post=2120"}],"version-history":[{"count":4,"href":"https:\/\/agora.xtec.cat\/insinvestigadorblanxart\/wp-json\/wp\/v2\/pages\/2120\/revisions"}],"predecessor-version":[{"id":7936,"href":"https:\/\/agora.xtec.cat\/insinvestigadorblanxart\/wp-json\/wp\/v2\/pages\/2120\/revisions\/7936"}],"up":[{"embeddable":true,"href":"https:\/\/agora.xtec.cat\/insinvestigadorblanxart\/wp-json\/wp\/v2\/pages\/763"}],"wp:attachment":[{"href":"https:\/\/agora.xtec.cat\/insinvestigadorblanxart\/wp-json\/wp\/v2\/media?parent=2120"}],"curies":[{"name":"wp","href":"https:\/\/api.w.org\/{rel}","templated":true}]}}