{"id":2110,"date":"2024-02-07T17:52:33","date_gmt":"2024-02-07T16:52:33","guid":{"rendered":"https:\/\/agora.xtec.cat\/insinvestigadorblanxart\/?page_id=2110"},"modified":"2025-07-03T18:38:47","modified_gmt":"2025-07-03T16:38:47","slug":"informacions-curs-23-24","status":"publish","type":"page","link":"https:\/\/agora.xtec.cat\/insinvestigadorblanxart\/estudis\/informacions-curs-23-24\/","title":{"rendered":"Informacions curs 2025-26"},"content":{"rendered":"<h3>Llistat de llibres curs 2025-26<\/h3>\n\n\n<p>Ja estan disponibles els llistats de llibres per al curs vinent. Podeu consultar-los als seg\u00fcents enlla\u00e7os:<\/p>\n\n\n\n<ul class=\"wp-block-list\">\n<li><a href=\"https:\/\/agora.xtec.cat\/insinvestigadorblanxart\/wp-content\/uploads\/usu1264\/2025\/07\/Llibres-2025-2026-1r-ESO.pdf\">Llibres 1r d&#8217;ESO<\/a><\/li>\n\n\n\n<li><a href=\"https:\/\/agora.xtec.cat\/insinvestigadorblanxart\/wp-content\/uploads\/usu1264\/2025\/07\/Llibres-2025-2026-2n-dESO.pdf\">Llibres 2n d&#8217;ESO<\/a><\/li>\n\n\n\n<li><a href=\"https:\/\/agora.xtec.cat\/insinvestigadorblanxart\/wp-content\/uploads\/usu1264\/2025\/07\/Llibres-2025-2026-3r-dESO.pdf\">Llibres 3r d&#8217;ESO<\/a><\/li>\n\n\n\n<li><a href=\"https:\/\/agora.xtec.cat\/insinvestigadorblanxart\/wp-content\/uploads\/usu1264\/2025\/07\/Llibres-2025-2026-4T-dESO.pdf\">Llibres 4t d&#8217;ESO<\/a><\/li>\n\n\n\n<li><a href=\"https:\/\/agora.xtec.cat\/insinvestigadorblanxart\/wp-content\/uploads\/usu1264\/2025\/07\/Llibres-2025-2026-1R-BATX.pdf\">Llibres 1r Batxillerat<\/a><\/li>\n\n\n\n<li><a href=\"https:\/\/agora.xtec.cat\/insinvestigadorblanxart\/wp-content\/uploads\/usu1264\/2025\/07\/Llibres-2025-2026-2N-BATX.pdf\">Llibres 2n Batxillerat<\/a><\/li>\n<\/ul>\n\n\n\n<p><strong>Socialitzaci\u00f3 de Llibres<\/strong><\/p>\n\n\n\n<p>Al centre <strong>existeix un projecte de socialitzaci\u00f3 de llibres<\/strong>, gestionat per l\u2019AFA. Aquest projecte permet reutilitzar els llibres de text i reduir-ne el cost per a les fam\u00edlies.<\/p>\n\n\n\n<p>\ud83d\udc49 <strong>Per participar-hi, \u00e9s imprescindible que la fam\u00edlia sigui s\u00f2cia de l\u2019AFA.<\/strong><br>Si encara no ho sou, podeu fer la inscripci\u00f3 a trav\u00e9s de <a href=\"https:\/\/www.ampablanxart.net\/socialitzaci%C3%B3\">la web de l&#8217;AFA<\/a>.<\/p>\n","protected":false},"excerpt":{"rendered":"<p>Llistat de llibres curs 2025-26<\/p>\n<p>Ja estan disponibles els llistats de llibres per al curs vinent. Podeu consultar-los als seg\u00fcents enlla\u00e7os:<\/p>\n<ul class=\"wp-block-list\">\n<li><a href=\"https:\/\/agora.xtec.cat\/insinvestigadorblanxart\/wp-content\/uploads\/usu1264\/2025\/07\/Llibres-2025-2026-1r-ESO.pdf\">Llibres 1r d&#8217;ESO<\/a><\/li>\n<li><a href=\"https:\/\/agora.xtec.cat\/insinvestigadorblanxart\/wp-content\/uploads\/usu1264\/2025\/07\/Llibres-2025-2026-2n-dESO.pdf\">Llibres 2n d&#8217;ESO<\/a><\/li>\n<li><a href=\"https:\/\/agora.xtec.cat\/insinvestigadorblanxart\/wp-content\/uploads\/usu1264\/2025\/07\/Llibres-2025-2026-3r-dESO.pdf\">Llibres 3r d&#8217;ESO<\/a><\/li>\n<li><a href=\"https:\/\/agora.xtec.cat\/insinvestigadorblanxart\/wp-content\/uploads\/usu1264\/2025\/07\/Llibres-2025-2026-4T-dESO.pdf\">Llibres 4t d&#8217;ESO<\/a><\/li>\n<li><a href=\"https:\/\/agora.xtec.cat\/insinvestigadorblanxart\/wp-content\/uploads\/usu1264\/2025\/07\/Llibres-2025-2026-1R-BATX.pdf\">Llibres 1r Batxillerat<\/a><\/li>\n<li><a href=\"https:\/\/agora.xtec.cat\/insinvestigadorblanxart\/wp-content\/uploads\/usu1264\/2025\/07\/Llibres-2025-2026-2N-BATX.pdf\">Llibres 2n Batxillerat<\/a><\/li>\n<\/ul>\n<p>Socialitzaci\u00f3 de Llibres<\/p>\n<p>Al centre existeix un projecte&hellip;  <a href=\"https:\/\/agora.xtec.cat\/insinvestigadorblanxart\/estudis\/informacions-curs-23-24\/\" title=\"Read Informacions curs 2025-26\">Llegeix m\u00e9s\u00bb<\/a><\/p>\n","protected":false},"author":1,"featured_media":0,"parent":195,"menu_order":10,"comment_status":"closed","ping_status":"closed","template":"page-templates\/side-menu.php","meta":{"_bbp_topic_count":0,"_bbp_reply_count":0,"_bbp_total_topic_count":0,"_bbp_total_reply_count":0,"_bbp_voice_count":0,"_bbp_anonymous_reply_count":0,"_bbp_topic_count_hidden":0,"_bbp_reply_count_hidden":0,"_bbp_forum_subforum_count":0,"footnotes":""},"class_list":["post-2110","page","type-page","status-publish","hentry"],"post_mailing_queue_ids":[],"_links":{"self":[{"href":"https:\/\/agora.xtec.cat\/insinvestigadorblanxart\/wp-json\/wp\/v2\/pages\/2110","targetHints":{"allow":["GET"]}}],"collection":[{"href":"https:\/\/agora.xtec.cat\/insinvestigadorblanxart\/wp-json\/wp\/v2\/pages"}],"about":[{"href":"https:\/\/agora.xtec.cat\/insinvestigadorblanxart\/wp-json\/wp\/v2\/types\/page"}],"author":[{"embeddable":true,"href":"https:\/\/agora.xtec.cat\/insinvestigadorblanxart\/wp-json\/wp\/v2\/users\/1"}],"replies":[{"embeddable":true,"href":"https:\/\/agora.xtec.cat\/insinvestigadorblanxart\/wp-json\/wp\/v2\/comments?post=2110"}],"version-history":[{"count":6,"href":"https:\/\/agora.xtec.cat\/insinvestigadorblanxart\/wp-json\/wp\/v2\/pages\/2110\/revisions"}],"predecessor-version":[{"id":7791,"href":"https:\/\/agora.xtec.cat\/insinvestigadorblanxart\/wp-json\/wp\/v2\/pages\/2110\/revisions\/7791"}],"up":[{"embeddable":true,"href":"https:\/\/agora.xtec.cat\/insinvestigadorblanxart\/wp-json\/wp\/v2\/pages\/195"}],"wp:attachment":[{"href":"https:\/\/agora.xtec.cat\/insinvestigadorblanxart\/wp-json\/wp\/v2\/media?parent=2110"}],"curies":[{"name":"wp","href":"https:\/\/api.w.org\/{rel}","templated":true}]}}