{"id":21,"date":"2014-09-17T16:14:14","date_gmt":"2014-09-17T16:14:14","guid":{"rendered":"http:\/\/agora.xtec.cat\/insinvestigadorblanxart\/?page_id=21"},"modified":"2024-03-13T19:35:32","modified_gmt":"2024-03-13T18:35:32","slug":"on-som","status":"publish","type":"page","link":"https:\/\/agora.xtec.cat\/insinvestigadorblanxart\/linstitut\/on-som\/","title":{"rendered":"Contacte"},"content":{"rendered":"<ul>\n<li><span style=\"color: #000000;\"><strong>Tel\u00e8fon<\/strong>: 937860866<\/span><\/li>\n<li><span style=\"color: #000000;\"><strong>Fax<\/strong>: \u00a0937362619<\/span><\/li>\n<li><span style=\"color: #000000;\"><strong>Correu electr\u00f2nic general del centre<\/strong>: <a style=\"color: #000000;\" href=\"mailto:a8030340@xtec.cat\">a8030340@xtec.cat<\/a><\/span><\/li>\n<\/ul>\n<p>L&#8217;Institut<strong>\u00a0Investigador Blanxart<\/strong> est\u00e0 ubicat al <strong>carrer Granada n\u00famero 3<\/strong>, cantonada Carretera de Castellar:<\/p>\n<p><iframe loading=\"lazy\" style=\"border: 0;\" src=\"https:\/\/www.google.com\/maps\/embed?pb=!1m18!1m12!1m3!1d2984.8859924313697!2d2.0270506507830035!3d41.571711979145775!2m3!1f0!2f0!3f0!3m2!1i1024!2i768!4f13.1!3m3!1m2!1s0x12a49327b0ea449d%3A0x6cf781290e90d7cb!2sCarrer+de+Granada%2C+3%2C+08226+Terrassa%2C+Barcelona!5e0!3m2!1ses!2ses!4v1468419463605\" width=\"600\" height=\"450\" frameborder=\"0\" allowfullscreen=\"allowfullscreen\"><\/iframe><\/p>\n<p><span style=\"color: #000000;\">Els <strong>autobusos urbans 1 i 2<\/strong> tenen parades molt a prop de l&#8217;institut.<\/span><\/p>\n<p><span style=\"color: #000000;\">L&#8217;<strong>institut<\/strong>\u00a0es troba al nord-est de la ciutat de <strong>Terrassa<\/strong>, amb bones comunicacions amb cotxe i tren (dues estacions de RENFE, Terrassa i Terrassa-Est, a uns quinze minuts a peu, i una estaci\u00f3 de FFCC amb connexi\u00f3 amb les dues l\u00ednies d&#8217;autob\u00fas).<\/span><\/p>\n<p><span style=\"color: #000000;\">Aqu\u00ed teniu els enlla\u00e7os als diferents transports p\u00fablics que us permeten arribar i moure-us per Terrassa:<\/span><\/p>\n<ul>\n<li><a href=\"http:\/\/www.tmesa.com\/\" target=\"_blank\" rel=\"noopener\">Transport Col\u00b7lectiu P\u00fablic i Urb\u00e0 de Terrassa<\/a><\/li>\n<li><a href=\"http:\/\/www.renfe.es\/\" target=\"_blank\" rel=\"noopener\">RENFE<\/a><\/li>\n<li><a href=\"http:\/\/www.fgc.net\/\" target=\"_blank\" rel=\"noopener\">Ferrocarrils de la Generalitat<\/a><\/li>\n<\/ul>\n<p>&nbsp;<\/p>\n","protected":false},"excerpt":{"rendered":"<ul>\n<li>Tel\u00e8fon: 937860866<\/li>\n<li>Fax: \u00a0937362619<\/li>\n<li>Correu electr\u00f2nic general del centre: <a style=\"color: #000000;\" href=\"mailto:a8030340@xtec.cat\">a8030340@xtec.cat<\/a><\/li>\n<\/ul>\n<p>L&#8217;Institut\u00a0Investigador Blanxart est\u00e0 ubicat al carrer Granada n\u00famero 3, cantonada Carretera de Castellar:<\/p>\n<p>Els autobusos urbans 1 i 2 tenen parades molt a prop de l&#8217;institut.<br \/>\nL&#8217;institut\u00a0es troba al nord-est de la ciutat de Terrassa, amb bones&hellip;  <a href=\"https:\/\/agora.xtec.cat\/insinvestigadorblanxart\/linstitut\/on-som\/\" title=\"Read Contacte\">Llegeix m\u00e9s\u00bb<\/a><\/p>\n","protected":false},"author":1,"featured_media":0,"parent":19,"menu_order":10,"comment_status":"closed","ping_status":"closed","template":"page-templates\/side-menu.php","meta":{"_bbp_topic_count":0,"_bbp_reply_count":0,"_bbp_total_topic_count":0,"_bbp_total_reply_count":0,"_bbp_voice_count":0,"_bbp_anonymous_reply_count":0,"_bbp_topic_count_hidden":0,"_bbp_reply_count_hidden":0,"_bbp_forum_subforum_count":0,"footnotes":""},"class_list":["post-21","page","type-page","status-publish","hentry"],"post_mailing_queue_ids":[],"_links":{"self":[{"href":"https:\/\/agora.xtec.cat\/insinvestigadorblanxart\/wp-json\/wp\/v2\/pages\/21","targetHints":{"allow":["GET"]}}],"collection":[{"href":"https:\/\/agora.xtec.cat\/insinvestigadorblanxart\/wp-json\/wp\/v2\/pages"}],"about":[{"href":"https:\/\/agora.xtec.cat\/insinvestigadorblanxart\/wp-json\/wp\/v2\/types\/page"}],"author":[{"embeddable":true,"href":"https:\/\/agora.xtec.cat\/insinvestigadorblanxart\/wp-json\/wp\/v2\/users\/1"}],"replies":[{"embeddable":true,"href":"https:\/\/agora.xtec.cat\/insinvestigadorblanxart\/wp-json\/wp\/v2\/comments?post=21"}],"version-history":[{"count":6,"href":"https:\/\/agora.xtec.cat\/insinvestigadorblanxart\/wp-json\/wp\/v2\/pages\/21\/revisions"}],"predecessor-version":[{"id":3752,"href":"https:\/\/agora.xtec.cat\/insinvestigadorblanxart\/wp-json\/wp\/v2\/pages\/21\/revisions\/3752"}],"up":[{"embeddable":true,"href":"https:\/\/agora.xtec.cat\/insinvestigadorblanxart\/wp-json\/wp\/v2\/pages\/19"}],"wp:attachment":[{"href":"https:\/\/agora.xtec.cat\/insinvestigadorblanxart\/wp-json\/wp\/v2\/media?parent=21"}],"curies":[{"name":"wp","href":"https:\/\/api.w.org\/{rel}","templated":true}]}}