{"id":2009,"date":"2024-02-06T19:26:50","date_gmt":"2024-02-06T18:26:50","guid":{"rendered":"https:\/\/agora.xtec.cat\/insinvestigadorblanxart\/?page_id=2009"},"modified":"2025-12-15T17:47:33","modified_gmt":"2025-12-15T16:47:33","slug":"consell-escolar","status":"publish","type":"page","link":"https:\/\/agora.xtec.cat\/insinvestigadorblanxart\/linstitut\/organigrama\/consell-escolar\/","title":{"rendered":"Consell Escolar"},"content":{"rendered":"\n<ul class=\"wp-block-list\">\n<li><strong>Presindenta<\/strong>: Antonia Rodr\u00edguez<\/li>\n\n\n\n<li><strong>Cap d&#8217;estudis<\/strong>: Robert Montull<\/li>\n\n\n\n<li><strong>Secret\u00e0ria:<\/strong> Laura M\u00e1\u00f1ez<\/li>\n\n\n\n<li><strong>Sector Docents: <\/strong>\n<ul class=\"wp-block-list\">\n<li>Maria Ardel<\/li>\n\n\n\n<li>Merche Del Estal<\/li>\n\n\n\n<li>Oscar Real<\/li>\n\n\n\n<li>Noa Soli\u00f1o<\/li>\n\n\n\n<li>Sandra Vall\u00e8s<\/li>\n<\/ul>\n<\/li>\n\n\n\n<li><strong>Sector Alumnat:<\/strong>\n<ul class=\"wp-block-list\">\n<li>Meritxell Lebrato<\/li>\n\n\n\n<li>Alba Sala<\/li>\n<\/ul>\n<\/li>\n\n\n\n<li><strong>Sector Fam\u00edlies<\/strong>:\n<ul class=\"wp-block-list\">\n<li>Montse Lupi\u00f3n<\/li>\n\n\n\n<li>Carmen Portero<\/li>\n\n\n\n<li>Chema Valero<\/li>\n<\/ul>\n<\/li>\n\n\n\n<li><strong>Ajuntament:<\/strong> Llu\u00efsa Melgares<\/li>\n\n\n\n<li><strong>Sector PAS:<\/strong> Rosa Vilajuana<\/li>\n<\/ul>\n\n\n\n<p><\/p>\n\n\n\n<p><\/p>\n","protected":false},"excerpt":{"rendered":"<ul class=\"wp-block-list\">\n<li>Presindenta: Antonia Rodr\u00edguez<\/li>\n<li>Cap d&#8217;estudis: Robert Montull<\/li>\n<li>Secret\u00e0ria: Laura M\u00e1\u00f1ez<\/li>\n<li>Sector Docents:\n<ul class=\"wp-block-list\">\n<li>Maria Ardel<\/li>\n<li>Merche Del Estal<\/li>\n<li>Oscar Real<\/li>\n<li>Noa Soli\u00f1o<\/li>\n<li>Sandra Vall\u00e8s<\/li>\n<\/ul>\n<\/li>\n<li>Sector Alumnat:\n<ul class=\"wp-block-list\">\n<li>Meritxell Lebrato<\/li>\n<li>Alba Sala<\/li>\n<\/ul>\n<\/li>\n<li>Sector Fam\u00edlies:\n<ul class=\"wp-block-list\">\n<li>Montse Lupi\u00f3n<\/li>\n<li>Carmen Portero<\/li>\n<li>Chema Valero<\/li>\n<\/ul>\n<\/li>\n<li>Ajuntament: Llu\u00efsa Melgares<\/li>\n<li>Sector PAS: Rosa Vilajuana<\/li>\n<\/ul>\n","protected":false},"author":1,"featured_media":0,"parent":46,"menu_order":6,"comment_status":"closed","ping_status":"closed","template":"page-templates\/side-menu.php","meta":{"_bbp_topic_count":0,"_bbp_reply_count":0,"_bbp_total_topic_count":0,"_bbp_total_reply_count":0,"_bbp_voice_count":0,"_bbp_anonymous_reply_count":0,"_bbp_topic_count_hidden":0,"_bbp_reply_count_hidden":0,"_bbp_forum_subforum_count":0,"footnotes":""},"class_list":["post-2009","page","type-page","status-publish","hentry"],"post_mailing_queue_ids":[],"_links":{"self":[{"href":"https:\/\/agora.xtec.cat\/insinvestigadorblanxart\/wp-json\/wp\/v2\/pages\/2009","targetHints":{"allow":["GET"]}}],"collection":[{"href":"https:\/\/agora.xtec.cat\/insinvestigadorblanxart\/wp-json\/wp\/v2\/pages"}],"about":[{"href":"https:\/\/agora.xtec.cat\/insinvestigadorblanxart\/wp-json\/wp\/v2\/types\/page"}],"author":[{"embeddable":true,"href":"https:\/\/agora.xtec.cat\/insinvestigadorblanxart\/wp-json\/wp\/v2\/users\/1"}],"replies":[{"embeddable":true,"href":"https:\/\/agora.xtec.cat\/insinvestigadorblanxart\/wp-json\/wp\/v2\/comments?post=2009"}],"version-history":[{"count":3,"href":"https:\/\/agora.xtec.cat\/insinvestigadorblanxart\/wp-json\/wp\/v2\/pages\/2009\/revisions"}],"predecessor-version":[{"id":8010,"href":"https:\/\/agora.xtec.cat\/insinvestigadorblanxart\/wp-json\/wp\/v2\/pages\/2009\/revisions\/8010"}],"up":[{"embeddable":true,"href":"https:\/\/agora.xtec.cat\/insinvestigadorblanxart\/wp-json\/wp\/v2\/pages\/46"}],"wp:attachment":[{"href":"https:\/\/agora.xtec.cat\/insinvestigadorblanxart\/wp-json\/wp\/v2\/media?parent=2009"}],"curies":[{"name":"wp","href":"https:\/\/api.w.org\/{rel}","templated":true}]}}