{"id":1956,"date":"2024-02-05T19:15:56","date_gmt":"2024-02-05T18:15:56","guid":{"rendered":"https:\/\/agora.xtec.cat\/insinvestigadorblanxart\/?page_id=1956"},"modified":"2025-12-15T18:25:33","modified_gmt":"2025-12-15T17:25:33","slug":"tutories","status":"publish","type":"page","link":"https:\/\/agora.xtec.cat\/insinvestigadorblanxart\/linstitut\/organigrama\/tutories\/","title":{"rendered":"Tutories"},"content":{"rendered":"\n<h2 class=\"wp-block-heading\">ESO<\/h2>\n\n\n\n<figure class=\"wp-block-table\"><table class=\"has-white-background-color has-background\"><thead><tr><th class=\"has-text-align-center\" data-align=\"center\">Grup<\/th><th class=\"has-text-align-center\" data-align=\"center\">1r d&#8217;ESO<\/th><th class=\"has-text-align-center\" data-align=\"center\">2n d&#8217;ESO<\/th><th class=\"has-text-align-center\" data-align=\"center\">3r d&#8217;ESO<\/th><th class=\"has-text-align-center\" data-align=\"center\">4t d&#8217;ESO<\/th><\/tr><\/thead><tbody><tr><td class=\"has-text-align-center\" data-align=\"center\">A<\/td><td class=\"has-text-align-center\" data-align=\"center\">Gonzalo Palacios<\/td><td class=\"has-text-align-center\" data-align=\"center\">Sergio Garc\u00eda<\/td><td class=\"has-text-align-center\" data-align=\"center\">Judith Milligan<\/td><td class=\"has-text-align-center\" data-align=\"center\">Marta Masseg\u00fa<\/td><\/tr><tr><td class=\"has-text-align-center\" data-align=\"center\">B<\/td><td class=\"has-text-align-center\" data-align=\"center\">Carme Calatayud<\/td><td class=\"has-text-align-center\" data-align=\"center\">Sergio Enciso<\/td><td class=\"has-text-align-center\" data-align=\"center\">N\u00faria Batllori<\/td><td class=\"has-text-align-center\" data-align=\"center\">Josep Villagrasa<\/td><\/tr><tr><td class=\"has-text-align-center\" data-align=\"center\">C<\/td><td class=\"has-text-align-center\" data-align=\"center\">Cristina Mond\u00e9jar<\/td><td class=\"has-text-align-center\" data-align=\"center\">Mario Jim\u00e9nez<\/td><td class=\"has-text-align-center\" data-align=\"center\">Cecilia Trujillo<\/td><td class=\"has-text-align-center\" data-align=\"center\">Eva Manso<\/td><\/tr><tr><td class=\"has-text-align-center\" data-align=\"center\">D<\/td><td class=\"has-text-align-center\" data-align=\"center\">Iv\u00e1n Franco<\/td><td class=\"has-text-align-center\" data-align=\"center\">Mati Porcel<\/td><td class=\"has-text-align-center\" data-align=\"center\">Xavier Su\u00e1rez<\/td><td class=\"has-text-align-center\" data-align=\"center\">Toni Valdivia<\/td><\/tr><tr><td class=\"has-text-align-center\" data-align=\"center\">E<\/td><td class=\"has-text-align-center\" data-align=\"center\">&#8211;<\/td><td class=\"has-text-align-center\" data-align=\"center\">Georgina Calvo<\/td><td class=\"has-text-align-center\" data-align=\"center\">Jos\u00e9 Manuel Arnaiz<\/td><td class=\"has-text-align-center\" data-align=\"center\">Mois\u00e9s Ruiz<\/td><\/tr><\/tbody><\/table><\/figure>\n\n\n\n<h2 class=\"wp-block-heading\">Batxillerat<\/h2>\n\n\n\n<figure class=\"wp-block-table\"><table><thead><tr><th class=\"has-text-align-center\" data-align=\"center\">Grup<\/th><th class=\"has-text-align-center\" data-align=\"center\">1r BATX<\/th><th class=\"has-text-align-center\" data-align=\"center\">2n BATX<\/th><th class=\"has-text-align-center\" data-align=\"center\">Nocturn<\/th><\/tr><\/thead><tbody><tr><td class=\"has-text-align-center\" data-align=\"center\">A<\/td><td class=\"has-text-align-center\" data-align=\"center\">Pep Vila<\/td><td class=\"has-text-align-center\" data-align=\"center\">Marta Tamayo<\/td><td class=\"has-text-align-center\" data-align=\"center\">Carlos D\u00edez<\/td><\/tr><tr><td class=\"has-text-align-center\" data-align=\"center\">B<\/td><td class=\"has-text-align-center\" data-align=\"center\">Carme Rengel<\/td><td class=\"has-text-align-center\" data-align=\"center\">Maria Ardel<\/td><td class=\"has-text-align-center\" data-align=\"center\"><\/td><\/tr><tr><td class=\"has-text-align-center\" data-align=\"center\">C<\/td><td class=\"has-text-align-center\" data-align=\"center\">Lorena Castillo<\/td><td class=\"has-text-align-center\" data-align=\"center\">Rafi D\u00edaz<\/td><td class=\"has-text-align-center\" data-align=\"center\"><\/td><\/tr><\/tbody><\/table><\/figure>\n\n\n\n<h2 class=\"wp-block-heading\">Cicles Formatius<\/h2>\n\n\n\n<p><strong>Cures Auxiliars d&#8217;Infermeria<\/strong><\/p>\n\n\n\n<figure class=\"wp-block-table\">\n<table style=\"width: 64.0096%; height: 93px;\">\n<thead>\n<tr style=\"height: 23px;\">\n<th class=\"has-text-align-center\" style=\"width: 15.4824%; height: 23px;\" data-align=\"center\">Grup<\/th>\n<th class=\"has-text-align-center\" style=\"width: 43.6405%; height: 23px;\" data-align=\"center\">1r CAI<\/th>\n<\/tr>\n<\/thead>\n<tbody>\n<tr style=\"height: 23px;\">\n<td class=\"has-text-align-center\" style=\"width: 15.4824%; height: 23px;\" data-align=\"center\">A<\/td>\n<td class=\"has-text-align-center\" style=\"width: 43.6405%; height: 23px;\" data-align=\"center\">Sandra Sim\u00f3n<\/td>\n<\/tr>\n<tr style=\"height: 23px;\">\n<td class=\"has-text-align-center\" style=\"width: 15.4824%; height: 23px;\" data-align=\"center\">B<\/td>\n<td class=\"has-text-align-center\" style=\"width: 43.6405%; height: 23px;\" data-align=\"center\">Montse Gil<\/td>\n<\/tr>\n<tr style=\"height: 24px;\">\n<td class=\"has-text-align-center\" style=\"width: 15.4824%; height: 24px;\" data-align=\"center\">C<\/td>\n<td class=\"has-text-align-center\" style=\"width: 43.6405%; height: 24px;\" data-align=\"center\">Merche Del Estal<\/td>\n<\/tr>\n<\/tbody>\n<\/table>\n<\/figure>\n\n\n\n<p><strong>Documentaci\u00f3 i Administraci\u00f3 Sanit\u00e0ria<\/strong><\/p>\n\n\n\n<figure class=\"wp-block-table\">\n<table style=\"color: initial; font-family: -apple-system, BlinkMacSystemFont, 'Segoe UI', Roboto, Oxygen-Sans, Ubuntu, Cantarell, 'Helvetica Neue', sans-serif; width: 64.0096%; height: 69px;\">\n<thead>\n<tr style=\"height: 23px;\">\n<th class=\"has-text-align-center\" style=\"width: 15.4824%; height: 23px;\" data-align=\"center\">Grup<\/th>\n<th class=\"has-text-align-center\" style=\"width: 43.6405%; height: 23px;\" data-align=\"center\">1r CAI<\/th>\n<\/tr>\n<\/thead>\n<tbody>\n<tr style=\"height: 23px;\">\n<td class=\"has-text-align-center\" style=\"width: 15.4824%; height: 23px;\" data-align=\"center\">1r<\/td>\n<td class=\"has-text-align-center\" style=\"width: 43.6405%; height: 23px;\" data-align=\"center\">Aleyda Nabau<\/td>\n<\/tr>\n<tr style=\"height: 23px;\">\n<td class=\"has-text-align-center\" style=\"width: 15.4824%; height: 23px;\" data-align=\"center\">2n<\/td>\n<td class=\"has-text-align-center\" style=\"width: 43.6405%; height: 23px;\" data-align=\"center\">Gemma Grau<\/td>\n<\/tr>\n<\/tbody>\n<\/table>\n<\/figure>\n\n\n\n<p><strong>Auxiliars en Centres Sanitaris<\/strong><\/p>\n\n\n\n<figure class=\"wp-block-table\">\n<table style=\"width: 64.0096%; height: 93px;\">\n<thead>\n<tr style=\"height: 23px;\">\n<th class=\"has-text-align-center\" style=\"width: 15.4824%; height: 23px;\" data-align=\"center\">Grup<\/th>\n<th class=\"has-text-align-center\" style=\"width: 43.6405%; height: 23px;\" data-align=\"center\">PFI<\/th>\n<\/tr>\n<\/thead>\n<tbody>\n<tr style=\"height: 23px;\">\n<td class=\"has-text-align-center\" style=\"width: 15.4824%; height: 23px;\" data-align=\"center\">A<\/td>\n<td class=\"has-text-align-center\" style=\"width: 43.6405%; height: 23px;\" data-align=\"center\">Alba Herrera<\/td>\n<\/tr>\n<tr style=\"height: 23px;\">\n<td class=\"has-text-align-center\" style=\"width: 15.4824%; height: 23px;\" data-align=\"center\">B<\/td>\n<td class=\"has-text-align-center\" style=\"width: 43.6405%; height: 23px;\" data-align=\"center\">Eli Delpuy<\/td>\n<\/tr>\n<\/tbody>\n<\/table>\n<\/figure>\n\n\n\n<p><\/p>\n","protected":false},"excerpt":{"rendered":"<p>ESO<\/p>\n<p>Grup1r d&#8217;ESO2n d&#8217;ESO3r d&#8217;ESO4t d&#8217;ESOAGonzalo PalaciosSergio Garc\u00edaJudith MilliganMarta Masseg\u00faBCarme CalatayudSergio EncisoN\u00faria BatlloriJosep VillagrasaCCristina Mond\u00e9jarMario Jim\u00e9nezCecilia TrujilloEva MansoDIv\u00e1n FrancoMati PorcelXavier Su\u00e1rezToni ValdiviaE&#8211;Georgina CalvoJos\u00e9 Manuel ArnaizMois\u00e9s Ruiz<\/p>\n<p>Batxillerat<\/p>\n<p>Grup1r BATX2n BATXNocturnAPep VilaMarta TamayoCarlos D\u00edezBCarme RengelMaria ArdelCLorena CastilloRafi D\u00edaz<\/p>\n<p>Cicles Formatius<\/p>\n<p>Cures Auxiliars d&#8217;Infermeria<\/p>\n<p>Grup<br \/>\n1r CAI<\/p>\n<p>A<br \/>\nSandra Sim\u00f3n<\/p>\n<p>B<br \/>\nMontse Gil<\/p>\n<p>C<br \/>\nMerche Del Estal<\/p>\n<p>Documentaci\u00f3 i Administraci\u00f3 Sanit\u00e0ria<\/p>\n<p>Grup<br \/>\n1r&hellip;  <a href=\"https:\/\/agora.xtec.cat\/insinvestigadorblanxart\/linstitut\/organigrama\/tutories\/\" title=\"Read Tutories\">Llegeix m\u00e9s\u00bb<\/a><\/p>\n","protected":false},"author":1,"featured_media":0,"parent":46,"menu_order":0,"comment_status":"closed","ping_status":"closed","template":"page-templates\/side-menu.php","meta":{"_bbp_topic_count":0,"_bbp_reply_count":0,"_bbp_total_topic_count":0,"_bbp_total_reply_count":0,"_bbp_voice_count":0,"_bbp_anonymous_reply_count":0,"_bbp_topic_count_hidden":0,"_bbp_reply_count_hidden":0,"_bbp_forum_subforum_count":0,"footnotes":""},"class_list":["post-1956","page","type-page","status-publish","hentry"],"post_mailing_queue_ids":[],"_links":{"self":[{"href":"https:\/\/agora.xtec.cat\/insinvestigadorblanxart\/wp-json\/wp\/v2\/pages\/1956","targetHints":{"allow":["GET"]}}],"collection":[{"href":"https:\/\/agora.xtec.cat\/insinvestigadorblanxart\/wp-json\/wp\/v2\/pages"}],"about":[{"href":"https:\/\/agora.xtec.cat\/insinvestigadorblanxart\/wp-json\/wp\/v2\/types\/page"}],"author":[{"embeddable":true,"href":"https:\/\/agora.xtec.cat\/insinvestigadorblanxart\/wp-json\/wp\/v2\/users\/1"}],"replies":[{"embeddable":true,"href":"https:\/\/agora.xtec.cat\/insinvestigadorblanxart\/wp-json\/wp\/v2\/comments?post=1956"}],"version-history":[{"count":6,"href":"https:\/\/agora.xtec.cat\/insinvestigadorblanxart\/wp-json\/wp\/v2\/pages\/1956\/revisions"}],"predecessor-version":[{"id":8017,"href":"https:\/\/agora.xtec.cat\/insinvestigadorblanxart\/wp-json\/wp\/v2\/pages\/1956\/revisions\/8017"}],"up":[{"embeddable":true,"href":"https:\/\/agora.xtec.cat\/insinvestigadorblanxart\/wp-json\/wp\/v2\/pages\/46"}],"wp:attachment":[{"href":"https:\/\/agora.xtec.cat\/insinvestigadorblanxart\/wp-json\/wp\/v2\/media?parent=1956"}],"curies":[{"name":"wp","href":"https:\/\/api.w.org\/{rel}","templated":true}]}}