{"id":195,"date":"2014-09-22T10:39:39","date_gmt":"2014-09-22T10:39:39","guid":{"rendered":"http:\/\/agora.xtec.cat\/insinvestigadorblanxart\/?page_id=195"},"modified":"2024-04-03T12:13:27","modified_gmt":"2024-04-03T10:13:27","slug":"estudis","status":"publish","type":"page","link":"https:\/\/agora.xtec.cat\/insinvestigadorblanxart\/estudis\/","title":{"rendered":"Estudis"},"content":{"rendered":"<div class=\"n module-type-text diyfeLiveArea \">\n<p><strong>L&#8217;Institut Investigador Blanxart<\/strong> \u00e9s un <strong>Centre d&#8217;educaci\u00f3 secund\u00e0ria<\/strong> que dep\u00e8n de la Generalitat de Catalunya i s\u2019hi imparteixen estudis <strong>d\u2019ESO<\/strong>, <strong>Batxillerat<\/strong> en les seves tres modalitats: Cient\u00edfic-Tecnol\u00f2gic, Human\u00edstic-Social i Art\u00edstic, en la branca d\u2019Arts pl\u00e0stiques i Disseny i Arts Esc\u00e8niques, i <strong>Batxillerat Nocturn<\/strong> en les modalitats Cient\u00edfic-Tecnol\u00f2gic i Human\u00edstic-Social, oferint la possibilitat de cursar-lo en tres anys. A m\u00e9s, des del curs 2018-2019, tamb\u00e9 s\u2019ofereixen estudis de formaci\u00f3 professional de la fam\u00edlia professional sanit\u00e0ria, concretament el <strong>Cicle formatiu de grau mitj\u00e0 de cures auxiliars d&#8217;infermeria<\/strong>, el <strong>Cicle Formatiu de Grau Superior de Documentaci\u00f3 i Administraci\u00f3 sanit\u00e0ries<\/strong> i el <strong>Programa de Formaci\u00f3 i Inserci\u00f3 d&#8217;Auxiliar en Centres Sanitaris.<\/strong><\/p>\n<h5><span style=\"color: #008080;\"><strong><span class=\"Apple-converted-space\">Informaci\u00f3 sobre l&#8217;oferta formativa:<\/span><\/strong><\/span><\/h5>\n<table style=\"border-collapse: collapse; width: 60%; height: 158px;\">\n<tbody>\n<tr style=\"height: 148px;\">\n<td style=\"width: 50%; height: 148px;\"><a href=\"https:\/\/agora.xtec.cat\/insinvestigadorblanxart\/estudis\/eso\/\"><img loading=\"lazy\" decoding=\"async\" width=\"300\" height=\"174\" class=\"alignleft wp-image-4439\" src=\"https:\/\/agora.xtec.cat\/insinvestigadorblanxart\/wp-content\/uploads\/usu1264\/2024\/04\/Captura-de-pantalla-2024-04-01-a-les-20.59.50-300x174.png\" alt=\"\" srcset=\"https:\/\/agora.xtec.cat\/insinvestigadorblanxart\/wp-content\/uploads\/usu1264\/2024\/04\/Captura-de-pantalla-2024-04-01-a-les-20.59.50-300x174.png 300w, https:\/\/agora.xtec.cat\/insinvestigadorblanxart\/wp-content\/uploads\/usu1264\/2024\/04\/Captura-de-pantalla-2024-04-01-a-les-20.59.50.png 480w\" sizes=\"auto, (max-width: 300px) 100vw, 300px\" \/><\/a><\/td>\n<td style=\"width: 50%; height: 148px;\"><a href=\"https:\/\/agora.xtec.cat\/insinvestigadorblanxart\/estudis\/batxillerat\/\"><img loading=\"lazy\" decoding=\"async\" width=\"300\" height=\"177\" class=\"wp-image-4438 alignnone\" src=\"https:\/\/agora.xtec.cat\/insinvestigadorblanxart\/wp-content\/uploads\/usu1264\/2024\/04\/Captura-de-pantalla-2024-04-01-a-les-20.59.56-300x177.png\" alt=\"\" srcset=\"https:\/\/agora.xtec.cat\/insinvestigadorblanxart\/wp-content\/uploads\/usu1264\/2024\/04\/Captura-de-pantalla-2024-04-01-a-les-20.59.56-300x177.png 300w, https:\/\/agora.xtec.cat\/insinvestigadorblanxart\/wp-content\/uploads\/usu1264\/2024\/04\/Captura-de-pantalla-2024-04-01-a-les-20.59.56.png 472w\" sizes=\"auto, (max-width: 300px) 100vw, 300px\" \/><\/a><\/td>\n<\/tr>\n<tr style=\"height: 40px;\">\n<td style=\"width: 50%; vertical-align: top; height: 10px;\"><a href=\"https:\/\/agora.xtec.cat\/insinvestigadorblanxart\/estudis\/eso\/\"><strong>\u00a0Educaci\u00f3 Secund\u00e0ria obligat\u00f2ria<\/strong><\/a><\/td>\n<td style=\"width: 50%; height: 10px;\"><a href=\"https:\/\/agora.xtec.cat\/insinvestigadorblanxart\/estudis\/batxillerat\/\"><strong>&#8211; Batxillerat Di\u00fcrn<\/strong><\/a> (cient\u00edfic-tecnol\u00f2gic, human\u00edstic-social, <a style=\"font-family: inherit; font-size: 1em;\" href=\"https:\/\/agora.xtec.cat\/insinvestigadorblanxart\/estudis\/batxillerat\/batxillerat-diurn\/batxillerat-artistic\/\" target=\"_self\" rel=\"noopener\">arts pl\u00e0stiques, imatge i disseny\u200b<\/a>)<br \/>\n<a href=\"https:\/\/agora.xtec.cat\/insinvestigadorblanxart\/estudis\/batxillerat\/\"><strong>&#8211; Batxillerat Nocturn<\/strong><\/a><\/td>\n<\/tr>\n<\/tbody>\n<\/table>\n<table style=\"width: 90%; border-style: solid;\">\n<tbody>\n<tr style=\"height: 163px; background-color: #ffffff;\">\n<td style=\"width: 33%; height: 163px; border-style: solid;\"><a href=\"https:\/\/agora.xtec.cat\/insinvestigadorblanxart\/estudis\/cicle-formatiu-de-grau-mitja\/\"><img loading=\"lazy\" decoding=\"async\" class=\"alignleft size-medium wp-image-4437\" src=\"https:\/\/agora.xtec.cat\/insinvestigadorblanxart\/wp-content\/uploads\/usu1264\/2024\/04\/Captura-de-pantalla-2024-04-01-a-les-21.00.01-300x173.png\" alt=\"\" width=\"300\" height=\"173\" srcset=\"https:\/\/agora.xtec.cat\/insinvestigadorblanxart\/wp-content\/uploads\/usu1264\/2024\/04\/Captura-de-pantalla-2024-04-01-a-les-21.00.01-300x173.png 300w, https:\/\/agora.xtec.cat\/insinvestigadorblanxart\/wp-content\/uploads\/usu1264\/2024\/04\/Captura-de-pantalla-2024-04-01-a-les-21.00.01.png 472w\" sizes=\"auto, (max-width: 300px) 100vw, 300px\" \/><\/a><\/td>\n<td style=\"width: 33%; height: 163px;\"><a href=\"https:\/\/agora.xtec.cat\/insinvestigadorblanxart\/estudis\/cicles-formatius-sanitat\/cicle-formatiu-de-grau-superior\/\"><img loading=\"lazy\" decoding=\"async\" class=\"alignleft size-medium wp-image-4436\" src=\"https:\/\/agora.xtec.cat\/insinvestigadorblanxart\/wp-content\/uploads\/usu1264\/2024\/04\/Captura-de-pantalla-2024-04-01-a-les-21.00.06-300x180.png\" alt=\"\" width=\"300\" height=\"180\" srcset=\"https:\/\/agora.xtec.cat\/insinvestigadorblanxart\/wp-content\/uploads\/usu1264\/2024\/04\/Captura-de-pantalla-2024-04-01-a-les-21.00.06-300x180.png 300w, https:\/\/agora.xtec.cat\/insinvestigadorblanxart\/wp-content\/uploads\/usu1264\/2024\/04\/Captura-de-pantalla-2024-04-01-a-les-21.00.06.png 466w\" sizes=\"auto, (max-width: 300px) 100vw, 300px\" \/><\/a><\/td>\n<td style=\"width: 33%; height: 163px;\"><a href=\"https:\/\/agora.xtec.cat\/insinvestigadorblanxart\/estudis\/pfi\/\"><img loading=\"lazy\" decoding=\"async\" class=\"alignleft size-medium wp-image-4435\" src=\"https:\/\/agora.xtec.cat\/insinvestigadorblanxart\/wp-content\/uploads\/usu1264\/2024\/04\/Captura-de-pantalla-2024-04-01-a-les-21.00.12-300x177.png\" alt=\"\" width=\"300\" height=\"177\" srcset=\"https:\/\/agora.xtec.cat\/insinvestigadorblanxart\/wp-content\/uploads\/usu1264\/2024\/04\/Captura-de-pantalla-2024-04-01-a-les-21.00.12-300x177.png 300w, https:\/\/agora.xtec.cat\/insinvestigadorblanxart\/wp-content\/uploads\/usu1264\/2024\/04\/Captura-de-pantalla-2024-04-01-a-les-21.00.12.png 470w\" sizes=\"auto, (max-width: 300px) 100vw, 300px\" \/><\/a><\/td>\n<\/tr>\n<tr style=\"height: 56px;\">\n<td style=\"width: 33%; height: 56px; vertical-align: top;\"><a href=\"https:\/\/agora.xtec.cat\/insinvestigadorblanxart\/estudis\/cicle-formatiu-de-grau-mitja\/\"><strong>\u00a0CFGM de Cures auxiliars d&#8217;infermeria<\/strong><\/a><\/td>\n<td style=\"width: 33%; height: 56px; vertical-align: top;\"><a href=\"https:\/\/agora.xtec.cat\/insinvestigadorblanxart\/estudis\/cicle-formatiu-de-grau-superior\/\"><strong>\u00a0CFGS de Documentaci\u00f3 i administraci\u00f3 sanit\u00e0ria<\/strong><\/a><\/td>\n<td style=\"width: 33%; height: 56px; vertical-align: top;\"><a href=\"https:\/\/agora.xtec.cat\/insinvestigadorblanxart\/estudis\/pfi\/\"><strong>\u00a0PFI Auxiliar en centres sanitaris<\/strong><\/a><\/td>\n<\/tr>\n<\/tbody>\n<\/table>\n<\/div>\n","protected":false},"excerpt":{"rendered":"<p>L&#8217;Institut Investigador Blanxart \u00e9s un Centre d&#8217;educaci\u00f3 secund\u00e0ria que dep\u00e8n de la Generalitat de Catalunya i s\u2019hi imparteixen estudis d\u2019ESO, Batxillerat en les seves tres modalitats: Cient\u00edfic-Tecnol\u00f2gic, Human\u00edstic-Social i Art\u00edstic, en la branca d\u2019Arts pl\u00e0stiques i Disseny i Arts Esc\u00e8niques, i Batxillerat Nocturn en les&hellip;  <a href=\"https:\/\/agora.xtec.cat\/insinvestigadorblanxart\/estudis\/\" title=\"Read Estudis\">Llegeix m\u00e9s\u00bb<\/a><\/p>\n","protected":false},"author":1,"featured_media":0,"parent":0,"menu_order":0,"comment_status":"closed","ping_status":"closed","template":"page-templates\/side-menu.php","meta":{"_bbp_topic_count":0,"_bbp_reply_count":0,"_bbp_total_topic_count":0,"_bbp_total_reply_count":0,"_bbp_voice_count":0,"_bbp_anonymous_reply_count":0,"_bbp_topic_count_hidden":0,"_bbp_reply_count_hidden":0,"_bbp_forum_subforum_count":0,"footnotes":""},"class_list":["post-195","page","type-page","status-publish","hentry"],"post_mailing_queue_ids":[],"_links":{"self":[{"href":"https:\/\/agora.xtec.cat\/insinvestigadorblanxart\/wp-json\/wp\/v2\/pages\/195","targetHints":{"allow":["GET"]}}],"collection":[{"href":"https:\/\/agora.xtec.cat\/insinvestigadorblanxart\/wp-json\/wp\/v2\/pages"}],"about":[{"href":"https:\/\/agora.xtec.cat\/insinvestigadorblanxart\/wp-json\/wp\/v2\/types\/page"}],"author":[{"embeddable":true,"href":"https:\/\/agora.xtec.cat\/insinvestigadorblanxart\/wp-json\/wp\/v2\/users\/1"}],"replies":[{"embeddable":true,"href":"https:\/\/agora.xtec.cat\/insinvestigadorblanxart\/wp-json\/wp\/v2\/comments?post=195"}],"version-history":[{"count":7,"href":"https:\/\/agora.xtec.cat\/insinvestigadorblanxart\/wp-json\/wp\/v2\/pages\/195\/revisions"}],"predecessor-version":[{"id":4540,"href":"https:\/\/agora.xtec.cat\/insinvestigadorblanxart\/wp-json\/wp\/v2\/pages\/195\/revisions\/4540"}],"wp:attachment":[{"href":"https:\/\/agora.xtec.cat\/insinvestigadorblanxart\/wp-json\/wp\/v2\/media?parent=195"}],"curies":[{"name":"wp","href":"https:\/\/api.w.org\/{rel}","templated":true}]}}