{"id":1949,"date":"2024-02-05T18:46:56","date_gmt":"2024-02-05T17:46:56","guid":{"rendered":"https:\/\/agora.xtec.cat\/insinvestigadorblanxart\/?page_id=1949"},"modified":"2025-12-15T18:39:45","modified_gmt":"2025-12-15T17:39:45","slug":"coordinacions-tecniques","status":"publish","type":"page","link":"https:\/\/agora.xtec.cat\/insinvestigadorblanxart\/coordinacions-tecniques\/","title":{"rendered":"Coordinacions T\u00e8cniques"},"content":{"rendered":"<h3>Curs 2025-2026<\/h3>\n<ul>\n<li><strong>Coordinaci\u00f3 inform\u00e0tica:<\/strong> Sandra Vall\u00e8s<\/li>\n<li><strong>Coordinaci\u00f3 web i xarxes socials:<\/strong> C\u00e1ndido G\u00f3mez<\/li>\n<li><strong>Coordinaci\u00f3 LIC:<\/strong> Susanna Vinyals<\/li>\n<li><strong>Coordinaci\u00f3 de riscos laborals:<\/strong> Ariadna S\u00e1ez<\/li>\n<li><strong>Coordinaci\u00f3 d&#8217;activitats extraescolar:<\/strong> Carlos D\u00edez<\/li>\n<\/ul>\n\n\n<p><\/p>\n","protected":false},"excerpt":{"rendered":"<p>Curs 2025-2026<\/p>\n<ul>\n<li>Coordinaci\u00f3 inform\u00e0tica: Sandra Vall\u00e8s<\/li>\n<li>Coordinaci\u00f3 web i xarxes socials: C\u00e1ndido G\u00f3mez<\/li>\n<li>Coordinaci\u00f3 LIC: Susanna Vinyals<\/li>\n<li>Coordinaci\u00f3 de riscos laborals: Ariadna S\u00e1ez<\/li>\n<li>Coordinaci\u00f3 d&#8217;activitats extraescolar: Carlos D\u00edez<\/li>\n<\/ul>\n","protected":false},"author":1,"featured_media":0,"parent":0,"menu_order":0,"comment_status":"closed","ping_status":"closed","template":"page-templates\/side-menu.php","meta":{"_bbp_topic_count":0,"_bbp_reply_count":0,"_bbp_total_topic_count":0,"_bbp_total_reply_count":0,"_bbp_voice_count":0,"_bbp_anonymous_reply_count":0,"_bbp_topic_count_hidden":0,"_bbp_reply_count_hidden":0,"_bbp_forum_subforum_count":0,"footnotes":""},"class_list":["post-1949","page","type-page","status-publish","hentry"],"post_mailing_queue_ids":[],"_links":{"self":[{"href":"https:\/\/agora.xtec.cat\/insinvestigadorblanxart\/wp-json\/wp\/v2\/pages\/1949","targetHints":{"allow":["GET"]}}],"collection":[{"href":"https:\/\/agora.xtec.cat\/insinvestigadorblanxart\/wp-json\/wp\/v2\/pages"}],"about":[{"href":"https:\/\/agora.xtec.cat\/insinvestigadorblanxart\/wp-json\/wp\/v2\/types\/page"}],"author":[{"embeddable":true,"href":"https:\/\/agora.xtec.cat\/insinvestigadorblanxart\/wp-json\/wp\/v2\/users\/1"}],"replies":[{"embeddable":true,"href":"https:\/\/agora.xtec.cat\/insinvestigadorblanxart\/wp-json\/wp\/v2\/comments?post=1949"}],"version-history":[{"count":6,"href":"https:\/\/agora.xtec.cat\/insinvestigadorblanxart\/wp-json\/wp\/v2\/pages\/1949\/revisions"}],"predecessor-version":[{"id":8024,"href":"https:\/\/agora.xtec.cat\/insinvestigadorblanxart\/wp-json\/wp\/v2\/pages\/1949\/revisions\/8024"}],"wp:attachment":[{"href":"https:\/\/agora.xtec.cat\/insinvestigadorblanxart\/wp-json\/wp\/v2\/media?parent=1949"}],"curies":[{"name":"wp","href":"https:\/\/api.w.org\/{rel}","templated":true}]}}