{"id":1926,"date":"2024-02-05T14:00:14","date_gmt":"2024-02-05T13:00:14","guid":{"rendered":"https:\/\/agora.xtec.cat\/insinvestigadorblanxart\/?page_id=1926"},"modified":"2025-12-15T17:49:43","modified_gmt":"2025-12-15T16:49:43","slug":"carrecs-directius","status":"publish","type":"page","link":"https:\/\/agora.xtec.cat\/insinvestigadorblanxart\/linstitut\/organigrama\/carrecs-directius\/","title":{"rendered":"C\u00e0rrecs directius"},"content":{"rendered":"\n<ul class=\"wp-block-list\">\n<li><strong>Directora: <\/strong>Antonia Rodr\u00edguez<\/li>\n\n\n\n<li><strong>Cap d&#8217;estudis: <\/strong>Robert Montull<\/li>\n\n\n\n<li><strong>Cap d&#8217;estudis adjunt:<\/strong> Xavier Masseg\u00fa<\/li>\n\n\n\n<li><strong>Cap d&#8217;estudis d&#8217;FP: <\/strong>Marta Fuentes<\/li>\n\n\n\n<li><strong>Coordinador pedag\u00f2gic:<\/strong> Enric Vilar<\/li>\n\n\n\n<li><strong>Secret\u00e0ria: <\/strong>Laura M\u00e0\u00f1ez<\/li>\n<\/ul>\n\n\n\n<p><\/p>\n","protected":false},"excerpt":{"rendered":"<ul class=\"wp-block-list\">\n<li>Directora: Antonia Rodr\u00edguez<\/li>\n<li>Cap d&#8217;estudis: Robert Montull<\/li>\n<li>Cap d&#8217;estudis adjunt: Xavier Masseg\u00fa<\/li>\n<li>Cap d&#8217;estudis d&#8217;FP: Marta Fuentes<\/li>\n<li>Coordinador pedag\u00f2gic: Enric Vilar<\/li>\n<li>Secret\u00e0ria: Laura M\u00e0\u00f1ez<\/li>\n<\/ul>\n","protected":false},"author":1,"featured_media":0,"parent":46,"menu_order":0,"comment_status":"closed","ping_status":"closed","template":"page-templates\/side-menu.php","meta":{"_bbp_topic_count":0,"_bbp_reply_count":0,"_bbp_total_topic_count":0,"_bbp_total_reply_count":0,"_bbp_voice_count":0,"_bbp_anonymous_reply_count":0,"_bbp_topic_count_hidden":0,"_bbp_reply_count_hidden":0,"_bbp_forum_subforum_count":0,"footnotes":""},"class_list":["post-1926","page","type-page","status-publish","hentry"],"post_mailing_queue_ids":[],"_links":{"self":[{"href":"https:\/\/agora.xtec.cat\/insinvestigadorblanxart\/wp-json\/wp\/v2\/pages\/1926","targetHints":{"allow":["GET"]}}],"collection":[{"href":"https:\/\/agora.xtec.cat\/insinvestigadorblanxart\/wp-json\/wp\/v2\/pages"}],"about":[{"href":"https:\/\/agora.xtec.cat\/insinvestigadorblanxart\/wp-json\/wp\/v2\/types\/page"}],"author":[{"embeddable":true,"href":"https:\/\/agora.xtec.cat\/insinvestigadorblanxart\/wp-json\/wp\/v2\/users\/1"}],"replies":[{"embeddable":true,"href":"https:\/\/agora.xtec.cat\/insinvestigadorblanxart\/wp-json\/wp\/v2\/comments?post=1926"}],"version-history":[{"count":6,"href":"https:\/\/agora.xtec.cat\/insinvestigadorblanxart\/wp-json\/wp\/v2\/pages\/1926\/revisions"}],"predecessor-version":[{"id":8011,"href":"https:\/\/agora.xtec.cat\/insinvestigadorblanxart\/wp-json\/wp\/v2\/pages\/1926\/revisions\/8011"}],"up":[{"embeddable":true,"href":"https:\/\/agora.xtec.cat\/insinvestigadorblanxart\/wp-json\/wp\/v2\/pages\/46"}],"wp:attachment":[{"href":"https:\/\/agora.xtec.cat\/insinvestigadorblanxart\/wp-json\/wp\/v2\/media?parent=1926"}],"curies":[{"name":"wp","href":"https:\/\/api.w.org\/{rel}","templated":true}]}}