{"id":1826,"date":"2024-01-24T13:11:04","date_gmt":"2024-01-24T12:11:04","guid":{"rendered":"https:\/\/agora.xtec.cat\/insinvestigadorblanxart\/?page_id=1826"},"modified":"2024-02-14T20:03:21","modified_gmt":"2024-02-14T19:03:21","slug":"projectes-literaris","status":"publish","type":"page","link":"https:\/\/agora.xtec.cat\/insinvestigadorblanxart\/projectes\/projectes-literaris\/","title":{"rendered":"Literaris"},"content":{"rendered":"<p class=\"p2\"><span style=\"color: #000000;\">Des de l&#8217;\u00c0mbit de Lleng\u00fces del nostre centre s&#8217;han impulsat els projectes <strong><i>Tal Com Raja,<\/i><\/strong>\u00a0<i><strong>Tal Com Sents <\/strong><\/i>i<i><strong> el Club de Lectura<\/strong>. <\/i>Projectes totalment consolidats, el primer amb 20 anys de traject\u00f2ria, que venen celebrant-se cada curs escolar. Es tracta d&#8217;iniciatives que tenen molt bona acollida per part de tota la comunitat educativa, li confereixen singularitat al nostre centre i destaquen per fomentar la participaci\u00f3 i la col\u00b7laboraci\u00f3 de tots aquells que, essent de camps professionals ben diversos, tenen en com\u00fa la seva passi\u00f3 per les lletres.<span class=\"Apple-converted-space\">\u00a0<\/span><\/span><\/p>\n<ul>\n<li><a href=\"https:\/\/agora.xtec.cat\/insinvestigadorblanxart\/projectes\/projectes-literaris\/tal-com-sents\/\"><span style=\"color: #000000;\"><strong>Tal com Sents<\/strong><\/span><\/a><\/li>\n<li><a href=\"https:\/\/agora.xtec.cat\/insinvestigadorblanxart\/projectes\/projectes-literaris\/tal-com-raja\/\"><span style=\"color: #000000;\"><strong>Tal com Raja<\/strong><\/span><\/a><\/li>\n<li><a href=\"https:\/\/agora.xtec.cat\/insinvestigadorblanxart\/projectes\/projectes-literaris\/club-de-lectura-2\/\"><strong><span style=\"color: #000000;\">Club de Lectura<\/span><\/strong><\/a><\/li>\n<\/ul>\n","protected":false},"excerpt":{"rendered":"<p>Des de l&#8217;\u00c0mbit de Lleng\u00fces del nostre centre s&#8217;han impulsat els projectes Tal Com Raja,\u00a0Tal Com Sents i el Club de Lectura. Projectes totalment consolidats, el primer amb 20 anys de traject\u00f2ria, que venen celebrant-se cada curs escolar. Es tracta d&#8217;iniciatives que tenen molt bona&hellip;  <a href=\"https:\/\/agora.xtec.cat\/insinvestigadorblanxart\/projectes\/projectes-literaris\/\" title=\"Read Literaris\">Llegeix m\u00e9s\u00bb<\/a><\/p>\n","protected":false},"author":1,"featured_media":0,"parent":744,"menu_order":3,"comment_status":"closed","ping_status":"closed","template":"page-templates\/side-menu.php","meta":{"_bbp_topic_count":0,"_bbp_reply_count":0,"_bbp_total_topic_count":0,"_bbp_total_reply_count":0,"_bbp_voice_count":0,"_bbp_anonymous_reply_count":0,"_bbp_topic_count_hidden":0,"_bbp_reply_count_hidden":0,"_bbp_forum_subforum_count":0,"footnotes":""},"class_list":["post-1826","page","type-page","status-publish","hentry"],"post_mailing_queue_ids":[],"_links":{"self":[{"href":"https:\/\/agora.xtec.cat\/insinvestigadorblanxart\/wp-json\/wp\/v2\/pages\/1826","targetHints":{"allow":["GET"]}}],"collection":[{"href":"https:\/\/agora.xtec.cat\/insinvestigadorblanxart\/wp-json\/wp\/v2\/pages"}],"about":[{"href":"https:\/\/agora.xtec.cat\/insinvestigadorblanxart\/wp-json\/wp\/v2\/types\/page"}],"author":[{"embeddable":true,"href":"https:\/\/agora.xtec.cat\/insinvestigadorblanxart\/wp-json\/wp\/v2\/users\/1"}],"replies":[{"embeddable":true,"href":"https:\/\/agora.xtec.cat\/insinvestigadorblanxart\/wp-json\/wp\/v2\/comments?post=1826"}],"version-history":[{"count":6,"href":"https:\/\/agora.xtec.cat\/insinvestigadorblanxart\/wp-json\/wp\/v2\/pages\/1826\/revisions"}],"predecessor-version":[{"id":2696,"href":"https:\/\/agora.xtec.cat\/insinvestigadorblanxart\/wp-json\/wp\/v2\/pages\/1826\/revisions\/2696"}],"up":[{"embeddable":true,"href":"https:\/\/agora.xtec.cat\/insinvestigadorblanxart\/wp-json\/wp\/v2\/pages\/744"}],"wp:attachment":[{"href":"https:\/\/agora.xtec.cat\/insinvestigadorblanxart\/wp-json\/wp\/v2\/media?parent=1826"}],"curies":[{"name":"wp","href":"https:\/\/api.w.org\/{rel}","templated":true}]}}