{"id":1817,"date":"2024-01-24T13:02:34","date_gmt":"2024-01-24T12:02:34","guid":{"rendered":"https:\/\/agora.xtec.cat\/insinvestigadorblanxart\/?page_id=1817"},"modified":"2024-02-08T17:49:51","modified_gmt":"2024-02-08T16:49:51","slug":"pfi","status":"publish","type":"page","link":"https:\/\/agora.xtec.cat\/insinvestigadorblanxart\/estudis\/pfi\/","title":{"rendered":"PFI Auxiliar en Centres Sanitaris"},"content":{"rendered":"<p><span style=\"color: #000000;\">Aquests estudis capaciten per dur a terme tasques auxiliars de mobilitzaci\u00f3 i trasllat de pacients i d&#8217;ordenaci\u00f3 i trasllat de documents i materials en centres sanitaris.<\/span><\/p>\n<p><span style=\"color: #000000;\">Tenen una durada total de 1.000 hores, un curs acad\u00e8mic.<\/span><\/p>\n<p><a href=\"https:\/\/agora.xtec.cat\/insinvestigadorblanxart\/wp-content\/uploads\/usu1264\/2024\/02\/PFI-Auxiliar-en-Centres-Sanitaris.pdf\"> \u27a1\u00a0 Fitxa de l&#8217;estudi<\/a><\/p>\n<h4><span style=\"color: #008000;\">Mat\u00e8ries i continguts que s\u2019imparteixen:<\/span><\/h4>\n<p><span style=\"color: #000000;\"><strong>M\u00f2duls de formaci\u00f3 professional (entre 615 i 665 hores)<\/strong><\/span><\/p>\n<ul>\n<li><span style=\"color: #000000;\">Organitzaci\u00f3, Comunicaci\u00f3 i Trasllat de Documentaci\u00f3, Materials i Equips d\u2019un Centre Sanitari<\/span><\/li>\n<li><span style=\"color: #000000;\">Mobilitzaci\u00f3 i Trasllat de Pacients en Centres Sanitaris<\/span><\/li>\n<li><span style=\"color: #000000;\">Trasllat de Pacients en Serveis Especials d\u2019un Centre Sanitari<\/span><\/li>\n<li><span style=\"color: #000000;\">Habilitats comunicatives en Centres Sanitaris<\/span><\/li>\n<li><span style=\"color: #000000;\">Projecte Integrat<\/span><\/li>\n<li><span style=\"color: #000000;\">Formaci\u00f3 B\u00e0sica en Prevenci\u00f3 de Riscos Laborals<\/span><\/li>\n<li><span style=\"color: #000000;\">Formaci\u00f3 Pr\u00e0ctica en Empreses (m\u00ednim 180 hores)<\/span><\/li>\n<\/ul>\n<p><span style=\"color: #000000;\"><strong>M\u00f2duls de formaci\u00f3 general (entre 295 i 345 hores)<\/strong><\/span><\/p>\n<ul>\n<li><span style=\"color: #000000;\">Estrat\u00e8gies i Eines de Comunicaci\u00f3<\/span><\/li>\n<li><span style=\"color: #000000;\">Entorn Social i Territorial<\/span><\/li>\n<li><span style=\"color: #000000;\">Estrat\u00e8gies i Eines Matem\u00e0tiques<\/span><\/li>\n<li><span style=\"color: #000000;\">Incorporaci\u00f3 al M\u00f3n Professional<\/span><\/li>\n<\/ul>\n<p><span style=\"color: #000000;\"><strong>Tutoria, seguiment i orientaci\u00f3 personalitzada (40 hores)<\/strong><\/span><\/p>\n<ul>\n<li><span style=\"color: #000000;\">Qualificaci\u00f3 professional incompleta: SAN668_1 Trasllat i mobilitzaci\u00f3 d\u2019usuaris, usu\u00e0ries o pacients, documentaci\u00f3 i materials en centres sanitaris<\/span><\/li>\n<\/ul>\n<h4><span style=\"color: #008000;\">Sortides acad\u00e8miques<\/span><\/h4>\n<ul>\n<li><span style=\"color: #000000;\">Certificat acad\u00e8mic i professional, que cont\u00e9 la qualificaci\u00f3 final obtinguda en el PFI i acredita les compet\u00e8ncies professionals assolides.<\/span><\/li>\n<li><span style=\"color: #000000;\">Certificat del Curs d&#8217;acc\u00e9s als cicles formatius de grau mitj\u00e0 (CAM), si el PFI s&#8217;ha cursat en un centre autoritzat a impartir aquest Curs d\u2019acc\u00e9s.<\/span><\/li>\n<li><span style=\"color: #000000;\">Acc\u00e9s als cicles formatius de grau mitj\u00e0, d&#8217;acord amb la Resoluci\u00f3 EDU\/2638\/2020, de 26 d&#8217;octubre.<\/span><\/li>\n<li><span style=\"color: #000000;\">Reconeixement dels m\u00f2duls professionals superats en el PFI per a l&#8217;obtenci\u00f3 del t\u00edtol professional b\u00e0sic associat al perfil.<\/span><\/li>\n<li><span style=\"color: #000000;\">Certificat de professionalitat que emet l&#8217;Administraci\u00f3 laboral.<\/span><\/li>\n<li><span style=\"color: #000000;\">Acc\u00e9s als centres de formaci\u00f3 d&#8217;adults per obtenir el graduat en educaci\u00f3 secund\u00e0ria obligat\u00f2ria (GESO), sense complir el requisit de tenir 18 anys.<\/span><\/li>\n<\/ul>\n<h4><span style=\"color: #008000;\">Sortides professionals<\/span><\/h4>\n<ul>\n<li><span style=\"color: #000000;\">Zelador o zeladora d&#8217;institucions sanit\u00e0ries<\/span><\/li>\n<li><span style=\"color: #000000;\">Zelador o zeladora d&#8217;unitats d&#8217;hospitalitzaci\u00f3 de centres sanitaris<\/span><\/li>\n<li><span style=\"color: #000000;\">Zelador o zeladora de magatzem<\/span><\/li>\n<li><span style=\"color: #000000;\">Zelador o zeladora de centres d&#8217;atenci\u00f3 prim\u00e0ria<\/span><\/li>\n<li><span style=\"color: #000000;\">Zelador o zeladora d&#8217;anatomia patol\u00f2gica<\/span><\/li>\n<\/ul>\n<p>&nbsp;<\/p>\n","protected":false},"excerpt":{"rendered":"<p>Aquests estudis capaciten per dur a terme tasques auxiliars de mobilitzaci\u00f3 i trasllat de pacients i d&#8217;ordenaci\u00f3 i trasllat de documents i materials en centres sanitaris.<br \/>\nTenen una durada total de 1.000 hores, un curs acad\u00e8mic.<br \/>\n<a href=\"https:\/\/agora.xtec.cat\/insinvestigadorblanxart\/wp-content\/uploads\/usu1264\/2024\/02\/PFI-Auxiliar-en-Centres-Sanitaris.pdf\"> \u27a1\u00a0 Fitxa de l&#8217;estudi<\/a><br \/>\nMat\u00e8ries i continguts que s\u2019imparteixen:<br \/>\nM\u00f2duls de&hellip;  <a href=\"https:\/\/agora.xtec.cat\/insinvestigadorblanxart\/estudis\/pfi\/\" title=\"Read PFI Auxiliar en Centres Sanitaris\">Llegeix m\u00e9s\u00bb<\/a><\/p>\n","protected":false},"author":1,"featured_media":0,"parent":195,"menu_order":5,"comment_status":"closed","ping_status":"closed","template":"page-templates\/side-menu.php","meta":{"_bbp_topic_count":0,"_bbp_reply_count":0,"_bbp_total_topic_count":0,"_bbp_total_reply_count":0,"_bbp_voice_count":0,"_bbp_anonymous_reply_count":0,"_bbp_topic_count_hidden":0,"_bbp_reply_count_hidden":0,"_bbp_forum_subforum_count":0,"footnotes":""},"class_list":["post-1817","page","type-page","status-publish","hentry"],"post_mailing_queue_ids":[],"_links":{"self":[{"href":"https:\/\/agora.xtec.cat\/insinvestigadorblanxart\/wp-json\/wp\/v2\/pages\/1817","targetHints":{"allow":["GET"]}}],"collection":[{"href":"https:\/\/agora.xtec.cat\/insinvestigadorblanxart\/wp-json\/wp\/v2\/pages"}],"about":[{"href":"https:\/\/agora.xtec.cat\/insinvestigadorblanxart\/wp-json\/wp\/v2\/types\/page"}],"author":[{"embeddable":true,"href":"https:\/\/agora.xtec.cat\/insinvestigadorblanxart\/wp-json\/wp\/v2\/users\/1"}],"replies":[{"embeddable":true,"href":"https:\/\/agora.xtec.cat\/insinvestigadorblanxart\/wp-json\/wp\/v2\/comments?post=1817"}],"version-history":[{"count":5,"href":"https:\/\/agora.xtec.cat\/insinvestigadorblanxart\/wp-json\/wp\/v2\/pages\/1817\/revisions"}],"predecessor-version":[{"id":2208,"href":"https:\/\/agora.xtec.cat\/insinvestigadorblanxart\/wp-json\/wp\/v2\/pages\/1817\/revisions\/2208"}],"up":[{"embeddable":true,"href":"https:\/\/agora.xtec.cat\/insinvestigadorblanxart\/wp-json\/wp\/v2\/pages\/195"}],"wp:attachment":[{"href":"https:\/\/agora.xtec.cat\/insinvestigadorblanxart\/wp-json\/wp\/v2\/media?parent=1817"}],"curies":[{"name":"wp","href":"https:\/\/api.w.org\/{rel}","templated":true}]}}