{"id":1810,"date":"2024-01-23T12:09:13","date_gmt":"2024-01-23T11:09:13","guid":{"rendered":"https:\/\/agora.xtec.cat\/insinvestigadorblanxart\/?page_id=1810"},"modified":"2024-02-12T18:35:51","modified_gmt":"2024-02-12T17:35:51","slug":"cicle-formatiu-de-grau-mitja","status":"publish","type":"page","link":"https:\/\/agora.xtec.cat\/insinvestigadorblanxart\/estudis\/cicles-formatius-sanitat\/cicle-formatiu-de-grau-mitja\/","title":{"rendered":"CFGM CAI"},"content":{"rendered":"<h4><span style=\"color: #008000;\">Presentaci\u00f3 Cures Auxiliars d&#8217;Infermeria<\/span><\/h4>\n<p><iframe loading=\"lazy\" title=\"YouTube video player\" src=\"https:\/\/www.youtube.com\/embed\/mvPin1d6uNc?si=ncrfhoh8BRWUoxzJ\" width=\"560\" height=\"315\" frameborder=\"0\" allowfullscreen=\"allowfullscreen\"><span data-mce-type=\"bookmark\" style=\"display: inline-block; width: 0px; overflow: hidden; line-height: 0;\" class=\"mce_SELRES_start\">\ufeff<\/span><\/iframe><\/p>\n<h4><strong><span style=\"color: #008000;\">Experi\u00e8ncies CAI<\/span><\/strong><\/h4>\n<p><iframe loading=\"lazy\" title=\"YouTube video player\" src=\"https:\/\/www.youtube.com\/embed\/PzVFMZDFhKw?si=5gsPlawN2fzvi-IT\" width=\"560\" height=\"315\" frameborder=\"0\" allowfullscreen=\"allowfullscreen\"><\/iframe><\/p>\n<h4><span style=\"color: #008000;\"><strong>Continguts CAI<\/strong><\/span><\/h4>\n<ul>\n<li>Cr\u00e8dit 1 Operacions administratives i documentaci\u00f3 sanit\u00e0ria<\/li>\n<li>Cr\u00e8dit 2 L&#8217;\u00e9sser hum\u00e0 davant la malaltia<\/li>\n<li>Cr\u00e8dit 3 Benestar del pacient: necessitats d&#8217;higiene, rep\u00f2s i moviment<\/li>\n<li>Cr\u00e8dit 4 Cures b\u00e0siques d&#8217;infermeria aplicades a les necessitats de l&#8217;\u00e9sser hum\u00e0<\/li>\n<li>Cr\u00e8dit 5 Primers auxilis<\/li>\n<li>Cr\u00e8dit 6 Higiene del medi hospitalari i neteja de material<\/li>\n<li>Cr\u00e8dit 7 Recolzament psicol\u00f2gic al pacient\/client<\/li>\n<li>Cr\u00e8dit 8 Educaci\u00f3 per a la salut<\/li>\n<li>Cr\u00e8dit 9 T\u00e8cniques d&#8217;ajuda odontol\u00f2gica\/estomatol\u00f2gica<\/li>\n<li>Cr\u00e8dit 10 Relacions en l&#8217;equip de treball<\/li>\n<li>Cr\u00e8dit 11 Formaci\u00f3 i orientaci\u00f3 laboral<\/li>\n<li>Cr\u00e8dit 12 Formaci\u00f3 en centres de treball<\/li>\n<li>Cr\u00e8dit 13 S\u00edntesi<\/li>\n<\/ul>\n","protected":false},"excerpt":{"rendered":"<p>Presentaci\u00f3 Cures Auxiliars d&#8217;Infermeria<br \/>\n\ufeff<br \/>\nExperi\u00e8ncies CAI<\/p>\n<p>Continguts CAI<\/p>\n<ul>\n<li>Cr\u00e8dit 1 Operacions administratives i documentaci\u00f3 sanit\u00e0ria<\/li>\n<li>Cr\u00e8dit 2 L&#8217;\u00e9sser hum\u00e0 davant la malaltia<\/li>\n<li>Cr\u00e8dit 3 Benestar del pacient: necessitats d&#8217;higiene, rep\u00f2s i moviment<\/li>\n<li>Cr\u00e8dit 4 Cures b\u00e0siques d&#8217;infermeria aplicades a les necessitats de l&#8217;\u00e9sser hum\u00e0<\/li>\n<li>Cr\u00e8dit 5 Primers auxilis<\/li>\n<li>Cr\u00e8dit 6 Higiene del medi&hellip;  <a href=\"https:\/\/agora.xtec.cat\/insinvestigadorblanxart\/estudis\/cicles-formatius-sanitat\/cicle-formatiu-de-grau-mitja\/\" title=\"Read CFGM CAI\">Llegeix m\u00e9s\u00bb<\/a><br \/>\n","protected":false},"author":1,"featured_media":0,"parent":2068,"menu_order":3,"comment_status":"closed","ping_status":"closed","template":"page-templates\/side-menu.php","meta":{"_bbp_topic_count":0,"_bbp_reply_count":0,"_bbp_total_topic_count":0,"_bbp_total_reply_count":0,"_bbp_voice_count":0,"_bbp_anonymous_reply_count":0,"_bbp_topic_count_hidden":0,"_bbp_reply_count_hidden":0,"_bbp_forum_subforum_count":0,"footnotes":""},"class_list":["post-1810","page","type-page","status-publish","hentry"],"post_mailing_queue_ids":[],"_links":{"self":[{"href":"https:\/\/agora.xtec.cat\/insinvestigadorblanxart\/wp-json\/wp\/v2\/pages\/1810","targetHints":{"allow":["GET"]}}],"collection":[{"href":"https:\/\/agora.xtec.cat\/insinvestigadorblanxart\/wp-json\/wp\/v2\/pages"}],"about":[{"href":"https:\/\/agora.xtec.cat\/insinvestigadorblanxart\/wp-json\/wp\/v2\/types\/page"}],"author":[{"embeddable":true,"href":"https:\/\/agora.xtec.cat\/insinvestigadorblanxart\/wp-json\/wp\/v2\/users\/1"}],"replies":[{"embeddable":true,"href":"https:\/\/agora.xtec.cat\/insinvestigadorblanxart\/wp-json\/wp\/v2\/comments?post=1810"}],"version-history":[{"count":6,"href":"https:\/\/agora.xtec.cat\/insinvestigadorblanxart\/wp-json\/wp\/v2\/pages\/1810\/revisions"}],"predecessor-version":[{"id":2582,"href":"https:\/\/agora.xtec.cat\/insinvestigadorblanxart\/wp-json\/wp\/v2\/pages\/1810\/revisions\/2582"}],"up":[{"embeddable":true,"href":"https:\/\/agora.xtec.cat\/insinvestigadorblanxart\/wp-json\/wp\/v2\/pages\/2068"}],"wp:attachment":[{"href":"https:\/\/agora.xtec.cat\/insinvestigadorblanxart\/wp-json\/wp\/v2\/media?parent=1810"}],"curies":[{"name":"wp","href":"https:\/\/api.w.org\/{rel}","templated":true}]}}