{"id":1743,"date":"2024-01-19T12:30:37","date_gmt":"2024-01-19T11:30:37","guid":{"rendered":"https:\/\/agora.xtec.cat\/insinvestigadorblanxart\/?page_id=1743"},"modified":"2026-01-12T17:07:02","modified_gmt":"2026-01-12T16:07:02","slug":"documents-de-centre","status":"publish","type":"page","link":"https:\/\/agora.xtec.cat\/insinvestigadorblanxart\/linstitut\/documents-de-centre\/","title":{"rendered":"Documents de centre"},"content":{"rendered":"\n<h2 class=\"wp-block-heading\">Normes d&#8217;organitzaci\u00f3 i funcionament del centre<\/h2>\n\n\n\n<p>Podeu consultar el document de\u00a0Normes d&#8217;Organitzaci\u00f3 i Funcionament del Centre\u00a0del curs actual on podreu trobar la carta de comprom\u00eds i la informaci\u00f3 corresponent a les normes de conviv\u00e8ncia del centre.<\/p>\n\n\n\n<p class=\"has-black-color has-text-color has-link-color has-medium-font-size wp-elements-4f3a1f2bcbf61739ba418b581549fbfc\">  \u27a1 <a href=\"https:\/\/agora.xtec.cat\/insinvestigadorblanxart\/wp-content\/uploads\/usu1264\/2025\/04\/NOFC-febrer-2025.pdf\"><font color=\"000000\">Document NOFC: Normes d&#8217;Organitzaci\u00f3 i Funcionament del Centre<\/font><\/a><\/p>\n\n\n\n<h2 class=\"wp-block-heading\">Projecte educatiu de centre<\/h2>\n\n\n\n<p class=\"has-black-color has-text-color has-link-color has-medium-font-size wp-elements-832032add9b1e0d5bbc7b53084e3ecbf\"><a href=\"https:\/\/agora.xtec.cat\/insinvestigadorblanxart\/wp-content\/uploads\/usu1264\/2024\/01\/PEC_v7-2.pdf\"><font color=\"000000\">\u27a1 Projecte educatiu del centre<\/font><\/a><\/p>\n\n\n\n<h2 class=\"wp-block-heading\">Projecte ling\u00fc\u00edstic<\/h2>\n\n\n\n<p class=\"has-black-color has-text-color has-link-color has-medium-font-size wp-elements-11d935618f52f678ffc0dc7bed0379b3\"><a href=\"https:\/\/agora.xtec.cat\/insinvestigadorblanxart\/wp-content\/uploads\/usu1264\/2024\/02\/Projecte-linguistic-1.pdf\"><font color=\"000000\">\u27a1 Projecte ling\u00fc\u00edstic<\/font> <\/a><\/p>\n\n\n\n<h2 class=\"wp-block-heading\">Projecte esportiu de centre<\/h2>\n\n\n\n<p class=\"has-black-color has-text-color has-link-color has-medium-font-size wp-elements-588b5924dfaae1943fc8fb33b060e432\"><a href=\"https:\/\/agora.xtec.cat\/insinvestigadorblanxart\/wp-content\/uploads\/usu1264\/2026\/01\/Proj-Esportiu-de-Centre-nov-25.pdf\"><font color=\"000000\">\u27a1 Projecte esportiu de centre<\/font> <\/a><\/p>\n\n\n\n<p><\/p>\n","protected":false},"excerpt":{"rendered":"<p>Normes d&#8217;organitzaci\u00f3 i funcionament del centre<\/p>\n<p>Podeu consultar el document de\u00a0Normes d&#8217;Organitzaci\u00f3 i Funcionament del Centre\u00a0del curs actual on podreu trobar la carta de comprom\u00eds i la informaci\u00f3 corresponent a les normes de conviv\u00e8ncia del centre.<\/p>\n<p>  \u27a1 <a href=\"https:\/\/agora.xtec.cat\/insinvestigadorblanxart\/wp-content\/uploads\/usu1264\/2025\/04\/NOFC-febrer-2025.pdf\">Document NOFC: Normes d&#8217;Organitzaci\u00f3 i Funcionament del&hellip;  <a href=\"https:\/\/agora.xtec.cat\/insinvestigadorblanxart\/linstitut\/documents-de-centre\/\" title=\"Read Documents de centre\">Llegeix m\u00e9s\u00bb<\/a><\/p>\n","protected":false},"author":1,"featured_media":0,"parent":19,"menu_order":4,"comment_status":"closed","ping_status":"closed","template":"page-templates\/side-menu.php","meta":{"_bbp_topic_count":0,"_bbp_reply_count":0,"_bbp_total_topic_count":0,"_bbp_total_reply_count":0,"_bbp_voice_count":0,"_bbp_anonymous_reply_count":0,"_bbp_topic_count_hidden":0,"_bbp_reply_count_hidden":0,"_bbp_forum_subforum_count":0,"footnotes":""},"class_list":["post-1743","page","type-page","status-publish","hentry"],"post_mailing_queue_ids":[],"_links":{"self":[{"href":"https:\/\/agora.xtec.cat\/insinvestigadorblanxart\/wp-json\/wp\/v2\/pages\/1743","targetHints":{"allow":["GET"]}}],"collection":[{"href":"https:\/\/agora.xtec.cat\/insinvestigadorblanxart\/wp-json\/wp\/v2\/pages"}],"about":[{"href":"https:\/\/agora.xtec.cat\/insinvestigadorblanxart\/wp-json\/wp\/v2\/types\/page"}],"author":[{"embeddable":true,"href":"https:\/\/agora.xtec.cat\/insinvestigadorblanxart\/wp-json\/wp\/v2\/users\/1"}],"replies":[{"embeddable":true,"href":"https:\/\/agora.xtec.cat\/insinvestigadorblanxart\/wp-json\/wp\/v2\/comments?post=1743"}],"version-history":[{"count":6,"href":"https:\/\/agora.xtec.cat\/insinvestigadorblanxart\/wp-json\/wp\/v2\/pages\/1743\/revisions"}],"predecessor-version":[{"id":8064,"href":"https:\/\/agora.xtec.cat\/insinvestigadorblanxart\/wp-json\/wp\/v2\/pages\/1743\/revisions\/8064"}],"up":[{"embeddable":true,"href":"https:\/\/agora.xtec.cat\/insinvestigadorblanxart\/wp-json\/wp\/v2\/pages\/19"}],"wp:attachment":[{"href":"https:\/\/agora.xtec.cat\/insinvestigadorblanxart\/wp-json\/wp\/v2\/media?parent=1743"}],"curies":[{"name":"wp","href":"https:\/\/api.w.org\/{rel}","templated":true}]}}