{"id":49,"date":"2014-09-17T16:55:55","date_gmt":"2014-09-17T16:55:55","guid":{"rendered":"http:\/\/agora.xtec.cat\/insils\/?page_id=49"},"modified":"2026-01-09T09:53:00","modified_gmt":"2026-01-09T08:53:00","slug":"normes-dorganitzacio-i-funcionament","status":"publish","type":"page","link":"https:\/\/agora.xtec.cat\/insils\/linstitut\/normes-dorganitzacio-i-funcionament\/","title":{"rendered":"Documentaci\u00f3 de refer\u00e8ncia"},"content":{"rendered":"<ul>\n<li><a href=\"https:\/\/agora.xtec.cat\/insils\/wp-content\/uploads\/usu1545\/2026\/01\/2526-NOFC-INS-Sils.pdf\" target=\"_blank\" rel=\"noopener\">Normes d&#8217;organitzaci\u00f3 i funcionament de centre (NOFC)<\/a> (versi\u00f3 2025)<\/li>\n<li><a href=\"https:\/\/agora.xtec.cat\/insils\/wp-content\/uploads\/usu1545\/2025\/11\/2025_Modificacio_PROJECTE-EDUCATIU-DE-CENTRE.pdf\" target=\"_blank\" rel=\"noopener\">Projecte educatiu de centre (PEC)<\/a> (versi\u00f3 2025)<\/li>\n<li>Programaci\u00f3 general anual (PGA) (versi\u00f3 2025)<\/li>\n<li>Projecte ling\u00fc\u00edstic de centre (PLC) (en construcci\u00f3)<\/li>\n<li><a href=\"https:\/\/agora.xtec.cat\/insils\/linstitut\/edc-institut-de-sils\/\">Estrat\u00e8gia digital de centre (EDC)<\/a><\/li>\n<li><a href=\"https:\/\/agora.xtec.cat\/insils\/wp-content\/uploads\/usu1545\/2025\/11\/2526_Pla-de-Transport.pdf\" target=\"_blank\" rel=\"noopener\">Pla de funcionament del transport a l&#8217;institut de Sils<\/a> (versi\u00f3 2025)<\/li>\n<li><a href=\"https:\/\/agora.xtec.cat\/insils\/wp-content\/uploads\/usu1545\/2025\/11\/Normativa-Departament-dEducacio-curs-2025_-Dispositius-mobils.pdf\" target=\"_blank\" rel=\"noopener\">Normativa en relaci\u00f3 amb l&#8217;\u00fas del m\u00f2bil a l&#8217;institut<\/a><\/li>\n<\/ul>\n<p><!--a=1--><\/p>\n<p><!--a=1--><\/p>\n<p><!--a=1--><\/p>\n<p><!--a=1--><\/p>\n<p><!--a=1--><\/p>\n<p><!--a=1--><\/p>\n<p><!--a=1--><\/p>\n","protected":false},"excerpt":{"rendered":"<ul>\n<li><a href=\"https:\/\/agora.xtec.cat\/insils\/wp-content\/uploads\/usu1545\/2026\/01\/2526-NOFC-INS-Sils.pdf\" target=\"_blank\" rel=\"noopener\">Normes d&#8217;organitzaci\u00f3 i funcionament de centre (NOFC)<\/a> (versi\u00f3 2025)<\/li>\n<li><a href=\"https:\/\/agora.xtec.cat\/insils\/wp-content\/uploads\/usu1545\/2025\/11\/2025_Modificacio_PROJECTE-EDUCATIU-DE-CENTRE.pdf\" target=\"_blank\" rel=\"noopener\">Projecte educatiu de centre (PEC)<\/a> (versi\u00f3 2025)<\/li>\n<li>Programaci\u00f3 general anual (PGA) (versi\u00f3 2025)<\/li>\n<li>Projecte ling\u00fc\u00edstic de centre (PLC) (en construcci\u00f3)<\/li>\n<li><a href=\"https:\/\/agora.xtec.cat\/insils\/linstitut\/edc-institut-de-sils\/\">Estrat\u00e8gia digital de centre (EDC)<\/a><\/li>\n<li><a href=\"https:\/\/agora.xtec.cat\/insils\/wp-content\/uploads\/usu1545\/2025\/11\/2526_Pla-de-Transport.pdf\" target=\"_blank\" rel=\"noopener\">Pla de funcionament del transport a&hellip;  <a href=\"https:\/\/agora.xtec.cat\/insils\/linstitut\/normes-dorganitzacio-i-funcionament\/\" title=\"Read Documentaci\u00f3 de refer\u00e8ncia\">Llegeix m\u00e9s\u00bb<\/a><br \/>\n","protected":false},"author":1,"featured_media":0,"parent":19,"menu_order":50,"comment_status":"closed","ping_status":"closed","template":"page-templates\/side-menu.php","meta":{"_bbp_topic_count":0,"_bbp_reply_count":0,"_bbp_total_topic_count":0,"_bbp_total_reply_count":0,"_bbp_voice_count":0,"_bbp_anonymous_reply_count":0,"_bbp_topic_count_hidden":0,"_bbp_reply_count_hidden":0,"_bbp_forum_subforum_count":0,"footnotes":""},"class_list":["post-49","page","type-page","status-publish","hentry"],"post_mailing_queue_ids":[],"_links":{"self":[{"href":"https:\/\/agora.xtec.cat\/insils\/wp-json\/wp\/v2\/pages\/49","targetHints":{"allow":["GET"]}}],"collection":[{"href":"https:\/\/agora.xtec.cat\/insils\/wp-json\/wp\/v2\/pages"}],"about":[{"href":"https:\/\/agora.xtec.cat\/insils\/wp-json\/wp\/v2\/types\/page"}],"author":[{"embeddable":true,"href":"https:\/\/agora.xtec.cat\/insils\/wp-json\/wp\/v2\/users\/1"}],"replies":[{"embeddable":true,"href":"https:\/\/agora.xtec.cat\/insils\/wp-json\/wp\/v2\/comments?post=49"}],"version-history":[{"count":9,"href":"https:\/\/agora.xtec.cat\/insils\/wp-json\/wp\/v2\/pages\/49\/revisions"}],"predecessor-version":[{"id":6493,"href":"https:\/\/agora.xtec.cat\/insils\/wp-json\/wp\/v2\/pages\/49\/revisions\/6493"}],"up":[{"embeddable":true,"href":"https:\/\/agora.xtec.cat\/insils\/wp-json\/wp\/v2\/pages\/19"}],"wp:attachment":[{"href":"https:\/\/agora.xtec.cat\/insils\/wp-json\/wp\/v2\/media?parent=49"}],"curies":[{"name":"wp","href":"https:\/\/api.w.org\/{rel}","templated":true}]}}