{"id":485,"date":"2017-05-23T13:19:17","date_gmt":"2017-05-23T11:19:17","guid":{"rendered":"http:\/\/agora.xtec.cat\/insils\/?page_id=485"},"modified":"2025-12-10T14:45:20","modified_gmt":"2025-12-10T13:45:20","slug":"alumnat","status":"publish","type":"page","link":"https:\/\/agora.xtec.cat\/insils\/consell\/alumnat\/","title":{"rendered":"Consell d&#8217;alumnes"},"content":{"rendered":"<div class=\"summary\">\n<div class=\"no-overflow\">\n<p style=\"text-align: justify;\">El Consell d&#8217;Alumnes de l&#8217;Institut \u00e9s un important \u00f2rgan de participaci\u00f3 dels nois i noies. La finalitat d&#8217;aquest \u00f2rgan \u00e9s facilitar a l&#8217;alumnat l&#8217;autogesti\u00f3 i la posada en funcionament de pr\u00e0ctiques democr\u00e0tiques que facin extensiva la participaci\u00f3 activa de tot el col\u00b7lectiu d&#8217;alumnes en molts aspectes del centre. La implicaci\u00f3 de les noies i els nois, aix\u00ed com la possibilitat real de dir la seva en tots els aspectes de l&#8217;institut s\u00f3n claus pel funcionament efectiu del CdA, que tamb\u00e9 gestiona part del pressupost del centre.<\/p>\n<p><a href=\"http:\/\/agora.xtec.cat\/insils\/wp-content\/uploads\/usu1545\/2017\/05\/IMG_8436.jpg\"><img loading=\"lazy\" decoding=\"async\" class=\"wp-image-613 aligncenter\" src=\"http:\/\/agora.xtec.cat\/insils\/wp-content\/uploads\/usu1545\/2017\/05\/IMG_8436-1024x683.jpg\" alt=\"\" width=\"650\" height=\"433\" srcset=\"https:\/\/agora.xtec.cat\/insils\/wp-content\/uploads\/usu1545\/2017\/05\/IMG_8436-1024x683.jpg 1024w, https:\/\/agora.xtec.cat\/insils\/wp-content\/uploads\/usu1545\/2017\/05\/IMG_8436-300x200.jpg 300w, https:\/\/agora.xtec.cat\/insils\/wp-content\/uploads\/usu1545\/2017\/05\/IMG_8436-768x512.jpg 768w, https:\/\/agora.xtec.cat\/insils\/wp-content\/uploads\/usu1545\/2017\/05\/IMG_8436.jpg 1642w\" sizes=\"auto, (max-width: 650px) 100vw, 650px\" \/><\/a><\/p>\n<p><strong><span style=\"text-decoration: underline;\">Enlla\u00e7os:<\/span><\/strong><\/p>\n<\/div>\n<div><\/div>\n<ul style=\"list-style-type: circle;\">\n<li><a href=\"https:\/\/docs.google.com\/presentation\/d\/1xlnrxg58hNuPPsksIZjqSYHd2ipbBcSSXYMkJyxyQps\/edit?slide=id.g26f7ab8cf8_0_0#slide=id.g26f7ab8cf8_0_0\">EL CONSELL D&#8217;ALUMNES DE SILS_PRESENTACI\u00d3<\/a><\/li>\n<li style=\"text-align: justify;\"><a href=\"https:\/\/jovecat.gencat.cat\/ca\/temes\/participacio_i_solidaritat\/xarxes-d-estudiants\/index.html\">Xarxes d&#8217;estudiants<\/a><\/li>\n<li style=\"text-align: justify;\"><a href=\"https:\/\/www.obessu.org\/\">Associaci\u00f3 europea d&#8217;estudiants<\/a><\/li>\n<\/ul>\n<hr \/>\n<p>&nbsp;<\/p>\n<\/div>\n","protected":false},"excerpt":{"rendered":"<p>El Consell d&#8217;Alumnes de l&#8217;Institut \u00e9s un important \u00f2rgan de participaci\u00f3 dels nois i noies. La finalitat d&#8217;aquest \u00f2rgan \u00e9s facilitar a l&#8217;alumnat l&#8217;autogesti\u00f3 i la posada en funcionament de pr\u00e0ctiques democr\u00e0tiques que facin extensiva la participaci\u00f3 activa de tot el col\u00b7lectiu d&#8217;alumnes en molts&hellip;  <a href=\"https:\/\/agora.xtec.cat\/insils\/consell\/alumnat\/\" title=\"Read Consell d&#8217;alumnes\">Llegeix m\u00e9s\u00bb<\/a><\/p>\n","protected":false},"author":1,"featured_media":0,"parent":522,"menu_order":10,"comment_status":"closed","ping_status":"closed","template":"","meta":{"_bbp_topic_count":0,"_bbp_reply_count":0,"_bbp_total_topic_count":0,"_bbp_total_reply_count":0,"_bbp_voice_count":0,"_bbp_anonymous_reply_count":0,"_bbp_topic_count_hidden":0,"_bbp_reply_count_hidden":0,"_bbp_forum_subforum_count":0,"footnotes":""},"class_list":["post-485","page","type-page","status-publish","hentry"],"post_mailing_queue_ids":[],"_links":{"self":[{"href":"https:\/\/agora.xtec.cat\/insils\/wp-json\/wp\/v2\/pages\/485","targetHints":{"allow":["GET"]}}],"collection":[{"href":"https:\/\/agora.xtec.cat\/insils\/wp-json\/wp\/v2\/pages"}],"about":[{"href":"https:\/\/agora.xtec.cat\/insils\/wp-json\/wp\/v2\/types\/page"}],"author":[{"embeddable":true,"href":"https:\/\/agora.xtec.cat\/insils\/wp-json\/wp\/v2\/users\/1"}],"replies":[{"embeddable":true,"href":"https:\/\/agora.xtec.cat\/insils\/wp-json\/wp\/v2\/comments?post=485"}],"version-history":[{"count":7,"href":"https:\/\/agora.xtec.cat\/insils\/wp-json\/wp\/v2\/pages\/485\/revisions"}],"predecessor-version":[{"id":6463,"href":"https:\/\/agora.xtec.cat\/insils\/wp-json\/wp\/v2\/pages\/485\/revisions\/6463"}],"up":[{"embeddable":true,"href":"https:\/\/agora.xtec.cat\/insils\/wp-json\/wp\/v2\/pages\/522"}],"wp:attachment":[{"href":"https:\/\/agora.xtec.cat\/insils\/wp-json\/wp\/v2\/media?parent=485"}],"curies":[{"name":"wp","href":"https:\/\/api.w.org\/{rel}","templated":true}]}}