{"id":4838,"date":"2023-07-18T13:13:41","date_gmt":"2023-07-18T11:13:41","guid":{"rendered":"https:\/\/agora.xtec.cat\/insils\/?page_id=4838"},"modified":"2024-09-18T10:56:31","modified_gmt":"2024-09-18T08:56:31","slug":"quota-dinici-de-curs","status":"publish","type":"page","link":"https:\/\/agora.xtec.cat\/insils\/secretaria\/quota-dinici-de-curs\/","title":{"rendered":"Quota d&#8217;inici de curs"},"content":{"rendered":"<p>En el seg\u00fcent document pdf, podeu consultar com formalitzar la matr\u00edcula pels <strong>cursos de 1r a 3r<\/strong> del pr\u00f2xim curs 24-25:<\/p>\n<p><center><iframe loading=\"lazy\" src=\"https:\/\/agora.xtec.cat\/insils\/wp-content\/uploads\/usu1545\/2024\/09\/Matricula-1r_2_3r-ESO.pdf\" width=\"100%\" height=\"1110\" frameborder=\"0\"><span data-mce-type=\"bookmark\" style=\"display: inline-block; width: 0px; overflow: hidden; line-height: 0;\" class=\"mce_SELRES_start\">\ufeff<\/span><span style=\"display: inline-block; width: 0px; overflow: hidden; line-height: 0;\" data-mce-type=\"bookmark\" class=\"mce_SELRES_start\">\ufeff<\/span><\/iframe><\/center>&nbsp;<\/p>\n<p>En el seg\u00fcent document pdf, podeu consultar com formalitzar la matr\u00edcula pel <strong>curs de 4t<\/strong> del pr\u00f2xim curs 24-25:<\/p>\n<p><center><iframe loading=\"lazy\" src=\"https:\/\/agora.xtec.cat\/insils\/wp-content\/uploads\/usu1545\/2024\/09\/Matricula-4t-ESO.pdf\" width=\"100%\" height=\"1110\" frameborder=\"0\"><span data-mce-type=\"bookmark\" style=\"display: inline-block; width: 0px; overflow: hidden; line-height: 0;\" class=\"mce_SELRES_start\">\ufeff<\/span><span style=\"display: inline-block; width: 0px; overflow: hidden; line-height: 0;\" data-mce-type=\"bookmark\" class=\"mce_SELRES_start\">\ufeff<\/span><\/iframe><\/center>&nbsp;<\/p>\n","protected":false},"excerpt":{"rendered":"<p>En el seg\u00fcent document pdf, podeu consultar com formalitzar la matr\u00edcula pels cursos de 1r a 3r del pr\u00f2xim curs 24-25:<br \/>\n\ufeff\ufeff&nbsp;<br \/>\nEn el seg\u00fcent document pdf, podeu consultar com formalitzar la matr\u00edcula pel curs de 4t del pr\u00f2xim curs 24-25:<br \/>\n\ufeff\ufeff&nbsp;<\/p>\n","protected":false},"author":296,"featured_media":0,"parent":81,"menu_order":1,"comment_status":"closed","ping_status":"closed","template":"page-templates\/side-menu.php","meta":{"_bbp_topic_count":0,"_bbp_reply_count":0,"_bbp_total_topic_count":0,"_bbp_total_reply_count":0,"_bbp_voice_count":0,"_bbp_anonymous_reply_count":0,"_bbp_topic_count_hidden":0,"_bbp_reply_count_hidden":0,"_bbp_forum_subforum_count":0,"footnotes":""},"class_list":["post-4838","page","type-page","status-publish","hentry"],"post_mailing_queue_ids":[],"_links":{"self":[{"href":"https:\/\/agora.xtec.cat\/insils\/wp-json\/wp\/v2\/pages\/4838","targetHints":{"allow":["GET"]}}],"collection":[{"href":"https:\/\/agora.xtec.cat\/insils\/wp-json\/wp\/v2\/pages"}],"about":[{"href":"https:\/\/agora.xtec.cat\/insils\/wp-json\/wp\/v2\/types\/page"}],"author":[{"embeddable":true,"href":"https:\/\/agora.xtec.cat\/insils\/wp-json\/wp\/v2\/users\/296"}],"replies":[{"embeddable":true,"href":"https:\/\/agora.xtec.cat\/insils\/wp-json\/wp\/v2\/comments?post=4838"}],"version-history":[{"count":6,"href":"https:\/\/agora.xtec.cat\/insils\/wp-json\/wp\/v2\/pages\/4838\/revisions"}],"predecessor-version":[{"id":5665,"href":"https:\/\/agora.xtec.cat\/insils\/wp-json\/wp\/v2\/pages\/4838\/revisions\/5665"}],"up":[{"embeddable":true,"href":"https:\/\/agora.xtec.cat\/insils\/wp-json\/wp\/v2\/pages\/81"}],"wp:attachment":[{"href":"https:\/\/agora.xtec.cat\/insils\/wp-json\/wp\/v2\/media?parent=4838"}],"curies":[{"name":"wp","href":"https:\/\/api.w.org\/{rel}","templated":true}]}}