{"id":4411,"date":"2022-05-09T14:41:39","date_gmt":"2022-05-09T12:41:39","guid":{"rendered":"https:\/\/agora.xtec.cat\/insils\/?page_id=4411"},"modified":"2025-11-10T15:31:20","modified_gmt":"2025-11-10T14:31:20","slug":"edc-institut-de-sils","status":"publish","type":"page","link":"https:\/\/agora.xtec.cat\/insils\/linstitut\/normes-dorganitzacio-i-funcionament\/edc-institut-de-sils\/","title":{"rendered":"EDC Institut de Sils"},"content":{"rendered":"<h1><span style=\"color: #000000;\">Estrat\u00e8gia Digital de Centre Institut de Sils<\/span><\/h1>\n<ul>\n<li style=\"list-style-type: none;\">\n<ul>\n<li style=\"list-style-type: none;\">\n<ul>\n<li><a href=\"https:\/\/agora.xtec.cat\/insils\/wp-content\/uploads\/usu1545\/2023\/07\/17009308-Institut-de-Sils-Resum-de-lEDC-signat.pdf#page=3\" target=\"_blank\" rel=\"noopener\">Introducci\u00f3<\/a><\/li>\n<li><a href=\"https:\/\/agora.xtec.cat\/insils\/wp-content\/uploads\/usu1545\/2023\/07\/17009308-Institut-de-Sils-Resum-de-lEDC-signat.pdf#page=5\" target=\"_blank\" rel=\"noopener\">Diagnosi<\/a><\/li>\n<li><a href=\"https:\/\/agora.xtec.cat\/insils\/wp-content\/uploads\/usu1545\/2023\/07\/17009308-Institut-de-Sils-Resum-de-lEDC-signat.pdf#page=6\" target=\"_blank\" rel=\"noopener\">An\u00e0lisi de la situaci\u00f3 del centre<\/a><\/li>\n<li><a href=\"https:\/\/agora.xtec.cat\/insils\/wp-content\/uploads\/usu1545\/2023\/07\/17009308-Institut-de-Sils-Resum-de-lEDC-signat.pdf#page=8\" target=\"_blank\" rel=\"noopener\">Objectius<\/a><\/li>\n<li><a href=\"https:\/\/agora.xtec.cat\/insils\/wp-content\/uploads\/usu1545\/2023\/07\/17009308-Institut-de-Sils-Resum-de-lEDC-signat.pdf#page=9\" target=\"_blank\" rel=\"noopener\">Activitats a desenvolupar<\/a><\/li>\n<li><a href=\"https:\/\/agora.xtec.cat\/insils\/wp-content\/uploads\/usu1545\/2023\/07\/17009308-Institut-de-Sils-Resum-de-lEDC-signat.pdf#page=11\" target=\"_blank\" rel=\"noopener\">Proposta de temporitzaci\u00f3 dels objectius i de les activitats<\/a><\/li>\n<li><a href=\"https:\/\/agora.xtec.cat\/insils\/wp-content\/uploads\/usu1545\/2023\/07\/17009308-Institut-de-Sils-Resum-de-lEDC-signat.pdf#page=13\" target=\"_blank\" rel=\"noopener\">Avaluaci\u00f3<\/a><\/li>\n<\/ul>\n<\/li>\n<\/ul>\n<\/li>\n<\/ul>\n<p><center><\/center>&nbsp;<\/p>\n<h1><span style=\"color: #000000;\">Cultura digital<\/span><\/h1>\n<ul>\n<li style=\"list-style-type: none;\">\n<ul>\n<li style=\"list-style-type: none;\">\n<ul>\n<li><a href=\"https:\/\/docs.google.com\/document\/d\/1xEheF9e_y-m9jKw1rPOgD_OmFv23bLJNFG89CsnDRjA\/edit#heading=h.9zs0esj31y40\">Acollida digital referent a mestres<\/a> (acc\u00e9s restringit al domini de centre)<\/li>\n<li><a href=\"https:\/\/docs.google.com\/document\/d\/1xEheF9e_y-m9jKw1rPOgD_OmFv23bLJNFG89CsnDRjA\/edit#heading=h.hb3etde5qbs7\">Acollida digital referent a alumnes i fam\u00edlies<\/a> (acc\u00e9s restringit al domini de centre)<\/li>\n<li><a href=\"https:\/\/drive.google.com\/file\/d\/1CIfmJmZygp7YOuhEV44K423_t7Q1Te_j\/view?usp=drive_link\">Presentaci\u00f3 de la utilitzaci\u00f3 d&#8217;iEduca per a les fam\u00edlies<\/a>.<\/li>\n<li><a href=\"https:\/\/drive.google.com\/file\/d\/1eLZD1vxLEUBwvAnMcXAdX4Sj3fQWM1oM\/view?usp=drive_link\">Quin material tenim<\/a>. Apartat 6.2 i 6.3.<\/li>\n<li><a href=\"https:\/\/drive.google.com\/file\/d\/1eLZD1vxLEUBwvAnMcXAdX4Sj3fQWM1oM\/view?usp=drive_link\">Normativa dels ordinadors dels alumnes<\/a>. Apartat 6.4.<\/li>\n<li><a href=\"https:\/\/drive.google.com\/file\/d\/1eLZD1vxLEUBwvAnMcXAdX4Sj3fQWM1oM\/view?usp=drive_link\">Normativa sobre l\u2019\u00fas de la xarxa per part dels alumnes (penjar fotos, \u2026)<\/a>. Apartat 6.5<\/li>\n<li><a href=\"https:\/\/docs.google.com\/document\/d\/1CKZ-dws1X18tvfM8Raj_bjM6fiSiZ0cSic-gXqDJGz0\/edit?usp=sharing\">Carta de comprom\u00eds pel bon \u00fas dels ordinadors<\/a>.<\/li>\n<li><a href=\"https:\/\/docs.google.com\/document\/d\/1qPYPDkkaDNW0KNYIerf3Yu5yaPcojvBcXQdAvgTByyw\/edit?usp=sharing\">Carta per cedir un ordinador a casa<\/a>.<\/li>\n<\/ul>\n<\/li>\n<\/ul>\n<\/li>\n<\/ul>\n<p>&nbsp;<\/p>\n<p>&nbsp;<\/p>\n<p><!--a=1--><\/p>\n","protected":false},"excerpt":{"rendered":"<p>Estrat\u00e8gia Digital de Centre Institut de Sils<\/p>\n<ul>\n<li style=\"list-style-type: none;\">\n<ul>\n<li style=\"list-style-type: none;\">\n<ul>\n<li><a href=\"https:\/\/agora.xtec.cat\/insils\/wp-content\/uploads\/usu1545\/2023\/07\/17009308-Institut-de-Sils-Resum-de-lEDC-signat.pdf#page=3\" target=\"_blank\" rel=\"noopener\">Introducci\u00f3<\/a><\/li>\n<li><a href=\"https:\/\/agora.xtec.cat\/insils\/wp-content\/uploads\/usu1545\/2023\/07\/17009308-Institut-de-Sils-Resum-de-lEDC-signat.pdf#page=5\" target=\"_blank\" rel=\"noopener\">Diagnosi<\/a><\/li>\n<li><a href=\"https:\/\/agora.xtec.cat\/insils\/wp-content\/uploads\/usu1545\/2023\/07\/17009308-Institut-de-Sils-Resum-de-lEDC-signat.pdf#page=6\" target=\"_blank\" rel=\"noopener\">An\u00e0lisi de la situaci\u00f3 del centre<\/a><\/li>\n<li><a href=\"https:\/\/agora.xtec.cat\/insils\/wp-content\/uploads\/usu1545\/2023\/07\/17009308-Institut-de-Sils-Resum-de-lEDC-signat.pdf#page=8\" target=\"_blank\" rel=\"noopener\">Objectius<\/a><\/li>\n<li><a href=\"https:\/\/agora.xtec.cat\/insils\/wp-content\/uploads\/usu1545\/2023\/07\/17009308-Institut-de-Sils-Resum-de-lEDC-signat.pdf#page=9\" target=\"_blank\" rel=\"noopener\">Activitats a desenvolupar<\/a><\/li>\n<li><a href=\"https:\/\/agora.xtec.cat\/insils\/wp-content\/uploads\/usu1545\/2023\/07\/17009308-Institut-de-Sils-Resum-de-lEDC-signat.pdf#page=11\" target=\"_blank\" rel=\"noopener\">Proposta de temporitzaci\u00f3 dels objectius i de les activitats<\/a><\/li>\n<li><a href=\"https:\/\/agora.xtec.cat\/insils\/wp-content\/uploads\/usu1545\/2023\/07\/17009308-Institut-de-Sils-Resum-de-lEDC-signat.pdf#page=13\"&hellip;  <a href=\"https:\/\/agora.xtec.cat\/insils\/linstitut\/normes-dorganitzacio-i-funcionament\/edc-institut-de-sils\/\" title=\"Read EDC Institut de Sils\">Llegeix m\u00e9s\u00bb<\/a><br \/>\n","protected":false},"author":1,"featured_media":0,"parent":49,"menu_order":70,"comment_status":"closed","ping_status":"closed","template":"page-templates\/side-menu.php","meta":{"_bbp_topic_count":0,"_bbp_reply_count":0,"_bbp_total_topic_count":0,"_bbp_total_reply_count":0,"_bbp_voice_count":0,"_bbp_anonymous_reply_count":0,"_bbp_topic_count_hidden":0,"_bbp_reply_count_hidden":0,"_bbp_forum_subforum_count":0,"footnotes":""},"class_list":["post-4411","page","type-page","status-publish","hentry"],"post_mailing_queue_ids":[],"_links":{"self":[{"href":"https:\/\/agora.xtec.cat\/insils\/wp-json\/wp\/v2\/pages\/4411","targetHints":{"allow":["GET"]}}],"collection":[{"href":"https:\/\/agora.xtec.cat\/insils\/wp-json\/wp\/v2\/pages"}],"about":[{"href":"https:\/\/agora.xtec.cat\/insils\/wp-json\/wp\/v2\/types\/page"}],"author":[{"embeddable":true,"href":"https:\/\/agora.xtec.cat\/insils\/wp-json\/wp\/v2\/users\/1"}],"replies":[{"embeddable":true,"href":"https:\/\/agora.xtec.cat\/insils\/wp-json\/wp\/v2\/comments?post=4411"}],"version-history":[{"count":8,"href":"https:\/\/agora.xtec.cat\/insils\/wp-json\/wp\/v2\/pages\/4411\/revisions"}],"predecessor-version":[{"id":6368,"href":"https:\/\/agora.xtec.cat\/insils\/wp-json\/wp\/v2\/pages\/4411\/revisions\/6368"}],"up":[{"embeddable":true,"href":"https:\/\/agora.xtec.cat\/insils\/wp-json\/wp\/v2\/pages\/49"}],"wp:attachment":[{"href":"https:\/\/agora.xtec.cat\/insils\/wp-json\/wp\/v2\/media?parent=4411"}],"curies":[{"name":"wp","href":"https:\/\/api.w.org\/{rel}","templated":true}]}}