{"id":39,"date":"2014-09-17T16:36:44","date_gmt":"2014-09-17T16:36:44","guid":{"rendered":"http:\/\/agora.xtec.cat\/insils\/?page_id=39"},"modified":"2021-09-08T11:55:12","modified_gmt":"2021-09-08T09:55:12","slug":"instal%c2%b7lacions","status":"publish","type":"page","link":"https:\/\/agora.xtec.cat\/insils\/linstitut\/instal%c2%b7lacions\/","title":{"rendered":"Instal\u00b7lacions"},"content":{"rendered":"<hr>\n<p style=\"text-align: justify;\"><span style=\"font-weight: 400;\">L\u2019Institut de Sils est\u00e0 ubicat dins el terme municipal de Sils, als afores del nucli urb\u00e0. Les instal\u00b7lacions s\u00f3n una col\u00b7lecci\u00f3 de m\u00f2duls prefabricats sanejats durant l\u2019estiu del 2020.\u00a0<\/span><\/p>\n<p style=\"text-align: justify;\"><span style=\"font-weight: 400;\">Cada grup-classe t\u00e9 una aula espaiosa per fer les activitats d\u2019aprenentatge.\u00a0<\/span><\/p>\n<p style=\"text-align: justify;\"><span style=\"font-weight: 400;\">Tamb\u00e9 comptem amb una aula de tecnologia, un laboratori i aula de m\u00fasica.\u00a0<\/span><\/p>\n<p style=\"text-align: justify;\"><span style=\"font-weight: 400;\">L\u2019Educaci\u00f3 F\u00edsica la realitzem al pavell\u00f3 municipal.\u00a0<\/span><\/p>\n<p style=\"text-align: justify;\"><span style=\"font-weight: 400;\">La zona d\u2019esbarjo la realitzem en tres espais diferents: a les dues zones del davant de l\u2019institut i al parc municipal que queda al darrere de les instal\u00b7lacions.\u00a0<\/span><\/p>\n<p><strong><span style=\"color: #333399;\"><a href=\"http:\/\/agora.xtec.cat\/insils\/wp-content\/uploads\/usu1545\/2014\/09\/patifut.jpg\"><img loading=\"lazy\" decoding=\"async\" class=\"wp-image-621 alignleft\" src=\"http:\/\/agora.xtec.cat\/insils\/wp-content\/uploads\/usu1545\/2014\/09\/patifut-1024x683.jpg\" alt=\"\" width=\"443\" height=\"295\" srcset=\"https:\/\/agora.xtec.cat\/insils\/wp-content\/uploads\/usu1545\/2014\/09\/patifut-1024x683.jpg 1024w, https:\/\/agora.xtec.cat\/insils\/wp-content\/uploads\/usu1545\/2014\/09\/patifut-300x200.jpg 300w, https:\/\/agora.xtec.cat\/insils\/wp-content\/uploads\/usu1545\/2014\/09\/patifut-768x512.jpg 768w, https:\/\/agora.xtec.cat\/insils\/wp-content\/uploads\/usu1545\/2014\/09\/patifut.jpg 2048w\" sizes=\"auto, (max-width: 443px) 100vw, 443px\" \/><\/a><a href=\"http:\/\/agora.xtec.cat\/insils\/wp-content\/uploads\/usu1545\/2014\/09\/IMG_8332.jpg\"><img loading=\"lazy\" decoding=\"async\" class=\"wp-image-619 alignleft\" src=\"http:\/\/agora.xtec.cat\/insils\/wp-content\/uploads\/usu1545\/2014\/09\/IMG_8332-1024x683.jpg\" alt=\"\" width=\"441\" height=\"294\" srcset=\"https:\/\/agora.xtec.cat\/insils\/wp-content\/uploads\/usu1545\/2014\/09\/IMG_8332-1024x683.jpg 1024w, https:\/\/agora.xtec.cat\/insils\/wp-content\/uploads\/usu1545\/2014\/09\/IMG_8332-300x200.jpg 300w, https:\/\/agora.xtec.cat\/insils\/wp-content\/uploads\/usu1545\/2014\/09\/IMG_8332-768x512.jpg 768w, https:\/\/agora.xtec.cat\/insils\/wp-content\/uploads\/usu1545\/2014\/09\/IMG_8332.jpg 1642w\" sizes=\"auto, (max-width: 441px) 100vw, 441px\" \/><\/a><br \/>\n<\/span><\/strong><\/p>\n<p>&nbsp;<\/p>\n<p>&nbsp;<\/p>\n<p>&nbsp;<\/p>\n<p>&nbsp;<\/p>\n<p>&nbsp;<\/p>\n<p>&nbsp;<\/p>\n<p style=\"text-align: center;\"><a href=\"http:\/\/agora.xtec.cat\/insils\/wp-content\/uploads\/usu1545\/2014\/09\/pati.jpg\"><img loading=\"lazy\" decoding=\"async\" class=\"wp-image-622 alignleft\" src=\"http:\/\/agora.xtec.cat\/insils\/wp-content\/uploads\/usu1545\/2014\/09\/pati-1024x683.jpg\" alt=\"\" width=\"404\" height=\"269\" srcset=\"https:\/\/agora.xtec.cat\/insils\/wp-content\/uploads\/usu1545\/2014\/09\/pati-1024x683.jpg 1024w, https:\/\/agora.xtec.cat\/insils\/wp-content\/uploads\/usu1545\/2014\/09\/pati-300x200.jpg 300w, https:\/\/agora.xtec.cat\/insils\/wp-content\/uploads\/usu1545\/2014\/09\/pati-768x512.jpg 768w, https:\/\/agora.xtec.cat\/insils\/wp-content\/uploads\/usu1545\/2014\/09\/pati.jpg 2048w\" sizes=\"auto, (max-width: 404px) 100vw, 404px\" \/><\/a><a href=\"http:\/\/agora.xtec.cat\/insils\/wp-content\/uploads\/usu1545\/2014\/09\/yoga.jpg\"><img loading=\"lazy\" decoding=\"async\" class=\"wp-image-620 alignleft\" src=\"http:\/\/agora.xtec.cat\/insils\/wp-content\/uploads\/usu1545\/2014\/09\/yoga-1024x576.jpg\" alt=\"\" width=\"479\" height=\"269\" srcset=\"https:\/\/agora.xtec.cat\/insils\/wp-content\/uploads\/usu1545\/2014\/09\/yoga-1024x576.jpg 1024w, https:\/\/agora.xtec.cat\/insils\/wp-content\/uploads\/usu1545\/2014\/09\/yoga-300x169.jpg 300w, https:\/\/agora.xtec.cat\/insils\/wp-content\/uploads\/usu1545\/2014\/09\/yoga-768x432.jpg 768w, https:\/\/agora.xtec.cat\/insils\/wp-content\/uploads\/usu1545\/2014\/09\/yoga.jpg 2048w\" sizes=\"auto, (max-width: 479px) 100vw, 479px\" \/><\/a><\/p>\n","protected":false},"excerpt":{"rendered":"<p>L\u2019Institut de Sils est\u00e0 ubicat dins el terme municipal de Sils, als afores del nucli urb\u00e0. Les instal\u00b7lacions s\u00f3n una col\u00b7lecci\u00f3 de m\u00f2duls prefabricats sanejats durant l\u2019estiu del 2020.\u00a0<br \/>\nCada grup-classe t\u00e9 una aula espaiosa per fer les activitats d\u2019aprenentatge.\u00a0<br \/>\nTamb\u00e9 comptem amb una aula de tecnologia,&hellip;  <a href=\"https:\/\/agora.xtec.cat\/insils\/linstitut\/instal%c2%b7lacions\/\" title=\"Read Instal\u00b7lacions\">Llegeix m\u00e9s\u00bb<\/a><\/p>\n","protected":false},"author":1,"featured_media":0,"parent":19,"menu_order":30,"comment_status":"closed","ping_status":"closed","template":"page-templates\/side-menu.php","meta":{"_bbp_topic_count":0,"_bbp_reply_count":0,"_bbp_total_topic_count":0,"_bbp_total_reply_count":0,"_bbp_voice_count":0,"_bbp_anonymous_reply_count":0,"_bbp_topic_count_hidden":0,"_bbp_reply_count_hidden":0,"_bbp_forum_subforum_count":0,"footnotes":""},"class_list":["post-39","page","type-page","status-publish","hentry"],"post_mailing_queue_ids":[],"_links":{"self":[{"href":"https:\/\/agora.xtec.cat\/insils\/wp-json\/wp\/v2\/pages\/39","targetHints":{"allow":["GET"]}}],"collection":[{"href":"https:\/\/agora.xtec.cat\/insils\/wp-json\/wp\/v2\/pages"}],"about":[{"href":"https:\/\/agora.xtec.cat\/insils\/wp-json\/wp\/v2\/types\/page"}],"author":[{"embeddable":true,"href":"https:\/\/agora.xtec.cat\/insils\/wp-json\/wp\/v2\/users\/1"}],"replies":[{"embeddable":true,"href":"https:\/\/agora.xtec.cat\/insils\/wp-json\/wp\/v2\/comments?post=39"}],"version-history":[{"count":5,"href":"https:\/\/agora.xtec.cat\/insils\/wp-json\/wp\/v2\/pages\/39\/revisions"}],"predecessor-version":[{"id":4099,"href":"https:\/\/agora.xtec.cat\/insils\/wp-json\/wp\/v2\/pages\/39\/revisions\/4099"}],"up":[{"embeddable":true,"href":"https:\/\/agora.xtec.cat\/insils\/wp-json\/wp\/v2\/pages\/19"}],"wp:attachment":[{"href":"https:\/\/agora.xtec.cat\/insils\/wp-json\/wp\/v2\/media?parent=39"}],"curies":[{"name":"wp","href":"https:\/\/api.w.org\/{rel}","templated":true}]}}