{"id":27,"date":"2014-09-17T16:24:03","date_gmt":"2014-09-17T16:24:03","guid":{"rendered":"http:\/\/agora.xtec.cat\/insils\/?page_id=27"},"modified":"2021-09-08T11:55:07","modified_gmt":"2021-09-08T09:55:07","slug":"historia","status":"publish","type":"page","link":"https:\/\/agora.xtec.cat\/insils\/linstitut\/historia\/","title":{"rendered":"Hist\u00f2ria"},"content":{"rendered":"<hr>\n<p style=\"text-align: justify;\"><span style=\"font-weight: 400;\">Des de l&#8217;any 1995, un grup de professors i professores de secund\u00e0ria es reunia mensualment per parlar i reflexionar sobre temes educatius. La inquietud que va mobilitzar aquest grup de reflexi\u00f3 pedag\u00f2gica era sobretot de car\u00e0cter ideol\u00f2gic. Ja des de l\u2019origen, es plantejava la premissa que el sistema educatiu pot ser reproductor del sistema social o b\u00e9 pot ser transformador. Es van debatre, durant moltes sessions, temes com: l&#8217;escola inclusiva, els valors a l&#8217;educaci\u00f3, la no discriminaci\u00f3, l&#8217;atenci\u00f3 a la diversitat, etc. En un moment donat d\u2019aquesta traject\u00f2ria, el Grup La Font va acabar definint el que, segons el seu ideari pedag\u00f2gic, podria ser el centre de secund\u00e0ria m\u00e9s adaptat a les necessitats del segle XXI.\u00a0<\/span><\/p>\n<p style=\"text-align: justify;\"><span style=\"font-weight: 400;\">La voluntat d\u2019aplicar aquest projecte a un centre real va fer que es present\u00e9s al Departament una proposta d\u2019equip docent per a un centre de nova creaci\u00f3. Quan hi va haver la necessitat de crear un nou centre al municipi de Sils, el projecte del Grup La Font va ser acceptat. Aix\u00ed, l&#8217;Institut de Sils, amb nou professors, una gran majoria dels quals, membres del grup, comen\u00e7\u00e0 el seu cam\u00ed el setembre de 2008.\u00a0<\/span><\/p>\n<p style=\"text-align: justify;\"><span style=\"font-weight: 400;\">L&#8217;afany per la innovaci\u00f3 pedag\u00f2gica i la vocaci\u00f3 de centre obert, actiu i inclusiu han estat una constant des dels inicis i s&#8217;han mantingut amb el pas dels anys. En el curs 2011-12 vam completar l&#8217;etapa d&#8217;ESO i aquestes premisses s&#8217;han anat consolidant. El resultat \u00e9s un centre amb una personalitat marcada i amb un estil diferent del que veiem habitualment als centres de secund\u00e0ria.\u00a0<\/span><\/p>\n<p style=\"text-align: justify;\"><span style=\"font-weight: 400;\">Evidentment, aix\u00f2 fa que l&#8217;organitzaci\u00f3 pedag\u00f2gica i el perfil i el rol desitjables del professorat que treballa al centre no puguin ser els est\u00e0ndards. Seguir mantenint el car\u00e0cter innovador amb el pas dels cursos no ha estat una tasca gens f\u00e0cil. Som conscients que el nostre projecte educatiu suposa un nivell alt d&#8217;exig\u00e8ncia als professionals respecte a la gesti\u00f3, l&#8217;organitzaci\u00f3 pedag\u00f2gica i la tasca docent. Aix\u00f2 ha suposat un especial nivell d&#8217;implicaci\u00f3 per part de tot el professorat que treballa al centre i un alt grau de coordinaci\u00f3. <\/span><\/p>\n<p><a href=\"http:\/\/agora.xtec.cat\/insils\/wp-content\/uploads\/usu1545\/2014\/09\/IMG_8369.jpg\"><img loading=\"lazy\" decoding=\"async\" class=\"wp-image-616 alignnone\" src=\"http:\/\/agora.xtec.cat\/insils\/wp-content\/uploads\/usu1545\/2014\/09\/IMG_8369-1024x683.jpg\" alt=\"\" width=\"449\" height=\"299\" srcset=\"https:\/\/agora.xtec.cat\/insils\/wp-content\/uploads\/usu1545\/2014\/09\/IMG_8369-1024x683.jpg 1024w, https:\/\/agora.xtec.cat\/insils\/wp-content\/uploads\/usu1545\/2014\/09\/IMG_8369-300x200.jpg 300w, https:\/\/agora.xtec.cat\/insils\/wp-content\/uploads\/usu1545\/2014\/09\/IMG_8369-768x512.jpg 768w, https:\/\/agora.xtec.cat\/insils\/wp-content\/uploads\/usu1545\/2014\/09\/IMG_8369.jpg 1642w\" sizes=\"auto, (max-width: 449px) 100vw, 449px\" \/><\/a> . <a href=\"http:\/\/agora.xtec.cat\/insils\/wp-content\/uploads\/usu1545\/2014\/09\/IMG_8379.jpg\"><img loading=\"lazy\" decoding=\"async\" class=\"wp-image-634 alignnone\" src=\"http:\/\/agora.xtec.cat\/insils\/wp-content\/uploads\/usu1545\/2014\/09\/IMG_8379-1024x683.jpg\" alt=\"\" width=\"450\" height=\"299\" srcset=\"https:\/\/agora.xtec.cat\/insils\/wp-content\/uploads\/usu1545\/2014\/09\/IMG_8379-1024x683.jpg 1024w, https:\/\/agora.xtec.cat\/insils\/wp-content\/uploads\/usu1545\/2014\/09\/IMG_8379-300x200.jpg 300w, https:\/\/agora.xtec.cat\/insils\/wp-content\/uploads\/usu1545\/2014\/09\/IMG_8379-768x512.jpg 768w, https:\/\/agora.xtec.cat\/insils\/wp-content\/uploads\/usu1545\/2014\/09\/IMG_8379.jpg 1642w\" sizes=\"auto, (max-width: 450px) 100vw, 450px\" \/><\/a><\/p>\n","protected":false},"excerpt":{"rendered":"<p>Des de l&#8217;any 1995, un grup de professors i professores de secund\u00e0ria es reunia mensualment per parlar i reflexionar sobre temes educatius. La inquietud que va mobilitzar aquest grup de reflexi\u00f3 pedag\u00f2gica era sobretot de car\u00e0cter ideol\u00f2gic. Ja des de l\u2019origen, es plantejava la premissa&hellip;  <a href=\"https:\/\/agora.xtec.cat\/insils\/linstitut\/historia\/\" title=\"Read Hist\u00f2ria\">Llegeix m\u00e9s\u00bb<\/a><\/p>\n","protected":false},"author":1,"featured_media":0,"parent":19,"menu_order":20,"comment_status":"closed","ping_status":"closed","template":"page-templates\/side-menu.php","meta":{"_bbp_topic_count":0,"_bbp_reply_count":0,"_bbp_total_topic_count":0,"_bbp_total_reply_count":0,"_bbp_voice_count":0,"_bbp_anonymous_reply_count":0,"_bbp_topic_count_hidden":0,"_bbp_reply_count_hidden":0,"_bbp_forum_subforum_count":0,"footnotes":""},"class_list":["post-27","page","type-page","status-publish","hentry"],"post_mailing_queue_ids":[],"_links":{"self":[{"href":"https:\/\/agora.xtec.cat\/insils\/wp-json\/wp\/v2\/pages\/27","targetHints":{"allow":["GET"]}}],"collection":[{"href":"https:\/\/agora.xtec.cat\/insils\/wp-json\/wp\/v2\/pages"}],"about":[{"href":"https:\/\/agora.xtec.cat\/insils\/wp-json\/wp\/v2\/types\/page"}],"author":[{"embeddable":true,"href":"https:\/\/agora.xtec.cat\/insils\/wp-json\/wp\/v2\/users\/1"}],"replies":[{"embeddable":true,"href":"https:\/\/agora.xtec.cat\/insils\/wp-json\/wp\/v2\/comments?post=27"}],"version-history":[{"count":4,"href":"https:\/\/agora.xtec.cat\/insils\/wp-json\/wp\/v2\/pages\/27\/revisions"}],"predecessor-version":[{"id":4097,"href":"https:\/\/agora.xtec.cat\/insils\/wp-json\/wp\/v2\/pages\/27\/revisions\/4097"}],"up":[{"embeddable":true,"href":"https:\/\/agora.xtec.cat\/insils\/wp-json\/wp\/v2\/pages\/19"}],"wp:attachment":[{"href":"https:\/\/agora.xtec.cat\/insils\/wp-json\/wp\/v2\/media?parent=27"}],"curies":[{"name":"wp","href":"https:\/\/api.w.org\/{rel}","templated":true}]}}