{"id":19,"date":"2014-09-17T14:56:56","date_gmt":"2014-09-17T14:56:56","guid":{"rendered":"http:\/\/agora.xtec.cat\/insils\/?page_id=19"},"modified":"2020-10-24T16:31:38","modified_gmt":"2020-10-24T14:31:38","slug":"linstitut","status":"publish","type":"page","link":"https:\/\/agora.xtec.cat\/insils\/linstitut\/","title":{"rendered":"L&#8217;institut"},"content":{"rendered":"<p style=\"text-align: justify;\"><span style=\"color: #000000;\">L&#8217;Institut de Sils \u00e9s un centre de secund\u00e0ria obligat\u00f2ria creat l&#8217;any 2008 amb un projecte educatiu de car\u00e0cter innovador.\u00a0Els eixos del projecte sempre han estat la did\u00e0ctica del grup heterogeni, l&#8217;avaluaci\u00f3 competencial, l&#8217;enfocament global de l&#8217;aprenentatge i l&#8217;educaci\u00f3 en valors.\u00a0L&#8217;organitzaci\u00f3 pedag\u00f2gica de car\u00e0cter avan\u00e7at d\u00f3na com a resultat, a la pr\u00e0ctica, un centre OBERT, ACTIU I INCLUSIU.<\/span><\/p>\n<p><a href=\"http:\/\/agora.xtec.cat\/insils\/wp-content\/uploads\/usu1545\/2014\/09\/mix.jpg\"><img loading=\"lazy\" decoding=\"async\" class=\"size-large wp-image-610 aligncenter\" src=\"http:\/\/agora.xtec.cat\/insils\/wp-content\/uploads\/usu1545\/2014\/09\/mix-769x1024.jpg\" alt=\"\" width=\"769\" height=\"1024\" srcset=\"https:\/\/agora.xtec.cat\/insils\/wp-content\/uploads\/usu1545\/2014\/09\/mix-769x1024.jpg 769w, https:\/\/agora.xtec.cat\/insils\/wp-content\/uploads\/usu1545\/2014\/09\/mix-225x300.jpg 225w, https:\/\/agora.xtec.cat\/insils\/wp-content\/uploads\/usu1545\/2014\/09\/mix-768x1023.jpg 768w, https:\/\/agora.xtec.cat\/insils\/wp-content\/uploads\/usu1545\/2014\/09\/mix.jpg 1538w\" sizes=\"auto, (max-width: 769px) 100vw, 769px\" \/><\/a><\/p>\n<p style=\"color: #444444;\">\n","protected":false},"excerpt":{"rendered":"<p>L&#8217;Institut de Sils \u00e9s un centre de secund\u00e0ria obligat\u00f2ria creat l&#8217;any 2008 amb un projecte educatiu de car\u00e0cter innovador.\u00a0Els eixos del projecte sempre han estat la did\u00e0ctica del grup heterogeni, l&#8217;avaluaci\u00f3 competencial, l&#8217;enfocament global de l&#8217;aprenentatge i l&#8217;educaci\u00f3 en valors.\u00a0L&#8217;organitzaci\u00f3 pedag\u00f2gica de car\u00e0cter avan\u00e7at d\u00f3na&hellip;  <a href=\"https:\/\/agora.xtec.cat\/insils\/linstitut\/\" title=\"Read L&#8217;institut\">Llegeix m\u00e9s\u00bb<\/a><\/p>\n","protected":false},"author":1,"featured_media":0,"parent":0,"menu_order":0,"comment_status":"closed","ping_status":"closed","template":"page-templates\/side-menu.php","meta":{"_bbp_topic_count":0,"_bbp_reply_count":0,"_bbp_total_topic_count":0,"_bbp_total_reply_count":0,"_bbp_voice_count":0,"_bbp_anonymous_reply_count":0,"_bbp_topic_count_hidden":0,"_bbp_reply_count_hidden":0,"_bbp_forum_subforum_count":0,"footnotes":""},"class_list":["post-19","page","type-page","status-publish","hentry"],"post_mailing_queue_ids":[],"_links":{"self":[{"href":"https:\/\/agora.xtec.cat\/insils\/wp-json\/wp\/v2\/pages\/19","targetHints":{"allow":["GET"]}}],"collection":[{"href":"https:\/\/agora.xtec.cat\/insils\/wp-json\/wp\/v2\/pages"}],"about":[{"href":"https:\/\/agora.xtec.cat\/insils\/wp-json\/wp\/v2\/types\/page"}],"author":[{"embeddable":true,"href":"https:\/\/agora.xtec.cat\/insils\/wp-json\/wp\/v2\/users\/1"}],"replies":[{"embeddable":true,"href":"https:\/\/agora.xtec.cat\/insils\/wp-json\/wp\/v2\/comments?post=19"}],"version-history":[{"count":5,"href":"https:\/\/agora.xtec.cat\/insils\/wp-json\/wp\/v2\/pages\/19\/revisions"}],"predecessor-version":[{"id":3271,"href":"https:\/\/agora.xtec.cat\/insils\/wp-json\/wp\/v2\/pages\/19\/revisions\/3271"}],"wp:attachment":[{"href":"https:\/\/agora.xtec.cat\/insils\/wp-json\/wp\/v2\/media?parent=19"}],"curies":[{"name":"wp","href":"https:\/\/api.w.org\/{rel}","templated":true}]}}