{"id":805,"date":"2018-07-11T00:12:40","date_gmt":"2018-07-10T22:12:40","guid":{"rendered":"http:\/\/agora.xtec.cat\/insgurb\/?page_id=805"},"modified":"2023-02-12T17:56:33","modified_gmt":"2023-02-12T16:56:33","slug":"linstitut","status":"publish","type":"page","link":"https:\/\/agora.xtec.cat\/insgurb\/linstitut\/","title":{"rendered":"L&#8217;institut"},"content":{"rendered":"<p><strong>DESCRIPCI\u00d3<\/strong><\/p>\n<p><img loading=\"lazy\" decoding=\"async\" class=\"aligncenter\" src=\"http:\/\/imatges.elpunt.net\/imatges\/56\/14\/alta\/780_0008_5614154_453c363c176fe21099a86c2b75d663f8.jpg\" width=\"444\" height=\"271\" \/><\/p>\n<p>L&#8217;Institut de Gurb \u00e9s un centre d&#8217;ensenyament secundari\u00a0ubicat al municipi de Gurb, a la comarca d&#8217;Osona, que\u00a0acull alumnes de Sant Bartomeu del Grau, Santa Eul\u00e0lia de Riuprimer, Muntanyola i Gurb principalment,\u00a0tot i que tamb\u00e9 t\u00e9 alumnes provinents d&#8217;altres poblacions com la ciutat de Vic.<\/p>\n<p>El centre va iniciar la seva activitat el curs 2010-11 amb dues l\u00ednies de 1r d&#8217;ESO. Actualment, t\u00e9 al voltant de 360 alumnes i 35 professors, i ofereix estudis de 1r fins a 4t d&#8217;ESO. La seva missi\u00f3 \u00e9s aconseguir la <strong>millora dels resultats acad\u00e8mics i el grau de cohesi\u00f3 social<\/strong>\u00a0de l&#8217;alumnat en un context d&#8217;equitat.\u00a0Els valors propis de l&#8217;institut s\u00f3n la diversitat, la innovaci\u00f3, la qualitat, la formaci\u00f3, la col\u00b7laboraci\u00f3, la comunicaci\u00f3, la reflexi\u00f3 i avaluaci\u00f3 i el respecte per l\u2019entorn. De la mateixa manera, els nostres principis relacionals s\u00f3n el respecte, la professionalitat, la transpar\u00e8ncia, la reflexi\u00f3 i la creativitat.<\/p>\n<p>Com a centre p\u00fablic, ens regim pels valors de les societats democr\u00e0tiques i treballem pel respecte per les llibertats individuals, per garantir el dret d&#8217;opini\u00f3 i el respecte vers les opinions dels altres, per la comprensi\u00f3 i empatia per la diversitat cultural i ideol\u00f2gica i per la resoluci\u00f3 pac\u00edfica i dialogada de conflictes.<\/p>\n<p>L&#8217;Institut de Gurb es regeix per\u00a0<strong>quatre principis pedag\u00f2gics<\/strong>:<\/p>\n<ul>\n<li><b>Innovaci\u00f3:\u00a0<\/b>integraci\u00f3 avan\u00e7ada de les TAC (tecnologies de l\u2019aprenentatge i el coneixement).<\/li>\n<li><b>Investigaci\u00f3:<\/b>\u00a0aplicaci\u00f3 del paradigma cient\u00edfic i els seus m\u00e8todes com a pont entre l\u2019institut i l\u2019entorn natural, social i tecnol\u00f2gic.<\/li>\n<li><b>Comunicaci\u00f3:<\/b>\u00a0capacitat d\u2019expressar-se i relacionar-se en diverses lleng\u00fces i comprendre-les.<\/li>\n<li><b>Pr\u00e0ctica de l\u2019esport :<\/b>\u00a0foment de la col\u00b7laboraci\u00f3 i la cooperaci\u00f3 i aprenentatge d\u2019h\u00e0bits de vida saludables i sostenibles.<\/li>\n<\/ul>\n<p>Els criteris d&#8217;organitzaci\u00f3 pedag\u00f2gica de l&#8217;Institut de Gurb s\u00f3n els\u00a0<strong>agrupaments heterogenis<\/strong>, el\u00a0<strong>treball cooperatiu<\/strong>, el\u00a0<strong>treball per projectes<\/strong>\u00a0i la\u00a0<strong>flexibilitat hor\u00e0ria<\/strong>. Tamb\u00e9 donem molta import\u00e0ncia a l&#8217;<strong>\u00fas de les TIC<\/strong>, dins i fora de l&#8217;aula.<\/p>\n<p><img loading=\"lazy\" decoding=\"async\" class=\"aligncenter\" src=\"http:\/\/s3-eu-west-1.amazonaws.com\/el9nou\/images\/2017\/06\/institutdegurb-e1496748360315.jpg\" alt=\"Resultat d'imatges de institut de gurb\" width=\"443\" height=\"295\" \/><\/p>\n<p>Finalment, els principis educatius del centre s\u00f3n l&#8217;<strong>aprenentatge actiu, basat en problemes<\/strong>, l&#8217;<strong>atenci\u00f3 a les intel\u00b7lig\u00e8ncies m\u00faltiples<\/strong>, l&#8217;<strong>aprenentatge competencial<\/strong>, l&#8217;<strong>adquisici\u00f3 de les habilitats de pensament superior<\/strong>, l&#8217;<strong>aprenentatge aut\u00f2nom i personalitzat<\/strong>, l&#8217;<strong>\u00fas de tecnologies de l\u2019aprenentatge i del coneixement<\/strong>, el\u00a0<strong>treball amb l\u2019entorn i per l\u2019entorn<\/strong>\u00a0i la\u00a0<strong>llengua com a mitj\u00e0 de comunicaci\u00f3 i de coneixement.<\/strong><\/p>\n","protected":false},"excerpt":{"rendered":"<p>DESCRIPCI\u00d3<\/p>\n<p>L&#8217;Institut de Gurb \u00e9s un centre d&#8217;ensenyament secundari\u00a0ubicat al municipi de Gurb, a la comarca d&#8217;Osona, que\u00a0acull alumnes de Sant Bartomeu del Grau, Santa Eul\u00e0lia de Riuprimer, Muntanyola i Gurb principalment,\u00a0tot i que tamb\u00e9 t\u00e9 alumnes provinents d&#8217;altres poblacions com la ciutat de Vic.<br \/>\nEl centre&hellip;  <a href=\"https:\/\/agora.xtec.cat\/insgurb\/linstitut\/\" title=\"Read L&#8217;institut\">Llegeix m\u00e9s\u00bb<\/a><\/p>\n","protected":false},"author":1,"featured_media":0,"parent":0,"menu_order":0,"comment_status":"closed","ping_status":"closed","template":"","meta":{"_bbp_topic_count":0,"_bbp_reply_count":0,"_bbp_total_topic_count":0,"_bbp_total_reply_count":0,"_bbp_voice_count":0,"_bbp_anonymous_reply_count":0,"_bbp_topic_count_hidden":0,"_bbp_reply_count_hidden":0,"_bbp_forum_subforum_count":0,"footnotes":""},"class_list":["post-805","page","type-page","status-publish","hentry"],"post_mailing_queue_ids":[],"_links":{"self":[{"href":"https:\/\/agora.xtec.cat\/insgurb\/wp-json\/wp\/v2\/pages\/805","targetHints":{"allow":["GET"]}}],"collection":[{"href":"https:\/\/agora.xtec.cat\/insgurb\/wp-json\/wp\/v2\/pages"}],"about":[{"href":"https:\/\/agora.xtec.cat\/insgurb\/wp-json\/wp\/v2\/types\/page"}],"author":[{"embeddable":true,"href":"https:\/\/agora.xtec.cat\/insgurb\/wp-json\/wp\/v2\/users\/1"}],"replies":[{"embeddable":true,"href":"https:\/\/agora.xtec.cat\/insgurb\/wp-json\/wp\/v2\/comments?post=805"}],"version-history":[{"count":3,"href":"https:\/\/agora.xtec.cat\/insgurb\/wp-json\/wp\/v2\/pages\/805\/revisions"}],"predecessor-version":[{"id":4626,"href":"https:\/\/agora.xtec.cat\/insgurb\/wp-json\/wp\/v2\/pages\/805\/revisions\/4626"}],"wp:attachment":[{"href":"https:\/\/agora.xtec.cat\/insgurb\/wp-json\/wp\/v2\/media?parent=805"}],"curies":[{"name":"wp","href":"https:\/\/api.w.org\/{rel}","templated":true}]}}