{"id":799,"date":"2018-07-11T00:01:27","date_gmt":"2018-07-10T22:01:27","guid":{"rendered":"http:\/\/agora.xtec.cat\/insgurb\/?page_id=799"},"modified":"2025-02-10T12:13:28","modified_gmt":"2025-02-10T11:13:28","slug":"projecte-linguistic","status":"publish","type":"page","link":"https:\/\/agora.xtec.cat\/insgurb\/projecte-educatiu\/projecte-linguistic\/","title":{"rendered":"Projecte ling\u00fc\u00edstic"},"content":{"rendered":"<p class=\"font_8\"><span class=\"color_21\">El nostre centre pret\u00e9n fer del\u00a0<strong>pluriling\u00fcisme un dels seus eixos vertebradors<\/strong>. D\u2019acord amb el\u00a0Marc europeu com\u00fa de refer\u00e8ncia per a les lleng\u00fces, l\u2019institut es planteja la necessitat de desenvolupar la\u00a0<strong>compet\u00e8ncia comunicativa global dels alumnes<\/strong>, sigui quina sigui la llengua que s\u2019utilitzi.<\/span><\/p>\n<p class=\"font_8\"><span class=\"color_21\">Les lleng\u00fces no viuen en compartiments mentals estancs sin\u00f3 que creixen i es desenvolupen en la mesura que s\u2019interrelacionen i interactuen. \u00c9s per aix\u00f2 que\u00a0l\u2019Institut de\u00a0Gurb pret\u00e9n formar\u00a0<strong>ciutadans capa\u00e7os de desenvolupar-se amb plenitud en un m\u00f3n canviant, ple de reptes ling\u00fc\u00edstics i culturals<\/strong>. No persegueix nom\u00e9s l\u2019assoliment d\u2019uns nivells i compet\u00e8ncies en unes lleng\u00fces determinades sin\u00f3 que alhora pret\u00e9n que l\u2019alumnat pugui aconseguir, a partir de l\u2019<strong>\u00fas reflexiu de la llengua<\/strong>, el c<strong>oneixement profund dels mecanismes ling\u00fc\u00edstics que han de facilitar l\u2019aprenentatge de les lleng\u00fces<\/strong>\u00a0necess\u00e0ries al llarg de la seva traject\u00f2ria acad\u00e8mica, professional i vital.<\/span><\/p>\n<p class=\"font_8\"><span class=\"color_21\">Per aconseguir aquest objectiu comunicatiu, partim del <strong>catal\u00e0 com a llengua pr\u00f2pia i transmissora de cultura i tradici\u00f3 de la nostra terra<\/strong>. A partir del catal\u00e0 i del castell\u00e0, es busca millorar l\u2019aprenentatge de l\u2019angl\u00e8s, el franc\u00e8s i l\u2019alemany, aix\u00ed com la intercomprensi\u00f3 entre totes les lleng\u00fces rom\u00e0niques.<\/span><\/p>\n<p class=\"font_8\">El <a href=\"https:\/\/agora.xtec.cat\/insgurb\/wp-content\/uploads\/usu1744\/2025\/02\/Projecte_linguistic_v2.pdf\">Projecte ling\u00fc\u00edstic de l\u2019Institut de Gurb<\/a> t\u00e9 quatre grans pilars:<\/p>\n<ul>\n<li>El TIL<\/li>\n<li class=\"font_8\">El\u00a0<a href=\"http:\/\/agora.xtec.cat\/insgurb\/linstitut\/consell-escolar\/projecte-aicle\/\"><strong>projecte AICLE<\/strong><\/a><\/li>\n<li class=\"font_8\">Els\u00a0<a href=\"http:\/\/agora.xtec.cat\/insgurb\/projecte-educatiu\/projecte-linguistic\/intercanvis\/\"><strong>intercanvis ling\u00fc\u00edstics i culturals<\/strong><\/a><\/li>\n<li class=\"font_8\">El\u00a0<a href=\"http:\/\/agora.xtec.cat\/insgurb\/projecte-educatiu\/projecte-linguistic\/programa-experimental-eoi\/\"><strong>Pla experimental de suport a la certificaci\u00f3 dels coneixements en lleng\u00fces estrangeres<\/strong><\/a>.<\/li>\n<\/ul>\n<p>A m\u00e9s a m\u00e9s, gr\u00e0cies al suport de l\u2019AFA, l\u2019Institut de Gurb compta cada any amb la pres\u00e8ncia d\u2019un <a href=\"http:\/\/agora.xtec.cat\/insgurb\/projecte-educatiu\/projecte-linguistic\/auxiliar-de-conversa\/\">auxiliar de conversa en llengua anglesa<\/a>.<\/p>\n<p>&nbsp;<\/p>\n","protected":false},"excerpt":{"rendered":"<p>El nostre centre pret\u00e9n fer del\u00a0pluriling\u00fcisme un dels seus eixos vertebradors. D\u2019acord amb el\u00a0Marc europeu com\u00fa de refer\u00e8ncia per a les lleng\u00fces, l\u2019institut es planteja la necessitat de desenvolupar la\u00a0compet\u00e8ncia comunicativa global dels alumnes, sigui quina sigui la llengua que s\u2019utilitzi.<br \/>\nLes lleng\u00fces no viuen en&hellip;  <a href=\"https:\/\/agora.xtec.cat\/insgurb\/projecte-educatiu\/projecte-linguistic\/\" title=\"Read Projecte ling\u00fc\u00edstic\">Llegeix m\u00e9s\u00bb<\/a><\/p>\n","protected":false},"author":1,"featured_media":0,"parent":57,"menu_order":0,"comment_status":"closed","ping_status":"closed","template":"","meta":{"_bbp_topic_count":0,"_bbp_reply_count":0,"_bbp_total_topic_count":0,"_bbp_total_reply_count":0,"_bbp_voice_count":0,"_bbp_anonymous_reply_count":0,"_bbp_topic_count_hidden":0,"_bbp_reply_count_hidden":0,"_bbp_forum_subforum_count":0,"footnotes":""},"class_list":["post-799","page","type-page","status-publish","hentry"],"post_mailing_queue_ids":[],"_links":{"self":[{"href":"https:\/\/agora.xtec.cat\/insgurb\/wp-json\/wp\/v2\/pages\/799","targetHints":{"allow":["GET"]}}],"collection":[{"href":"https:\/\/agora.xtec.cat\/insgurb\/wp-json\/wp\/v2\/pages"}],"about":[{"href":"https:\/\/agora.xtec.cat\/insgurb\/wp-json\/wp\/v2\/types\/page"}],"author":[{"embeddable":true,"href":"https:\/\/agora.xtec.cat\/insgurb\/wp-json\/wp\/v2\/users\/1"}],"replies":[{"embeddable":true,"href":"https:\/\/agora.xtec.cat\/insgurb\/wp-json\/wp\/v2\/comments?post=799"}],"version-history":[{"count":4,"href":"https:\/\/agora.xtec.cat\/insgurb\/wp-json\/wp\/v2\/pages\/799\/revisions"}],"predecessor-version":[{"id":6200,"href":"https:\/\/agora.xtec.cat\/insgurb\/wp-json\/wp\/v2\/pages\/799\/revisions\/6200"}],"up":[{"embeddable":true,"href":"https:\/\/agora.xtec.cat\/insgurb\/wp-json\/wp\/v2\/pages\/57"}],"wp:attachment":[{"href":"https:\/\/agora.xtec.cat\/insgurb\/wp-json\/wp\/v2\/media?parent=799"}],"curies":[{"name":"wp","href":"https:\/\/api.w.org\/{rel}","templated":true}]}}