{"id":770,"date":"2018-07-10T23:21:16","date_gmt":"2018-07-10T21:21:16","guid":{"rendered":"http:\/\/agora.xtec.cat\/insgurb\/?page_id=770"},"modified":"2025-09-17T08:55:08","modified_gmt":"2025-09-17T06:55:08","slug":"4t-deso","status":"publish","type":"page","link":"https:\/\/agora.xtec.cat\/insgurb\/estudis\/4t-deso\/","title":{"rendered":"4t d&#8217;ESO"},"content":{"rendered":"<h4><strong>Guia de l\u2019estudiant de\u00a04t d\u2019ESO<\/strong><\/h4>\n<p>Consulta la <a href=\"https:\/\/agora.xtec.cat\/insgurb\/wp-content\/uploads\/usu1744\/2025\/09\/2526_Guia_estudiant_4t.pdf\"><strong>guia de l\u2019estudiant de 4t d\u2019ESO<\/strong><\/a>, on podr\u00e0s veure tot all\u00f2 que necessites saber per comen\u00e7ar el curs ben preparat: normes, horaris, pla d\u2019estudis, etc.<\/p>\n<p>&nbsp;<\/p>\n<h4><strong>Tutories<\/strong><\/h4>\n<ul>\n<li><strong>4t A<\/strong>: Kaharina Hahn i Laura Paloma<\/li>\n<li><strong>4t B<\/strong>: Elisabet L\u00f3pez, Paula Maestre i Mireia Catot<\/li>\n<li><strong>4t C<\/strong>: Albert Barniol i Juanma Pozuelo<\/li>\n<li><strong>4t D<\/strong>: Mireia Sala i Joan Pere Alzmora<\/li>\n<\/ul>\n<p>&nbsp;<\/p>\n<h4><strong>Professorat de 4t d&#8217;ESO<\/strong><\/h4>\n<ul>\n<li><strong>Catal\u00e0: <\/strong>Mireia Sala (4t A i D) i Mireia Catot (4t B i C)<\/li>\n<li><strong>Castell\u00e0: <\/strong>Paula Maestre (4t A, B, C i D)<\/li>\n<li><strong>Estructures Ling\u00fc\u00edstiques: <\/strong>Joan Pere Alzamora (4t A, B, C i D)<\/li>\n<li><strong>Angl\u00e8s: <\/strong>Katharina Hahn (4t A), Eva Valls (4t B) i N\u00faria Sams\u00f3 (4t C i D)<\/li>\n<li><strong>Matem\u00e0tiques: <\/strong>Juanma Pozuelo (4t A, B, C i D)<\/li>\n<li><strong>Socials: <\/strong>Elisabet L\u00f3pez (4t A, B i C) i Sandra Lacruz (4t D)<\/li>\n<li><strong>Educaci\u00f3 F\u00edsica: <\/strong>Albert Barniol (4t A, B, C i D)<\/li>\n<li><strong>Projecte Brics (RCS):<\/strong>\n<ul>\n<li><strong>\u00c0mbit comunicatiu: <\/strong>Mireia Sala<\/li>\n<li><strong>\u00c0mbit social i art\u00edstic: <\/strong>Elisabet L\u00f3pez<\/li>\n<li><strong>\u00c0mbit cient\u00edfic i tecnol\u00f2gic: <\/strong>Francesc Gim\u00e9nez i Laura Paloma<\/li>\n<\/ul>\n<\/li>\n<li><strong>Optatives Franja 1:<\/strong>\n<ul>\n<li><strong>Cultura Cl\u00e0ssica: <\/strong>Sandra Lacruz i N\u00faria Capdevila<\/li>\n<li><strong>Tecnologia: <\/strong>Francesc Gim\u00e9nez i Josep Rubi\u00f3<\/li>\n<li><strong>Economia: <\/strong>Daniel del Blanco<\/li>\n<li><strong>F\u00edsica i Qu\u00edmica: <\/strong>Laura Paloma<\/li>\n<li><strong>EnForma\u2019t: <\/strong>Albert Barniol i Josep Espona<\/li>\n<\/ul>\n<\/li>\n<li><strong>Optatives Franja 2:<\/strong>\n<ul>\n<li><strong>F\u00edsica i Qu\u00edmica: <\/strong>Laura Paloma<\/li>\n<li><strong>Biologia i Geologia: <\/strong>Laia Torralba i Guillem Riera<\/li>\n<li><strong>Filosofia: <\/strong>Dar\u00edo Anguita<\/li>\n<li><strong>Expressi\u00f3 Art\u00edstica: <\/strong>Carme Jim\u00e9nez<\/li>\n<\/ul>\n<\/li>\n<li><strong>Optatives Franja 3:<\/strong>\n<ul>\n<li><strong>Alemany: <\/strong>Katharina Hahn<\/li>\n<li><strong>Franc\u00e8s: <\/strong>Ada Colomer<\/li>\n<li><strong>Dibuix T\u00e8cnic: <\/strong>Roser Roca<\/li>\n<li><strong>Escriptura Creativa: <\/strong>Joan Pere Alzamora<\/li>\n<li><strong>Fem Matem\u00e0tiques: <\/strong>Juanma Pozuelo<\/li>\n<li><strong>Formaci\u00f3 i Orientaci\u00f3 Personal i Professional: <\/strong>S\u00edlvia Viad\u00e9<\/li>\n<\/ul>\n<\/li>\n<\/ul>\n<h4><\/h4>\n<p>&nbsp;<\/p>\n<h4><strong>Materials del curs<\/strong><\/h4>\n<p>Consulta tot el <a href=\"https:\/\/agora.xtec.cat\/insgurb\/portada\/menjador-extraescolars-i-material-curs-2025-26\/\"><strong>m<\/strong><strong>ateria<\/strong><strong>l<\/strong><\/a> que necessites pel curs 2025-26.<\/p>\n<p>&nbsp;<\/p>\n<p>&nbsp;<\/p>\n","protected":false},"excerpt":{"rendered":"<p>Guia de l\u2019estudiant de\u00a04t d\u2019ESO<br \/>\nConsulta la <a href=\"https:\/\/agora.xtec.cat\/insgurb\/wp-content\/uploads\/usu1744\/2025\/09\/2526_Guia_estudiant_4t.pdf\">guia de l\u2019estudiant de 4t d\u2019ESO<\/a>, on podr\u00e0s veure tot all\u00f2 que necessites saber per comen\u00e7ar el curs ben preparat: normes, horaris, pla d\u2019estudis, etc.<br \/>\n&nbsp;<br \/>\nTutories<\/p>\n<ul>\n<li>4t A: Kaharina Hahn i Laura Paloma<\/li>\n<li>4t B: Elisabet L\u00f3pez, Paula Maestre i Mireia&hellip;  <a href=\"https:\/\/agora.xtec.cat\/insgurb\/estudis\/4t-deso\/\" title=\"Read 4t d&#8217;ESO\">Llegeix m\u00e9s\u00bb<\/a><br \/>\n","protected":false},"author":1,"featured_media":0,"parent":195,"menu_order":0,"comment_status":"closed","ping_status":"closed","template":"","meta":{"_bbp_topic_count":0,"_bbp_reply_count":0,"_bbp_total_topic_count":0,"_bbp_total_reply_count":0,"_bbp_voice_count":0,"_bbp_anonymous_reply_count":0,"_bbp_topic_count_hidden":0,"_bbp_reply_count_hidden":0,"_bbp_forum_subforum_count":0,"footnotes":""},"class_list":["post-770","page","type-page","status-publish","hentry"],"post_mailing_queue_ids":[],"_links":{"self":[{"href":"https:\/\/agora.xtec.cat\/insgurb\/wp-json\/wp\/v2\/pages\/770","targetHints":{"allow":["GET"]}}],"collection":[{"href":"https:\/\/agora.xtec.cat\/insgurb\/wp-json\/wp\/v2\/pages"}],"about":[{"href":"https:\/\/agora.xtec.cat\/insgurb\/wp-json\/wp\/v2\/types\/page"}],"author":[{"embeddable":true,"href":"https:\/\/agora.xtec.cat\/insgurb\/wp-json\/wp\/v2\/users\/1"}],"replies":[{"embeddable":true,"href":"https:\/\/agora.xtec.cat\/insgurb\/wp-json\/wp\/v2\/comments?post=770"}],"version-history":[{"count":6,"href":"https:\/\/agora.xtec.cat\/insgurb\/wp-json\/wp\/v2\/pages\/770\/revisions"}],"predecessor-version":[{"id":6551,"href":"https:\/\/agora.xtec.cat\/insgurb\/wp-json\/wp\/v2\/pages\/770\/revisions\/6551"}],"up":[{"embeddable":true,"href":"https:\/\/agora.xtec.cat\/insgurb\/wp-json\/wp\/v2\/pages\/195"}],"wp:attachment":[{"href":"https:\/\/agora.xtec.cat\/insgurb\/wp-json\/wp\/v2\/media?parent=770"}],"curies":[{"name":"wp","href":"https:\/\/api.w.org\/{rel}","templated":true}]}}