{"id":77,"date":"2014-09-18T10:29:25","date_gmt":"2014-09-18T09:29:25","guid":{"rendered":"http:\/\/agora.xtec.cat\/insgurb\/?page_id=77"},"modified":"2026-01-28T18:22:59","modified_gmt":"2026-01-28T17:22:59","slug":"transport-escolar","status":"publish","type":"page","link":"https:\/\/agora.xtec.cat\/insgurb\/serveis\/transport-escolar\/","title":{"rendered":"Transport escolar"},"content":{"rendered":"<p>El <a href=\"https:\/\/agora.xtec.cat\/insgurb\/wp-content\/uploads\/usu1744\/2026\/01\/2526_Pla_de_funcionament_del_servei_de_transport_escolar_v2.pdf\">Pla de funcionament del servei de transport escolar<\/a> de l&#8217;Institut de Gurb, aprovat pel Consell Escolar el dia 29 d&#8217;abril de 2024, recull les concrecions de la prestaci\u00f3 d&#8217;aquest servei. Inclou el model de gesti\u00f3, els itineraris i horaris de les diferents rutes de transport escolar de l\u2019alumnat del centre, les persones responsables, les tasques de l\u2019acompanyant, el control diari a les entrades i sortides, els protocols d&#8217;actuaci\u00f3 en casos d&#8217;incid\u00e8ncia en el servei i la normativa per a les persones usu\u00e0ries del servei.<\/p>\n<p>Les rutes establertes per al curs 2024-25 s\u00f3n les seg\u00fcents:<\/p>\n<p style=\"color: #000000;\"><a href=\"https:\/\/agora.xtec.cat\/insgurb\/wp-content\/uploads\/usu1744\/2020\/07\/INS_GURB_99.pdf\">Ruta 99<\/a>: Sant Batomeu del Grau &#8211; Gurb<\/p>\n<p style=\"color: #000000;\"><a href=\"https:\/\/agora.xtec.cat\/insgurb\/wp-content\/uploads\/usu1744\/2020\/07\/INS_GURB_100-107.pdf\">Ruta 100 i 107<\/a>: Muntanyola &#8211; Santa Eul\u00e0lia de Riuprimer &#8211; Vic &#8211; Gurb<\/p>\n<p style=\"color: #000000;\"><a href=\"https:\/\/agora.xtec.cat\/insgurb\/wp-content\/uploads\/usu1744\/2020\/07\/horari-gurb-vic.pdf\">L\u00ednia urbana de Gurb<\/a>: Vic &#8211; Gurb<\/p>\n<p>&nbsp;<\/p>\n<p>&nbsp;<\/p>\n","protected":false},"excerpt":{"rendered":"<p>El <a href=\"https:\/\/agora.xtec.cat\/insgurb\/wp-content\/uploads\/usu1744\/2026\/01\/2526_Pla_de_funcionament_del_servei_de_transport_escolar_v2.pdf\">Pla de funcionament del servei de transport escolar<\/a> de l&#8217;Institut de Gurb, aprovat pel Consell Escolar el dia 29 d&#8217;abril de 2024, recull les concrecions de la prestaci\u00f3 d&#8217;aquest servei. Inclou el model de gesti\u00f3, els itineraris i horaris de les diferents rutes&hellip;  <a href=\"https:\/\/agora.xtec.cat\/insgurb\/serveis\/transport-escolar\/\" title=\"Read Transport escolar\">Llegeix m\u00e9s\u00bb<\/a><\/p>\n","protected":false},"author":1,"featured_media":0,"parent":63,"menu_order":50,"comment_status":"closed","ping_status":"closed","template":"page-templates\/side-menu.php","meta":{"_bbp_topic_count":0,"_bbp_reply_count":0,"_bbp_total_topic_count":0,"_bbp_total_reply_count":0,"_bbp_voice_count":0,"_bbp_anonymous_reply_count":0,"_bbp_topic_count_hidden":0,"_bbp_reply_count_hidden":0,"_bbp_forum_subforum_count":0,"footnotes":""},"class_list":["post-77","page","type-page","status-publish","hentry"],"post_mailing_queue_ids":[],"_links":{"self":[{"href":"https:\/\/agora.xtec.cat\/insgurb\/wp-json\/wp\/v2\/pages\/77","targetHints":{"allow":["GET"]}}],"collection":[{"href":"https:\/\/agora.xtec.cat\/insgurb\/wp-json\/wp\/v2\/pages"}],"about":[{"href":"https:\/\/agora.xtec.cat\/insgurb\/wp-json\/wp\/v2\/types\/page"}],"author":[{"embeddable":true,"href":"https:\/\/agora.xtec.cat\/insgurb\/wp-json\/wp\/v2\/users\/1"}],"replies":[{"embeddable":true,"href":"https:\/\/agora.xtec.cat\/insgurb\/wp-json\/wp\/v2\/comments?post=77"}],"version-history":[{"count":6,"href":"https:\/\/agora.xtec.cat\/insgurb\/wp-json\/wp\/v2\/pages\/77\/revisions"}],"predecessor-version":[{"id":6644,"href":"https:\/\/agora.xtec.cat\/insgurb\/wp-json\/wp\/v2\/pages\/77\/revisions\/6644"}],"up":[{"embeddable":true,"href":"https:\/\/agora.xtec.cat\/insgurb\/wp-json\/wp\/v2\/pages\/63"}],"wp:attachment":[{"href":"https:\/\/agora.xtec.cat\/insgurb\/wp-json\/wp\/v2\/media?parent=77"}],"curies":[{"name":"wp","href":"https:\/\/api.w.org\/{rel}","templated":true}]}}