{"id":768,"date":"2018-07-10T23:21:06","date_gmt":"2018-07-10T21:21:06","guid":{"rendered":"http:\/\/agora.xtec.cat\/insgurb\/?page_id=768"},"modified":"2025-09-17T08:54:35","modified_gmt":"2025-09-17T06:54:35","slug":"3r-deso","status":"publish","type":"page","link":"https:\/\/agora.xtec.cat\/insgurb\/estudis\/3r-deso\/","title":{"rendered":"3r d&#8217;ESO"},"content":{"rendered":"<h4><strong>Guia de l\u2019estudiant de\u00a03r d\u2019ESO<\/strong><\/h4>\n<p>Consulta la <a href=\"https:\/\/agora.xtec.cat\/insgurb\/wp-content\/uploads\/usu1744\/2025\/09\/2526_Guia_estudiant_3r.pdf\"><strong>guia de l\u2019estudiant de\u00a03r d\u2019ESO<\/strong><\/a>, on podr\u00e0s veure tot all\u00f2 que necessites saber per comen\u00e7ar el curs ben preparat: normes, horaris, pla d\u2019estudis, etc.<\/p>\n<p>&nbsp;<\/p>\n<h4><strong>T<\/strong><strong>utories<\/strong><\/h4>\n<ul>\n<li><strong>3r A<\/strong>: Guillem Riera, Ester Bay\u00f3n i Eva Valls<\/li>\n<li><strong>3r B<\/strong>: N\u00faria Trias i Roser Roca<\/li>\n<li><strong>3r<\/strong> <strong>C<\/strong>: N\u00faria Capdevila, Maria Ylla-Catal\u00e0 i Gen\u00eds Torguet<\/li>\n<li><strong>3r D<\/strong>: Josep Rubi\u00f3 i Daniel del Blanco<\/li>\n<\/ul>\n<p>&nbsp;<\/p>\n<h4><strong>Professorat de 3r d&#8217;ESO<\/strong><\/h4>\n<ul>\n<li><strong>Catal\u00e0: <\/strong>N\u00faria Capdevila (3r A, B, C i D)<\/li>\n<li><strong>Castell\u00e0: <\/strong>N\u00faria Trias (3r A, B, C i D)<\/li>\n<li><strong>Estructures Ling\u00fc\u00edstiques: <\/strong>N\u00faria Capdevila (3r A i C) i Joan Pere Alzamora (3r Bi D)<\/li>\n<li><strong>Angl\u00e8s: <\/strong>Eva Valls (3r A i B) i Ester Bay\u00f3n (3r C i D)<\/li>\n<li><strong>Matem\u00e0tiques: <\/strong>Roser Roca (3r A, B, C i D)<\/li>\n<li><strong>Socials: <\/strong>Daniel del Blanco (3r A, B, C i D)<\/li>\n<li><strong>F\u00edsica i Qu\u00edmica: <\/strong>Maria Ylla-Catal\u00e0 (3r A, B, C i D)<\/li>\n<li><strong>Biologia i Geologia: <\/strong>Guillem Riera (3r A), Gen\u00eds Torguet (3r B, C i D)<\/li>\n<li><strong>STEAM: <\/strong>Gen\u00eds Torguet (3r A i C), Guillem Riera (3r B) i Josep Rubi\u00f3 (3r D)<\/li>\n<li><strong>Educaci\u00f3 F\u00edsica:<\/strong> Josep Espona (3r A i B) i Albert Barniol (3r C i D)<\/li>\n<li><strong>Visual i Pl\u00e0stica: <\/strong>Carme Jim\u00e9nez (3r A, B, C i D)<\/li>\n<li><strong>Optatives: <\/strong>Ada Colomer (Franc\u00e8s), Katharina Hahn (Alemany), Joan Pere Alzamora (Escriptura Creativa), Josep Rubi\u00f3 i N\u00faria Vidal (Disseny Tecnol\u00f2gic), Maria Ylla-Catal\u00e0 (Fem Matem\u00e0tiques) i Cristina Roca (PIM)<\/li>\n<\/ul>\n<p>&nbsp;<\/p>\n<h4><strong>Material del curs<\/strong><\/h4>\n<p>Consulta tot el <a href=\"https:\/\/agora.xtec.cat\/insgurb\/portada\/menjador-extraescolars-i-material-curs-2025-26\/\"><strong>material<\/strong><\/a> que necessites pel curs 2025-26.<\/p>\n<p>&nbsp;<\/p>\n","protected":false},"excerpt":{"rendered":"<p>Guia de l\u2019estudiant de\u00a03r d\u2019ESO<br \/>\nConsulta la <a href=\"https:\/\/agora.xtec.cat\/insgurb\/wp-content\/uploads\/usu1744\/2025\/09\/2526_Guia_estudiant_3r.pdf\">guia de l\u2019estudiant de\u00a03r d\u2019ESO<\/a>, on podr\u00e0s veure tot all\u00f2 que necessites saber per comen\u00e7ar el curs ben preparat: normes, horaris, pla d\u2019estudis, etc.<br \/>\n&nbsp;<br \/>\nTutories<\/p>\n<ul>\n<li>3r A: Guillem Riera, Ester Bay\u00f3n i Eva Valls<\/li>\n<li>3r B: N\u00faria Trias i Roser Roca<\/li>\n<li>3r&hellip;  <a href=\"https:\/\/agora.xtec.cat\/insgurb\/estudis\/3r-deso\/\" title=\"Read 3r d&#8217;ESO\">Llegeix m\u00e9s\u00bb<\/a><br \/>\n","protected":false},"author":1,"featured_media":0,"parent":195,"menu_order":0,"comment_status":"closed","ping_status":"closed","template":"","meta":{"_bbp_topic_count":0,"_bbp_reply_count":0,"_bbp_total_topic_count":0,"_bbp_total_reply_count":0,"_bbp_voice_count":0,"_bbp_anonymous_reply_count":0,"_bbp_topic_count_hidden":0,"_bbp_reply_count_hidden":0,"_bbp_forum_subforum_count":0,"footnotes":""},"class_list":["post-768","page","type-page","status-publish","hentry"],"post_mailing_queue_ids":[],"_links":{"self":[{"href":"https:\/\/agora.xtec.cat\/insgurb\/wp-json\/wp\/v2\/pages\/768","targetHints":{"allow":["GET"]}}],"collection":[{"href":"https:\/\/agora.xtec.cat\/insgurb\/wp-json\/wp\/v2\/pages"}],"about":[{"href":"https:\/\/agora.xtec.cat\/insgurb\/wp-json\/wp\/v2\/types\/page"}],"author":[{"embeddable":true,"href":"https:\/\/agora.xtec.cat\/insgurb\/wp-json\/wp\/v2\/users\/1"}],"replies":[{"embeddable":true,"href":"https:\/\/agora.xtec.cat\/insgurb\/wp-json\/wp\/v2\/comments?post=768"}],"version-history":[{"count":7,"href":"https:\/\/agora.xtec.cat\/insgurb\/wp-json\/wp\/v2\/pages\/768\/revisions"}],"predecessor-version":[{"id":6550,"href":"https:\/\/agora.xtec.cat\/insgurb\/wp-json\/wp\/v2\/pages\/768\/revisions\/6550"}],"up":[{"embeddable":true,"href":"https:\/\/agora.xtec.cat\/insgurb\/wp-json\/wp\/v2\/pages\/195"}],"wp:attachment":[{"href":"https:\/\/agora.xtec.cat\/insgurb\/wp-json\/wp\/v2\/media?parent=768"}],"curies":[{"name":"wp","href":"https:\/\/api.w.org\/{rel}","templated":true}]}}