{"id":75,"date":"2014-09-18T10:21:02","date_gmt":"2014-09-18T09:21:02","guid":{"rendered":"http:\/\/agora.xtec.cat\/insgurb\/?page_id=75"},"modified":"2025-09-10T13:23:39","modified_gmt":"2025-09-10T11:23:39","slug":"activitats-extraescolars","status":"publish","type":"page","link":"https:\/\/agora.xtec.cat\/insgurb\/serveis\/activitats-extraescolars\/","title":{"rendered":"Activitats extraescolars"},"content":{"rendered":"<p>Pel proper curs 2025-26 l&#8217;Institut de Gurb ofereix diverses activitats extraescolars:<\/p>\n<ul>\n<li><strong>Escalada<\/strong> &#8211; <a href=\"https:\/\/docs.google.com\/forms\/d\/e\/1FAIpQLSdhgHx5QQqa4WkwpK3mmyVkgAaIPc4N31wU3Bcqr8GVDIUZvA\/viewform?usp=sharing&amp;ouid=104994245434287604420\">Inscripci\u00f3<\/a><\/li>\n<li><strong>P\u00e0del<\/strong> &#8211; Inscripci\u00f3: albert.barniol@institutdegurb.cat<\/li>\n<li><strong>Rob\u00f2tica<\/strong> &#8211; <a href=\"https:\/\/docs.google.com\/forms\/d\/e\/1FAIpQLSeL0vH6FsAYfVP2f-VBh2-ZI54f-Qbc6P3E8XsdwY9mwCbXUQ\/viewform?usp=sharing&amp;ouid=104994245434287604420\">Inscripci\u00f3<\/a><\/li>\n<li><strong>Teatre<\/strong> &#8211; <a href=\"https:\/\/xevifont.cat\/teatre-joves-gurb\/\">Inscripci\u00f3<\/a><\/li>\n<li><strong>Idiomes<\/strong> &#8211; <a href=\"https:\/\/docs.google.com\/forms\/d\/e\/1FAIpQLSc9MUC5tYI4BuPDR97vXyLaFUyNlet_iOMLNT8CDIEFwhcJCg\/viewform\">Inscripci\u00f3<\/a><\/li>\n<li><strong>Historiakum<\/strong> &#8211; <a href=\"https:\/\/docs.google.com\/forms\/d\/e\/1FAIpQLScJz-Shf5XrgZNdgvL0W6Q8hvBhrGOlq-4lbURWZYtaFTaXJw\/viewform?usp=dialog\">Inscripci\u00f3<\/a><\/li>\n<\/ul>\n<p>&nbsp;<\/p>\n<h5><\/h5>\n<h5>Activitat extraescolar d&#8217;escalada<\/h5>\n<p>L&#8217;<strong>Associaci\u00f3 Esportiva Escolar de l&#8217;Institut de Gurb<\/strong> organitza una activitat extraescolar d&#8217;escalada al <strong>Garatge Fan\u00e0tik de Gurb<\/strong>. El preu de l&#8217;activitat \u00e9s de <strong>30 \u20ac \/ mes<\/strong> i es realitzar\u00e0 els dilluns de 16:00 a 17:30 h. El preu inclou el lloguer de les instal\u00b7lacions, el material, un monitor i l\u2019asseguran\u00e7a. L&#8217;activitat s&#8217;iniciar\u00e0 el dia 8 de setembre.<\/p>\n<p>Per m\u00e9s informaci\u00f3 sobre l&#8217;activitat, podeu contactar amb l&#8217;Albert Barniol (albert.barniol<span class=\"\">@institutdegurb.<\/span>cat), professor responsable de l&#8217;activitat.<\/p>\n<p><a href=\"http:\/\/agora.xtec.cat\/insgurb\/wp-content\/uploads\/usu1744\/2014\/09\/29695294_581036985606692_4869455077766594560_n.jpg\"><img loading=\"lazy\" decoding=\"async\" class=\"alignnone wp-image-839\" src=\"http:\/\/agora.xtec.cat\/insgurb\/wp-content\/uploads\/usu1744\/2014\/09\/29695294_581036985606692_4869455077766594560_n.jpg\" alt=\"\" width=\"403\" height=\"302\" srcset=\"https:\/\/agora.xtec.cat\/insgurb\/wp-content\/uploads\/usu1744\/2014\/09\/29695294_581036985606692_4869455077766594560_n.jpg 960w, https:\/\/agora.xtec.cat\/insgurb\/wp-content\/uploads\/usu1744\/2014\/09\/29695294_581036985606692_4869455077766594560_n-300x225.jpg 300w, https:\/\/agora.xtec.cat\/insgurb\/wp-content\/uploads\/usu1744\/2014\/09\/29695294_581036985606692_4869455077766594560_n-768x576.jpg 768w, https:\/\/agora.xtec.cat\/insgurb\/wp-content\/uploads\/usu1744\/2014\/09\/29695294_581036985606692_4869455077766594560_n-200x150.jpg 200w\" sizes=\"auto, (max-width: 403px) 100vw, 403px\" \/><\/a>\u00a0\u00a0<a href=\"http:\/\/agora.xtec.cat\/insgurb\/wp-content\/uploads\/usu1744\/2014\/09\/29790663_581037008940023_3235008756492271616_n.jpg\"><img loading=\"lazy\" decoding=\"async\" class=\"alignnone wp-image-840\" src=\"http:\/\/agora.xtec.cat\/insgurb\/wp-content\/uploads\/usu1744\/2014\/09\/29790663_581037008940023_3235008756492271616_n.jpg\" alt=\"\" width=\"401\" height=\"300\" srcset=\"https:\/\/agora.xtec.cat\/insgurb\/wp-content\/uploads\/usu1744\/2014\/09\/29790663_581037008940023_3235008756492271616_n.jpg 960w, https:\/\/agora.xtec.cat\/insgurb\/wp-content\/uploads\/usu1744\/2014\/09\/29790663_581037008940023_3235008756492271616_n-300x225.jpg 300w, https:\/\/agora.xtec.cat\/insgurb\/wp-content\/uploads\/usu1744\/2014\/09\/29790663_581037008940023_3235008756492271616_n-768x576.jpg 768w, https:\/\/agora.xtec.cat\/insgurb\/wp-content\/uploads\/usu1744\/2014\/09\/29790663_581037008940023_3235008756492271616_n-200x150.jpg 200w\" sizes=\"auto, (max-width: 401px) 100vw, 401px\" \/><\/a><\/p>\n<h4 style=\"text-align: center;\"><a href=\"https:\/\/docs.google.com\/forms\/d\/e\/1FAIpQLSdhgHx5QQqa4WkwpK3mmyVkgAaIPc4N31wU3Bcqr8GVDIUZvA\/viewform?usp=sharing&amp;ouid=104994245434287604420\"><strong>Inscripci\u00f3<\/strong><\/a><\/h4>\n<p>&nbsp;<\/p>\n<h5>Activitat extraescolar de p\u00e0del<\/h5>\n<p>L&#8217;<strong>Associaci\u00f3 Esportiva Escolar de l&#8217;Institut de Gurb<\/strong> organitza una activitat extraescolar de p\u00e0del al <strong>P\u00e0del Osona de Gurb<\/strong>. El preu de l&#8217;activitat \u00e9s de <strong>40\u00a0\u20ac \/ mes<\/strong> per aquells alumnes que realitzin l&#8217;activitat un dia a la setmana i de <strong>65 \u20ac \/ mes<\/strong> per tots aquells que la realitzin dos dies. El preu inclou el lloguer de les instal\u00b7lacions, el material, un monitor i l\u2019asseguran\u00e7a, i les sessions tenen una durada d&#8217;una hora. L&#8217;activitat es realitzar\u00e0 en grups d&#8217;entre 3 i 4 alumnes i s&#8217;iniciar\u00e0 el dia 2 de setembre.<\/p>\n<p>Recordem, tamb\u00e9, que l&#8217;Associaci\u00f3 Esportiva de l&#8217;Institut de Gurb t\u00e9 un conveni amb el club de p\u00e0del que permet als alumnes i exalumnes de l&#8217;Institut de Gurb fer \u00fas de les instal\u00b7lacions del p\u00e0del de dilluns a divendres de 15:00 a 17:00 h i els caps de setmana a un preu molt econ\u00f2mic.<\/p>\n<p>Per m\u00e9s informaci\u00f3 sobre l&#8217;activitat i per realitzar la inscripci\u00f3, podeu contactar amb l&#8217;Albert Barniol (albert.barniol<span class=\"\">@institutdegurb.<\/span>cat), professor responsable de l&#8217;activitat.<\/p>\n<div><a href=\"https:\/\/agora.xtec.cat\/insgurb\/wp-content\/uploads\/usu1744\/2020\/07\/IMG_20190211_094314.jpg\">\u00a0 <\/a><\/div>\n<div><\/div>\n<div>\n<p><a href=\"https:\/\/agora.xtec.cat\/insgurb\/wp-content\/uploads\/usu1744\/2020\/07\/IMG_20190211_094314.jpg\"><img loading=\"lazy\" decoding=\"async\" class=\"alignnone wp-image-2641\" src=\"https:\/\/agora.xtec.cat\/insgurb\/wp-content\/uploads\/usu1744\/2020\/07\/IMG_20190211_094314-1024x768.jpg\" alt=\"\" width=\"429\" height=\"322\" srcset=\"https:\/\/agora.xtec.cat\/insgurb\/wp-content\/uploads\/usu1744\/2020\/07\/IMG_20190211_094314-1024x768.jpg 1024w, https:\/\/agora.xtec.cat\/insgurb\/wp-content\/uploads\/usu1744\/2020\/07\/IMG_20190211_094314-300x225.jpg 300w, https:\/\/agora.xtec.cat\/insgurb\/wp-content\/uploads\/usu1744\/2020\/07\/IMG_20190211_094314-768x576.jpg 768w, https:\/\/agora.xtec.cat\/insgurb\/wp-content\/uploads\/usu1744\/2020\/07\/IMG_20190211_094314-200x150.jpg 200w, https:\/\/agora.xtec.cat\/insgurb\/wp-content\/uploads\/usu1744\/2020\/07\/IMG_20190211_094314.jpg 1152w\" sizes=\"auto, (max-width: 429px) 100vw, 429px\" \/> \u00a0<\/a><a href=\"https:\/\/agora.xtec.cat\/insgurb\/wp-content\/uploads\/usu1744\/2020\/07\/IMG_20190211_094319.jpg\"><img loading=\"lazy\" decoding=\"async\" class=\"alignnone wp-image-2642\" src=\"https:\/\/agora.xtec.cat\/insgurb\/wp-content\/uploads\/usu1744\/2020\/07\/IMG_20190211_094319-1024x768.jpg\" alt=\"\" width=\"429\" height=\"321\" srcset=\"https:\/\/agora.xtec.cat\/insgurb\/wp-content\/uploads\/usu1744\/2020\/07\/IMG_20190211_094319-1024x768.jpg 1024w, https:\/\/agora.xtec.cat\/insgurb\/wp-content\/uploads\/usu1744\/2020\/07\/IMG_20190211_094319-300x225.jpg 300w, https:\/\/agora.xtec.cat\/insgurb\/wp-content\/uploads\/usu1744\/2020\/07\/IMG_20190211_094319-768x576.jpg 768w, https:\/\/agora.xtec.cat\/insgurb\/wp-content\/uploads\/usu1744\/2020\/07\/IMG_20190211_094319-200x150.jpg 200w, https:\/\/agora.xtec.cat\/insgurb\/wp-content\/uploads\/usu1744\/2020\/07\/IMG_20190211_094319.jpg 1152w\" sizes=\"auto, (max-width: 429px) 100vw, 429px\" \/><\/a><\/p>\n<\/div>\n<h5><\/h5>\n<p>&nbsp;<\/p>\n<h5>A<span style=\"font-size: 1.125em;\">ctivitat extraescolar de rob\u00f2tica<\/span><\/h5>\n<p>La rob\u00f2tica educativa \u00e9s una disciplina transversal que, per una banda, permet treballar de forma pr\u00e0ctica i divertida diferents compet\u00e8ncies i, per altra banda, refor\u00e7a de forma considerable valors tan importants com el treball en equip, la innovaci\u00f3 i l&#8217;autoestima a trav\u00e9s del m\u00e8tode &#8220;<strong>learning by doing<\/strong>&#8220;.<\/p>\n<p>Els alumnes que participin en aquesta extraescolar tindran l&#8217;oportunitat de viure en primera persona la<a href=\"https:\/\/ca.firstlegoleague.es\/\">\u00a0First Lego League<\/a>, una competici\u00f3 que des del 1998 convida equips de tot el mon per <span class=\"color_15\">descobrir la diversi\u00f3 i l\u2019emoci\u00f3 per\u00a0la ci\u00e8ncia i la tecnologia<\/span><span class=\"color_14\">\u00a0proposant un repte global relacionat amb una\u00a0problem\u00e0tica del m\u00f3n real.\u00a0<\/span><\/p>\n<p><a href=\"https:\/\/agora.xtec.cat\/insgurb\/wp-content\/uploads\/usu1744\/2020\/09\/challenge2020.png\"><img loading=\"lazy\" decoding=\"async\" class=\" wp-image-2908 aligncenter\" src=\"https:\/\/agora.xtec.cat\/insgurb\/wp-content\/uploads\/usu1744\/2020\/09\/challenge2020.png\" alt=\"\" width=\"504\" height=\"252\" srcset=\"https:\/\/agora.xtec.cat\/insgurb\/wp-content\/uploads\/usu1744\/2020\/09\/challenge2020.png 600w, https:\/\/agora.xtec.cat\/insgurb\/wp-content\/uploads\/usu1744\/2020\/09\/challenge2020-300x150.png 300w\" sizes=\"auto, (max-width: 504px) 100vw, 504px\" \/><\/a><\/p>\n<p>L&#8217;<strong>Associaci\u00f3 Esportiva Escolar de l&#8217;Institut de Gurb<\/strong> organitza l&#8217;activitat, que es realitza al mateix institut. El preu de l&#8217;activitat \u00e9s de <strong>25\u00a0\u20ac \/ mes<\/strong> (un dia a la setmana) o de <strong>40 \u20ac \/ mes<\/strong> (dos dies a la setmana). El preu inclou el material, els monitors i l\u2019asseguran\u00e7a, i la sessi\u00f3 t\u00e9 una durada d&#8217;una hora i mitja.<\/p>\n<h4 style=\"text-align: center;\"><a href=\"https:\/\/docs.google.com\/forms\/d\/e\/1FAIpQLSeL0vH6FsAYfVP2f-VBh2-ZI54f-Qbc6P3E8XsdwY9mwCbXUQ\/viewform?usp=sharing&amp;ouid=104994245434287604420\"><strong>Inscripci\u00f3<\/strong><\/a><\/h4>\n<p>&nbsp;<\/p>\n<h5>Activitat extraescolar de teatre<\/h5>\n<p>Taller adre\u00e7at a l&#8217;alumnat de 1r a 4t d\u2019ESO. Es tracta de <strong>teatre fet per joves i per un p\u00fablic jove<\/strong>. L\u2019objectiu \u00e9s partir d\u2019una idea, d\u2019un concepte del que tinguem ganes de parlar, fer-ne debat, buscar o escriure textos, treballar a partir d\u2019improvisacions\u2026 i, mica en mica, fer cr\u00e9ixer un <strong>espectacle teatral<\/strong>.<\/p>\n<p>En tot aquest proc\u00e9s, a m\u00e9s de con\u00e8ixer <strong>el llenguatge i les estructures teatrals<\/strong>, treballarem l\u2019<strong>expressi\u00f3 oral i corporal<\/strong>, la <strong>creativitat<\/strong>, l\u2019<strong>empatia<\/strong>, les <strong>emocions<\/strong> i, sobretot, aprendrem a valorar el <strong>treball en equip<\/strong>, tot des del joc i els exercicis teatrals.<\/p>\n<p>El projecte, dirigit per Xevi Font, actor i director teatral vigat\u00e0, tamb\u00e9 neix amb la voluntat de crear una <strong>pe\u00e7a teatral<\/strong> que es presentar\u00e0 a finals de maig al Teatre de l\u2019Esperan\u00e7a de Gurb.<\/p>\n<p>L&#8217;activitat es realitzar\u00e0 <strong>tots els dijous de 19:00 a 20:30 al teatre de l&#8217;Esperan\u00e7a de Gurb<\/strong>, i t\u00e9\u00a0una \u00fanica <strong>quota de 160 \u20ac<\/strong>. Per a m\u00e9s informaci\u00f3, consulteu la <a href=\"https:\/\/xevifont.cat\/teatre-joves-gurb\/\">p\u00e0gina web<\/a> de l&#8217;activitat.<\/p>\n<h4 style=\"text-align: center;\"><a href=\"https:\/\/xevifont.cat\/teatre-joves-gurb\/\"><strong>Inscripci\u00f3<\/strong><\/a><\/h4>\n<p style=\"text-align: center;\"><a href=\"https:\/\/agora.xtec.cat\/insgurb\/wp-content\/uploads\/usu1744\/2021\/08\/WhatsApp-Image-2021-08-23-at-13.13.58.jpeg\"><img loading=\"lazy\" decoding=\"async\" class=\"wp-image-3737 aligncenter\" src=\"https:\/\/agora.xtec.cat\/insgurb\/wp-content\/uploads\/usu1744\/2021\/08\/WhatsApp-Image-2021-08-23-at-13.13.58-1024x364.jpeg\" alt=\"\" width=\"362\" height=\"129\" srcset=\"https:\/\/agora.xtec.cat\/insgurb\/wp-content\/uploads\/usu1744\/2021\/08\/WhatsApp-Image-2021-08-23-at-13.13.58-1024x364.jpeg 1024w, https:\/\/agora.xtec.cat\/insgurb\/wp-content\/uploads\/usu1744\/2021\/08\/WhatsApp-Image-2021-08-23-at-13.13.58-300x107.jpeg 300w, https:\/\/agora.xtec.cat\/insgurb\/wp-content\/uploads\/usu1744\/2021\/08\/WhatsApp-Image-2021-08-23-at-13.13.58-768x273.jpeg 768w, https:\/\/agora.xtec.cat\/insgurb\/wp-content\/uploads\/usu1744\/2021\/08\/WhatsApp-Image-2021-08-23-at-13.13.58-1536x546.jpeg 1536w, https:\/\/agora.xtec.cat\/insgurb\/wp-content\/uploads\/usu1744\/2021\/08\/WhatsApp-Image-2021-08-23-at-13.13.58.jpeg 1920w\" sizes=\"auto, (max-width: 362px) 100vw, 362px\" \/><\/a><\/p>\n<p>&nbsp;<\/p>\n<h5>Activitat extraescolar d&#8217;idiomes<\/h5>\n<p style=\"font-weight: 400;\">T\u2019agradaria poder conversar de qualsevol tema amb qualsevol persona d\u2019arreu del m\u00f3n? Per tal de poder millorar el nivell d\u2019idiomes de l&#8217;alumnat de 1r a 4t ESO i preparar-se per obtenir un t\u00edtol oficial o senzillament iniciar-se en una nova llengua i consolidar la conversa, Osona Idiomes proposa diferents cursos dels nivells A1, A2, B1, B2, C1 i C2\u00a0d\u2019<strong>angl\u00e8s<\/strong>,\u00a0<strong>franc\u00e8s<\/strong>\u00a0i\u00a0<strong>alemany<\/strong> i cursos d&#8217;iniciaci\u00f3 al xin\u00e8s.<\/p>\n<p style=\"font-weight: 400;\">Els cursos s\u2019impartiran a partir de les 16 h. No hi ha matr\u00edcula, nom\u00e9s es cobrar\u00e0 el material en la quota del mes d&#8217;octubre.<\/p>\n<p style=\"font-weight: 400;\"><strong>Preus mensuals<\/strong>:<\/p>\n<table>\n<tbody>\n<tr>\n<td>1 hora setmanal<\/td>\n<td>42 \u20ac \/ mes<\/td>\n<\/tr>\n<tr>\n<td>1,5 hores setmanals<\/td>\n<td>55 \u20ac \/ mes<\/td>\n<\/tr>\n<tr>\n<td>2 hores setmanals<\/td>\n<td>63 \u20ac \/ mes<\/td>\n<\/tr>\n<tr>\n<td>2 hores setmanals ADV<\/td>\n<td>75 \u20ac \/ mes<\/td>\n<\/tr>\n<\/tbody>\n<\/table>\n<p><strong>Cursos i horaris<\/strong>:<\/p>\n<table style=\"height: 752px; width: 68.6255%;\">\n<tbody>\n<tr style=\"height: 33px;\">\n<td style=\"height: 33px; width: 16.1863%;\"><strong>Idioma<\/strong><\/td>\n<td style=\"height: 33px; width: 36.3636%;\"><strong>Nivell<\/strong><\/td>\n<td style=\"height: 33px; width: 57.7172%;\"><strong>Horari<\/strong><\/td>\n<\/tr>\n<tr style=\"height: 32px;\">\n<td style=\"width: 16.1863%; height: 399px;\" rowspan=\"16\">Angl\u00e8s<\/td>\n<td style=\"width: 36.3636%; height: 42px;\" rowspan=\"2\">A2 (1r ESO)<\/td>\n<td style=\"width: 57.7172%; height: 10px;\">Dilluns i dimecres 16-17 h<\/td>\n<\/tr>\n<tr style=\"height: 32px;\">\n<td style=\"width: 57.7172%; height: 32px;\">Dimarts i dijous 16-17 h<\/td>\n<\/tr>\n<tr style=\"height: 10px;\">\n<td style=\"height: 76px; width: 36.3636%;\" rowspan=\"3\">B1 (2n ESO)<\/td>\n<td style=\"height: 10px; width: 57.7172%;\"><span style=\"background-color: #f9f9f9;\">Dilluns i dimecres 16-17 h<\/span><\/td>\n<\/tr>\n<tr style=\"height: 33px;\">\n<td style=\"height: 33px; width: 57.7172%;\"><span style=\"background-color: #ffffff;\">Dimarts i dijous 16-17 h<\/span><\/td>\n<\/tr>\n<tr style=\"height: 33px;\">\n<td style=\"height: 33px; width: 57.7172%;\"><span style=\"background-color: #ffffff;\">Dimarts i dimecres 16-17 h<\/span><\/td>\n<\/tr>\n<tr style=\"height: 10px;\">\n<td style=\"width: 36.3636%; height: 76px;\" rowspan=\"2\">Pre-first (3r d&#8217;ESO)<\/td>\n<td style=\"height: 10px; width: 57.7172%;\"><span style=\"background-color: #f9f9f9;\">Dilluns i dimecres 16-17 h<\/span><\/td>\n<\/tr>\n<tr style=\"height: 33px;\">\n<td style=\"height: 33px; width: 57.7172%;\"><span style=\"background-color: #ffffff;\">Dimarts i dijous 16-17 h<\/span><\/td>\n<\/tr>\n<tr style=\"height: 10px;\">\n<td style=\"width: 36.3636%; height: 76px;\" rowspan=\"3\">B2 FCE (4t d&#8217;ESO)<\/td>\n<td style=\"height: 10px; width: 57.7172%;\"><span style=\"background-color: #f9f9f9;\">Dilluns i dimecres 16-17 h<\/span><\/td>\n<\/tr>\n<tr style=\"height: 33px;\">\n<td style=\"height: 33px; width: 57.7172%;\"><span style=\"background-color: #ffffff;\">Dimarts i dijous 16-17 h<\/span><\/td>\n<\/tr>\n<tr style=\"height: 33px;\">\n<td style=\"height: 33px; width: 57.7172%;\"><span style=\"background-color: #ffffff;\">Dimecres i divendres 16-17 h<\/span><\/td>\n<\/tr>\n<tr style=\"height: 10px;\">\n<td style=\"width: 36.3636%; height: 43px;\" rowspan=\"2\">C1 Advanced (1r i 2n de Batxillerat)<\/td>\n<td style=\"height: 10px; width: 57.7172%;\"><span style=\"background-color: #f9f9f9;\">Dilluns i dimecres 16-17 h<\/span><\/td>\n<\/tr>\n<tr style=\"height: 33px;\">\n<td style=\"height: 33px; width: 57.7172%;\"><span style=\"background-color: #ffffff;\">Dimarts i dijous 16-17 h<\/span><\/td>\n<\/tr>\n<tr style=\"height: 10px;\">\n<td style=\"width: 36.3636%; height: 43px;\" rowspan=\"2\">C1 CAE<\/td>\n<td style=\"height: 10px; width: 57.7172%;\"><span style=\"background-color: #f9f9f9;\">Dilluns i dimecres 16-17 h<\/span><\/td>\n<\/tr>\n<tr style=\"height: 33px;\">\n<td style=\"height: 33px; width: 57.7172%;\"><span style=\"background-color: #ffffff;\">Dimarts i dijous 16-17 h<\/span><\/td>\n<\/tr>\n<tr style=\"height: 10px;\">\n<td style=\"width: 36.3636%; height: 43px;\" rowspan=\"2\">C2 Proficiency (1r i 2n de Batxillerat)<\/td>\n<td style=\"height: 10px; width: 57.7172%;\"><span style=\"background-color: #f9f9f9;\">Dilluns i dimecres 16-17 h<\/span><\/td>\n<\/tr>\n<tr style=\"height: 33px;\">\n<td style=\"height: 33px; width: 57.7172%;\"><span style=\"background-color: #ffffff;\">Dimarts i dijous 16-17 h<\/span><\/td>\n<\/tr>\n<tr style=\"height: 32px;\">\n<td style=\"width: 16.1863%; height: 128px;\" rowspan=\"4\">Franc\u00e8s<\/td>\n<td style=\"width: 36.3636%; height: 32px;\">A1<\/td>\n<td style=\"height: 32px; width: 57.7172%;\"><span style=\"background-color: #ffffff;\">Dimarts i dijous 16-17 h<\/span><\/td>\n<\/tr>\n<tr style=\"height: 32px;\">\n<td style=\"width: 36.3636%; height: 32px;\">A2<\/td>\n<td style=\"width: 57.7172%; height: 32px;\">Dilluns i dimecres 16-17 h<\/td>\n<\/tr>\n<tr style=\"height: 32px;\">\n<td style=\"width: 36.3636%; height: 32px;\">B1<\/td>\n<td style=\"height: 32px; width: 57.7172%;\"><span style=\"background-color: #ffffff;\">Dimarts i dijous 16-17 h<\/span><\/td>\n<\/tr>\n<tr style=\"height: 32px;\">\n<td style=\"width: 36.3636%; height: 32px;\">B2<\/td>\n<td style=\"width: 57.7172%; height: 32px;\">Dilluns i dimecres 16-17 h<\/td>\n<\/tr>\n<tr style=\"height: 32px;\">\n<td style=\"width: 16.1863%; height: 128px;\" rowspan=\"4\">Alemany<\/td>\n<td style=\"width: 36.3636%; height: 32px;\">A1<\/td>\n<td style=\"height: 32px; width: 57.7172%;\"><span style=\"background-color: #ffffff;\">Dimarts i dijous 16-17 h<\/span><\/td>\n<\/tr>\n<tr style=\"height: 32px;\">\n<td style=\"width: 36.3636%; height: 32px;\">A2<\/td>\n<td style=\"width: 57.7172%; height: 32px;\">Dilluns i dimecres 16-17 h<\/td>\n<\/tr>\n<tr style=\"height: 32px;\">\n<td style=\"width: 36.3636%; height: 32px;\">B1<\/td>\n<td style=\"height: 32px; width: 57.7172%;\"><span style=\"background-color: #ffffff;\">Dimarts i dijous 16-17 h<\/span><\/td>\n<\/tr>\n<tr style=\"height: 32px;\">\n<td style=\"width: 36.3636%; height: 32px;\">B2<\/td>\n<td style=\"width: 57.7172%; height: 32px;\">Dilluns i dimecres 16-17 h<\/td>\n<\/tr>\n<tr style=\"height: 32px;\">\n<td style=\"width: 16.1863%; height: 64px;\" rowspan=\"2\">Xin\u00e8s<\/td>\n<td style=\"width: 36.3636%; height: 64px;\" rowspan=\"2\">Iniciaci\u00f3<\/td>\n<td style=\"width: 57.7172%; height: 32px;\">Dimarts 16-17:30 h<\/td>\n<\/tr>\n<tr style=\"height: 32px;\">\n<td style=\"width: 57.7172%; height: 32px;\">Dijous 16-17:30 h<\/td>\n<\/tr>\n<\/tbody>\n<\/table>\n<p style=\"font-weight: 400;\">En cas que us interess\u00e9s cursar una altra llengua, feu-nos-ho saber al correu electr\u00f2nic <a href=\"mailto:info@osonaidiomes.com\">info@osonaidiomes.com<\/a>\u00a0i podem tamb\u00e9 impartir-la si surt un n\u00famero m\u00ednim d\u2019alumnes.<\/p>\n<h4 style=\"text-align: center;\"><a href=\"https:\/\/docs.google.com\/forms\/d\/e\/1FAIpQLSc9MUC5tYI4BuPDR97vXyLaFUyNlet_iOMLNT8CDIEFwhcJCg\/viewform\"><strong>Inscripci\u00f3<\/strong><\/a><\/h4>\n<p>&nbsp;<\/p>\n<h5>Activitat extraescolar d&#8217;hist\u00f2ria<\/h5>\n<p><strong>Historiakum<\/strong> \u00e9s una activitat extraescolar d&#8217;hist\u00f2ria que ofereix en Miquel Valera. El preu\u00a0de l&#8217;activitat \u00e9s de <strong>25 \u20ac \/ mes<\/strong> i es realitzar\u00e0 un dia a la setmana, a escollir entre l&#8217;alumnat que s&#8217;hi inscrigui. Es pot fer la tria del dia a trav\u00e9s del formulari d&#8217;inscripci\u00f3.<\/p>\n<p><a href=\"https:\/\/agora.xtec.cat\/insgurb\/wp-content\/uploads\/usu1744\/2024\/07\/FLYER_A5_page-0001.jpg\"><img loading=\"lazy\" decoding=\"async\" class=\"wp-image-5832 aligncenter\" src=\"https:\/\/agora.xtec.cat\/insgurb\/wp-content\/uploads\/usu1744\/2024\/07\/FLYER_A5_page-0001.jpg\" alt=\"\" width=\"536\" height=\"760\" srcset=\"https:\/\/agora.xtec.cat\/insgurb\/wp-content\/uploads\/usu1744\/2024\/07\/FLYER_A5_page-0001.jpg 875w, https:\/\/agora.xtec.cat\/insgurb\/wp-content\/uploads\/usu1744\/2024\/07\/FLYER_A5_page-0001-212x300.jpg 212w, https:\/\/agora.xtec.cat\/insgurb\/wp-content\/uploads\/usu1744\/2024\/07\/FLYER_A5_page-0001-722x1024.jpg 722w, https:\/\/agora.xtec.cat\/insgurb\/wp-content\/uploads\/usu1744\/2024\/07\/FLYER_A5_page-0001-768x1089.jpg 768w\" sizes=\"auto, (max-width: 536px) 100vw, 536px\" \/><\/a><\/p>\n<h4 style=\"text-align: center;\"><a href=\"https:\/\/docs.google.com\/forms\/d\/e\/1FAIpQLScJz-Shf5XrgZNdgvL0W6Q8hvBhrGOlq-4lbURWZYtaFTaXJw\/viewform?usp=dialog\"><strong>Inscripci\u00f3<\/strong><\/a><\/h4>\n<p>&nbsp;<\/p>\n<p>&nbsp;<\/p>\n","protected":false},"excerpt":{"rendered":"<p>Pel proper curs 2025-26 l&#8217;Institut de Gurb ofereix diverses activitats extraescolars:<\/p>\n<ul>\n<li>Escalada &#8211; <a href=\"https:\/\/docs.google.com\/forms\/d\/e\/1FAIpQLSdhgHx5QQqa4WkwpK3mmyVkgAaIPc4N31wU3Bcqr8GVDIUZvA\/viewform?usp=sharing&amp;ouid=104994245434287604420\">Inscripci\u00f3<\/a><\/li>\n<li>P\u00e0del &#8211; Inscripci\u00f3: albert.barniol@institutdegurb.cat<\/li>\n<li>Rob\u00f2tica &#8211; <a href=\"https:\/\/docs.google.com\/forms\/d\/e\/1FAIpQLSeL0vH6FsAYfVP2f-VBh2-ZI54f-Qbc6P3E8XsdwY9mwCbXUQ\/viewform?usp=sharing&amp;ouid=104994245434287604420\">Inscripci\u00f3<\/a><\/li>\n<li>Teatre &#8211; <a href=\"https:\/\/xevifont.cat\/teatre-joves-gurb\/\">Inscripci\u00f3<\/a><\/li>\n<li>Idiomes &#8211; <a href=\"https:\/\/docs.google.com\/forms\/d\/e\/1FAIpQLSc9MUC5tYI4BuPDR97vXyLaFUyNlet_iOMLNT8CDIEFwhcJCg\/viewform\">Inscripci\u00f3<\/a><\/li>\n<li>Historiakum &#8211; <a href=\"https:\/\/docs.google.com\/forms\/d\/e\/1FAIpQLScJz-Shf5XrgZNdgvL0W6Q8hvBhrGOlq-4lbURWZYtaFTaXJw\/viewform?usp=dialog\">Inscripci\u00f3<\/a><\/li>\n<\/ul>\n<p>&nbsp;<\/p>\n<p>Activitat extraescolar d&#8217;escalada<br \/>\nL&#8217;Associaci\u00f3 Esportiva Escolar de l&#8217;Institut de Gurb organitza una activitat extraescolar d&#8217;escalada al Garatge Fan\u00e0tik&hellip;  <a href=\"https:\/\/agora.xtec.cat\/insgurb\/serveis\/activitats-extraescolars\/\" title=\"Read Activitats extraescolars\">Llegeix m\u00e9s\u00bb<\/a><\/p>\n","protected":false},"author":1,"featured_media":0,"parent":63,"menu_order":40,"comment_status":"closed","ping_status":"closed","template":"page-templates\/side-menu.php","meta":{"_bbp_topic_count":0,"_bbp_reply_count":0,"_bbp_total_topic_count":0,"_bbp_total_reply_count":0,"_bbp_voice_count":0,"_bbp_anonymous_reply_count":0,"_bbp_topic_count_hidden":0,"_bbp_reply_count_hidden":0,"_bbp_forum_subforum_count":0,"footnotes":""},"class_list":["post-75","page","type-page","status-publish","hentry"],"post_mailing_queue_ids":[],"_links":{"self":[{"href":"https:\/\/agora.xtec.cat\/insgurb\/wp-json\/wp\/v2\/pages\/75","targetHints":{"allow":["GET"]}}],"collection":[{"href":"https:\/\/agora.xtec.cat\/insgurb\/wp-json\/wp\/v2\/pages"}],"about":[{"href":"https:\/\/agora.xtec.cat\/insgurb\/wp-json\/wp\/v2\/types\/page"}],"author":[{"embeddable":true,"href":"https:\/\/agora.xtec.cat\/insgurb\/wp-json\/wp\/v2\/users\/1"}],"replies":[{"embeddable":true,"href":"https:\/\/agora.xtec.cat\/insgurb\/wp-json\/wp\/v2\/comments?post=75"}],"version-history":[{"count":6,"href":"https:\/\/agora.xtec.cat\/insgurb\/wp-json\/wp\/v2\/pages\/75\/revisions"}],"predecessor-version":[{"id":6535,"href":"https:\/\/agora.xtec.cat\/insgurb\/wp-json\/wp\/v2\/pages\/75\/revisions\/6535"}],"up":[{"embeddable":true,"href":"https:\/\/agora.xtec.cat\/insgurb\/wp-json\/wp\/v2\/pages\/63"}],"wp:attachment":[{"href":"https:\/\/agora.xtec.cat\/insgurb\/wp-json\/wp\/v2\/media?parent=75"}],"curies":[{"name":"wp","href":"https:\/\/api.w.org\/{rel}","templated":true}]}}