{"id":735,"date":"2018-07-08T18:29:00","date_gmt":"2018-07-08T16:29:00","guid":{"rendered":"http:\/\/agora.xtec.cat\/insgurb\/?page_id=735"},"modified":"2025-09-17T08:53:06","modified_gmt":"2025-09-17T06:53:06","slug":"1r-deso","status":"publish","type":"page","link":"https:\/\/agora.xtec.cat\/insgurb\/estudis\/1r-deso\/","title":{"rendered":"1r d&#8217;ESO"},"content":{"rendered":"<h4><strong>Guia de l&#8217;estudiant de 1r d&#8217;ESO<\/strong><\/h4>\n<p>Consulta la <a href=\"https:\/\/agora.xtec.cat\/insgurb\/wp-content\/uploads\/usu1744\/2025\/09\/2526_Guia_estudiant_1r.pdf\"><strong>guia de l&#8217;estudiant de 1r d&#8217;ESO<\/strong><\/a>, on podr\u00e0s veure tot all\u00f2 que necessites saber per comen\u00e7ar el curs ben preparat: normes, horaris, pla d&#8217;estudis, etc.<\/p>\n<p>&nbsp;<\/p>\n<h4><strong>Tutories<\/strong><\/h4>\n<ul>\n<li><strong>1r A<\/strong>: Ada Colomer i Marta Gonz\u00e1lez<\/li>\n<li><strong>1r B<\/strong>: Anna Collelldemont i Pere Vila<\/li>\n<li><strong>1r C<\/strong>: Laia Torralba i Mart\u00ed Boleda<\/li>\n<li><strong>1r D<\/strong>: Dar\u00edo Anguita, Carles Planas i N\u00faria Sala<\/li>\n<\/ul>\n<p>&nbsp;<\/p>\n<h4><strong>Professorat de 1r d&#8217;ESO<\/strong><\/h4>\n<ul>\n<li><strong>Catal\u00e0:\u00a0<\/strong>Marta Gonz\u00e1lez (1r A, B, C i D)<\/li>\n<li><strong>Castell\u00e0<\/strong>: N\u00faria Trias (1r A, B, C i D)<\/li>\n<li><strong>Estructures Ling\u00fc\u00edstiques<\/strong>: Marta Gonz\u00e1lez (1r A i B) i Mireia Catot (1r C i D)<\/li>\n<li><strong>Angl\u00e8s<\/strong>: Ada Colomer (1r A, B, C i D)<\/li>\n<li><strong>Projecte socioling\u00fc\u00edstic<\/strong>: Mireia Sala (1r A), Dar\u00edo Anguita (1r B i D) i Isabel Palacio (1r C)<\/li>\n<li><strong>Matem\u00e0tiques<\/strong>: Anna Collelldemont (1r A, B i D) i Mart\u00ed Boleda (1r C)<\/li>\n<li><strong>Socials<\/strong>: Dar\u00edo Anguita (1r A, B, C i D)<\/li>\n<li><strong>Biologia i Geologia<\/strong>: Laia Torralba (1r A, B, C i D)<\/li>\n<li><strong>STEAM<\/strong>: Mart\u00ed Boleda (1r A i C), Mireia Ylla (1r B) i N\u00faria Vidal (1r D)<\/li>\n<li><strong>Educaci\u00f3 F\u00edsica<\/strong>: N\u00faria Sala (1r A i D) i Pere Vila (1r B i C)<\/li>\n<li><strong>Visual i Pl\u00e0stica<\/strong>: Carme Jim\u00e9nez (1r A, B, C i D)<\/li>\n<li><strong>M\u00fasica<\/strong>: Carles Planas (1r A, B, C i D)<\/li>\n<li><strong>Optatives<\/strong>: Ada Colomer (Franc\u00e8s), Katharina Hahn (Alemany), Mireia Catot (Escriptura Creativa), N\u00faria Vidal i Maria Ylla-Catal\u00e0 (Disseny Tecnol\u00f2gic) i S\u00edlvia Viad\u00e9 (PIM)<\/li>\n<\/ul>\n<p>&nbsp;<\/p>\n<h4><strong>Material del curs<\/strong><\/h4>\n<p>Consulta tot el <a href=\"https:\/\/agora.xtec.cat\/insgurb\/portada\/menjador-extraescolars-i-material-curs-2025-26\/\">material<\/a> que necessites pel curs 2025-26.<\/p>\n<p>&nbsp;<\/p>\n","protected":false},"excerpt":{"rendered":"<p>Guia de l&#8217;estudiant de 1r d&#8217;ESO<br \/>\nConsulta la <a href=\"https:\/\/agora.xtec.cat\/insgurb\/wp-content\/uploads\/usu1744\/2025\/09\/2526_Guia_estudiant_1r.pdf\">guia de l&#8217;estudiant de 1r d&#8217;ESO<\/a>, on podr\u00e0s veure tot all\u00f2 que necessites saber per comen\u00e7ar el curs ben preparat: normes, horaris, pla d&#8217;estudis, etc.<br \/>\n&nbsp;<br \/>\nTutories<\/p>\n<ul>\n<li>1r A: Ada Colomer i Marta Gonz\u00e1lez<\/li>\n<li>1r B: Anna Collelldemont i Pere Vila<\/li>\n<li>1r&hellip;  <a href=\"https:\/\/agora.xtec.cat\/insgurb\/estudis\/1r-deso\/\" title=\"Read 1r d&#8217;ESO\">Llegeix m\u00e9s\u00bb<\/a><br \/>\n","protected":false},"author":1,"featured_media":0,"parent":195,"menu_order":0,"comment_status":"closed","ping_status":"closed","template":"","meta":{"_bbp_topic_count":0,"_bbp_reply_count":0,"_bbp_total_topic_count":0,"_bbp_total_reply_count":0,"_bbp_voice_count":0,"_bbp_anonymous_reply_count":0,"_bbp_topic_count_hidden":0,"_bbp_reply_count_hidden":0,"_bbp_forum_subforum_count":0,"footnotes":""},"class_list":["post-735","page","type-page","status-publish","hentry"],"post_mailing_queue_ids":[],"_links":{"self":[{"href":"https:\/\/agora.xtec.cat\/insgurb\/wp-json\/wp\/v2\/pages\/735","targetHints":{"allow":["GET"]}}],"collection":[{"href":"https:\/\/agora.xtec.cat\/insgurb\/wp-json\/wp\/v2\/pages"}],"about":[{"href":"https:\/\/agora.xtec.cat\/insgurb\/wp-json\/wp\/v2\/types\/page"}],"author":[{"embeddable":true,"href":"https:\/\/agora.xtec.cat\/insgurb\/wp-json\/wp\/v2\/users\/1"}],"replies":[{"embeddable":true,"href":"https:\/\/agora.xtec.cat\/insgurb\/wp-json\/wp\/v2\/comments?post=735"}],"version-history":[{"count":6,"href":"https:\/\/agora.xtec.cat\/insgurb\/wp-json\/wp\/v2\/pages\/735\/revisions"}],"predecessor-version":[{"id":6544,"href":"https:\/\/agora.xtec.cat\/insgurb\/wp-json\/wp\/v2\/pages\/735\/revisions\/6544"}],"up":[{"embeddable":true,"href":"https:\/\/agora.xtec.cat\/insgurb\/wp-json\/wp\/v2\/pages\/195"}],"wp:attachment":[{"href":"https:\/\/agora.xtec.cat\/insgurb\/wp-json\/wp\/v2\/media?parent=735"}],"curies":[{"name":"wp","href":"https:\/\/api.w.org\/{rel}","templated":true}]}}