{"id":720,"date":"2018-07-08T13:23:17","date_gmt":"2018-07-08T11:23:17","guid":{"rendered":"http:\/\/agora.xtec.cat\/insgurb\/?page_id=720"},"modified":"2023-10-24T12:33:37","modified_gmt":"2023-10-24T10:33:37","slug":"auxiliar-de-conversa","status":"publish","type":"page","link":"https:\/\/agora.xtec.cat\/insgurb\/projecte-educatiu\/projecte-linguistic\/auxiliar-de-conversa\/","title":{"rendered":"Auxiliar de conversa"},"content":{"rendered":"<p style=\"text-align: left;\">L&#8217;Institut de Gurb, gr\u00e0cies al suport de l&#8217;AFA, compta cada any amb la <strong>pres\u00e8ncia d&#8217;un auxiliar de conversa en llengua anglesa<\/strong> que dedica <strong>una hora setmanal a cada grup-classe<\/strong>. Durant aquesta hora, l&#8217;alumnat realitza activitats de conversa en angl\u00e8s amb l&#8217;objectiu de millorar la seva flu\u00efdesa en aquesta llengua. \u00c9s, per tant, una molt bona oportunitat pels nostres alumnes per millorar les compet\u00e8ncies de la dimensi\u00f3 de la comunicaci\u00f3 oral i els coneixements de cultura brit\u00e0nica.<\/p>\n<p style=\"text-align: center;\"><iframe loading=\"lazy\" src=\"https:\/\/www.youtube.com\/embed\/FyUcIX8tcRQ\" width=\"560\" height=\"315\" frameborder=\"0\" allowfullscreen=\"allowfullscreen\"><\/iframe><\/p>\n<p style=\"text-align: left;\">Al llarg de tots aquests cursos, hem tingut diversos auxiliars de conversa: la Gemma Breslin, en Samuel Green, la Francesc Wright i la Pippa Bindin. Actualment, i des de ja fa un parell d&#8217;anys, el nostre auxiliar de conversa \u00e9s en <strong>Caine Isham<\/strong>, del Regne Unit.<\/p>\n<p><a href=\"https:\/\/agora.xtec.cat\/insgurb\/wp-content\/uploads\/usu1744\/2023\/10\/IMG_20231024_114654-scaled.jpg\"><img loading=\"lazy\" decoding=\"async\" class=\"alignnone wp-image-5244 aligncenter\" src=\"https:\/\/agora.xtec.cat\/insgurb\/wp-content\/uploads\/usu1744\/2023\/10\/IMG_20231024_114654-scaled.jpg\" alt=\"\" width=\"413\" height=\"232\" srcset=\"https:\/\/agora.xtec.cat\/insgurb\/wp-content\/uploads\/usu1744\/2023\/10\/IMG_20231024_114654-scaled.jpg 2560w, https:\/\/agora.xtec.cat\/insgurb\/wp-content\/uploads\/usu1744\/2023\/10\/IMG_20231024_114654-300x169.jpg 300w, https:\/\/agora.xtec.cat\/insgurb\/wp-content\/uploads\/usu1744\/2023\/10\/IMG_20231024_114654-1024x576.jpg 1024w, https:\/\/agora.xtec.cat\/insgurb\/wp-content\/uploads\/usu1744\/2023\/10\/IMG_20231024_114654-768x432.jpg 768w, https:\/\/agora.xtec.cat\/insgurb\/wp-content\/uploads\/usu1744\/2023\/10\/IMG_20231024_114654-1536x864.jpg 1536w, https:\/\/agora.xtec.cat\/insgurb\/wp-content\/uploads\/usu1744\/2023\/10\/IMG_20231024_114654-2048x1152.jpg 2048w\" sizes=\"auto, (max-width: 413px) 100vw, 413px\" \/><\/a> \u00a0<a href=\"https:\/\/agora.xtec.cat\/insgurb\/wp-content\/uploads\/usu1744\/2023\/10\/IMG_20231024_120306-scaled.jpg\"><img loading=\"lazy\" decoding=\"async\" class=\"alignnone wp-image-5246 aligncenter\" src=\"https:\/\/agora.xtec.cat\/insgurb\/wp-content\/uploads\/usu1744\/2023\/10\/IMG_20231024_120306-scaled.jpg\" alt=\"\" width=\"414\" height=\"279\" srcset=\"https:\/\/agora.xtec.cat\/insgurb\/wp-content\/uploads\/usu1744\/2023\/10\/IMG_20231024_120306-scaled.jpg 2560w, https:\/\/agora.xtec.cat\/insgurb\/wp-content\/uploads\/usu1744\/2023\/10\/IMG_20231024_120306-300x202.jpg 300w, https:\/\/agora.xtec.cat\/insgurb\/wp-content\/uploads\/usu1744\/2023\/10\/IMG_20231024_120306-1024x691.jpg 1024w, https:\/\/agora.xtec.cat\/insgurb\/wp-content\/uploads\/usu1744\/2023\/10\/IMG_20231024_120306-768x518.jpg 768w, https:\/\/agora.xtec.cat\/insgurb\/wp-content\/uploads\/usu1744\/2023\/10\/IMG_20231024_120306-1536x1036.jpg 1536w, https:\/\/agora.xtec.cat\/insgurb\/wp-content\/uploads\/usu1744\/2023\/10\/IMG_20231024_120306-2048x1381.jpg 2048w\" sizes=\"auto, (max-width: 414px) 100vw, 414px\" \/><\/a><\/p>\n<p>&nbsp;<\/p>\n<p>&nbsp;<\/p>\n<p>&nbsp;<\/p>\n","protected":false},"excerpt":{"rendered":"<p>L&#8217;Institut de Gurb, gr\u00e0cies al suport de l&#8217;AFA, compta cada any amb la pres\u00e8ncia d&#8217;un auxiliar de conversa en llengua anglesa que dedica una hora setmanal a cada grup-classe. Durant aquesta hora, l&#8217;alumnat realitza activitats de conversa en angl\u00e8s amb l&#8217;objectiu de millorar la seva&hellip;  <a href=\"https:\/\/agora.xtec.cat\/insgurb\/projecte-educatiu\/projecte-linguistic\/auxiliar-de-conversa\/\" title=\"Read Auxiliar de conversa\">Llegeix m\u00e9s\u00bb<\/a><\/p>\n","protected":false},"author":1,"featured_media":0,"parent":799,"menu_order":0,"comment_status":"closed","ping_status":"closed","template":"","meta":{"_bbp_topic_count":0,"_bbp_reply_count":0,"_bbp_total_topic_count":0,"_bbp_total_reply_count":0,"_bbp_voice_count":0,"_bbp_anonymous_reply_count":0,"_bbp_topic_count_hidden":0,"_bbp_reply_count_hidden":0,"_bbp_forum_subforum_count":0,"footnotes":""},"class_list":["post-720","page","type-page","status-publish","hentry"],"post_mailing_queue_ids":[],"_links":{"self":[{"href":"https:\/\/agora.xtec.cat\/insgurb\/wp-json\/wp\/v2\/pages\/720","targetHints":{"allow":["GET"]}}],"collection":[{"href":"https:\/\/agora.xtec.cat\/insgurb\/wp-json\/wp\/v2\/pages"}],"about":[{"href":"https:\/\/agora.xtec.cat\/insgurb\/wp-json\/wp\/v2\/types\/page"}],"author":[{"embeddable":true,"href":"https:\/\/agora.xtec.cat\/insgurb\/wp-json\/wp\/v2\/users\/1"}],"replies":[{"embeddable":true,"href":"https:\/\/agora.xtec.cat\/insgurb\/wp-json\/wp\/v2\/comments?post=720"}],"version-history":[{"count":6,"href":"https:\/\/agora.xtec.cat\/insgurb\/wp-json\/wp\/v2\/pages\/720\/revisions"}],"predecessor-version":[{"id":5248,"href":"https:\/\/agora.xtec.cat\/insgurb\/wp-json\/wp\/v2\/pages\/720\/revisions\/5248"}],"up":[{"embeddable":true,"href":"https:\/\/agora.xtec.cat\/insgurb\/wp-json\/wp\/v2\/pages\/799"}],"wp:attachment":[{"href":"https:\/\/agora.xtec.cat\/insgurb\/wp-json\/wp\/v2\/media?parent=720"}],"curies":[{"name":"wp","href":"https:\/\/api.w.org\/{rel}","templated":true}]}}