{"id":629,"date":"2018-05-07T08:22:40","date_gmt":"2018-05-07T06:22:40","guid":{"rendered":"http:\/\/agora.xtec.cat\/insgurb\/?page_id=629"},"modified":"2023-09-17T17:37:14","modified_gmt":"2023-09-17T15:37:14","slug":"projecte-steam","status":"publish","type":"page","link":"https:\/\/agora.xtec.cat\/insgurb\/projecte-educatiu\/projecte-steam\/","title":{"rendered":"Projecte STEAM"},"content":{"rendered":"<p><img loading=\"lazy\" decoding=\"async\" class=\"aligncenter\" src=\"http:\/\/www.njsacc.org\/wordpress\/wp-content\/uploads\/2-steam-desk1.png\" alt=\"Resultat d'imatges de steam\" width=\"572\" height=\"167\" \/><\/p>\n<p>L\u2019<strong>STEAM<\/strong> (<em>Science, Technology, Engineering, Arts and Mathematics<\/em>) \u00e9s un nou\u00a0model d\u2019innovaci\u00f3 pedag\u00f2gica i metodol\u00f2gica que vol donar als nois i noies l\u2019oportunitat d\u2019<strong>identificar problemes reals<\/strong> potenciant les <strong>compet\u00e8ncies cient\u00edfiques, tecnol\u00f2giques i matem\u00e0tiques<\/strong> per tal de <strong>promoure la ci\u00e8ncia, la tecnologia, l\u2019enginyeria<\/strong> i <strong>les matem\u00e0tiques<\/strong> a la societat, no sols des de les pr\u00f2pies \u00e0rees sin\u00f3 tamb\u00e9 des d\u2019una visi\u00f3 transversal.<\/p>\n<p>Amb aquest objectiu hem creat una assignatura de <strong>4 hores setmanals<\/strong> que engloba les mat\u00e8ries de Tecnologia, Matem\u00e0tiques i Ci\u00e8ncies. En aquesta mat\u00e8ria treballem per projectes en grups cooperatius per tal que els alumnes aprenguin, a m\u00e9s dels continguts de les mat\u00e8ries en s\u00ed, la <strong>compet\u00e8ncia de treballar en equip<\/strong>, tan important per a la seva futura inserci\u00f3 en el m\u00f3n laboral.<\/p>\n<p>Podeu veure alguns exemples dels projectes que hem realitzat a les webs seg\u00fcents:<\/p>\n<ul>\n<li><a href=\"https:\/\/sites.google.com\/institutdegurb.cat\/ud2-el-nostre-institut-al-mon\/p%C3%A1gina-principal?authuser=1\">El nostre institut al m\u00f3n<\/a><\/li>\n<li><a href=\"https:\/\/sites.google.com\/institutdegurb.cat\/enorbita\/en-%C3%B2rbita?authuser=1\">En \u00f2rbita<\/a><\/li>\n<\/ul>\n<p>A part de treballar les compet\u00e8ncies de les mat\u00e8ries de Tecnologia, Ci\u00e8ncies i Matem\u00e0tiques, tamb\u00e9 treballem les <strong>compet\u00e8ncies transversals: personal i social i digital<\/strong>.<\/p>\n<p>Podeu veure el resultat d\u2019un <strong>treball sobre el reciclatge<\/strong> elaborat al propi institut per un grup d\u2019alumnes de la mat\u00e8ria STEAM on l\u2019alumnat explica els resultats obtinguts <strong>mitjan\u00e7ant un v\u00eddeo <\/strong>per tal de treballar la compet\u00e8ncia digital. En aquest <a href=\"https:\/\/drive.google.com\/file\/d\/11hByphP3G7y7lG9lPdYzo6q_ECuZTpia\/view\"><strong>v\u00eddeo<\/strong><\/a>, podreu veure com expliquen els resultats que han obtingut del seu estudi i les orientacions que els donen per tal de millorar.<\/p>\n<p>Uns deixem algunes imatges d\u2019un treball sobre <strong>com els GPS calculen la nostra localitzaci\u00f3<\/strong>:<\/p>\n<p><a href=\"https:\/\/agora.xtec.cat\/insgurb\/wp-content\/uploads\/usu1744\/2020\/03\/STEAM-1.jpg\"><img loading=\"lazy\" decoding=\"async\" class=\"wp-image-2151 size-medium alignleft\" src=\"https:\/\/agora.xtec.cat\/insgurb\/wp-content\/uploads\/usu1744\/2020\/03\/STEAM-1-300x225.jpg\" alt=\"\" width=\"300\" height=\"225\" srcset=\"https:\/\/agora.xtec.cat\/insgurb\/wp-content\/uploads\/usu1744\/2020\/03\/STEAM-1-300x225.jpg 300w, https:\/\/agora.xtec.cat\/insgurb\/wp-content\/uploads\/usu1744\/2020\/03\/STEAM-1-768x576.jpg 768w, https:\/\/agora.xtec.cat\/insgurb\/wp-content\/uploads\/usu1744\/2020\/03\/STEAM-1-1024x768.jpg 1024w, https:\/\/agora.xtec.cat\/insgurb\/wp-content\/uploads\/usu1744\/2020\/03\/STEAM-1-200x150.jpg 200w, https:\/\/agora.xtec.cat\/insgurb\/wp-content\/uploads\/usu1744\/2020\/03\/STEAM-1.jpg 2048w\" sizes=\"auto, (max-width: 300px) 100vw, 300px\" \/><\/a><\/p>\n<p><a href=\"https:\/\/agora.xtec.cat\/insgurb\/wp-content\/uploads\/usu1744\/2020\/03\/STEAM-2.jpg\"><img loading=\"lazy\" decoding=\"async\" class=\"wp-image-2152 size-medium alignnone\" src=\"https:\/\/agora.xtec.cat\/insgurb\/wp-content\/uploads\/usu1744\/2020\/03\/STEAM-2-300x225.jpg\" alt=\"\" width=\"300\" height=\"225\" srcset=\"https:\/\/agora.xtec.cat\/insgurb\/wp-content\/uploads\/usu1744\/2020\/03\/STEAM-2-300x225.jpg 300w, https:\/\/agora.xtec.cat\/insgurb\/wp-content\/uploads\/usu1744\/2020\/03\/STEAM-2-768x576.jpg 768w, https:\/\/agora.xtec.cat\/insgurb\/wp-content\/uploads\/usu1744\/2020\/03\/STEAM-2-1024x768.jpg 1024w, https:\/\/agora.xtec.cat\/insgurb\/wp-content\/uploads\/usu1744\/2020\/03\/STEAM-2-200x150.jpg 200w, https:\/\/agora.xtec.cat\/insgurb\/wp-content\/uploads\/usu1744\/2020\/03\/STEAM-2.jpg 2048w\" sizes=\"auto, (max-width: 300px) 100vw, 300px\" \/> <\/a><\/p>\n<p><a href=\"https:\/\/agora.xtec.cat\/insgurb\/wp-content\/uploads\/usu1744\/2020\/03\/STEAM-4.jpg\"><img loading=\"lazy\" decoding=\"async\" class=\"wp-image-2154 size-medium alignleft\" src=\"https:\/\/agora.xtec.cat\/insgurb\/wp-content\/uploads\/usu1744\/2020\/03\/STEAM-4-300x225.jpg\" alt=\"\" width=\"300\" height=\"225\" srcset=\"https:\/\/agora.xtec.cat\/insgurb\/wp-content\/uploads\/usu1744\/2020\/03\/STEAM-4-300x225.jpg 300w, https:\/\/agora.xtec.cat\/insgurb\/wp-content\/uploads\/usu1744\/2020\/03\/STEAM-4-768x576.jpg 768w, https:\/\/agora.xtec.cat\/insgurb\/wp-content\/uploads\/usu1744\/2020\/03\/STEAM-4-1024x768.jpg 1024w, https:\/\/agora.xtec.cat\/insgurb\/wp-content\/uploads\/usu1744\/2020\/03\/STEAM-4-200x150.jpg 200w, https:\/\/agora.xtec.cat\/insgurb\/wp-content\/uploads\/usu1744\/2020\/03\/STEAM-4.jpg 2048w\" sizes=\"auto, (max-width: 300px) 100vw, 300px\" \/><\/a><a href=\"https:\/\/agora.xtec.cat\/insgurb\/wp-content\/uploads\/usu1744\/2020\/03\/STEAM-5-e1583771469914.jpg\"><img loading=\"lazy\" decoding=\"async\" class=\"wp-image-2155 size-medium alignleft\" src=\"https:\/\/agora.xtec.cat\/insgurb\/wp-content\/uploads\/usu1744\/2020\/03\/STEAM-5-e1583771469914-225x300.jpg\" alt=\"\" width=\"225\" height=\"300\" srcset=\"https:\/\/agora.xtec.cat\/insgurb\/wp-content\/uploads\/usu1744\/2020\/03\/STEAM-5-e1583771469914-225x300.jpg 225w, https:\/\/agora.xtec.cat\/insgurb\/wp-content\/uploads\/usu1744\/2020\/03\/STEAM-5-e1583771469914.jpg 613w\" sizes=\"auto, (max-width: 225px) 100vw, 225px\" \/><\/a><\/p>\n<p><a href=\"https:\/\/agora.xtec.cat\/insgurb\/wp-content\/uploads\/usu1744\/2020\/03\/STEAM-3.jpg\"><img loading=\"lazy\" decoding=\"async\" class=\"wp-image-2153 size-medium alignleft\" src=\"https:\/\/agora.xtec.cat\/insgurb\/wp-content\/uploads\/usu1744\/2020\/03\/STEAM-3-300x225.jpg\" alt=\"\" width=\"300\" height=\"225\" srcset=\"https:\/\/agora.xtec.cat\/insgurb\/wp-content\/uploads\/usu1744\/2020\/03\/STEAM-3-300x225.jpg 300w, https:\/\/agora.xtec.cat\/insgurb\/wp-content\/uploads\/usu1744\/2020\/03\/STEAM-3-768x576.jpg 768w, https:\/\/agora.xtec.cat\/insgurb\/wp-content\/uploads\/usu1744\/2020\/03\/STEAM-3-1024x768.jpg 1024w, https:\/\/agora.xtec.cat\/insgurb\/wp-content\/uploads\/usu1744\/2020\/03\/STEAM-3-200x150.jpg 200w\" sizes=\"auto, (max-width: 300px) 100vw, 300px\" \/><\/a><\/p>\n<p>&nbsp;<\/p>\n<div class=\"wpb_column vc_column_container vc_col-sm-2\" style=\"text-align: center;\"><\/div>\n<div><\/div>\n<div><\/div>\n<div><\/div>\n","protected":false},"excerpt":{"rendered":"<p>L\u2019STEAM (Science, Technology, Engineering, Arts and Mathematics) \u00e9s un nou\u00a0model d\u2019innovaci\u00f3 pedag\u00f2gica i metodol\u00f2gica que vol donar als nois i noies l\u2019oportunitat d\u2019identificar problemes reals potenciant les compet\u00e8ncies cient\u00edfiques, tecnol\u00f2giques i matem\u00e0tiques per tal de promoure la ci\u00e8ncia, la tecnologia, l\u2019enginyeria i les matem\u00e0tiques a&hellip;  <a href=\"https:\/\/agora.xtec.cat\/insgurb\/projecte-educatiu\/projecte-steam\/\" title=\"Read Projecte STEAM\">Llegeix m\u00e9s\u00bb<\/a><\/p>\n","protected":false},"author":1,"featured_media":0,"parent":57,"menu_order":0,"comment_status":"closed","ping_status":"closed","template":"","meta":{"_bbp_topic_count":0,"_bbp_reply_count":0,"_bbp_total_topic_count":0,"_bbp_total_reply_count":0,"_bbp_voice_count":0,"_bbp_anonymous_reply_count":0,"_bbp_topic_count_hidden":0,"_bbp_reply_count_hidden":0,"_bbp_forum_subforum_count":0,"footnotes":""},"class_list":["post-629","page","type-page","status-publish","hentry"],"post_mailing_queue_ids":[],"_links":{"self":[{"href":"https:\/\/agora.xtec.cat\/insgurb\/wp-json\/wp\/v2\/pages\/629","targetHints":{"allow":["GET"]}}],"collection":[{"href":"https:\/\/agora.xtec.cat\/insgurb\/wp-json\/wp\/v2\/pages"}],"about":[{"href":"https:\/\/agora.xtec.cat\/insgurb\/wp-json\/wp\/v2\/types\/page"}],"author":[{"embeddable":true,"href":"https:\/\/agora.xtec.cat\/insgurb\/wp-json\/wp\/v2\/users\/1"}],"replies":[{"embeddable":true,"href":"https:\/\/agora.xtec.cat\/insgurb\/wp-json\/wp\/v2\/comments?post=629"}],"version-history":[{"count":4,"href":"https:\/\/agora.xtec.cat\/insgurb\/wp-json\/wp\/v2\/pages\/629\/revisions"}],"predecessor-version":[{"id":5054,"href":"https:\/\/agora.xtec.cat\/insgurb\/wp-json\/wp\/v2\/pages\/629\/revisions\/5054"}],"up":[{"embeddable":true,"href":"https:\/\/agora.xtec.cat\/insgurb\/wp-json\/wp\/v2\/pages\/57"}],"wp:attachment":[{"href":"https:\/\/agora.xtec.cat\/insgurb\/wp-json\/wp\/v2\/media?parent=629"}],"curies":[{"name":"wp","href":"https:\/\/api.w.org\/{rel}","templated":true}]}}