{"id":6257,"date":"2025-02-27T19:05:29","date_gmt":"2025-02-27T18:05:29","guid":{"rendered":"https:\/\/agora.xtec.cat\/insgurb\/?page_id=6257"},"modified":"2025-11-25T15:52:56","modified_gmt":"2025-11-25T14:52:56","slug":"borsa-de-treball-de-linstitut-de-gurb","status":"publish","type":"page","link":"https:\/\/agora.xtec.cat\/insgurb\/borsa-de-treball-de-linstitut-de-gurb\/","title":{"rendered":"Borsa de treball de l&#8217;Institut de Gurb"},"content":{"rendered":"<p>Fam\u00edlies, en aquest espai podeu trobar informaci\u00f3 de diferents exalumnes que s&#8217;ofereixen per fer classes de rep\u00e0s i\/o ampliaci\u00f3 a l&#8217;alumnat del centre. Mireu-vos els seus perfils i poseu-vos en contacte amb qui m\u00e9s us interessi!<\/p>\n<p><a href=\"https:\/\/agora.xtec.cat\/insgurb\/wp-content\/uploads\/usu1744\/2025\/02\/Paula-Roqueta.jpg\"><img loading=\"lazy\" decoding=\"async\" class=\" wp-image-6264\" src=\"https:\/\/agora.xtec.cat\/insgurb\/wp-content\/uploads\/usu1744\/2025\/02\/Paula-Roqueta.jpg\" alt=\"\" width=\"346\" height=\"331\" srcset=\"https:\/\/agora.xtec.cat\/insgurb\/wp-content\/uploads\/usu1744\/2025\/02\/Paula-Roqueta.jpg 1414w, https:\/\/agora.xtec.cat\/insgurb\/wp-content\/uploads\/usu1744\/2025\/02\/Paula-Roqueta-300x286.jpg 300w, https:\/\/agora.xtec.cat\/insgurb\/wp-content\/uploads\/usu1744\/2025\/02\/Paula-Roqueta-1024x978.jpg 1024w, https:\/\/agora.xtec.cat\/insgurb\/wp-content\/uploads\/usu1744\/2025\/02\/Paula-Roqueta-768x733.jpg 768w\" sizes=\"auto, (max-width: 346px) 100vw, 346px\" \/><\/a><\/p>\n<p><a href=\"https:\/\/agora.xtec.cat\/insgurb\/wp-content\/uploads\/usu1744\/2025\/09\/Sienna-Mora.jpg\"><img loading=\"lazy\" decoding=\"async\" class=\" wp-image-6536\" src=\"https:\/\/agora.xtec.cat\/insgurb\/wp-content\/uploads\/usu1744\/2025\/09\/Sienna-Mora.jpg\" alt=\"\" width=\"345\" height=\"313\" srcset=\"https:\/\/agora.xtec.cat\/insgurb\/wp-content\/uploads\/usu1744\/2025\/09\/Sienna-Mora.jpg 1414w, https:\/\/agora.xtec.cat\/insgurb\/wp-content\/uploads\/usu1744\/2025\/09\/Sienna-Mora-300x272.jpg 300w, https:\/\/agora.xtec.cat\/insgurb\/wp-content\/uploads\/usu1744\/2025\/09\/Sienna-Mora-1024x927.jpg 1024w, https:\/\/agora.xtec.cat\/insgurb\/wp-content\/uploads\/usu1744\/2025\/09\/Sienna-Mora-768x695.jpg 768w\" sizes=\"auto, (max-width: 345px) 100vw, 345px\" \/><\/a><\/p>\n<p><a href=\"https:\/\/agora.xtec.cat\/insgurb\/wp-content\/uploads\/usu1744\/2025\/09\/Oriol-Casals-1.jpg\"><img loading=\"lazy\" decoding=\"async\" class=\" wp-image-6554\" src=\"https:\/\/agora.xtec.cat\/insgurb\/wp-content\/uploads\/usu1744\/2025\/09\/Oriol-Casals-1.jpg\" alt=\"\" width=\"341\" height=\"308\" srcset=\"https:\/\/agora.xtec.cat\/insgurb\/wp-content\/uploads\/usu1744\/2025\/09\/Oriol-Casals-1.jpg 1414w, https:\/\/agora.xtec.cat\/insgurb\/wp-content\/uploads\/usu1744\/2025\/09\/Oriol-Casals-1-300x272.jpg 300w, https:\/\/agora.xtec.cat\/insgurb\/wp-content\/uploads\/usu1744\/2025\/09\/Oriol-Casals-1-1024x927.jpg 1024w, https:\/\/agora.xtec.cat\/insgurb\/wp-content\/uploads\/usu1744\/2025\/09\/Oriol-Casals-1-768x695.jpg 768w\" sizes=\"auto, (max-width: 341px) 100vw, 341px\" \/><\/a><\/p>\n<p><a href=\"https:\/\/agora.xtec.cat\/insgurb\/wp-content\/uploads\/usu1744\/2025\/09\/Gina-Homs.jpg\"><img loading=\"lazy\" decoding=\"async\" class=\" wp-image-6538\" src=\"https:\/\/agora.xtec.cat\/insgurb\/wp-content\/uploads\/usu1744\/2025\/09\/Gina-Homs.jpg\" alt=\"\" width=\"344\" height=\"313\" srcset=\"https:\/\/agora.xtec.cat\/insgurb\/wp-content\/uploads\/usu1744\/2025\/09\/Gina-Homs.jpg 1414w, https:\/\/agora.xtec.cat\/insgurb\/wp-content\/uploads\/usu1744\/2025\/09\/Gina-Homs-300x272.jpg 300w, https:\/\/agora.xtec.cat\/insgurb\/wp-content\/uploads\/usu1744\/2025\/09\/Gina-Homs-1024x930.jpg 1024w, https:\/\/agora.xtec.cat\/insgurb\/wp-content\/uploads\/usu1744\/2025\/09\/Gina-Homs-768x697.jpg 768w\" sizes=\"auto, (max-width: 344px) 100vw, 344px\" \/><\/a><\/p>\n<p><a href=\"https:\/\/agora.xtec.cat\/insgurb\/wp-content\/uploads\/usu1744\/2025\/09\/Emma-Serra.jpg\"><img loading=\"lazy\" decoding=\"async\" class=\" wp-image-6539\" src=\"https:\/\/agora.xtec.cat\/insgurb\/wp-content\/uploads\/usu1744\/2025\/09\/Emma-Serra.jpg\" alt=\"\" width=\"345\" height=\"313\" srcset=\"https:\/\/agora.xtec.cat\/insgurb\/wp-content\/uploads\/usu1744\/2025\/09\/Emma-Serra.jpg 1414w, https:\/\/agora.xtec.cat\/insgurb\/wp-content\/uploads\/usu1744\/2025\/09\/Emma-Serra-300x272.jpg 300w, https:\/\/agora.xtec.cat\/insgurb\/wp-content\/uploads\/usu1744\/2025\/09\/Emma-Serra-1024x927.jpg 1024w, https:\/\/agora.xtec.cat\/insgurb\/wp-content\/uploads\/usu1744\/2025\/09\/Emma-Serra-768x695.jpg 768w\" sizes=\"auto, (max-width: 345px) 100vw, 345px\" \/><\/a><\/p>\n<p><a href=\"https:\/\/agora.xtec.cat\/insgurb\/wp-content\/uploads\/usu1744\/2025\/09\/Ariadna-Gonzalez.jpg\"><img loading=\"lazy\" decoding=\"async\" class=\" wp-image-6540\" src=\"https:\/\/agora.xtec.cat\/insgurb\/wp-content\/uploads\/usu1744\/2025\/09\/Ariadna-Gonzalez.jpg\" alt=\"\" width=\"345\" height=\"312\" srcset=\"https:\/\/agora.xtec.cat\/insgurb\/wp-content\/uploads\/usu1744\/2025\/09\/Ariadna-Gonzalez.jpg 1414w, https:\/\/agora.xtec.cat\/insgurb\/wp-content\/uploads\/usu1744\/2025\/09\/Ariadna-Gonzalez-300x272.jpg 300w, https:\/\/agora.xtec.cat\/insgurb\/wp-content\/uploads\/usu1744\/2025\/09\/Ariadna-Gonzalez-1024x927.jpg 1024w, https:\/\/agora.xtec.cat\/insgurb\/wp-content\/uploads\/usu1744\/2025\/09\/Ariadna-Gonzalez-768x695.jpg 768w\" sizes=\"auto, (max-width: 345px) 100vw, 345px\" \/><\/a><\/p>\n<p><a href=\"https:\/\/agora.xtec.cat\/insgurb\/wp-content\/uploads\/usu1744\/2025\/09\/Edna-Gonzalez.jpg\"><img loading=\"lazy\" decoding=\"async\" class=\" wp-image-6541\" src=\"https:\/\/agora.xtec.cat\/insgurb\/wp-content\/uploads\/usu1744\/2025\/09\/Edna-Gonzalez.jpg\" alt=\"\" width=\"344\" height=\"312\" srcset=\"https:\/\/agora.xtec.cat\/insgurb\/wp-content\/uploads\/usu1744\/2025\/09\/Edna-Gonzalez.jpg 1414w, https:\/\/agora.xtec.cat\/insgurb\/wp-content\/uploads\/usu1744\/2025\/09\/Edna-Gonzalez-300x272.jpg 300w, https:\/\/agora.xtec.cat\/insgurb\/wp-content\/uploads\/usu1744\/2025\/09\/Edna-Gonzalez-1024x930.jpg 1024w, https:\/\/agora.xtec.cat\/insgurb\/wp-content\/uploads\/usu1744\/2025\/09\/Edna-Gonzalez-768x697.jpg 768w\" sizes=\"auto, (max-width: 344px) 100vw, 344px\" \/><\/a><\/p>\n<p><a href=\"https:\/\/agora.xtec.cat\/insgurb\/wp-content\/uploads\/usu1744\/2025\/11\/Aina-Cuine-1.jpg\"><img loading=\"lazy\" decoding=\"async\" class=\" wp-image-6618\" src=\"https:\/\/agora.xtec.cat\/insgurb\/wp-content\/uploads\/usu1744\/2025\/11\/Aina-Cuine-1.jpg\" alt=\"\" width=\"344\" height=\"311\" srcset=\"https:\/\/agora.xtec.cat\/insgurb\/wp-content\/uploads\/usu1744\/2025\/11\/Aina-Cuine-1.jpg 1414w, https:\/\/agora.xtec.cat\/insgurb\/wp-content\/uploads\/usu1744\/2025\/11\/Aina-Cuine-1-300x271.jpg 300w, https:\/\/agora.xtec.cat\/insgurb\/wp-content\/uploads\/usu1744\/2025\/11\/Aina-Cuine-1-1024x926.jpg 1024w, https:\/\/agora.xtec.cat\/insgurb\/wp-content\/uploads\/usu1744\/2025\/11\/Aina-Cuine-1-768x695.jpg 768w\" sizes=\"auto, (max-width: 344px) 100vw, 344px\" \/><\/a><\/p>\n<p>&nbsp;<\/p>\n<p>&nbsp;<\/p>\n<p>&nbsp;<\/p>\n","protected":false},"excerpt":{"rendered":"<p>Fam\u00edlies, en aquest espai podeu trobar informaci\u00f3 de diferents exalumnes que s&#8217;ofereixen per fer classes de rep\u00e0s i\/o ampliaci\u00f3 a l&#8217;alumnat del centre. Mireu-vos els seus perfils i poseu-vos en contacte amb qui m\u00e9s us interessi!<br \/>\n<a href=\"https:\/\/agora.xtec.cat\/insgurb\/wp-content\/uploads\/usu1744\/2025\/02\/Paula-Roqueta.jpg\"><\/a><br \/>\n<a href=\"https:\/\/agora.xtec.cat\/insgurb\/wp-content\/uploads\/usu1744\/2025\/09\/Sienna-Mora.jpg\"><\/a><br \/>\n<a href=\"https:\/\/agora.xtec.cat\/insgurb\/wp-content\/uploads\/usu1744\/2025\/09\/Oriol-Casals-1.jpg\"><\/a><br \/>\n<a href=\"https:\/\/agora.xtec.cat\/insgurb\/wp-content\/uploads\/usu1744\/2025\/09\/Gina-Homs.jpg\"><\/a><br \/>\n<a href=\"https:\/\/agora.xtec.cat\/insgurb\/wp-content\/uploads\/usu1744\/2025\/09\/Emma-Serra.jpg\"><\/a><br \/>\n<a href=\"https:\/\/agora.xtec.cat\/insgurb\/wp-content\/uploads\/usu1744\/2025\/09\/Ariadna-Gonzalez.jpg\"><\/a><br \/>\n<a href=\"https:\/\/agora.xtec.cat\/insgurb\/wp-content\/uploads\/usu1744\/2025\/09\/Edna-Gonzalez.jpg\"><\/a><br \/>\n<a href=\"https:\/\/agora.xtec.cat\/insgurb\/wp-content\/uploads\/usu1744\/2025\/11\/Aina-Cuine-1.jpg\"><\/a><br \/>\n&nbsp;<br \/>\n&nbsp;<br \/>\n&nbsp;<\/p>\n","protected":false},"author":1,"featured_media":0,"parent":0,"menu_order":0,"comment_status":"closed","ping_status":"closed","template":"","meta":{"_bbp_topic_count":0,"_bbp_reply_count":0,"_bbp_total_topic_count":0,"_bbp_total_reply_count":0,"_bbp_voice_count":0,"_bbp_anonymous_reply_count":0,"_bbp_topic_count_hidden":0,"_bbp_reply_count_hidden":0,"_bbp_forum_subforum_count":0,"footnotes":""},"class_list":["post-6257","page","type-page","status-publish","hentry"],"post_mailing_queue_ids":[],"_links":{"self":[{"href":"https:\/\/agora.xtec.cat\/insgurb\/wp-json\/wp\/v2\/pages\/6257","targetHints":{"allow":["GET"]}}],"collection":[{"href":"https:\/\/agora.xtec.cat\/insgurb\/wp-json\/wp\/v2\/pages"}],"about":[{"href":"https:\/\/agora.xtec.cat\/insgurb\/wp-json\/wp\/v2\/types\/page"}],"author":[{"embeddable":true,"href":"https:\/\/agora.xtec.cat\/insgurb\/wp-json\/wp\/v2\/users\/1"}],"replies":[{"embeddable":true,"href":"https:\/\/agora.xtec.cat\/insgurb\/wp-json\/wp\/v2\/comments?post=6257"}],"version-history":[{"count":6,"href":"https:\/\/agora.xtec.cat\/insgurb\/wp-json\/wp\/v2\/pages\/6257\/revisions"}],"predecessor-version":[{"id":6619,"href":"https:\/\/agora.xtec.cat\/insgurb\/wp-json\/wp\/v2\/pages\/6257\/revisions\/6619"}],"wp:attachment":[{"href":"https:\/\/agora.xtec.cat\/insgurb\/wp-json\/wp\/v2\/media?parent=6257"}],"curies":[{"name":"wp","href":"https:\/\/api.w.org\/{rel}","templated":true}]}}