{"id":625,"date":"2018-05-06T20:20:28","date_gmt":"2018-05-06T18:20:28","guid":{"rendered":"http:\/\/agora.xtec.cat\/insgurb\/?page_id=625"},"modified":"2023-10-04T18:14:41","modified_gmt":"2023-10-04T16:14:41","slug":"projecte-aicle","status":"publish","type":"page","link":"https:\/\/agora.xtec.cat\/insgurb\/projecte-educatiu\/projecte-linguistic\/projecte-aicle\/","title":{"rendered":"Projecte AICLE"},"content":{"rendered":"<p>L&#8217;<strong>AICLE<\/strong> (aprenentatge integrat de contingut i llengua estrangera), en angl\u00e8s CLIL (<em>content and language integrated learning<\/em>),\u00a0\u00e9s una metodologia que promou l&#8217;<strong>\u00fas de la llengua estrangera per a l&#8217;ensenyament i aprenentatge de mat\u00e8ries<\/strong> diferents de la mateixa llengua en q\u00fcesti\u00f3.<\/p>\n<p>A l&#8217;Institut de Gurb apostem per la implementaci\u00f3 de la metodologia AICLE oferint a l&#8217;alumnat la possibilitat de realitzar projectes i activitats de mat\u00e8ries no ling\u00fc\u00edstiques en angl\u00e8s. Actualment, tenim professorat amb formaci\u00f3 AICLE als departaments de Socials, Educaci\u00f3 F\u00edsica i Ci\u00e8ncies Naturals.<\/p>\n<p>Es tracta d&#8217;una oportunitat m\u00e9s que l&#8217;Institut ofereix a l&#8217;alumnat d&#8217;<strong>augmentar el nombres d&#8217;hores de contacte amb la llengua estrangera<\/strong>, sempre amb l&#8217;objectiu de millorar el nivell de llengua de l&#8217;alumnat.<\/p>\n","protected":false},"excerpt":{"rendered":"<p>L&#8217;AICLE (aprenentatge integrat de contingut i llengua estrangera), en angl\u00e8s CLIL (content and language integrated learning),\u00a0\u00e9s una metodologia que promou l&#8217;\u00fas de la llengua estrangera per a l&#8217;ensenyament i aprenentatge de mat\u00e8ries diferents de la mateixa llengua en q\u00fcesti\u00f3.<br \/>\nA l&#8217;Institut de Gurb apostem per la&hellip;  <a href=\"https:\/\/agora.xtec.cat\/insgurb\/projecte-educatiu\/projecte-linguistic\/projecte-aicle\/\" title=\"Read Projecte AICLE\">Llegeix m\u00e9s\u00bb<\/a><\/p>\n","protected":false},"author":1,"featured_media":0,"parent":799,"menu_order":0,"comment_status":"closed","ping_status":"closed","template":"","meta":{"_bbp_topic_count":0,"_bbp_reply_count":0,"_bbp_total_topic_count":0,"_bbp_total_reply_count":0,"_bbp_voice_count":0,"_bbp_anonymous_reply_count":0,"_bbp_topic_count_hidden":0,"_bbp_reply_count_hidden":0,"_bbp_forum_subforum_count":0,"footnotes":""},"class_list":["post-625","page","type-page","status-publish","hentry"],"post_mailing_queue_ids":[],"_links":{"self":[{"href":"https:\/\/agora.xtec.cat\/insgurb\/wp-json\/wp\/v2\/pages\/625","targetHints":{"allow":["GET"]}}],"collection":[{"href":"https:\/\/agora.xtec.cat\/insgurb\/wp-json\/wp\/v2\/pages"}],"about":[{"href":"https:\/\/agora.xtec.cat\/insgurb\/wp-json\/wp\/v2\/types\/page"}],"author":[{"embeddable":true,"href":"https:\/\/agora.xtec.cat\/insgurb\/wp-json\/wp\/v2\/users\/1"}],"replies":[{"embeddable":true,"href":"https:\/\/agora.xtec.cat\/insgurb\/wp-json\/wp\/v2\/comments?post=625"}],"version-history":[{"count":4,"href":"https:\/\/agora.xtec.cat\/insgurb\/wp-json\/wp\/v2\/pages\/625\/revisions"}],"predecessor-version":[{"id":5094,"href":"https:\/\/agora.xtec.cat\/insgurb\/wp-json\/wp\/v2\/pages\/625\/revisions\/5094"}],"up":[{"embeddable":true,"href":"https:\/\/agora.xtec.cat\/insgurb\/wp-json\/wp\/v2\/pages\/799"}],"wp:attachment":[{"href":"https:\/\/agora.xtec.cat\/insgurb\/wp-json\/wp\/v2\/media?parent=625"}],"curies":[{"name":"wp","href":"https:\/\/api.w.org\/{rel}","templated":true}]}}