{"id":622,"date":"2018-05-06T20:11:58","date_gmt":"2018-05-06T18:11:58","guid":{"rendered":"http:\/\/agora.xtec.cat\/insgurb\/?page_id=622"},"modified":"2024-05-05T22:36:07","modified_gmt":"2024-05-05T20:36:07","slug":"programa-experimental-eoi","status":"publish","type":"page","link":"https:\/\/agora.xtec.cat\/insgurb\/projecte-educatiu\/projecte-linguistic\/programa-experimental-eoi\/","title":{"rendered":"Programa experimental EOI"},"content":{"rendered":"<p>&nbsp;<\/p>\n<p id=\"yui_3_17_2_1_1525630184087_154\"><span id=\"yui_3_17_2_1_1525630184087_153\" lang=\"ca\" xml:lang=\"ca\">L\u2019Institut de Gurb forma part del<strong> Programa de certificaci\u00f3 dels coneixements de lleng\u00fces estrangeres<\/strong>. Es tracta d\u2019un programa creat pel Departament d\u2019Educaci\u00f3 que t\u00e9 l\u2019objectiu de <strong>millorar la compet\u00e8ncia en lleng\u00fces estrangeres de l\u2019alumnat<\/strong> d\u2019ensenyaments obligatoris i postobligatoris. A trav\u00e9s d\u2019aquest programa, l&#8217;alumnat interessat pot certificar els <strong>nivells B1 i B2 de les diferents lleng\u00fces estrangeres<\/strong>, que en el nostre cas s\u00f3n l&#8217;angl\u00e8s, el franc\u00e8s i l&#8217;alemany.<\/span><\/p>\n<p id=\"yui_3_17_2_1_1525630184087_160\"><span id=\"yui_3_17_2_1_1525630184087_159\" lang=\"ca\" xml:lang=\"ca\">El programa ofereix formaci\u00f3 espec\u00edfica sobre les proves de certificaci\u00f3 al professorat de lleng\u00fces estrangeres de tots els centres participants. A m\u00e9s a m\u00e9s, el programa preveu una <strong>col\u00b7laboraci\u00f3 entre els centres participants i les Escoles Oficials d\u2019Idiomes<\/strong> i facilita la creaci\u00f3 d\u2019una<strong> xarxa de col\u00b7laboraci\u00f3 entre els centres<\/strong> d\u2019un mateix territori i les seves EOI de refer\u00e8ncia (en el nostre cas, l\u2019EOI d\u2019Osona).<\/span><\/p>\n<p><a href=\"https:\/\/agora.xtec.cat\/insgurb\/wp-content\/uploads\/usu1744\/2019\/02\/8lx9uus2_400x400.jpg\"><img loading=\"lazy\" decoding=\"async\" class=\"wp-image-1325 aligncenter\" src=\"https:\/\/agora.xtec.cat\/insgurb\/wp-content\/uploads\/usu1744\/2019\/02\/8lx9uus2_400x400.jpg\" alt=\"\" width=\"252\" height=\"252\" srcset=\"https:\/\/agora.xtec.cat\/insgurb\/wp-content\/uploads\/usu1744\/2019\/02\/8lx9uus2_400x400.jpg 400w, https:\/\/agora.xtec.cat\/insgurb\/wp-content\/uploads\/usu1744\/2019\/02\/8lx9uus2_400x400-150x150.jpg 150w, https:\/\/agora.xtec.cat\/insgurb\/wp-content\/uploads\/usu1744\/2019\/02\/8lx9uus2_400x400-300x300.jpg 300w\" sizes=\"auto, (max-width: 252px) 100vw, 252px\" \/><\/a><\/p>\n<p id=\"yui_3_17_2_1_1525630184087_164\"><span id=\"yui_3_17_2_1_1525630184087_163\" lang=\"ca\" xml:lang=\"ca\">Creiem que la participaci\u00f3 en aquest programa \u00e9s una molt bona oportunitat pels nostres alumnes i tamb\u00e9 pel nostre centre, ja que ens permetr\u00e0 avan\u00e7ar molt en la l\u00ednia del pluriling\u00fcisme que el centre s&#8217;ha proposat.<\/span><\/p>\n<p>&nbsp;<\/p>\n","protected":false},"excerpt":{"rendered":"<p>&nbsp;<br \/>\nL\u2019Institut de Gurb forma part del Programa de certificaci\u00f3 dels coneixements de lleng\u00fces estrangeres. Es tracta d\u2019un programa creat pel Departament d\u2019Educaci\u00f3 que t\u00e9 l\u2019objectiu de millorar la compet\u00e8ncia en lleng\u00fces estrangeres de l\u2019alumnat d\u2019ensenyaments obligatoris i postobligatoris. A trav\u00e9s d\u2019aquest programa, l&#8217;alumnat interessat pot&hellip;  <a href=\"https:\/\/agora.xtec.cat\/insgurb\/projecte-educatiu\/projecte-linguistic\/programa-experimental-eoi\/\" title=\"Read Programa experimental EOI\">Llegeix m\u00e9s\u00bb<\/a><\/p>\n","protected":false},"author":1,"featured_media":0,"parent":799,"menu_order":0,"comment_status":"closed","ping_status":"closed","template":"","meta":{"_bbp_topic_count":0,"_bbp_reply_count":0,"_bbp_total_topic_count":0,"_bbp_total_reply_count":0,"_bbp_voice_count":0,"_bbp_anonymous_reply_count":0,"_bbp_topic_count_hidden":0,"_bbp_reply_count_hidden":0,"_bbp_forum_subforum_count":0,"footnotes":""},"class_list":["post-622","page","type-page","status-publish","hentry"],"post_mailing_queue_ids":[],"_links":{"self":[{"href":"https:\/\/agora.xtec.cat\/insgurb\/wp-json\/wp\/v2\/pages\/622","targetHints":{"allow":["GET"]}}],"collection":[{"href":"https:\/\/agora.xtec.cat\/insgurb\/wp-json\/wp\/v2\/pages"}],"about":[{"href":"https:\/\/agora.xtec.cat\/insgurb\/wp-json\/wp\/v2\/types\/page"}],"author":[{"embeddable":true,"href":"https:\/\/agora.xtec.cat\/insgurb\/wp-json\/wp\/v2\/users\/1"}],"replies":[{"embeddable":true,"href":"https:\/\/agora.xtec.cat\/insgurb\/wp-json\/wp\/v2\/comments?post=622"}],"version-history":[{"count":5,"href":"https:\/\/agora.xtec.cat\/insgurb\/wp-json\/wp\/v2\/pages\/622\/revisions"}],"predecessor-version":[{"id":5717,"href":"https:\/\/agora.xtec.cat\/insgurb\/wp-json\/wp\/v2\/pages\/622\/revisions\/5717"}],"up":[{"embeddable":true,"href":"https:\/\/agora.xtec.cat\/insgurb\/wp-json\/wp\/v2\/pages\/799"}],"wp:attachment":[{"href":"https:\/\/agora.xtec.cat\/insgurb\/wp-json\/wp\/v2\/media?parent=622"}],"curies":[{"name":"wp","href":"https:\/\/api.w.org\/{rel}","templated":true}]}}