{"id":6204,"date":"2025-02-10T15:38:56","date_gmt":"2025-02-10T14:38:56","guid":{"rendered":"https:\/\/agora.xtec.cat\/insgurb\/?page_id=6204"},"modified":"2025-02-10T15:39:26","modified_gmt":"2025-02-10T14:39:26","slug":"proveidors","status":"publish","type":"page","link":"https:\/\/agora.xtec.cat\/insgurb\/proveidors\/","title":{"rendered":"Prove\u00efdors"},"content":{"rendered":"<p><strong>Pol\u00edtica d&#8217;homologaci\u00f3 de prove\u00efdors<\/strong><\/p>\n<p>Els prove\u00efdors que han de ser homologats s\u00f3n:<\/p>\n<ul>\n<li>Els que suposen al centre una facturaci\u00f3 anual de m\u00e9s de 3000 euros.<\/li>\n<li>Els prove\u00efdors clau del centre, que s\u00f3n els que ofereixen productes o serveis b\u00e0sics pel centre, generalment relacionats amb el manteniment de les instal\u00b7lacions o la prevenci\u00f3 de riscos laborals (sistema d\u2019extinci\u00f3 d\u2019incendis, instal\u00b7laci\u00f3 el\u00e8ctrica, equips inform\u00e0tics i xarxa, etc.).<\/li>\n<\/ul>\n<p><strong>Homologaci\u00f3 de nous prove\u00efdors<\/strong><\/p>\n<p>Per poder homologar un nou prove\u00efdor \u00e9s necessari realitzar una primera comanda o contractar un servei de prova per tal que el prove\u00efdor pugui ser avaluat. Se l\u2019avaluar\u00e0 amb els criteris seg\u00fcents:<\/p>\n<ul>\n<li>Proximitat<\/li>\n<li>Preu i condicions econ\u00f2miques (en refer\u00e8ncia a altres prove\u00efdors)<\/li>\n<li>Qualitat del producte o servei<\/li>\n<li>Termini de lliurament<\/li>\n<\/ul>\n<p>Cada un d\u2019aquests criteris es puntua sobre 10, i la puntuaci\u00f3 m\u00ednima per obtenir l\u2019homologaci\u00f3 s\u00f3n de 20 punts.<\/p>\n<table dir=\"ltr\" style=\"width: 98.3745%; height: 302px;\" border=\"1\" cellspacing=\"0\" cellpadding=\"0\" data-sheets-root=\"1\" data-sheets-baot=\"1\">\n<colgroup>\n<col width=\"259\" \/>\n<col width=\"205\" \/>\n<col width=\"100\" \/>\n<col width=\"100\" \/><\/colgroup>\n<tbody>\n<tr style=\"height: 30px;\">\n<td style=\"width: 24.0199%; height: 30px;\"><\/td>\n<td style=\"width: 25.5582%; height: 30px;\"><strong>10 punts<\/strong><\/td>\n<td style=\"width: 25.348%; height: 30px;\"><strong>5 Punts<\/strong><\/td>\n<td style=\"width: 24.936%; height: 30px;\"><strong>0 punts<\/strong><\/td>\n<\/tr>\n<tr style=\"height: 48px;\">\n<td style=\"width: 24.0199%; height: 48px;\"><strong>Proximitat<\/strong><\/td>\n<td style=\"width: 25.5582%; height: 48px;\">Empresa ubicada a Gurb<\/td>\n<td style=\"width: 25.348%; height: 48px;\">Empresa ubicada a Osona<\/td>\n<td style=\"width: 24.936%; height: 48px;\">Empresa ubicada fora d\u2019Osona<\/td>\n<\/tr>\n<tr style=\"height: 64px;\">\n<td style=\"width: 24.0199%; height: 64px;\"><strong>Preu i condicions econ\u00f2miques<\/strong><\/td>\n<td style=\"width: 25.5582%; height: 64px;\">Ofereix el millor preu i\/o accepta pagament per transfer\u00e8ncia.<\/td>\n<td style=\"width: 25.348%; height: 64px;\">Ofereix el segon millor preu i pagament per transfer\u00e8ncia.<\/td>\n<td style=\"width: 24.936%; height: 64px;\">No admet pagament per transfer\u00e8ncia.<\/td>\n<\/tr>\n<tr style=\"height: 80px;\">\n<td style=\"width: 24.0199%; height: 80px;\"><strong>Qualitat del producte o servei<\/strong><\/td>\n<td style=\"width: 25.5582%; height: 80px;\">Tots els productes s\u00f3n valorats satisfact\u00f2riament.<\/td>\n<td style=\"width: 25.348%; height: 80px;\">Entre el 75 % i el 100 % dels productes s\u00f3n valorats satisfact\u00f2riament.<\/td>\n<td style=\"width: 24.936%; height: 80px;\">Entre el 0 % i 75 % dels productes s\u00f3n valorats satisfact\u00f2riament.<\/td>\n<\/tr>\n<tr style=\"height: 80px;\">\n<td style=\"width: 24.0199%; height: 80px;\"><strong>Termini de lliurament<\/strong><\/td>\n<td style=\"width: 25.5582%; height: 80px;\">Tots els productes han estat lliurats dins el termini establert<\/td>\n<td style=\"width: 25.348%; height: 80px;\">Entre el 75 % i el 100 % dels productes han estat lliurats dins el termini establert.<\/td>\n<td style=\"width: 24.936%; height: 80px;\">Entre el 0 % i el 75 % dels productes han estat lliurats dins el termini establert.<\/td>\n<\/tr>\n<\/tbody>\n<\/table>\n<p>Es valora positivament que el prove\u00efdor disposi d\u2019un sistema de qualitat certificat per un organisme o empresa extern.<\/p>\n<p>L\u2019homologaci\u00f3 es fa des de secretaria en el document de registre d\u2019homologaci\u00f3 de prove\u00efdors, on s\u2019anota el valor que s\u2019assigna a cada criteri per a cada prove\u00efdor. Per decidir la puntuaci\u00f3, secretaria pot demanar l\u2019opini\u00f3 al personal del centre que hagi tractat m\u00e9s directament amb el prove\u00efdor. La suma del valor assignat als diferents criteris permet determinar l\u2019homologaci\u00f3 o no del prove\u00efdor. Tot el proc\u00e9s \u00e9s validat per direcci\u00f3. Els prove\u00efdors homologats s&#8217;inclouen en el registre de prove\u00efdors homologats.<\/p>\n<p>&nbsp;<\/p>\n<p><strong>Seguiment de prove\u00efdors homologats<\/strong><\/p>\n<p>Els prove\u00efdors homologats que a final de curs no hagin generat insatisfacci\u00f3 al centre continuen tenint la consideraci\u00f3 de prove\u00efdors homologats i es mantenen al registre de prove\u00efdors homologats. Aquest registre es revisa i s\u2019aprova cada any a la revisi\u00f3 per direcci\u00f3 del mes de juliol.<\/p>\n<p>&nbsp;<\/p>\n<p><strong>Revocaci\u00f3 del car\u00e0cter d\u2019homologat a un prove\u00efdor<\/strong><\/p>\n<p>Si un prove\u00efdor homologat causa una insatisfacci\u00f3 greu al centre, la seva homologaci\u00f3 ser\u00e0 revisada seguint el procediment descrit a l\u2019apartat d\u2019homologaci\u00f3 de nous prove\u00efdors. Si els valors assignats a cada un dels criteris conclouen que no compleix els criteris d\u2019homologaci\u00f3, se li revocar\u00e0 el car\u00e0cter d\u2019homologat i se\u2019l traur\u00e0 autom\u00e0ticament del registre de prove\u00efdors homologats. Aquesta circumst\u00e0ncia li ser\u00e0 comunicada per escrit i, si en el futur conv\u00e9 recuperar la relaci\u00f3 comercial amb aquest prove\u00efdor, s\u2019haur\u00e0 de repetir el proc\u00e9s d\u2019homologaci\u00f3.<\/p>\n<p>&nbsp;<\/p>\n<p>&nbsp;<\/p>\n","protected":false},"excerpt":{"rendered":"<p>Pol\u00edtica d&#8217;homologaci\u00f3 de prove\u00efdors<br \/>\nEls prove\u00efdors que han de ser homologats s\u00f3n:<\/p>\n<ul>\n<li>Els que suposen al centre una facturaci\u00f3 anual de m\u00e9s de 3000 euros.<\/li>\n<li>Els prove\u00efdors clau del centre, que s\u00f3n els que ofereixen productes o serveis b\u00e0sics pel centre, generalment relacionats amb el manteniment de les&hellip;  <a href=\"https:\/\/agora.xtec.cat\/insgurb\/proveidors\/\" title=\"Read Prove\u00efdors\">Llegeix m\u00e9s\u00bb<\/a><br \/>\n","protected":false},"author":1,"featured_media":0,"parent":0,"menu_order":0,"comment_status":"closed","ping_status":"closed","template":"","meta":{"_bbp_topic_count":0,"_bbp_reply_count":0,"_bbp_total_topic_count":0,"_bbp_total_reply_count":0,"_bbp_voice_count":0,"_bbp_anonymous_reply_count":0,"_bbp_topic_count_hidden":0,"_bbp_reply_count_hidden":0,"_bbp_forum_subforum_count":0,"footnotes":""},"class_list":["post-6204","page","type-page","status-publish","hentry"],"post_mailing_queue_ids":[],"_links":{"self":[{"href":"https:\/\/agora.xtec.cat\/insgurb\/wp-json\/wp\/v2\/pages\/6204","targetHints":{"allow":["GET"]}}],"collection":[{"href":"https:\/\/agora.xtec.cat\/insgurb\/wp-json\/wp\/v2\/pages"}],"about":[{"href":"https:\/\/agora.xtec.cat\/insgurb\/wp-json\/wp\/v2\/types\/page"}],"author":[{"embeddable":true,"href":"https:\/\/agora.xtec.cat\/insgurb\/wp-json\/wp\/v2\/users\/1"}],"replies":[{"embeddable":true,"href":"https:\/\/agora.xtec.cat\/insgurb\/wp-json\/wp\/v2\/comments?post=6204"}],"version-history":[{"count":2,"href":"https:\/\/agora.xtec.cat\/insgurb\/wp-json\/wp\/v2\/pages\/6204\/revisions"}],"predecessor-version":[{"id":6206,"href":"https:\/\/agora.xtec.cat\/insgurb\/wp-json\/wp\/v2\/pages\/6204\/revisions\/6206"}],"wp:attachment":[{"href":"https:\/\/agora.xtec.cat\/insgurb\/wp-json\/wp\/v2\/media?parent=6204"}],"curies":[{"name":"wp","href":"https:\/\/api.w.org\/{rel}","templated":true}]}}