{"id":55,"date":"2014-09-17T16:59:49","date_gmt":"2014-09-17T16:59:49","guid":{"rendered":"http:\/\/agora.xtec.cat\/insgurb\/?page_id=55"},"modified":"2024-09-09T20:58:22","modified_gmt":"2024-09-09T18:58:22","slug":"horaris","status":"publish","type":"page","link":"https:\/\/agora.xtec.cat\/insgurb\/linstitut\/horaris\/","title":{"rendered":"Horaris"},"content":{"rendered":"<p>A l&#8217;Institut de Gurb, les classes comencen a les 8:00 i acaben a les 14:30 cada dia. La primera mitja hora de cada mat\u00ed es dedica a la lectura o al c\u00e0lcul mental (dilluns, dimecres i divendres) i a la tutoria (dimarts i dijous). Despr\u00e9s, hi ha tres franges d&#8217;una hora i cinquanta minuts de classe, amb dos patis de 15 minuts entremig.<\/p>\n<p><a href=\"http:\/\/agora.xtec.cat\/insgurb\/wp-content\/uploads\/usu1744\/2014\/09\/Horari-2.jpg\"><img loading=\"lazy\" decoding=\"async\" class=\"wp-image-711 aligncenter\" src=\"http:\/\/agora.xtec.cat\/insgurb\/wp-content\/uploads\/usu1744\/2014\/09\/Horari-1-1024x603.jpg\" alt=\"\" width=\"470\" height=\"277\" srcset=\"https:\/\/agora.xtec.cat\/insgurb\/wp-content\/uploads\/usu1744\/2014\/09\/Horari-1-1024x603.jpg 1024w, https:\/\/agora.xtec.cat\/insgurb\/wp-content\/uploads\/usu1744\/2014\/09\/Horari-1-300x177.jpg 300w, https:\/\/agora.xtec.cat\/insgurb\/wp-content\/uploads\/usu1744\/2014\/09\/Horari-1-768x453.jpg 768w, https:\/\/agora.xtec.cat\/insgurb\/wp-content\/uploads\/usu1744\/2014\/09\/Horari-1.jpg 1210w\" sizes=\"auto, (max-width: 470px) 100vw, 470px\" \/><br \/>\n<\/a>A continuaci\u00f3 es poden consultar els horaris de cada un dels grups pel curs 2024-25:<\/p>\n<ul>\n<li><a href=\"https:\/\/agora.xtec.cat\/insgurb\/wp-content\/uploads\/usu1744\/2024\/09\/1A.jpg\">1r d&#8217;ESO A<\/a><\/li>\n<li><a href=\"https:\/\/agora.xtec.cat\/insgurb\/wp-content\/uploads\/usu1744\/2024\/09\/1B.jpg\">1r d&#8217;ESO B<\/a><\/li>\n<li><a href=\"https:\/\/agora.xtec.cat\/insgurb\/wp-content\/uploads\/usu1744\/2024\/09\/1C.jpg\">1r d&#8217;ESO C<\/a><\/li>\n<li><a href=\"https:\/\/agora.xtec.cat\/insgurb\/wp-content\/uploads\/usu1744\/2024\/09\/2A.jpg\">2n d&#8217;ESO A<\/a><\/li>\n<li><a href=\"https:\/\/agora.xtec.cat\/insgurb\/wp-content\/uploads\/usu1744\/2024\/09\/2B.jpg\">2n d&#8217;ESO B<\/a><\/li>\n<li><a href=\"https:\/\/agora.xtec.cat\/insgurb\/wp-content\/uploads\/usu1744\/2024\/09\/2C.jpg\">2n d&#8217;ESO C<\/a><\/li>\n<li><a href=\"https:\/\/agora.xtec.cat\/insgurb\/wp-content\/uploads\/usu1744\/2024\/09\/2D.jpg\">2n d&#8217;ESO D<\/a><\/li>\n<li><a href=\"https:\/\/agora.xtec.cat\/insgurb\/wp-content\/uploads\/usu1744\/2024\/09\/3A.jpg\">3r d&#8217;ESO A<\/a><\/li>\n<li><a href=\"https:\/\/agora.xtec.cat\/insgurb\/wp-content\/uploads\/usu1744\/2024\/09\/3B.jpg\">3r d&#8217;ESO B<\/a><\/li>\n<li><a href=\"https:\/\/agora.xtec.cat\/insgurb\/wp-content\/uploads\/usu1744\/2024\/09\/3C.jpg\">3r d&#8217;ESO C<\/a><\/li>\n<li><a href=\"https:\/\/agora.xtec.cat\/insgurb\/wp-content\/uploads\/usu1744\/2024\/09\/3D.jpg\">3r d&#8217;ESO D<\/a><\/li>\n<li><a href=\"https:\/\/agora.xtec.cat\/insgurb\/wp-content\/uploads\/usu1744\/2024\/09\/4A.jpg\">4t d&#8217;ESO A<\/a><\/li>\n<li><a href=\"https:\/\/agora.xtec.cat\/insgurb\/wp-content\/uploads\/usu1744\/2024\/09\/4B.jpg\">4t d&#8217;ESO B<\/a><\/li>\n<li><a href=\"https:\/\/agora.xtec.cat\/insgurb\/wp-content\/uploads\/usu1744\/2024\/09\/4C.jpg\">4t d&#8217;ESO C<\/a><\/li>\n<li><a href=\"https:\/\/agora.xtec.cat\/insgurb\/wp-content\/uploads\/usu1744\/2024\/09\/4D.jpg\">4t d&#8217;ESO D<\/a><\/li>\n<\/ul>\n<p>&nbsp;<\/p>\n<p>&nbsp;<\/p>\n","protected":false},"excerpt":{"rendered":"<p>A l&#8217;Institut de Gurb, les classes comencen a les 8:00 i acaben a les 14:30 cada dia. La primera mitja hora de cada mat\u00ed es dedica a la lectura o al c\u00e0lcul mental (dilluns, dimecres i divendres) i a la tutoria (dimarts i dijous). Despr\u00e9s,&hellip;  <a href=\"https:\/\/agora.xtec.cat\/insgurb\/linstitut\/horaris\/\" title=\"Read Horaris\">Llegeix m\u00e9s\u00bb<\/a><\/p>\n","protected":false},"author":1,"featured_media":0,"parent":805,"menu_order":80,"comment_status":"closed","ping_status":"closed","template":"","meta":{"_bbp_topic_count":0,"_bbp_reply_count":0,"_bbp_total_topic_count":0,"_bbp_total_reply_count":0,"_bbp_voice_count":0,"_bbp_anonymous_reply_count":0,"_bbp_topic_count_hidden":0,"_bbp_reply_count_hidden":0,"_bbp_forum_subforum_count":0,"footnotes":""},"class_list":["post-55","page","type-page","status-publish","hentry"],"post_mailing_queue_ids":[],"_links":{"self":[{"href":"https:\/\/agora.xtec.cat\/insgurb\/wp-json\/wp\/v2\/pages\/55","targetHints":{"allow":["GET"]}}],"collection":[{"href":"https:\/\/agora.xtec.cat\/insgurb\/wp-json\/wp\/v2\/pages"}],"about":[{"href":"https:\/\/agora.xtec.cat\/insgurb\/wp-json\/wp\/v2\/types\/page"}],"author":[{"embeddable":true,"href":"https:\/\/agora.xtec.cat\/insgurb\/wp-json\/wp\/v2\/users\/1"}],"replies":[{"embeddable":true,"href":"https:\/\/agora.xtec.cat\/insgurb\/wp-json\/wp\/v2\/comments?post=55"}],"version-history":[{"count":4,"href":"https:\/\/agora.xtec.cat\/insgurb\/wp-json\/wp\/v2\/pages\/55\/revisions"}],"predecessor-version":[{"id":5926,"href":"https:\/\/agora.xtec.cat\/insgurb\/wp-json\/wp\/v2\/pages\/55\/revisions\/5926"}],"up":[{"embeddable":true,"href":"https:\/\/agora.xtec.cat\/insgurb\/wp-json\/wp\/v2\/pages\/805"}],"wp:attachment":[{"href":"https:\/\/agora.xtec.cat\/insgurb\/wp-json\/wp\/v2\/media?parent=55"}],"curies":[{"name":"wp","href":"https:\/\/api.w.org\/{rel}","templated":true}]}}