{"id":5269,"date":"2023-10-28T15:07:21","date_gmt":"2023-10-28T13:07:21","guid":{"rendered":"https:\/\/agora.xtec.cat\/insgurb\/?page_id=5269"},"modified":"2023-10-31T21:23:21","modified_gmt":"2023-10-31T20:23:21","slug":"catalegs","status":"publish","type":"page","link":"https:\/\/agora.xtec.cat\/insgurb\/biblioteca\/catalegs\/","title":{"rendered":"Cat\u00e0legs"},"content":{"rendered":"<h5><strong>eP\u00e8rgam<\/strong><\/h5>\n<p>Busca llibres a la biblioteca de l&#8217;Institut a trav\u00e9s de l&#8217;<a href=\"https:\/\/xtec.gencat.cat\/ca\/projectes\/biblioteca\/epergam\/entorn-consulta\">eP\u00e8rgam<\/a>.<\/p>\n<p><a href=\"https:\/\/xtec.gencat.cat\/ca\/projectes\/biblioteca\/epergam\/entorn-consulta\"><img loading=\"lazy\" decoding=\"async\" class=\"alignnone size-full wp-image-4762\" src=\"https:\/\/agora.xtec.cat\/insgurb\/wp-content\/uploads\/usu1744\/2023\/05\/ePergam.png\" alt=\"\" width=\"389\" height=\"129\" srcset=\"https:\/\/agora.xtec.cat\/insgurb\/wp-content\/uploads\/usu1744\/2023\/05\/ePergam.png 389w, https:\/\/agora.xtec.cat\/insgurb\/wp-content\/uploads\/usu1744\/2023\/05\/ePergam-300x99.png 300w\" sizes=\"auto, (max-width: 389px) 100vw, 389px\" \/><\/a><\/p>\n<p>El programa de gesti\u00f3 de les biblioteques escolars de Catalunya et dona la possibilitat de fer cerques per t\u00edtol, autor, mat\u00e8ria o editorial.<\/p>\n<p>&nbsp;<\/p>\n<h5><strong>Alad\u00ed &#8211; El cat\u00e0leg del Bibliob\u00fas Guilleries<\/strong><\/h5>\n<p>Si necessites un llibre que no tenim a la biblioteca de l\u2019Institut, pots buscar-lo al <a href=\"https:\/\/aladi.diba.cat\/\" target=\"_blank\" rel=\"noreferrer noopener\">cat\u00e0leg Alad\u00ed<\/a> de la xarxa de biblioteques de la Diputaci\u00f3 de Barcelona.<\/p>\n<p><a href=\"https:\/\/aladi.diba.cat\/\"><img loading=\"lazy\" decoding=\"async\" class=\"alignnone size-full wp-image-5270\" src=\"https:\/\/agora.xtec.cat\/insgurb\/wp-content\/uploads\/usu1744\/2023\/10\/Aladi.png\" alt=\"\" width=\"251\" height=\"201\" \/><\/a><\/p>\n<p>&nbsp;<\/p>\n<p>&nbsp;<\/p>\n","protected":false},"excerpt":{"rendered":"<p>eP\u00e8rgam<br \/>\nBusca llibres a la biblioteca de l&#8217;Institut a trav\u00e9s de l&#8217;<a href=\"https:\/\/xtec.gencat.cat\/ca\/projectes\/biblioteca\/epergam\/entorn-consulta\">eP\u00e8rgam<\/a>.<br \/>\n<a href=\"https:\/\/xtec.gencat.cat\/ca\/projectes\/biblioteca\/epergam\/entorn-consulta\"><\/a><br \/>\nEl programa de gesti\u00f3 de les biblioteques escolars de Catalunya et dona la possibilitat de fer cerques per t\u00edtol, autor, mat\u00e8ria o editorial.<br \/>\n&nbsp;<br \/>\nAlad\u00ed &#8211; El cat\u00e0leg del Bibliob\u00fas Guilleries<br \/>\nSi necessites un llibre que&hellip;  <a href=\"https:\/\/agora.xtec.cat\/insgurb\/biblioteca\/catalegs\/\" title=\"Read Cat\u00e0legs\">Llegeix m\u00e9s\u00bb<\/a><\/p>\n","protected":false},"author":1,"featured_media":0,"parent":3293,"menu_order":4,"comment_status":"closed","ping_status":"closed","template":"page-templates\/side-menu.php","meta":{"_bbp_topic_count":0,"_bbp_reply_count":0,"_bbp_total_topic_count":0,"_bbp_total_reply_count":0,"_bbp_voice_count":0,"_bbp_anonymous_reply_count":0,"_bbp_topic_count_hidden":0,"_bbp_reply_count_hidden":0,"_bbp_forum_subforum_count":0,"footnotes":""},"class_list":["post-5269","page","type-page","status-publish","hentry"],"post_mailing_queue_ids":[],"_links":{"self":[{"href":"https:\/\/agora.xtec.cat\/insgurb\/wp-json\/wp\/v2\/pages\/5269","targetHints":{"allow":["GET"]}}],"collection":[{"href":"https:\/\/agora.xtec.cat\/insgurb\/wp-json\/wp\/v2\/pages"}],"about":[{"href":"https:\/\/agora.xtec.cat\/insgurb\/wp-json\/wp\/v2\/types\/page"}],"author":[{"embeddable":true,"href":"https:\/\/agora.xtec.cat\/insgurb\/wp-json\/wp\/v2\/users\/1"}],"replies":[{"embeddable":true,"href":"https:\/\/agora.xtec.cat\/insgurb\/wp-json\/wp\/v2\/comments?post=5269"}],"version-history":[{"count":1,"href":"https:\/\/agora.xtec.cat\/insgurb\/wp-json\/wp\/v2\/pages\/5269\/revisions"}],"predecessor-version":[{"id":5271,"href":"https:\/\/agora.xtec.cat\/insgurb\/wp-json\/wp\/v2\/pages\/5269\/revisions\/5271"}],"up":[{"embeddable":true,"href":"https:\/\/agora.xtec.cat\/insgurb\/wp-json\/wp\/v2\/pages\/3293"}],"wp:attachment":[{"href":"https:\/\/agora.xtec.cat\/insgurb\/wp-json\/wp\/v2\/media?parent=5269"}],"curies":[{"name":"wp","href":"https:\/\/api.w.org\/{rel}","templated":true}]}}