{"id":5266,"date":"2023-10-28T14:12:14","date_gmt":"2023-10-28T12:12:14","guid":{"rendered":"https:\/\/agora.xtec.cat\/insgurb\/?page_id=5266"},"modified":"2023-10-31T21:23:05","modified_gmt":"2023-10-31T20:23:05","slug":"contacte","status":"publish","type":"page","link":"https:\/\/agora.xtec.cat\/insgurb\/biblioteca\/contacte\/","title":{"rendered":"Contacte"},"content":{"rendered":"<div class=\"entry-content\">\n<h5 data-adtags-visited=\"true\"><strong>Necessiteu alguna cosa? <\/strong><\/h5>\n<p data-adtags-visited=\"true\">Podeu contactar amb nosaltres a trav\u00e9s del correu electr\u00f2nic de la biblioteca:\u00a0<strong>biblioteca@institutdegurb.cat<\/strong><\/p>\n<p data-adtags-visited=\"true\">Tamb\u00e9 us podeu posar en contacte amb les coordinadores de la biblioteca a trav\u00e9s de les seves adreces de correu electr\u00f2nic:<\/p>\n<ul>\n<li data-adtags-visited=\"true\">N\u00faria Capdevila: ncapdevilaca@institutdegurb.cat<\/li>\n<li data-adtags-visited=\"true\">Paula Maestre: paula.maestre@institutdegurb.cat<\/li>\n<\/ul>\n<\/div>\n<p data-adtags-visited=\"true\">Finalment, podeu seguir totes les novetats de la biblioteca a trav\u00e9s del compte d&#8217;Instagram @institutdegurb_biblioteca<\/p>\n<p data-adtags-visited=\"true\">\n","protected":false},"excerpt":{"rendered":"<p>Necessiteu alguna cosa?<br \/>\nPodeu contactar amb nosaltres a trav\u00e9s del correu electr\u00f2nic de la biblioteca:\u00a0biblioteca@institutdegurb.cat<br \/>\nTamb\u00e9 us podeu posar en contacte amb les coordinadores de la biblioteca a trav\u00e9s de les seves adreces de correu electr\u00f2nic:<\/p>\n<ul>\n<li data-adtags-visited=\"true\">N\u00faria Capdevila: ncapdevilaca@institutdegurb.cat<\/li>\n<li data-adtags-visited=\"true\">Paula Maestre: paula.maestre@institutdegurb.cat<\/li>\n<\/ul>\n<p>Finalment, podeu seguir totes les&hellip;  <a href=\"https:\/\/agora.xtec.cat\/insgurb\/biblioteca\/contacte\/\" title=\"Read Contacte\">Llegeix m\u00e9s\u00bb<\/a><\/p>\n","protected":false},"author":1,"featured_media":0,"parent":3293,"menu_order":3,"comment_status":"closed","ping_status":"closed","template":"page-templates\/side-menu.php","meta":{"_bbp_topic_count":0,"_bbp_reply_count":0,"_bbp_total_topic_count":0,"_bbp_total_reply_count":0,"_bbp_voice_count":0,"_bbp_anonymous_reply_count":0,"_bbp_topic_count_hidden":0,"_bbp_reply_count_hidden":0,"_bbp_forum_subforum_count":0,"footnotes":""},"class_list":["post-5266","page","type-page","status-publish","hentry"],"post_mailing_queue_ids":[],"_links":{"self":[{"href":"https:\/\/agora.xtec.cat\/insgurb\/wp-json\/wp\/v2\/pages\/5266","targetHints":{"allow":["GET"]}}],"collection":[{"href":"https:\/\/agora.xtec.cat\/insgurb\/wp-json\/wp\/v2\/pages"}],"about":[{"href":"https:\/\/agora.xtec.cat\/insgurb\/wp-json\/wp\/v2\/types\/page"}],"author":[{"embeddable":true,"href":"https:\/\/agora.xtec.cat\/insgurb\/wp-json\/wp\/v2\/users\/1"}],"replies":[{"embeddable":true,"href":"https:\/\/agora.xtec.cat\/insgurb\/wp-json\/wp\/v2\/comments?post=5266"}],"version-history":[{"count":3,"href":"https:\/\/agora.xtec.cat\/insgurb\/wp-json\/wp\/v2\/pages\/5266\/revisions"}],"predecessor-version":[{"id":5290,"href":"https:\/\/agora.xtec.cat\/insgurb\/wp-json\/wp\/v2\/pages\/5266\/revisions\/5290"}],"up":[{"embeddable":true,"href":"https:\/\/agora.xtec.cat\/insgurb\/wp-json\/wp\/v2\/pages\/3293"}],"wp:attachment":[{"href":"https:\/\/agora.xtec.cat\/insgurb\/wp-json\/wp\/v2\/media?parent=5266"}],"curies":[{"name":"wp","href":"https:\/\/api.w.org\/{rel}","templated":true}]}}